{"id":6066,"date":"2020-02-27T13:59:29","date_gmt":"2020-02-27T12:59:29","guid":{"rendered":"https:\/\/www.formations-bien-etre.com\/formation-pour-tous\/devenir-sophrologue-a-distance\/"},"modified":"2023-08-27T19:50:03","modified_gmt":"2023-08-27T17:50:03","slug":"devenir-sophrologue-a-distance","status":"publish","type":"page","link":"https:\/\/www.formations-bien-etre.com\/es\/formation-pour-tous\/devenir-sophrologue-a-distance\/","title":{"rendered":"Convi\u00e9rtase en sofr\u00f3logo a distancia"},"content":{"rendered":"","protected":false},"excerpt":{"rendered":"","protected":false},"author":1,"featured_media":0,"parent":6062,"menu_order":3,"comment_status":"closed","ping_status":"closed","template":"modele-listes-deroulantes.php","meta":{"_acf_changed":false,"_exactmetrics_skip_tracking":false,"_exactmetrics_sitenote_active":false,"_exactmetrics_sitenote_note":"","_exactmetrics_sitenote_category":0,"footnotes":""},"class_list":["post-6066","page","type-page","status-publish","hentry"],"acf":[],"yoast_head":"<!-- This site is optimized with the Yoast SEO plugin v27.4 - https:\/\/yoast.com\/product\/yoast-seo-wordpress\/ -->\n<title>Convi\u00e9rtase en sofr\u00f3logo a distancia - Formation Sophrologie Massage \u00e0 distance<\/title>\n<meta name=\"description\" content=\"Formation sophrologue \u00e0 distance, formations individuelles personnalis\u00e9es, suivi 7 jours sur 7 - Isabelle M\u00e9tais - Contact WhatsApp +33672900104\" \/>\n<meta name=\"robots\" content=\"index, follow, max-snippet:-1, max-image-preview:large, max-video-preview:-1\" \/>\n<link rel=\"canonical\" href=\"https:\/\/www.formations-bien-etre.com\/es\/formation-pour-tous\/devenir-sophrologue-a-distance\/\" \/>\n<meta property=\"og:locale\" content=\"es_ES\" \/>\n<meta property=\"og:type\" content=\"article\" \/>\n<meta property=\"og:title\" content=\"Convi\u00e9rtase en sofr\u00f3logo a distancia - Formation Sophrologie Massage \u00e0 distance\" \/>\n<meta property=\"og:description\" content=\"Formation sophrologue \u00e0 distance, formations individuelles personnalis\u00e9es, suivi 7 jours sur 7 - Isabelle M\u00e9tais - Contact WhatsApp +33672900104\" \/>\n<meta property=\"og:url\" content=\"https:\/\/www.formations-bien-etre.com\/es\/formation-pour-tous\/devenir-sophrologue-a-distance\/\" \/>\n<meta property=\"og:site_name\" content=\"Formation Sophrologie Massage \u00e0 distance\" \/>\n<meta property=\"article:modified_time\" content=\"2023-08-27T17:50:03+00:00\" \/>\n<meta name=\"twitter:card\" content=\"summary_large_image\" \/>\n<script type=\"application\/ld+json\" class=\"yoast-schema-graph\">{\"@context\":\"https:\\\/\\\/schema.org\",\"@graph\":[{\"@type\":\"WebPage\",\"@id\":\"https:\\\/\\\/www.formations-bien-etre.com\\\/es\\\/formation-pour-tous\\\/devenir-sophrologue-a-distance\\\/\",\"url\":\"https:\\\/\\\/www.formations-bien-etre.com\\\/es\\\/formation-pour-tous\\\/devenir-sophrologue-a-distance\\\/\",\"name\":\"Convi\u00e9rtase en sofr\u00f3logo a distancia - Formation Sophrologie Massage \u00e0 distance\",\"isPartOf\":{\"@id\":\"https:\\\/\\\/www.formations-bien-etre.com\\\/#website\"},\"datePublished\":\"2020-02-27T12:59:29+00:00\",\"dateModified\":\"2023-08-27T17:50:03+00:00\",\"description\":\"Formation sophrologue \u00e0 distance, formations individuelles personnalis\u00e9es, suivi 7 jours sur 7 - Isabelle M\u00e9tais - Contact WhatsApp +33672900104\",\"breadcrumb\":{\"@id\":\"https:\\\/\\\/www.formations-bien-etre.com\\\/es\\\/formation-pour-tous\\\/devenir-sophrologue-a-distance\\\/#breadcrumb\"},\"inLanguage\":\"es\",\"potentialAction\":[{\"@type\":\"ReadAction\",\"target\":[\"https:\\\/\\\/www.formations-bien-etre.com\\\/es\\\/formation-pour-tous\\\/devenir-sophrologue-a-distance\\\/\"]}]},{\"@type\":\"BreadcrumbList\",\"@id\":\"https:\\\/\\\/www.formations-bien-etre.com\\\/es\\\/formation-pour-tous\\\/devenir-sophrologue-a-distance\\\/#breadcrumb\",\"itemListElement\":[{\"@type\":\"ListItem\",\"position\":1,\"name\":\"Home\",\"item\":\"https:\\\/\\\/www.formations-bien-etre.com\\\/es\\\/\"},{\"@type\":\"ListItem\",\"position\":2,\"name\":\"Convertirse en sofr\u00f3logo\",\"item\":\"https:\\\/\\\/www.formations-bien-etre.com\\\/es\\\/formation-pour-tous\\\/\"},{\"@type\":\"ListItem\",\"position\":3,\"name\":\"Convi\u00e9rtase en sofr\u00f3logo a distancia\"}]},{\"@type\":\"WebSite\",\"@id\":\"https:\\\/\\\/www.formations-bien-etre.com\\\/#website\",\"url\":\"https:\\\/\\\/www.formations-bien-etre.com\\\/\",\"name\":\"Formation Sophrologie Massage \u00e0 Distance\",\"description\":\"Institut de formation en sophrologie et en bien-\u00eatre\",\"potentialAction\":[{\"@type\":\"SearchAction\",\"target\":{\"@type\":\"EntryPoint\",\"urlTemplate\":\"https:\\\/\\\/www.formations-bien-etre.com\\\/?s={search_term_string}\"},\"query-input\":{\"@type\":\"PropertyValueSpecification\",\"valueRequired\":true,\"valueName\":\"search_term_string\"}}],\"inLanguage\":\"es\"}]}<\/script>\n<!-- \/ Yoast SEO plugin. -->","yoast_head_json":{"title":"Convi\u00e9rtase en sofr\u00f3logo a distancia - Formation Sophrologie Massage \u00e0 distance","description":"Formation sophrologue \u00e0 distance, formations individuelles personnalis\u00e9es, suivi 7 jours sur 7 - Isabelle M\u00e9tais - Contact WhatsApp +33672900104","robots":{"index":"index","follow":"follow","max-snippet":"max-snippet:-1","max-image-preview":"max-image-preview:large","max-video-preview":"max-video-preview:-1"},"canonical":"https:\/\/www.formations-bien-etre.com\/es\/formation-pour-tous\/devenir-sophrologue-a-distance\/","og_locale":"es_ES","og_type":"article","og_title":"Convi\u00e9rtase en sofr\u00f3logo a distancia - Formation Sophrologie Massage \u00e0 distance","og_description":"Formation sophrologue \u00e0 distance, formations individuelles personnalis\u00e9es, suivi 7 jours sur 7 - Isabelle M\u00e9tais - Contact WhatsApp +33672900104","og_url":"https:\/\/www.formations-bien-etre.com\/es\/formation-pour-tous\/devenir-sophrologue-a-distance\/","og_site_name":"Formation Sophrologie Massage \u00e0 distance","article_modified_time":"2023-08-27T17:50:03+00:00","twitter_card":"summary_large_image","schema":{"@context":"https:\/\/schema.org","@graph":[{"@type":"WebPage","@id":"https:\/\/www.formations-bien-etre.com\/es\/formation-pour-tous\/devenir-sophrologue-a-distance\/","url":"https:\/\/www.formations-bien-etre.com\/es\/formation-pour-tous\/devenir-sophrologue-a-distance\/","name":"Convi\u00e9rtase en sofr\u00f3logo a distancia - Formation Sophrologie Massage \u00e0 distance","isPartOf":{"@id":"https:\/\/www.formations-bien-etre.com\/#website"},"datePublished":"2020-02-27T12:59:29+00:00","dateModified":"2023-08-27T17:50:03+00:00","description":"Formation sophrologue \u00e0 distance, formations individuelles personnalis\u00e9es, suivi 7 jours sur 7 - Isabelle M\u00e9tais - Contact WhatsApp +33672900104","breadcrumb":{"@id":"https:\/\/www.formations-bien-etre.com\/es\/formation-pour-tous\/devenir-sophrologue-a-distance\/#breadcrumb"},"inLanguage":"es","potentialAction":[{"@type":"ReadAction","target":["https:\/\/www.formations-bien-etre.com\/es\/formation-pour-tous\/devenir-sophrologue-a-distance\/"]}]},{"@type":"BreadcrumbList","@id":"https:\/\/www.formations-bien-etre.com\/es\/formation-pour-tous\/devenir-sophrologue-a-distance\/#breadcrumb","itemListElement":[{"@type":"ListItem","position":1,"name":"Home","item":"https:\/\/www.formations-bien-etre.com\/es\/"},{"@type":"ListItem","position":2,"name":"Convertirse en sofr\u00f3logo","item":"https:\/\/www.formations-bien-etre.com\/es\/formation-pour-tous\/"},{"@type":"ListItem","position":3,"name":"Convi\u00e9rtase en sofr\u00f3logo a distancia"}]},{"@type":"WebSite","@id":"https:\/\/www.formations-bien-etre.com\/#website","url":"https:\/\/www.formations-bien-etre.com\/","name":"Formation Sophrologie Massage \u00e0 Distance","description":"Institut de formation en sophrologie et en bien-\u00eatre","potentialAction":[{"@type":"SearchAction","target":{"@type":"EntryPoint","urlTemplate":"https:\/\/www.formations-bien-etre.com\/?s={search_term_string}"},"query-input":{"@type":"PropertyValueSpecification","valueRequired":true,"valueName":"search_term_string"}}],"inLanguage":"es"}]}},"_links":{"self":[{"href":"https:\/\/www.formations-bien-etre.com\/es\/wp-json\/wp\/v2\/pages\/6066","targetHints":{"allow":["GET"]}}],"collection":[{"href":"https:\/\/www.formations-bien-etre.com\/es\/wp-json\/wp\/v2\/pages"}],"about":[{"href":"https:\/\/www.formations-bien-etre.com\/es\/wp-json\/wp\/v2\/types\/page"}],"author":[{"embeddable":true,"href":"https:\/\/www.formations-bien-etre.com\/es\/wp-json\/wp\/v2\/users\/1"}],"replies":[{"embeddable":true,"href":"https:\/\/www.formations-bien-etre.com\/es\/wp-json\/wp\/v2\/comments?post=6066"}],"version-history":[{"count":12,"href":"https:\/\/www.formations-bien-etre.com\/es\/wp-json\/wp\/v2\/pages\/6066\/revisions"}],"predecessor-version":[{"id":7927,"href":"https:\/\/www.formations-bien-etre.com\/es\/wp-json\/wp\/v2\/pages\/6066\/revisions\/7927"}],"up":[{"embeddable":true,"href":"https:\/\/www.formations-bien-etre.com\/es\/wp-json\/wp\/v2\/pages\/6062"}],"wp:attachment":[{"href":"https:\/\/www.formations-bien-etre.com\/es\/wp-json\/wp\/v2\/media?parent=6066"}],"curies":[{"name":"wp","href":"https:\/\/api.w.org\/{rel}","templated":true}]}}