{"id":10354,"date":"2026-03-06T20:36:10","date_gmt":"2026-03-06T19:36:10","guid":{"rendered":"https:\/\/www.formations-bien-etre.com\/?post_type=product&#038;p=10354"},"modified":"2026-03-08T11:51:40","modified_gmt":"2026-03-08T10:51:40","slug":"lalchimie-relationnelle","status":"publish","type":"product","link":"https:\/\/www.formations-bien-etre.com\/es\/produit\/lalchimie-relationnelle\/","title":{"rendered":"L\u2019ALCHIMIE RELATIONNELLE"},"content":{"rendered":"<p><strong>Renforcer sa relation et sauver son couple.\u00a0<\/strong>Transformer son comportement pour transformer son couple.<br \/>\nLorsqu\u2019un couple traverse une crise, deux chemins sont possibles.<br \/>\n\u2728\ufe0fLe premier consiste \u00e0 chercher ce qui ne va pas chez l\u2019autre.<br \/>\n\ud83c\udf1fLe second invite \u00e0 se poser une question essentielle :<br \/>\n<strong><em>Quelle version de moi-m\u00eame suis-je en train d\u2019exprimer dans cette relation ?<\/em><\/strong><br \/>\nCette formation s\u2019inscrit dans cette seconde voie.<br \/>\nIl ne s\u2019agit pas de se culpabiliser.<br \/>\nIl s\u2019agit de reprendre son pouvoir cr\u00e9atif de transformation.<br \/>\n\u2728\ufe0fUn couple ne se sauve pas avec des promesses.<br \/>\n\u2728\ufe0fIl se transforme lorsque une \u00e9volution int\u00e9rieure devient une exp\u00e9rience r\u00e9elle et concr\u00e8te.<\/p>\n","protected":false},"excerpt":{"rendered":"<p>Tarif unique : 497\u20ac TTC<\/p>\n<p><strong>4 s\u00e9ances de suivi<\/strong> par t\u00e9l\u00e9phone avec Isabelle M\u00e9tais sont <strong>comprises dans ce forfait de base.<br \/>\n<\/strong>Une formation \u00e0 distance compl\u00e8te avec <strong>un suivi personnalis\u00e9 chaleureux et flexible<\/strong>.<br \/>\nUne formation de maturit\u00e9 \u00e9motionnelle, de responsabilit\u00e9 affective et d\u2019\u00e9veil relationnel, con\u00e7u pour <strong><em>accompagner une reconstruction consciente du lien amoureux.<\/em><br \/>\n<\/strong><\/p>\n<p><strong>Contacts<\/strong> : \ud83d\udce7 isabellemetais.re@gmail.com \u260e\ufe0f WhatsApp uniquement : +33 6 72 90 01 04<\/p>\n","protected":false},"featured_media":10355,"template":"","meta":{"_acf_changed":false,"_exactmetrics_skip_tracking":false,"_exactmetrics_sitenote_active":false,"_exactmetrics_sitenote_note":"","_exactmetrics_sitenote_category":0},"product_brand":[],"product_cat":[21],"product_tag":[437,436],"class_list":{"0":"post-10354","1":"product","2":"type-product","3":"status-publish","4":"has-post-thumbnail","6":"product_cat-formations-bien-etre-im","7":"product_tag-renforcer-sa-relation-de-couples","8":"product_tag-sauver-son-couple","10":"first","11":"instock","12":"sold-individually","13":"taxable","14":"shipping-taxable","15":"purchasable","16":"product-type-simple"},"acf":[],"yoast_head":"<!-- This site is optimized with the Yoast SEO plugin v27.4 - https:\/\/yoast.com\/product\/yoast-seo-wordpress\/ -->\n<title>L\u2019ALCHIMIE RELATIONNELLE - Formation Sophrologie Massage \u00e0 distance<\/title>\n<meta name=\"description\" content=\"Renforcer sa relation et sauver son couple.\u00a0Un formation compl\u00e8te de maturit\u00e9 \u00e9motionnelle, de responsabilit\u00e9 affective et d\u2019\u00e9veil relationnel.\" \/>\n<meta name=\"robots\" content=\"index, follow, max-snippet:-1, max-image-preview:large, max-video-preview:-1\" \/>\n<link rel=\"canonical\" href=\"https:\/\/www.formations-bien-etre.com\/produit\/lalchimie-relationnelle\/\" \/>\n<meta property=\"og:locale\" content=\"es_ES\" \/>\n<meta property=\"og:type\" content=\"article\" \/>\n<meta property=\"og:title\" content=\"L\u2019ALCHIMIE RELATIONNELLE - Formation Sophrologie Massage \u00e0 distance\" \/>\n<meta property=\"og:description\" content=\"Renforcer sa relation et sauver son couple.\u00a0Un formation compl\u00e8te de maturit\u00e9 \u00e9motionnelle, de responsabilit\u00e9 affective et d\u2019\u00e9veil relationnel.\" \/>\n<meta property=\"og:url\" content=\"https:\/\/www.formations-bien-etre.com\/produit\/lalchimie-relationnelle\/\" \/>\n<meta property=\"og:site_name\" content=\"Formation Sophrologie Massage \u00e0 distance\" \/>\n<meta property=\"article:modified_time\" content=\"2026-03-08T10:51:40+00:00\" \/>\n<meta property=\"og:image\" content=\"https:\/\/www.formations-bien-etre.com\/wp-content\/uploads\/2026\/03\/Formation-sauver-son-couple--950x1024.png\" \/>\n\t<meta property=\"og:image:width\" content=\"950\" \/>\n\t<meta property=\"og:image:height\" content=\"1024\" \/>\n\t<meta property=\"og:image:type\" content=\"image\/png\" \/>\n<meta name=\"twitter:card\" content=\"summary_large_image\" \/>\n<meta name=\"twitter:label1\" content=\"Tiempo de lectura\" \/>\n\t<meta name=\"twitter:data1\" content=\"1 minuto\" \/>\n<script type=\"application\/ld+json\" class=\"yoast-schema-graph\">{\"@context\":\"https:\\\/\\\/schema.org\",\"@graph\":[{\"@type\":\"WebPage\",\"@id\":\"https:\\\/\\\/www.formations-bien-etre.com\\\/produit\\\/lalchimie-relationnelle\\\/\",\"url\":\"https:\\\/\\\/www.formations-bien-etre.com\\\/produit\\\/lalchimie-relationnelle\\\/\",\"name\":\"L\u2019ALCHIMIE RELATIONNELLE - Formation Sophrologie Massage \u00e0 distance\",\"isPartOf\":{\"@id\":\"https:\\\/\\\/www.formations-bien-etre.com\\\/#website\"},\"primaryImageOfPage\":{\"@id\":\"https:\\\/\\\/www.formations-bien-etre.com\\\/produit\\\/lalchimie-relationnelle\\\/#primaryimage\"},\"image\":{\"@id\":\"https:\\\/\\\/www.formations-bien-etre.com\\\/produit\\\/lalchimie-relationnelle\\\/#primaryimage\"},\"thumbnailUrl\":\"https:\\\/\\\/www.formations-bien-etre.com\\\/wp-content\\\/uploads\\\/2026\\\/03\\\/Formation-sauver-son-couple-.png\",\"datePublished\":\"2026-03-06T19:36:10+00:00\",\"dateModified\":\"2026-03-08T10:51:40+00:00\",\"description\":\"Renforcer sa relation et sauver son couple.\u00a0Un formation compl\u00e8te de maturit\u00e9 \u00e9motionnelle, de responsabilit\u00e9 affective et d\u2019\u00e9veil relationnel.\",\"breadcrumb\":{\"@id\":\"https:\\\/\\\/www.formations-bien-etre.com\\\/produit\\\/lalchimie-relationnelle\\\/#breadcrumb\"},\"inLanguage\":\"es\",\"potentialAction\":[{\"@type\":\"ReadAction\",\"target\":[\"https:\\\/\\\/www.formations-bien-etre.com\\\/produit\\\/lalchimie-relationnelle\\\/\"]}]},{\"@type\":\"ImageObject\",\"inLanguage\":\"es\",\"@id\":\"https:\\\/\\\/www.formations-bien-etre.com\\\/produit\\\/lalchimie-relationnelle\\\/#primaryimage\",\"url\":\"https:\\\/\\\/www.formations-bien-etre.com\\\/wp-content\\\/uploads\\\/2026\\\/03\\\/Formation-sauver-son-couple-.png\",\"contentUrl\":\"https:\\\/\\\/www.formations-bien-etre.com\\\/wp-content\\\/uploads\\\/2026\\\/03\\\/Formation-sauver-son-couple-.png\",\"width\":1022,\"height\":1102},{\"@type\":\"BreadcrumbList\",\"@id\":\"https:\\\/\\\/www.formations-bien-etre.com\\\/produit\\\/lalchimie-relationnelle\\\/#breadcrumb\",\"itemListElement\":[{\"@type\":\"ListItem\",\"position\":1,\"name\":\"Home\",\"item\":\"https:\\\/\\\/www.formations-bien-etre.com\\\/es\\\/\"},{\"@type\":\"ListItem\",\"position\":2,\"name\":\"Boutique bien-\u00eatre\",\"item\":\"https:\\\/\\\/www.formations-bien-etre.com\\\/?page_id=566\"},{\"@type\":\"ListItem\",\"position\":3,\"name\":\"L\u2019ALCHIMIE RELATIONNELLE\"}]},{\"@type\":\"WebSite\",\"@id\":\"https:\\\/\\\/www.formations-bien-etre.com\\\/#website\",\"url\":\"https:\\\/\\\/www.formations-bien-etre.com\\\/\",\"name\":\"Formation Sophrologie Massage \u00e0 Distance\",\"description\":\"Institut de formation en sophrologie et en bien-\u00eatre\",\"potentialAction\":[{\"@type\":\"SearchAction\",\"target\":{\"@type\":\"EntryPoint\",\"urlTemplate\":\"https:\\\/\\\/www.formations-bien-etre.com\\\/?s={search_term_string}\"},\"query-input\":{\"@type\":\"PropertyValueSpecification\",\"valueRequired\":true,\"valueName\":\"search_term_string\"}}],\"inLanguage\":\"es\"}]}<\/script>\n<!-- \/ Yoast SEO plugin. -->","yoast_head_json":{"title":"L\u2019ALCHIMIE RELATIONNELLE - Formation Sophrologie Massage \u00e0 distance","description":"Renforcer sa relation et sauver son couple.\u00a0Un formation compl\u00e8te de maturit\u00e9 \u00e9motionnelle, de responsabilit\u00e9 affective et d\u2019\u00e9veil relationnel.","robots":{"index":"index","follow":"follow","max-snippet":"max-snippet:-1","max-image-preview":"max-image-preview:large","max-video-preview":"max-video-preview:-1"},"canonical":"https:\/\/www.formations-bien-etre.com\/produit\/lalchimie-relationnelle\/","og_locale":"es_ES","og_type":"article","og_title":"L\u2019ALCHIMIE RELATIONNELLE - Formation Sophrologie Massage \u00e0 distance","og_description":"Renforcer sa relation et sauver son couple.\u00a0Un formation compl\u00e8te de maturit\u00e9 \u00e9motionnelle, de responsabilit\u00e9 affective et d\u2019\u00e9veil relationnel.","og_url":"https:\/\/www.formations-bien-etre.com\/produit\/lalchimie-relationnelle\/","og_site_name":"Formation Sophrologie Massage \u00e0 distance","article_modified_time":"2026-03-08T10:51:40+00:00","og_image":[{"width":950,"height":1024,"url":"https:\/\/www.formations-bien-etre.com\/wp-content\/uploads\/2026\/03\/Formation-sauver-son-couple--950x1024.png","type":"image\/png"}],"twitter_card":"summary_large_image","twitter_misc":{"Tiempo de lectura":"1 minuto"},"schema":{"@context":"https:\/\/schema.org","@graph":[{"@type":"WebPage","@id":"https:\/\/www.formations-bien-etre.com\/produit\/lalchimie-relationnelle\/","url":"https:\/\/www.formations-bien-etre.com\/produit\/lalchimie-relationnelle\/","name":"L\u2019ALCHIMIE RELATIONNELLE - Formation Sophrologie Massage \u00e0 distance","isPartOf":{"@id":"https:\/\/www.formations-bien-etre.com\/#website"},"primaryImageOfPage":{"@id":"https:\/\/www.formations-bien-etre.com\/produit\/lalchimie-relationnelle\/#primaryimage"},"image":{"@id":"https:\/\/www.formations-bien-etre.com\/produit\/lalchimie-relationnelle\/#primaryimage"},"thumbnailUrl":"https:\/\/www.formations-bien-etre.com\/wp-content\/uploads\/2026\/03\/Formation-sauver-son-couple-.png","datePublished":"2026-03-06T19:36:10+00:00","dateModified":"2026-03-08T10:51:40+00:00","description":"Renforcer sa relation et sauver son couple.\u00a0Un formation compl\u00e8te de maturit\u00e9 \u00e9motionnelle, de responsabilit\u00e9 affective et d\u2019\u00e9veil relationnel.","breadcrumb":{"@id":"https:\/\/www.formations-bien-etre.com\/produit\/lalchimie-relationnelle\/#breadcrumb"},"inLanguage":"es","potentialAction":[{"@type":"ReadAction","target":["https:\/\/www.formations-bien-etre.com\/produit\/lalchimie-relationnelle\/"]}]},{"@type":"ImageObject","inLanguage":"es","@id":"https:\/\/www.formations-bien-etre.com\/produit\/lalchimie-relationnelle\/#primaryimage","url":"https:\/\/www.formations-bien-etre.com\/wp-content\/uploads\/2026\/03\/Formation-sauver-son-couple-.png","contentUrl":"https:\/\/www.formations-bien-etre.com\/wp-content\/uploads\/2026\/03\/Formation-sauver-son-couple-.png","width":1022,"height":1102},{"@type":"BreadcrumbList","@id":"https:\/\/www.formations-bien-etre.com\/produit\/lalchimie-relationnelle\/#breadcrumb","itemListElement":[{"@type":"ListItem","position":1,"name":"Home","item":"https:\/\/www.formations-bien-etre.com\/es\/"},{"@type":"ListItem","position":2,"name":"Boutique bien-\u00eatre","item":"https:\/\/www.formations-bien-etre.com\/?page_id=566"},{"@type":"ListItem","position":3,"name":"L\u2019ALCHIMIE RELATIONNELLE"}]},{"@type":"WebSite","@id":"https:\/\/www.formations-bien-etre.com\/#website","url":"https:\/\/www.formations-bien-etre.com\/","name":"Formation Sophrologie Massage \u00e0 Distance","description":"Institut de formation en sophrologie et en bien-\u00eatre","potentialAction":[{"@type":"SearchAction","target":{"@type":"EntryPoint","urlTemplate":"https:\/\/www.formations-bien-etre.com\/?s={search_term_string}"},"query-input":{"@type":"PropertyValueSpecification","valueRequired":true,"valueName":"search_term_string"}}],"inLanguage":"es"}]}},"_links":{"self":[{"href":"https:\/\/www.formations-bien-etre.com\/es\/wp-json\/wp\/v2\/product\/10354","targetHints":{"allow":["GET"]}}],"collection":[{"href":"https:\/\/www.formations-bien-etre.com\/es\/wp-json\/wp\/v2\/product"}],"about":[{"href":"https:\/\/www.formations-bien-etre.com\/es\/wp-json\/wp\/v2\/types\/product"}],"wp:featuredmedia":[{"embeddable":true,"href":"https:\/\/www.formations-bien-etre.com\/es\/wp-json\/wp\/v2\/media\/10355"}],"wp:attachment":[{"href":"https:\/\/www.formations-bien-etre.com\/es\/wp-json\/wp\/v2\/media?parent=10354"}],"wp:term":[{"taxonomy":"product_brand","embeddable":true,"href":"https:\/\/www.formations-bien-etre.com\/es\/wp-json\/wp\/v2\/product_brand?post=10354"},{"taxonomy":"product_cat","embeddable":true,"href":"https:\/\/www.formations-bien-etre.com\/es\/wp-json\/wp\/v2\/product_cat?post=10354"},{"taxonomy":"product_tag","embeddable":true,"href":"https:\/\/www.formations-bien-etre.com\/es\/wp-json\/wp\/v2\/product_tag?post=10354"}],"curies":[{"name":"wp","href":"https:\/\/api.w.org\/{rel}","templated":true}]}}