{"id":7251,"date":"2020-07-20T15:57:42","date_gmt":"2020-07-20T13:57:42","guid":{"rendered":"https:\/\/www.formations-bien-etre.com\/?post_type=product&#038;p=7251"},"modified":"2023-08-22T17:31:13","modified_gmt":"2023-08-22T15:31:13","slug":"les-essentiels-bonheur","status":"publish","type":"product","link":"https:\/\/www.formations-bien-etre.com\/es\/produit\/les-essentiels-bonheur\/","title":{"rendered":"Fundamentos de la felicidad"},"content":{"rendered":"<p>Son manuales completos y f\u00e1ciles de usar. Podr\u00e1s dar rienda suelta a tu creatividad, darte un capricho a ti mismo y a los que te rodean. Estos cursos te guiar\u00e1n por el camino de la creatividad, ya que tambi\u00e9n podr\u00e1s idear tus propias recetas si te apetece.<br \/>\nCada manual cuesta 12 d\u00f3lares y al comprar uno puedes elegir un segundo gratis al mismo precio.<\/p>\n","protected":false},"excerpt":{"rendered":"<p>Les essentiels bonheur# son cuadernos infinitamente \u00fatiles que re\u00fanen lecciones pr\u00e1cticas, recetas concretas y t\u00e9cnicas de bienestar para ayudarle en su vida cotidiana.<br \/>\nSon incre\u00edblemente ricos y le ayudar\u00e1n a ser creativo e independiente.<\/p>\n<p>Todos cuestan s\u00f3lo 12 d\u00f3lares.<br \/>\n\u00a1Dese un capricho!<\/p>\n<p>&nbsp;<\/p>\n<p><strong>\u00a0<\/strong><\/p>\n","protected":false},"featured_media":5787,"template":"","meta":{"_acf_changed":false,"_exactmetrics_skip_tracking":false,"_exactmetrics_sitenote_active":false,"_exactmetrics_sitenote_note":"","_exactmetrics_sitenote_category":0},"product_brand":[],"product_cat":[358],"product_tag":[133,214,317,188,59,318,82,77,73,72,71,74,323,325,327,324,328,326,60,319,182,62,61,76,57,58,75],"class_list":{"0":"post-7251","1":"product","2":"type-product","3":"status-publish","4":"has-post-thumbnail","6":"product_cat-les-essentiels-bonheurs-es","7":"product_tag-aromatherapie","8":"product_tag-aromatherapie-et-massages","9":"product_tag-astuces-bien-etre","10":"product_tag-auto-guerison","11":"product_tag-bienetre","12":"product_tag-cosmetiques-maison","13":"product_tag-ecole-formation-massage","14":"product_tag-ecole-sophrologie","15":"product_tag-ecoute-bienveillante","16":"product_tag-ecoute-active","17":"product_tag-ecoute-rogerienne","18":"product_tag-ecoute-urgence","19":"product_tag-fabrication-de-bonbons","20":"product_tag-fabrication-parfums","21":"product_tag-fabrication-produits-soin-du-corps","22":"product_tag-fabrication-bonbons","23":"product_tag-fabrication-huile-de-massage","24":"product_tag-fabrication-produit-menager","25":"product_tag-formation","26":"product_tag-huiles-essentielles","27":"product_tag-massage-bien-etre","28":"product_tag-meditation","29":"product_tag-relaxation","30":"product_tag-seance-sophrologie","31":"product_tag-sophrologie","32":"product_tag-stress","33":"product_tag-tele-sophrologie","35":"first","36":"instock","37":"featured","38":"sold-individually","39":"taxable","40":"shipping-taxable","41":"purchasable","42":"product-type-variable"},"acf":[],"yoast_head":"<!-- This site is optimized with the Yoast SEO plugin v27.4 - https:\/\/yoast.com\/product\/yoast-seo-wordpress\/ -->\n<title>Fundamentos de la felicidad - Formation Sophrologie Massage \u00e0 distance<\/title>\n<meta name=\"description\" content=\"Les essentiels bonheurs sont des livrets infiniment utiles regroupant des cours, des recettes et des techniques de bien-\u00eatre au quotidien.\" \/>\n<meta name=\"robots\" content=\"index, follow, max-snippet:-1, max-image-preview:large, max-video-preview:-1\" \/>\n<link rel=\"canonical\" href=\"https:\/\/www.formations-bien-etre.com\/es\/produit\/les-essentiels-bonheur\/\" \/>\n<meta property=\"og:locale\" content=\"es_ES\" \/>\n<meta property=\"og:type\" content=\"article\" \/>\n<meta property=\"og:title\" content=\"Les essentiels bonheurs : 6.80 euros seulement\" \/>\n<meta property=\"og:description\" content=\"Les essentiels bonheurs sont des livrets infiniment utiles qui regroupent des cours pratiques, des recettes concr\u00e8tes et des techniques de bien-\u00eatre pour vous servir au quotidien. Faites-vous plaisir ! https:\/\/www.formations-bien-etre.com\/ Au 06 72 90 01 04 \u2013 WhatsApp Par E-mail \u2013 isabellemetais.re@gmail.com\" \/>\n<meta property=\"og:url\" content=\"https:\/\/www.formations-bien-etre.com\/es\/produit\/les-essentiels-bonheur\/\" \/>\n<meta property=\"og:site_name\" content=\"Formation Sophrologie Massage \u00e0 distance\" \/>\n<meta property=\"article:modified_time\" content=\"2023-08-22T15:31:13+00:00\" \/>\n<meta property=\"og:image\" content=\"https:\/\/www.formations-bien-etre.com\/wp-content\/uploads\/2020\/07\/Fotolia_48565582_Lilya.jpg\" \/>\n\t<meta property=\"og:image:width\" content=\"347\" \/>\n\t<meta property=\"og:image:height\" content=\"346\" \/>\n\t<meta property=\"og:image:type\" content=\"image\/jpeg\" \/>\n<meta name=\"twitter:card\" content=\"summary_large_image\" \/>\n<meta name=\"twitter:title\" content=\"S\u00e9ance d&#039;\u00e9coute et de t\u00e9l\u00e9-consultation en sophrologie\" \/>\n<meta name=\"twitter:description\" content=\"C\u2019est d\u00e9cid\u00e9, vous voulez vivre l\u00e9ger, lib\u00e9r\u00e9 des pens\u00e9es tournoyantes et du stress. Vous choisissez de mettre vos \u00e9motions et votre corps au repos ! Fini la grisaille, vous voulez mettre du soleil et de la joie dans votre quotidien. Vous avez d\u00e9cid\u00e9 de reprendre votre vie et votre destin\u00e9e en main ! Cela demande de prendre de la distance avec vos \u00e9motions, d\u2019apprendre \u00e0 g\u00e9rer vos pens\u00e9es, \u00e0 vous poser \u2026 C&#039;est possible avec la sophrologie et la t\u00e9l\u00e9-consultation en Sophrologie est aussi efficace ! https:\/\/www.formations-bien-etre.com\/ Au 06 72 90 01 04 \u2013 WhatsApp Par E-mail \u2013 isabellemetais.re@gmail.com\" \/>\n<meta name=\"twitter:label1\" content=\"Tiempo de lectura\" \/>\n\t<meta name=\"twitter:data1\" content=\"1 minuto\" \/>\n<script type=\"application\/ld+json\" class=\"yoast-schema-graph\">{\"@context\":\"https:\\\/\\\/schema.org\",\"@graph\":[{\"@type\":\"WebPage\",\"@id\":\"https:\\\/\\\/www.formations-bien-etre.com\\\/es\\\/produit\\\/les-essentiels-bonheur\\\/\",\"url\":\"https:\\\/\\\/www.formations-bien-etre.com\\\/es\\\/produit\\\/les-essentiels-bonheur\\\/\",\"name\":\"Fundamentos de la felicidad - Formation Sophrologie Massage \u00e0 distance\",\"isPartOf\":{\"@id\":\"https:\\\/\\\/www.formations-bien-etre.com\\\/#website\"},\"primaryImageOfPage\":{\"@id\":\"https:\\\/\\\/www.formations-bien-etre.com\\\/es\\\/produit\\\/les-essentiels-bonheur\\\/#primaryimage\"},\"image\":{\"@id\":\"https:\\\/\\\/www.formations-bien-etre.com\\\/es\\\/produit\\\/les-essentiels-bonheur\\\/#primaryimage\"},\"thumbnailUrl\":\"https:\\\/\\\/www.formations-bien-etre.com\\\/wp-content\\\/uploads\\\/2020\\\/07\\\/Fotolia_48565582_Lilya.jpg\",\"datePublished\":\"2020-07-20T13:57:42+00:00\",\"dateModified\":\"2023-08-22T15:31:13+00:00\",\"description\":\"Les essentiels bonheurs sont des livrets infiniment utiles regroupant des cours, des recettes et des techniques de bien-\u00eatre au quotidien.\",\"breadcrumb\":{\"@id\":\"https:\\\/\\\/www.formations-bien-etre.com\\\/es\\\/produit\\\/les-essentiels-bonheur\\\/#breadcrumb\"},\"inLanguage\":\"es\",\"potentialAction\":[{\"@type\":\"ReadAction\",\"target\":[\"https:\\\/\\\/www.formations-bien-etre.com\\\/es\\\/produit\\\/les-essentiels-bonheur\\\/\"]}]},{\"@type\":\"ImageObject\",\"inLanguage\":\"es\",\"@id\":\"https:\\\/\\\/www.formations-bien-etre.com\\\/es\\\/produit\\\/les-essentiels-bonheur\\\/#primaryimage\",\"url\":\"https:\\\/\\\/www.formations-bien-etre.com\\\/wp-content\\\/uploads\\\/2020\\\/07\\\/Fotolia_48565582_Lilya.jpg\",\"contentUrl\":\"https:\\\/\\\/www.formations-bien-etre.com\\\/wp-content\\\/uploads\\\/2020\\\/07\\\/Fotolia_48565582_Lilya.jpg\",\"width\":347,\"height\":346,\"caption\":\"magic book\"},{\"@type\":\"BreadcrumbList\",\"@id\":\"https:\\\/\\\/www.formations-bien-etre.com\\\/es\\\/produit\\\/les-essentiels-bonheur\\\/#breadcrumb\",\"itemListElement\":[{\"@type\":\"ListItem\",\"position\":1,\"name\":\"Home\",\"item\":\"https:\\\/\\\/www.formations-bien-etre.com\\\/es\\\/\"},{\"@type\":\"ListItem\",\"position\":2,\"name\":\"Boutique bien-\u00eatre\",\"item\":\"https:\\\/\\\/www.formations-bien-etre.com\\\/?page_id=566\"},{\"@type\":\"ListItem\",\"position\":3,\"name\":\"Fundamentos de la felicidad\"}]},{\"@type\":\"WebSite\",\"@id\":\"https:\\\/\\\/www.formations-bien-etre.com\\\/#website\",\"url\":\"https:\\\/\\\/www.formations-bien-etre.com\\\/\",\"name\":\"Formation Sophrologie Massage \u00e0 Distance\",\"description\":\"Institut de formation en sophrologie et en bien-\u00eatre\",\"potentialAction\":[{\"@type\":\"SearchAction\",\"target\":{\"@type\":\"EntryPoint\",\"urlTemplate\":\"https:\\\/\\\/www.formations-bien-etre.com\\\/?s={search_term_string}\"},\"query-input\":{\"@type\":\"PropertyValueSpecification\",\"valueRequired\":true,\"valueName\":\"search_term_string\"}}],\"inLanguage\":\"es\"}]}<\/script>\n<!-- \/ Yoast SEO plugin. -->","yoast_head_json":{"title":"Fundamentos de la felicidad - Formation Sophrologie Massage \u00e0 distance","description":"Les essentiels bonheurs sont des livrets infiniment utiles regroupant des cours, des recettes et des techniques de bien-\u00eatre au quotidien.","robots":{"index":"index","follow":"follow","max-snippet":"max-snippet:-1","max-image-preview":"max-image-preview:large","max-video-preview":"max-video-preview:-1"},"canonical":"https:\/\/www.formations-bien-etre.com\/es\/produit\/les-essentiels-bonheur\/","og_locale":"es_ES","og_type":"article","og_title":"Les essentiels bonheurs : 6.80 euros seulement","og_description":"Les essentiels bonheurs sont des livrets infiniment utiles qui regroupent des cours pratiques, des recettes concr\u00e8tes et des techniques de bien-\u00eatre pour vous servir au quotidien. Faites-vous plaisir ! https:\/\/www.formations-bien-etre.com\/ Au 06 72 90 01 04 \u2013 WhatsApp Par E-mail \u2013 isabellemetais.re@gmail.com","og_url":"https:\/\/www.formations-bien-etre.com\/es\/produit\/les-essentiels-bonheur\/","og_site_name":"Formation Sophrologie Massage \u00e0 distance","article_modified_time":"2023-08-22T15:31:13+00:00","og_image":[{"width":347,"height":346,"url":"https:\/\/www.formations-bien-etre.com\/wp-content\/uploads\/2020\/07\/Fotolia_48565582_Lilya.jpg","type":"image\/jpeg"}],"twitter_card":"summary_large_image","twitter_title":"S\u00e9ance d'\u00e9coute et de t\u00e9l\u00e9-consultation en sophrologie","twitter_description":"C\u2019est d\u00e9cid\u00e9, vous voulez vivre l\u00e9ger, lib\u00e9r\u00e9 des pens\u00e9es tournoyantes et du stress. Vous choisissez de mettre vos \u00e9motions et votre corps au repos ! Fini la grisaille, vous voulez mettre du soleil et de la joie dans votre quotidien. Vous avez d\u00e9cid\u00e9 de reprendre votre vie et votre destin\u00e9e en main ! Cela demande de prendre de la distance avec vos \u00e9motions, d\u2019apprendre \u00e0 g\u00e9rer vos pens\u00e9es, \u00e0 vous poser \u2026 C'est possible avec la sophrologie et la t\u00e9l\u00e9-consultation en Sophrologie est aussi efficace ! https:\/\/www.formations-bien-etre.com\/ Au 06 72 90 01 04 \u2013 WhatsApp Par E-mail \u2013 isabellemetais.re@gmail.com","twitter_misc":{"Tiempo de lectura":"1 minuto"},"schema":{"@context":"https:\/\/schema.org","@graph":[{"@type":"WebPage","@id":"https:\/\/www.formations-bien-etre.com\/es\/produit\/les-essentiels-bonheur\/","url":"https:\/\/www.formations-bien-etre.com\/es\/produit\/les-essentiels-bonheur\/","name":"Fundamentos de la felicidad - Formation Sophrologie Massage \u00e0 distance","isPartOf":{"@id":"https:\/\/www.formations-bien-etre.com\/#website"},"primaryImageOfPage":{"@id":"https:\/\/www.formations-bien-etre.com\/es\/produit\/les-essentiels-bonheur\/#primaryimage"},"image":{"@id":"https:\/\/www.formations-bien-etre.com\/es\/produit\/les-essentiels-bonheur\/#primaryimage"},"thumbnailUrl":"https:\/\/www.formations-bien-etre.com\/wp-content\/uploads\/2020\/07\/Fotolia_48565582_Lilya.jpg","datePublished":"2020-07-20T13:57:42+00:00","dateModified":"2023-08-22T15:31:13+00:00","description":"Les essentiels bonheurs sont des livrets infiniment utiles regroupant des cours, des recettes et des techniques de bien-\u00eatre au quotidien.","breadcrumb":{"@id":"https:\/\/www.formations-bien-etre.com\/es\/produit\/les-essentiels-bonheur\/#breadcrumb"},"inLanguage":"es","potentialAction":[{"@type":"ReadAction","target":["https:\/\/www.formations-bien-etre.com\/es\/produit\/les-essentiels-bonheur\/"]}]},{"@type":"ImageObject","inLanguage":"es","@id":"https:\/\/www.formations-bien-etre.com\/es\/produit\/les-essentiels-bonheur\/#primaryimage","url":"https:\/\/www.formations-bien-etre.com\/wp-content\/uploads\/2020\/07\/Fotolia_48565582_Lilya.jpg","contentUrl":"https:\/\/www.formations-bien-etre.com\/wp-content\/uploads\/2020\/07\/Fotolia_48565582_Lilya.jpg","width":347,"height":346,"caption":"magic book"},{"@type":"BreadcrumbList","@id":"https:\/\/www.formations-bien-etre.com\/es\/produit\/les-essentiels-bonheur\/#breadcrumb","itemListElement":[{"@type":"ListItem","position":1,"name":"Home","item":"https:\/\/www.formations-bien-etre.com\/es\/"},{"@type":"ListItem","position":2,"name":"Boutique bien-\u00eatre","item":"https:\/\/www.formations-bien-etre.com\/?page_id=566"},{"@type":"ListItem","position":3,"name":"Fundamentos de la felicidad"}]},{"@type":"WebSite","@id":"https:\/\/www.formations-bien-etre.com\/#website","url":"https:\/\/www.formations-bien-etre.com\/","name":"Formation Sophrologie Massage \u00e0 Distance","description":"Institut de formation en sophrologie et en bien-\u00eatre","potentialAction":[{"@type":"SearchAction","target":{"@type":"EntryPoint","urlTemplate":"https:\/\/www.formations-bien-etre.com\/?s={search_term_string}"},"query-input":{"@type":"PropertyValueSpecification","valueRequired":true,"valueName":"search_term_string"}}],"inLanguage":"es"}]}},"_links":{"self":[{"href":"https:\/\/www.formations-bien-etre.com\/es\/wp-json\/wp\/v2\/product\/7251","targetHints":{"allow":["GET"]}}],"collection":[{"href":"https:\/\/www.formations-bien-etre.com\/es\/wp-json\/wp\/v2\/product"}],"about":[{"href":"https:\/\/www.formations-bien-etre.com\/es\/wp-json\/wp\/v2\/types\/product"}],"wp:featuredmedia":[{"embeddable":true,"href":"https:\/\/www.formations-bien-etre.com\/es\/wp-json\/wp\/v2\/media\/5787"}],"wp:attachment":[{"href":"https:\/\/www.formations-bien-etre.com\/es\/wp-json\/wp\/v2\/media?parent=7251"}],"wp:term":[{"taxonomy":"product_brand","embeddable":true,"href":"https:\/\/www.formations-bien-etre.com\/es\/wp-json\/wp\/v2\/product_brand?post=7251"},{"taxonomy":"product_cat","embeddable":true,"href":"https:\/\/www.formations-bien-etre.com\/es\/wp-json\/wp\/v2\/product_cat?post=7251"},{"taxonomy":"product_tag","embeddable":true,"href":"https:\/\/www.formations-bien-etre.com\/es\/wp-json\/wp\/v2\/product_tag?post=7251"}],"curies":[{"name":"wp","href":"https:\/\/api.w.org\/{rel}","templated":true}]}}