{"id":7259,"date":"2020-05-19T07:12:17","date_gmt":"2020-05-19T05:12:17","guid":{"rendered":"https:\/\/www.formations-bien-etre.com\/produit\/seances-decoute-et-de-tele-consultation-en-sophrologie\/"},"modified":"2023-08-04T22:57:07","modified_gmt":"2023-08-04T20:57:07","slug":"seances-decoute-et-de-tele-consultation-en-sophrologie","status":"publish","type":"product","link":"https:\/\/www.formations-bien-etre.com\/es\/produit\/seances-decoute-et-de-tele-consultation-en-sophrologie\/","title":{"rendered":"Sesiones de escucha y teleconsulta sobre sofrolog\u00eda"},"content":{"rendered":"<p>Estoy aqu\u00ed para escucharte, para apoyarte en tu vida cotidiana y profesional.<\/p>\n<p>&#8211; Sesiones de sofrolog\u00eda<\/p>\n<p>&#8211; Escucha atenta<\/p>\n","protected":false},"excerpt":{"rendered":"<p>Espero acompa\u00f1arte en el camino hacia el bienestar# :<\/p>\n<p>\ud83d\udc49 de 16h a 21h \ud83d\udc49 todos los d\u00edas excepto fines de semana.<br \/>\n\ud83d\udc49 Pide cita en el formulario de contacto, te llamar\u00e9 r\u00e1pidamente para fijar d\u00eda y hora juntos.<\/p>\n<p>\ud83d\udc4d Actualmente la sesi\u00f3n cuesta 55 d\u00f3lares en lugar de 65 d\u00f3lares \ud83d\udc49 C\u00f3digo promocional: 8VJEVMD8<\/p>\n","protected":false},"featured_media":5695,"template":"","meta":{"_acf_changed":false,"_exactmetrics_skip_tracking":false,"_exactmetrics_sitenote_active":false,"_exactmetrics_sitenote_note":"","_exactmetrics_sitenote_category":0},"product_brand":[],"product_cat":[359,360],"product_tag":[59,77,73,72,71,74,60,62,61,76,57,58,75],"class_list":{"0":"post-7259","1":"product","2":"type-product","3":"status-publish","4":"has-post-thumbnail","6":"product_cat-formations-metiers-bien-etre-es","7":"product_cat-modules-particuliers-complmentaires-sophrologie-es","8":"product_tag-bienetre","9":"product_tag-ecole-sophrologie","10":"product_tag-ecoute-bienveillante","11":"product_tag-ecoute-active","12":"product_tag-ecoute-rogerienne","13":"product_tag-ecoute-urgence","14":"product_tag-formation","15":"product_tag-meditation","16":"product_tag-relaxation","17":"product_tag-seance-sophrologie","18":"product_tag-sophrologie","19":"product_tag-stress","20":"product_tag-tele-sophrologie","22":"first","23":"instock","24":"featured","25":"virtual","26":"sold-individually","27":"product-type-simple"},"acf":[],"yoast_head":"<!-- This site is optimized with the Yoast SEO plugin v27.4 - https:\/\/yoast.com\/product\/yoast-seo-wordpress\/ -->\n<title>Sesiones de escucha y teleconsulta sobre sofrolog\u00eda - Formation Sophrologie Massage \u00e0 distance<\/title>\n<meta name=\"description\" content=\"Lib\u00e9rez-vous du stress avec des s\u00e9ances d&#039;\u00e9coute et de t\u00e9l\u00e9-consultation en sophrologie avec Isabelle M\u00e9tais. Un accompagnement personnalis\u00e9 et bienveillant\" \/>\n<meta name=\"robots\" content=\"index, follow, max-snippet:-1, max-image-preview:large, max-video-preview:-1\" \/>\n<link rel=\"canonical\" href=\"https:\/\/www.formations-bien-etre.com\/es\/produit\/seances-decoute-et-de-tele-consultation-en-sophrologie\/\" \/>\n<meta property=\"og:locale\" content=\"es_ES\" \/>\n<meta property=\"og:type\" content=\"article\" \/>\n<meta property=\"og:title\" content=\"S\u00e9ance d&#039;\u00e9coute et de t\u00e9l\u00e9-consultation en sophrologie\" \/>\n<meta property=\"og:description\" content=\"C\u2019est d\u00e9cid\u00e9, vous voulez vivre l\u00e9ger, lib\u00e9r\u00e9 des pens\u00e9es tournoyantes et du stress. Vous choisissez de mettre vos \u00e9motions et votre corps au repos ! Fini la grisaille, vous voulez mettre du soleil et de la joie dans votre quotidien. Vous avez d\u00e9cid\u00e9 de reprendre votre vie et votre destin\u00e9e en main ! Cela demande de prendre de la distance avec vos \u00e9motions, d\u2019apprendre \u00e0 g\u00e9rer vos pens\u00e9es, \u00e0 vous poser \u2026 C&#039;est possible avec la sophrologie et la t\u00e9l\u00e9-consultation en Sophrologie est aussi efficace ! https:\/\/www.formations-bien-etre.com\/ Au 06 72 90 01 04 \u2013 WhatsApp Par E-mail \u2013 isabellemetais.re@gmail.com\" \/>\n<meta property=\"og:url\" content=\"https:\/\/www.formations-bien-etre.com\/es\/produit\/seances-decoute-et-de-tele-consultation-en-sophrologie\/\" \/>\n<meta property=\"og:site_name\" content=\"Formation Sophrologie Massage \u00e0 distance\" \/>\n<meta property=\"article:modified_time\" content=\"2023-08-04T20:57:07+00:00\" \/>\n<meta property=\"og:image\" content=\"https:\/\/www.formations-bien-etre.com\/wp-content\/uploads\/2019\/12\/menu-item-la-videotheque.jpg\" \/>\n\t<meta property=\"og:image:width\" content=\"265\" \/>\n\t<meta property=\"og:image:height\" content=\"101\" \/>\n\t<meta property=\"og:image:type\" content=\"image\/jpeg\" \/>\n<meta name=\"twitter:card\" content=\"summary_large_image\" \/>\n<meta name=\"twitter:title\" content=\"S\u00e9ance d&#039;\u00e9coute et de t\u00e9l\u00e9-consultation en sophrologie\" \/>\n<meta name=\"twitter:description\" content=\"C\u2019est d\u00e9cid\u00e9, vous voulez vivre l\u00e9ger, lib\u00e9r\u00e9 des pens\u00e9es tournoyantes et du stress. Vous choisissez de mettre vos \u00e9motions et votre corps au repos ! Fini la grisaille, vous voulez mettre du soleil et de la joie dans votre quotidien. Vous avez d\u00e9cid\u00e9 de reprendre votre vie et votre destin\u00e9e en main ! Cela demande de prendre de la distance avec vos \u00e9motions, d\u2019apprendre \u00e0 g\u00e9rer vos pens\u00e9es, \u00e0 vous poser \u2026 C&#039;est possible avec la sophrologie et la t\u00e9l\u00e9-consultation en Sophrologie est aussi efficace ! https:\/\/www.formations-bien-etre.com\/ Au 06 72 90 01 04 \u2013 WhatsApp Par E-mail \u2013 isabellemetais.re@gmail.com\" \/>\n<meta name=\"twitter:label1\" content=\"Tiempo de lectura\" \/>\n\t<meta name=\"twitter:data1\" content=\"1 minuto\" \/>\n<script type=\"application\/ld+json\" class=\"yoast-schema-graph\">{\"@context\":\"https:\\\/\\\/schema.org\",\"@graph\":[{\"@type\":\"WebPage\",\"@id\":\"https:\\\/\\\/www.formations-bien-etre.com\\\/es\\\/produit\\\/seances-decoute-et-de-tele-consultation-en-sophrologie\\\/\",\"url\":\"https:\\\/\\\/www.formations-bien-etre.com\\\/es\\\/produit\\\/seances-decoute-et-de-tele-consultation-en-sophrologie\\\/\",\"name\":\"Sesiones de escucha y teleconsulta sobre sofrolog\u00eda - Formation Sophrologie Massage \u00e0 distance\",\"isPartOf\":{\"@id\":\"https:\\\/\\\/www.formations-bien-etre.com\\\/#website\"},\"primaryImageOfPage\":{\"@id\":\"https:\\\/\\\/www.formations-bien-etre.com\\\/es\\\/produit\\\/seances-decoute-et-de-tele-consultation-en-sophrologie\\\/#primaryimage\"},\"image\":{\"@id\":\"https:\\\/\\\/www.formations-bien-etre.com\\\/es\\\/produit\\\/seances-decoute-et-de-tele-consultation-en-sophrologie\\\/#primaryimage\"},\"thumbnailUrl\":\"https:\\\/\\\/www.formations-bien-etre.com\\\/wp-content\\\/uploads\\\/2020\\\/03\\\/Isabelle-Metais-e1585668540159.jpg\",\"datePublished\":\"2020-05-19T05:12:17+00:00\",\"dateModified\":\"2023-08-04T20:57:07+00:00\",\"description\":\"Lib\u00e9rez-vous du stress avec des s\u00e9ances d'\u00e9coute et de t\u00e9l\u00e9-consultation en sophrologie avec Isabelle M\u00e9tais. Un accompagnement personnalis\u00e9 et bienveillant\",\"breadcrumb\":{\"@id\":\"https:\\\/\\\/www.formations-bien-etre.com\\\/es\\\/produit\\\/seances-decoute-et-de-tele-consultation-en-sophrologie\\\/#breadcrumb\"},\"inLanguage\":\"es\",\"potentialAction\":[{\"@type\":\"ReadAction\",\"target\":[\"https:\\\/\\\/www.formations-bien-etre.com\\\/es\\\/produit\\\/seances-decoute-et-de-tele-consultation-en-sophrologie\\\/\"]}]},{\"@type\":\"ImageObject\",\"inLanguage\":\"es\",\"@id\":\"https:\\\/\\\/www.formations-bien-etre.com\\\/es\\\/produit\\\/seances-decoute-et-de-tele-consultation-en-sophrologie\\\/#primaryimage\",\"url\":\"https:\\\/\\\/www.formations-bien-etre.com\\\/wp-content\\\/uploads\\\/2020\\\/03\\\/Isabelle-Metais-e1585668540159.jpg\",\"contentUrl\":\"https:\\\/\\\/www.formations-bien-etre.com\\\/wp-content\\\/uploads\\\/2020\\\/03\\\/Isabelle-Metais-e1585668540159.jpg\",\"width\":600,\"height\":410,\"caption\":\"Sophrologue et responsable de l'\u00e9cole de Sophrologie Ain, Rh\u00f4ne Alpes, Vend\u00e9es\"},{\"@type\":\"BreadcrumbList\",\"@id\":\"https:\\\/\\\/www.formations-bien-etre.com\\\/es\\\/produit\\\/seances-decoute-et-de-tele-consultation-en-sophrologie\\\/#breadcrumb\",\"itemListElement\":[{\"@type\":\"ListItem\",\"position\":1,\"name\":\"Home\",\"item\":\"https:\\\/\\\/www.formations-bien-etre.com\\\/es\\\/\"},{\"@type\":\"ListItem\",\"position\":2,\"name\":\"Boutique bien-\u00eatre\",\"item\":\"https:\\\/\\\/www.formations-bien-etre.com\\\/?page_id=566\"},{\"@type\":\"ListItem\",\"position\":3,\"name\":\"Sesiones de escucha y teleconsulta sobre sofrolog\u00eda\"}]},{\"@type\":\"WebSite\",\"@id\":\"https:\\\/\\\/www.formations-bien-etre.com\\\/#website\",\"url\":\"https:\\\/\\\/www.formations-bien-etre.com\\\/\",\"name\":\"Formation Sophrologie Massage \u00e0 Distance\",\"description\":\"Institut de formation en sophrologie et en bien-\u00eatre\",\"potentialAction\":[{\"@type\":\"SearchAction\",\"target\":{\"@type\":\"EntryPoint\",\"urlTemplate\":\"https:\\\/\\\/www.formations-bien-etre.com\\\/?s={search_term_string}\"},\"query-input\":{\"@type\":\"PropertyValueSpecification\",\"valueRequired\":true,\"valueName\":\"search_term_string\"}}],\"inLanguage\":\"es\"}]}<\/script>\n<!-- \/ Yoast SEO plugin. -->","yoast_head_json":{"title":"Sesiones de escucha y teleconsulta sobre sofrolog\u00eda - Formation Sophrologie Massage \u00e0 distance","description":"Lib\u00e9rez-vous du stress avec des s\u00e9ances d'\u00e9coute et de t\u00e9l\u00e9-consultation en sophrologie avec Isabelle M\u00e9tais. Un accompagnement personnalis\u00e9 et bienveillant","robots":{"index":"index","follow":"follow","max-snippet":"max-snippet:-1","max-image-preview":"max-image-preview:large","max-video-preview":"max-video-preview:-1"},"canonical":"https:\/\/www.formations-bien-etre.com\/es\/produit\/seances-decoute-et-de-tele-consultation-en-sophrologie\/","og_locale":"es_ES","og_type":"article","og_title":"S\u00e9ance d'\u00e9coute et de t\u00e9l\u00e9-consultation en sophrologie","og_description":"C\u2019est d\u00e9cid\u00e9, vous voulez vivre l\u00e9ger, lib\u00e9r\u00e9 des pens\u00e9es tournoyantes et du stress. Vous choisissez de mettre vos \u00e9motions et votre corps au repos ! Fini la grisaille, vous voulez mettre du soleil et de la joie dans votre quotidien. Vous avez d\u00e9cid\u00e9 de reprendre votre vie et votre destin\u00e9e en main ! Cela demande de prendre de la distance avec vos \u00e9motions, d\u2019apprendre \u00e0 g\u00e9rer vos pens\u00e9es, \u00e0 vous poser \u2026 C'est possible avec la sophrologie et la t\u00e9l\u00e9-consultation en Sophrologie est aussi efficace ! https:\/\/www.formations-bien-etre.com\/ Au 06 72 90 01 04 \u2013 WhatsApp Par E-mail \u2013 isabellemetais.re@gmail.com","og_url":"https:\/\/www.formations-bien-etre.com\/es\/produit\/seances-decoute-et-de-tele-consultation-en-sophrologie\/","og_site_name":"Formation Sophrologie Massage \u00e0 distance","article_modified_time":"2023-08-04T20:57:07+00:00","og_image":[{"width":265,"height":101,"url":"https:\/\/www.formations-bien-etre.com\/wp-content\/uploads\/2019\/12\/menu-item-la-videotheque.jpg","type":"image\/jpeg"}],"twitter_card":"summary_large_image","twitter_title":"S\u00e9ance d'\u00e9coute et de t\u00e9l\u00e9-consultation en sophrologie","twitter_description":"C\u2019est d\u00e9cid\u00e9, vous voulez vivre l\u00e9ger, lib\u00e9r\u00e9 des pens\u00e9es tournoyantes et du stress. Vous choisissez de mettre vos \u00e9motions et votre corps au repos ! Fini la grisaille, vous voulez mettre du soleil et de la joie dans votre quotidien. Vous avez d\u00e9cid\u00e9 de reprendre votre vie et votre destin\u00e9e en main ! Cela demande de prendre de la distance avec vos \u00e9motions, d\u2019apprendre \u00e0 g\u00e9rer vos pens\u00e9es, \u00e0 vous poser \u2026 C'est possible avec la sophrologie et la t\u00e9l\u00e9-consultation en Sophrologie est aussi efficace ! https:\/\/www.formations-bien-etre.com\/ Au 06 72 90 01 04 \u2013 WhatsApp Par E-mail \u2013 isabellemetais.re@gmail.com","twitter_misc":{"Tiempo de lectura":"1 minuto"},"schema":{"@context":"https:\/\/schema.org","@graph":[{"@type":"WebPage","@id":"https:\/\/www.formations-bien-etre.com\/es\/produit\/seances-decoute-et-de-tele-consultation-en-sophrologie\/","url":"https:\/\/www.formations-bien-etre.com\/es\/produit\/seances-decoute-et-de-tele-consultation-en-sophrologie\/","name":"Sesiones de escucha y teleconsulta sobre sofrolog\u00eda - Formation Sophrologie Massage \u00e0 distance","isPartOf":{"@id":"https:\/\/www.formations-bien-etre.com\/#website"},"primaryImageOfPage":{"@id":"https:\/\/www.formations-bien-etre.com\/es\/produit\/seances-decoute-et-de-tele-consultation-en-sophrologie\/#primaryimage"},"image":{"@id":"https:\/\/www.formations-bien-etre.com\/es\/produit\/seances-decoute-et-de-tele-consultation-en-sophrologie\/#primaryimage"},"thumbnailUrl":"https:\/\/www.formations-bien-etre.com\/wp-content\/uploads\/2020\/03\/Isabelle-Metais-e1585668540159.jpg","datePublished":"2020-05-19T05:12:17+00:00","dateModified":"2023-08-04T20:57:07+00:00","description":"Lib\u00e9rez-vous du stress avec des s\u00e9ances d'\u00e9coute et de t\u00e9l\u00e9-consultation en sophrologie avec Isabelle M\u00e9tais. Un accompagnement personnalis\u00e9 et bienveillant","breadcrumb":{"@id":"https:\/\/www.formations-bien-etre.com\/es\/produit\/seances-decoute-et-de-tele-consultation-en-sophrologie\/#breadcrumb"},"inLanguage":"es","potentialAction":[{"@type":"ReadAction","target":["https:\/\/www.formations-bien-etre.com\/es\/produit\/seances-decoute-et-de-tele-consultation-en-sophrologie\/"]}]},{"@type":"ImageObject","inLanguage":"es","@id":"https:\/\/www.formations-bien-etre.com\/es\/produit\/seances-decoute-et-de-tele-consultation-en-sophrologie\/#primaryimage","url":"https:\/\/www.formations-bien-etre.com\/wp-content\/uploads\/2020\/03\/Isabelle-Metais-e1585668540159.jpg","contentUrl":"https:\/\/www.formations-bien-etre.com\/wp-content\/uploads\/2020\/03\/Isabelle-Metais-e1585668540159.jpg","width":600,"height":410,"caption":"Sophrologue et responsable de l'\u00e9cole de Sophrologie Ain, Rh\u00f4ne Alpes, Vend\u00e9es"},{"@type":"BreadcrumbList","@id":"https:\/\/www.formations-bien-etre.com\/es\/produit\/seances-decoute-et-de-tele-consultation-en-sophrologie\/#breadcrumb","itemListElement":[{"@type":"ListItem","position":1,"name":"Home","item":"https:\/\/www.formations-bien-etre.com\/es\/"},{"@type":"ListItem","position":2,"name":"Boutique bien-\u00eatre","item":"https:\/\/www.formations-bien-etre.com\/?page_id=566"},{"@type":"ListItem","position":3,"name":"Sesiones de escucha y teleconsulta sobre sofrolog\u00eda"}]},{"@type":"WebSite","@id":"https:\/\/www.formations-bien-etre.com\/#website","url":"https:\/\/www.formations-bien-etre.com\/","name":"Formation Sophrologie Massage \u00e0 Distance","description":"Institut de formation en sophrologie et en bien-\u00eatre","potentialAction":[{"@type":"SearchAction","target":{"@type":"EntryPoint","urlTemplate":"https:\/\/www.formations-bien-etre.com\/?s={search_term_string}"},"query-input":{"@type":"PropertyValueSpecification","valueRequired":true,"valueName":"search_term_string"}}],"inLanguage":"es"}]}},"_links":{"self":[{"href":"https:\/\/www.formations-bien-etre.com\/es\/wp-json\/wp\/v2\/product\/7259","targetHints":{"allow":["GET"]}}],"collection":[{"href":"https:\/\/www.formations-bien-etre.com\/es\/wp-json\/wp\/v2\/product"}],"about":[{"href":"https:\/\/www.formations-bien-etre.com\/es\/wp-json\/wp\/v2\/types\/product"}],"wp:featuredmedia":[{"embeddable":true,"href":"https:\/\/www.formations-bien-etre.com\/es\/wp-json\/wp\/v2\/media\/5695"}],"wp:attachment":[{"href":"https:\/\/www.formations-bien-etre.com\/es\/wp-json\/wp\/v2\/media?parent=7259"}],"wp:term":[{"taxonomy":"product_brand","embeddable":true,"href":"https:\/\/www.formations-bien-etre.com\/es\/wp-json\/wp\/v2\/product_brand?post=7259"},{"taxonomy":"product_cat","embeddable":true,"href":"https:\/\/www.formations-bien-etre.com\/es\/wp-json\/wp\/v2\/product_cat?post=7259"},{"taxonomy":"product_tag","embeddable":true,"href":"https:\/\/www.formations-bien-etre.com\/es\/wp-json\/wp\/v2\/product_tag?post=7259"}],"curies":[{"name":"wp","href":"https:\/\/api.w.org\/{rel}","templated":true}]}}