{"id":7263,"date":"2020-05-18T19:35:18","date_gmt":"2020-05-18T17:35:18","guid":{"rendered":"https:\/\/www.formations-bien-etre.com\/produit\/ecoute-bienveillante-rogerienne\/"},"modified":"2023-08-07T23:38:34","modified_gmt":"2023-08-07T21:38:34","slug":"ecoute-bienveillante-rogerienne","status":"publish","type":"product","link":"https:\/\/www.formations-bien-etre.com\/es\/produit\/ecoute-bienveillante-rogerienne\/","title":{"rendered":"Escucha ben\u00e9vola \u00abRog\u00e9rienne\u00bb"},"content":{"rendered":"<p>Escucha Benevolente Activa, Escucha \u00abRog\u00e9rienne<br \/>\nComunicarse armoniosamente no es innato, hay que aprenderlo porque implica reglas y educaci\u00f3n.<br \/>\nEs normal tener dificultades si no se ha aprendido a hacerlo.<\/p>\n<p>Aprende a escuchar, a comunicarte armoniosamente con la escucha rogeriana de forma muy neutra e impersonal.<br \/>\nAcompa\u00f1a y apoya a la otra persona con mucho respeto y delicadeza.<\/p>\n","protected":false},"excerpt":{"rendered":"<p>Aprenda a escuchar y a comunicarse armoniosamente de un modo sumamente neutral e impersonal.<br \/>\nIdeal para la resoluci\u00f3n de conflictos.<\/p>\n","protected":false},"featured_media":5762,"template":"","meta":{"_acf_changed":false,"_exactmetrics_skip_tracking":false,"_exactmetrics_sitenote_active":false,"_exactmetrics_sitenote_note":"","_exactmetrics_sitenote_category":0},"product_brand":[],"product_cat":[362,363,360],"product_tag":[64,59,68,67,73,72,71,60,62,65,61,337,69,66,57,58],"class_list":{"0":"post-7263","1":"product","2":"type-product","3":"status-publish","4":"has-post-thumbnail","6":"product_cat-formations-de-sophrologie-es","7":"product_cat-les-modules-de-formations-soins-bien-etre-es","8":"product_cat-modules-particuliers-complmentaires-sophrologie-es","9":"product_tag-angoisse","10":"product_tag-bienetre","11":"product_tag-bienveillance","12":"product_tag-ecoute","13":"product_tag-ecoute-bienveillante","14":"product_tag-ecoute-active","15":"product_tag-ecoute-rogerienne","16":"product_tag-formation","17":"product_tag-meditation","18":"product_tag-peur","19":"product_tag-relaxation","20":"product_tag-resolution-de-conflit","21":"product_tag-rogerienne","22":"product_tag-sommeil","23":"product_tag-sophrologie","24":"product_tag-stress","26":"first","27":"instock","28":"sale","29":"featured","30":"sold-individually","31":"taxable","32":"shipping-taxable","33":"purchasable","34":"product-type-variable"},"acf":[],"yoast_head":"<!-- This site is optimized with the Yoast SEO plugin v27.4 - https:\/\/yoast.com\/product\/yoast-seo-wordpress\/ -->\n<title>Escucha ben\u00e9vola &quot;Rog\u00e9rienne&quot; - Formation Sophrologie Massage \u00e0 distance<\/title>\n<meta name=\"description\" content=\"\u00c9coute Bienveillante &quot;Rog\u00e9rienne&quot; pour communiquer harmonieusement. Cela s\u2019apprend. Apprenez une \u00e9coute neutralit\u00e9, impersonnelle et respectueuse. I.M\u00e9tais\" \/>\n<meta name=\"robots\" content=\"index, follow, max-snippet:-1, max-image-preview:large, max-video-preview:-1\" \/>\n<link rel=\"canonical\" href=\"https:\/\/www.formations-bien-etre.com\/es\/produit\/ecoute-bienveillante-rogerienne\/\" \/>\n<meta property=\"og:locale\" content=\"es_ES\" \/>\n<meta property=\"og:type\" content=\"article\" \/>\n<meta property=\"og:title\" content=\"Etre \u00e9cout\u00e9 est un besoin vital\" \/>\n<meta property=\"og:description\" content=\"Les plateformes d\u2019\u00e9coute connaissent une mont\u00e9e en fl\u00e8che des appels quotidiens. Ils sont pass\u00e9s de 5 \u00e0 150 ces derniers mois et ne cessent de grimper. L\u2019\u00e9coute est un besoin vital mais \u00e9couter n\u2019est pas inn\u00e9, cela s\u2019apprend. L\u2019\u00e9coute Rog\u00e9rienne est une garantie de neutralit\u00e9 et de bienveillance. https:\/\/www.formations-bien-etre.com\/produit\/ecoute-bienveillante-rogerienne\/ isabellemetais.re@gmail.com - WhatzApp : 06 72 90 01 04\" \/>\n<meta property=\"og:url\" content=\"https:\/\/www.formations-bien-etre.com\/es\/produit\/ecoute-bienveillante-rogerienne\/\" \/>\n<meta property=\"og:site_name\" content=\"Formation Sophrologie Massage \u00e0 distance\" \/>\n<meta property=\"article:modified_time\" content=\"2023-08-07T21:38:34+00:00\" \/>\n<meta property=\"og:image\" content=\"https:\/\/www.formations-bien-etre.com\/wp-content\/uploads\/2020\/05\/Ecoute-Rog\u00e9rienne.jpg\" \/>\n\t<meta property=\"og:image:width\" content=\"700\" \/>\n\t<meta property=\"og:image:height\" content=\"420\" \/>\n\t<meta property=\"og:image:type\" content=\"image\/jpeg\" \/>\n<meta name=\"twitter:card\" content=\"summary_large_image\" \/>\n<meta name=\"twitter:title\" content=\"Etre \u00e9couter est un besoin vital\" \/>\n<meta name=\"twitter:description\" content=\"Les plateformes d\u2019\u00e9coute connaissent une mont\u00e9e en fl\u00e8che des appels quotidiens. Ils sont pass\u00e9s de 5 \u00e0 150 ces derniers mois et ne cessent de grimper. L\u2019\u00e9coute est un besoin mais \u00e9couter n\u2019est pas inn\u00e9, cela s\u2019apprend. L\u2019\u00e9coute Rog\u00e9rienne est une garantie de neutralit\u00e9 et de bienveillance. https:\/\/www.formations-bien-etre.com\/produit\/ecoute-bienveillante-rogerienne\/ isabellemetais.re@gmail.com - WhatzApp : 06 72 90 01 04\" \/>\n<meta name=\"twitter:label1\" content=\"Tiempo de lectura\" \/>\n\t<meta name=\"twitter:data1\" content=\"1 minuto\" \/>\n<script type=\"application\/ld+json\" class=\"yoast-schema-graph\">{\"@context\":\"https:\\\/\\\/schema.org\",\"@graph\":[{\"@type\":\"WebPage\",\"@id\":\"https:\\\/\\\/www.formations-bien-etre.com\\\/es\\\/produit\\\/ecoute-bienveillante-rogerienne\\\/\",\"url\":\"https:\\\/\\\/www.formations-bien-etre.com\\\/es\\\/produit\\\/ecoute-bienveillante-rogerienne\\\/\",\"name\":\"Escucha ben\u00e9vola \\\"Rog\u00e9rienne\\\" - Formation Sophrologie Massage \u00e0 distance\",\"isPartOf\":{\"@id\":\"https:\\\/\\\/www.formations-bien-etre.com\\\/#website\"},\"primaryImageOfPage\":{\"@id\":\"https:\\\/\\\/www.formations-bien-etre.com\\\/es\\\/produit\\\/ecoute-bienveillante-rogerienne\\\/#primaryimage\"},\"image\":{\"@id\":\"https:\\\/\\\/www.formations-bien-etre.com\\\/es\\\/produit\\\/ecoute-bienveillante-rogerienne\\\/#primaryimage\"},\"thumbnailUrl\":\"https:\\\/\\\/www.formations-bien-etre.com\\\/wp-content\\\/uploads\\\/2020\\\/05\\\/Ecoute-Rog\u00e9rienne.jpg\",\"datePublished\":\"2020-05-18T17:35:18+00:00\",\"dateModified\":\"2023-08-07T21:38:34+00:00\",\"description\":\"\u00c9coute Bienveillante \\\"Rog\u00e9rienne\\\" pour communiquer harmonieusement. Cela s\u2019apprend. Apprenez une \u00e9coute neutralit\u00e9, impersonnelle et respectueuse. I.M\u00e9tais\",\"breadcrumb\":{\"@id\":\"https:\\\/\\\/www.formations-bien-etre.com\\\/es\\\/produit\\\/ecoute-bienveillante-rogerienne\\\/#breadcrumb\"},\"inLanguage\":\"es\",\"potentialAction\":[{\"@type\":\"ReadAction\",\"target\":[\"https:\\\/\\\/www.formations-bien-etre.com\\\/es\\\/produit\\\/ecoute-bienveillante-rogerienne\\\/\"]}]},{\"@type\":\"ImageObject\",\"inLanguage\":\"es\",\"@id\":\"https:\\\/\\\/www.formations-bien-etre.com\\\/es\\\/produit\\\/ecoute-bienveillante-rogerienne\\\/#primaryimage\",\"url\":\"https:\\\/\\\/www.formations-bien-etre.com\\\/wp-content\\\/uploads\\\/2020\\\/05\\\/Ecoute-Rog\u00e9rienne.jpg\",\"contentUrl\":\"https:\\\/\\\/www.formations-bien-etre.com\\\/wp-content\\\/uploads\\\/2020\\\/05\\\/Ecoute-Rog\u00e9rienne.jpg\",\"width\":700,\"height\":420,\"caption\":\"\u00c9coute Bienveillante \\\"Rog\u00e9rienne\\\" pour communiquer harmonieusement. Cela s\u2019apprend. Apprenez une \u00e9coute neutralit\u00e9, impersonnelle et respectueuse. I.M\u00e9tais\"},{\"@type\":\"BreadcrumbList\",\"@id\":\"https:\\\/\\\/www.formations-bien-etre.com\\\/es\\\/produit\\\/ecoute-bienveillante-rogerienne\\\/#breadcrumb\",\"itemListElement\":[{\"@type\":\"ListItem\",\"position\":1,\"name\":\"Home\",\"item\":\"https:\\\/\\\/www.formations-bien-etre.com\\\/es\\\/\"},{\"@type\":\"ListItem\",\"position\":2,\"name\":\"Boutique bien-\u00eatre\",\"item\":\"https:\\\/\\\/www.formations-bien-etre.com\\\/?page_id=566\"},{\"@type\":\"ListItem\",\"position\":3,\"name\":\"Escucha ben\u00e9vola \u00ab\u00a0Rog\u00e9rienne\u00a0\u00bb\"}]},{\"@type\":\"WebSite\",\"@id\":\"https:\\\/\\\/www.formations-bien-etre.com\\\/#website\",\"url\":\"https:\\\/\\\/www.formations-bien-etre.com\\\/\",\"name\":\"Formation Sophrologie Massage \u00e0 Distance\",\"description\":\"Institut de formation en sophrologie et en bien-\u00eatre\",\"potentialAction\":[{\"@type\":\"SearchAction\",\"target\":{\"@type\":\"EntryPoint\",\"urlTemplate\":\"https:\\\/\\\/www.formations-bien-etre.com\\\/?s={search_term_string}\"},\"query-input\":{\"@type\":\"PropertyValueSpecification\",\"valueRequired\":true,\"valueName\":\"search_term_string\"}}],\"inLanguage\":\"es\"}]}<\/script>\n<!-- \/ Yoast SEO plugin. -->","yoast_head_json":{"title":"Escucha ben\u00e9vola \"Rog\u00e9rienne\" - Formation Sophrologie Massage \u00e0 distance","description":"\u00c9coute Bienveillante \"Rog\u00e9rienne\" pour communiquer harmonieusement. Cela s\u2019apprend. Apprenez une \u00e9coute neutralit\u00e9, impersonnelle et respectueuse. I.M\u00e9tais","robots":{"index":"index","follow":"follow","max-snippet":"max-snippet:-1","max-image-preview":"max-image-preview:large","max-video-preview":"max-video-preview:-1"},"canonical":"https:\/\/www.formations-bien-etre.com\/es\/produit\/ecoute-bienveillante-rogerienne\/","og_locale":"es_ES","og_type":"article","og_title":"Etre \u00e9cout\u00e9 est un besoin vital","og_description":"Les plateformes d\u2019\u00e9coute connaissent une mont\u00e9e en fl\u00e8che des appels quotidiens. Ils sont pass\u00e9s de 5 \u00e0 150 ces derniers mois et ne cessent de grimper. L\u2019\u00e9coute est un besoin vital mais \u00e9couter n\u2019est pas inn\u00e9, cela s\u2019apprend. L\u2019\u00e9coute Rog\u00e9rienne est une garantie de neutralit\u00e9 et de bienveillance. https:\/\/www.formations-bien-etre.com\/produit\/ecoute-bienveillante-rogerienne\/ isabellemetais.re@gmail.com - WhatzApp : 06 72 90 01 04","og_url":"https:\/\/www.formations-bien-etre.com\/es\/produit\/ecoute-bienveillante-rogerienne\/","og_site_name":"Formation Sophrologie Massage \u00e0 distance","article_modified_time":"2023-08-07T21:38:34+00:00","og_image":[{"width":700,"height":420,"url":"https:\/\/www.formations-bien-etre.com\/wp-content\/uploads\/2020\/05\/Ecoute-Rog\u00e9rienne.jpg","type":"image\/jpeg"}],"twitter_card":"summary_large_image","twitter_title":"Etre \u00e9couter est un besoin vital","twitter_description":"Les plateformes d\u2019\u00e9coute connaissent une mont\u00e9e en fl\u00e8che des appels quotidiens. Ils sont pass\u00e9s de 5 \u00e0 150 ces derniers mois et ne cessent de grimper. L\u2019\u00e9coute est un besoin mais \u00e9couter n\u2019est pas inn\u00e9, cela s\u2019apprend. L\u2019\u00e9coute Rog\u00e9rienne est une garantie de neutralit\u00e9 et de bienveillance. https:\/\/www.formations-bien-etre.com\/produit\/ecoute-bienveillante-rogerienne\/ isabellemetais.re@gmail.com - WhatzApp : 06 72 90 01 04","twitter_misc":{"Tiempo de lectura":"1 minuto"},"schema":{"@context":"https:\/\/schema.org","@graph":[{"@type":"WebPage","@id":"https:\/\/www.formations-bien-etre.com\/es\/produit\/ecoute-bienveillante-rogerienne\/","url":"https:\/\/www.formations-bien-etre.com\/es\/produit\/ecoute-bienveillante-rogerienne\/","name":"Escucha ben\u00e9vola \"Rog\u00e9rienne\" - Formation Sophrologie Massage \u00e0 distance","isPartOf":{"@id":"https:\/\/www.formations-bien-etre.com\/#website"},"primaryImageOfPage":{"@id":"https:\/\/www.formations-bien-etre.com\/es\/produit\/ecoute-bienveillante-rogerienne\/#primaryimage"},"image":{"@id":"https:\/\/www.formations-bien-etre.com\/es\/produit\/ecoute-bienveillante-rogerienne\/#primaryimage"},"thumbnailUrl":"https:\/\/www.formations-bien-etre.com\/wp-content\/uploads\/2020\/05\/Ecoute-Rog\u00e9rienne.jpg","datePublished":"2020-05-18T17:35:18+00:00","dateModified":"2023-08-07T21:38:34+00:00","description":"\u00c9coute Bienveillante \"Rog\u00e9rienne\" pour communiquer harmonieusement. Cela s\u2019apprend. Apprenez une \u00e9coute neutralit\u00e9, impersonnelle et respectueuse. I.M\u00e9tais","breadcrumb":{"@id":"https:\/\/www.formations-bien-etre.com\/es\/produit\/ecoute-bienveillante-rogerienne\/#breadcrumb"},"inLanguage":"es","potentialAction":[{"@type":"ReadAction","target":["https:\/\/www.formations-bien-etre.com\/es\/produit\/ecoute-bienveillante-rogerienne\/"]}]},{"@type":"ImageObject","inLanguage":"es","@id":"https:\/\/www.formations-bien-etre.com\/es\/produit\/ecoute-bienveillante-rogerienne\/#primaryimage","url":"https:\/\/www.formations-bien-etre.com\/wp-content\/uploads\/2020\/05\/Ecoute-Rog\u00e9rienne.jpg","contentUrl":"https:\/\/www.formations-bien-etre.com\/wp-content\/uploads\/2020\/05\/Ecoute-Rog\u00e9rienne.jpg","width":700,"height":420,"caption":"\u00c9coute Bienveillante \"Rog\u00e9rienne\" pour communiquer harmonieusement. Cela s\u2019apprend. Apprenez une \u00e9coute neutralit\u00e9, impersonnelle et respectueuse. I.M\u00e9tais"},{"@type":"BreadcrumbList","@id":"https:\/\/www.formations-bien-etre.com\/es\/produit\/ecoute-bienveillante-rogerienne\/#breadcrumb","itemListElement":[{"@type":"ListItem","position":1,"name":"Home","item":"https:\/\/www.formations-bien-etre.com\/es\/"},{"@type":"ListItem","position":2,"name":"Boutique bien-\u00eatre","item":"https:\/\/www.formations-bien-etre.com\/?page_id=566"},{"@type":"ListItem","position":3,"name":"Escucha ben\u00e9vola \u00ab\u00a0Rog\u00e9rienne\u00a0\u00bb"}]},{"@type":"WebSite","@id":"https:\/\/www.formations-bien-etre.com\/#website","url":"https:\/\/www.formations-bien-etre.com\/","name":"Formation Sophrologie Massage \u00e0 Distance","description":"Institut de formation en sophrologie et en bien-\u00eatre","potentialAction":[{"@type":"SearchAction","target":{"@type":"EntryPoint","urlTemplate":"https:\/\/www.formations-bien-etre.com\/?s={search_term_string}"},"query-input":{"@type":"PropertyValueSpecification","valueRequired":true,"valueName":"search_term_string"}}],"inLanguage":"es"}]}},"_links":{"self":[{"href":"https:\/\/www.formations-bien-etre.com\/es\/wp-json\/wp\/v2\/product\/7263","targetHints":{"allow":["GET"]}}],"collection":[{"href":"https:\/\/www.formations-bien-etre.com\/es\/wp-json\/wp\/v2\/product"}],"about":[{"href":"https:\/\/www.formations-bien-etre.com\/es\/wp-json\/wp\/v2\/types\/product"}],"wp:featuredmedia":[{"embeddable":true,"href":"https:\/\/www.formations-bien-etre.com\/es\/wp-json\/wp\/v2\/media\/5762"}],"wp:attachment":[{"href":"https:\/\/www.formations-bien-etre.com\/es\/wp-json\/wp\/v2\/media?parent=7263"}],"wp:term":[{"taxonomy":"product_brand","embeddable":true,"href":"https:\/\/www.formations-bien-etre.com\/es\/wp-json\/wp\/v2\/product_brand?post=7263"},{"taxonomy":"product_cat","embeddable":true,"href":"https:\/\/www.formations-bien-etre.com\/es\/wp-json\/wp\/v2\/product_cat?post=7263"},{"taxonomy":"product_tag","embeddable":true,"href":"https:\/\/www.formations-bien-etre.com\/es\/wp-json\/wp\/v2\/product_tag?post=7263"}],"curies":[{"name":"wp","href":"https:\/\/api.w.org\/{rel}","templated":true}]}}