{"id":7278,"date":"2020-05-18T19:35:18","date_gmt":"2020-05-18T17:35:18","guid":{"rendered":"https:\/\/www.formations-bien-etre.com\/produit\/les-fleurs-de-bach-et-la-sophrologie\/"},"modified":"2023-08-06T22:22:00","modified_gmt":"2023-08-06T20:22:00","slug":"les-fleurs-de-bach-et-la-sophrologie","status":"publish","type":"product","link":"https:\/\/www.formations-bien-etre.com\/es\/produit\/les-fleurs-de-bach-et-la-sophrologie\/","title":{"rendered":"Flores de Bach y sofrolog\u00eda"},"content":{"rendered":"<p>Flores de Bach y sofrolog\u00eda<br \/>\nLa sofrolog\u00eda es una t\u00e9cnica curativa natural que armoniza el cuerpo, la mente y las emociones. Las Flores de Bach favorecen la armonizaci\u00f3n del estado emocional.<br \/>\nCombinados con la sofrolog\u00eda, pueden ayudarle a redescubrir su equilibrio y estabilidad mental, emocional y f\u00edsica, y a alcanzar una sensaci\u00f3n de bienestar a diario.<\/p>\n","protected":false},"excerpt":{"rendered":"<p>Las Flores de Bach ayudan a armonizar el estado emocional.<br \/>\nExiste un v\u00ednculo real y directo entre la sofrolog\u00eda y la utilizaci\u00f3n de las Flores de Bach.<\/p>\n<p>Ser\u00e1n un apoyo maravilloso para cualquier persona que haya emprendido un trabajo personal para mejorarse a s\u00ed misma.<\/p>\n","protected":false},"featured_media":5761,"template":"","meta":{"_acf_changed":false,"_exactmetrics_skip_tracking":false,"_exactmetrics_sitenote_active":false,"_exactmetrics_sitenote_note":"","_exactmetrics_sitenote_category":0},"product_brand":[],"product_cat":[355,362,360],"product_tag":[64,59,63,322,62,65,61,66,57,58],"class_list":{"0":"post-7278","1":"product","2":"type-product","3":"status-publish","4":"has-post-thumbnail","6":"product_cat-entrenamiento-de-bienestar","7":"product_cat-formations-de-sophrologie-es","8":"product_cat-modules-particuliers-complmentaires-sophrologie-es","9":"product_tag-angoisse","10":"product_tag-bienetre","11":"product_tag-fleurcebach","12":"product_tag-fleurs-de-bach","13":"product_tag-meditation","14":"product_tag-peur","15":"product_tag-relaxation","16":"product_tag-sommeil","17":"product_tag-sophrologie","18":"product_tag-stress","20":"first","21":"instock","22":"sale","23":"featured","24":"sold-individually","25":"taxable","26":"shipping-taxable","27":"purchasable","28":"product-type-variable"},"acf":[],"yoast_head":"<!-- This site is optimized with the Yoast SEO plugin v27.4 - https:\/\/yoast.com\/product\/yoast-seo-wordpress\/ -->\n<title>Flores de Bach y sofrolog\u00eda - Formation Sophrologie Massage \u00e0 distance<\/title>\n<meta name=\"description\" content=\"Les fleurs de Bach et la sophrologie en association, sont d&#039;un grand soutien vers le bien-\u00eatre. Les fleurs de Bach et la sophrologie avec Isabelle M\u00e9tais\" \/>\n<meta name=\"robots\" content=\"index, follow, max-snippet:-1, max-image-preview:large, max-video-preview:-1\" \/>\n<link rel=\"canonical\" href=\"https:\/\/www.formations-bien-etre.com\/es\/produit\/les-fleurs-de-bach-et-la-sophrologie\/\" \/>\n<meta property=\"og:locale\" content=\"es_ES\" \/>\n<meta property=\"og:type\" content=\"article\" \/>\n<meta property=\"og:title\" content=\"Les fleurs de Bach et la sophrologie\" \/>\n<meta property=\"og:description\" content=\"Le stress est un tueur silencieux. Le sondage OpinionWay montre qu\u2019aujourd&#039;hui 89 % des Fran\u00e7ais sont touch\u00e9s par le stress. La sophrologie est une m\u00e9thode redoutable pour en venir \u00e0 bout. Les fleurs de Bach sont un bon compl\u00e9ment pour soutenir le travail de fond de la sophrologie. https:\/\/www.formations-bien-etre.com\/formation-pour-tous\/modules-de-formation-aux-choix\/ isabellemetais.re@gmail.com - WhatzApp : 06 72 90 01 04\" \/>\n<meta property=\"og:url\" content=\"https:\/\/www.formations-bien-etre.com\/es\/produit\/les-fleurs-de-bach-et-la-sophrologie\/\" \/>\n<meta property=\"og:site_name\" content=\"Formation Sophrologie Massage \u00e0 distance\" \/>\n<meta property=\"article:modified_time\" content=\"2023-08-06T20:22:00+00:00\" \/>\n<meta property=\"og:image\" content=\"https:\/\/www.formations-bien-etre.com\/wp-content\/uploads\/2020\/05\/Les-fleurs-de-Bach-et-la-sophrologie.jpg\" \/>\n\t<meta property=\"og:image:width\" content=\"900\" \/>\n\t<meta property=\"og:image:height\" content=\"506\" \/>\n\t<meta property=\"og:image:type\" content=\"image\/jpeg\" \/>\n<meta name=\"twitter:card\" content=\"summary_large_image\" \/>\n<meta name=\"twitter:title\" content=\"Les fleurs de Bach et la sophrologie\" \/>\n<meta name=\"twitter:description\" content=\"Le stress est un tueur silencieux. Le sondage OpinionWay montre qu\u2019aujourd&#039;hui 89 % des Fran\u00e7ais sont touch\u00e9s par le stress. La sophrologie est une m\u00e9thode redoutable pour en venir \u00e0 bout. Les fleurs de Bach sont un bon compl\u00e9ment pour soutenir le travail de fond de la sophrologie. https:\/\/www.formations-bien-etre.com\/formation-pour-tous\/modules-de-formation-aux-choix\/ isabellemetais.re@gmail.com - WhatzApp : 06 72 90 01 04\" \/>\n<meta name=\"twitter:label1\" content=\"Tiempo de lectura\" \/>\n\t<meta name=\"twitter:data1\" content=\"1 minuto\" \/>\n<script type=\"application\/ld+json\" class=\"yoast-schema-graph\">{\"@context\":\"https:\\\/\\\/schema.org\",\"@graph\":[{\"@type\":\"WebPage\",\"@id\":\"https:\\\/\\\/www.formations-bien-etre.com\\\/es\\\/produit\\\/les-fleurs-de-bach-et-la-sophrologie\\\/\",\"url\":\"https:\\\/\\\/www.formations-bien-etre.com\\\/es\\\/produit\\\/les-fleurs-de-bach-et-la-sophrologie\\\/\",\"name\":\"Flores de Bach y sofrolog\u00eda - Formation Sophrologie Massage \u00e0 distance\",\"isPartOf\":{\"@id\":\"https:\\\/\\\/www.formations-bien-etre.com\\\/#website\"},\"primaryImageOfPage\":{\"@id\":\"https:\\\/\\\/www.formations-bien-etre.com\\\/es\\\/produit\\\/les-fleurs-de-bach-et-la-sophrologie\\\/#primaryimage\"},\"image\":{\"@id\":\"https:\\\/\\\/www.formations-bien-etre.com\\\/es\\\/produit\\\/les-fleurs-de-bach-et-la-sophrologie\\\/#primaryimage\"},\"thumbnailUrl\":\"https:\\\/\\\/www.formations-bien-etre.com\\\/wp-content\\\/uploads\\\/2020\\\/05\\\/Les-fleurs-de-Bach-et-la-sophrologie.jpg\",\"datePublished\":\"2020-05-18T17:35:18+00:00\",\"dateModified\":\"2023-08-06T20:22:00+00:00\",\"description\":\"Les fleurs de Bach et la sophrologie en association, sont d'un grand soutien vers le bien-\u00eatre. Les fleurs de Bach et la sophrologie avec Isabelle M\u00e9tais\",\"breadcrumb\":{\"@id\":\"https:\\\/\\\/www.formations-bien-etre.com\\\/es\\\/produit\\\/les-fleurs-de-bach-et-la-sophrologie\\\/#breadcrumb\"},\"inLanguage\":\"es\",\"potentialAction\":[{\"@type\":\"ReadAction\",\"target\":[\"https:\\\/\\\/www.formations-bien-etre.com\\\/es\\\/produit\\\/les-fleurs-de-bach-et-la-sophrologie\\\/\"]}]},{\"@type\":\"ImageObject\",\"inLanguage\":\"es\",\"@id\":\"https:\\\/\\\/www.formations-bien-etre.com\\\/es\\\/produit\\\/les-fleurs-de-bach-et-la-sophrologie\\\/#primaryimage\",\"url\":\"https:\\\/\\\/www.formations-bien-etre.com\\\/wp-content\\\/uploads\\\/2020\\\/05\\\/Les-fleurs-de-Bach-et-la-sophrologie.jpg\",\"contentUrl\":\"https:\\\/\\\/www.formations-bien-etre.com\\\/wp-content\\\/uploads\\\/2020\\\/05\\\/Les-fleurs-de-Bach-et-la-sophrologie.jpg\",\"width\":900,\"height\":506,\"caption\":\"Les fleurs de Bach et la sophrologie\"},{\"@type\":\"BreadcrumbList\",\"@id\":\"https:\\\/\\\/www.formations-bien-etre.com\\\/es\\\/produit\\\/les-fleurs-de-bach-et-la-sophrologie\\\/#breadcrumb\",\"itemListElement\":[{\"@type\":\"ListItem\",\"position\":1,\"name\":\"Home\",\"item\":\"https:\\\/\\\/www.formations-bien-etre.com\\\/es\\\/\"},{\"@type\":\"ListItem\",\"position\":2,\"name\":\"Boutique bien-\u00eatre\",\"item\":\"https:\\\/\\\/www.formations-bien-etre.com\\\/?page_id=566\"},{\"@type\":\"ListItem\",\"position\":3,\"name\":\"Flores de Bach y sofrolog\u00eda\"}]},{\"@type\":\"WebSite\",\"@id\":\"https:\\\/\\\/www.formations-bien-etre.com\\\/#website\",\"url\":\"https:\\\/\\\/www.formations-bien-etre.com\\\/\",\"name\":\"Formation Sophrologie Massage \u00e0 Distance\",\"description\":\"Institut de formation en sophrologie et en bien-\u00eatre\",\"potentialAction\":[{\"@type\":\"SearchAction\",\"target\":{\"@type\":\"EntryPoint\",\"urlTemplate\":\"https:\\\/\\\/www.formations-bien-etre.com\\\/?s={search_term_string}\"},\"query-input\":{\"@type\":\"PropertyValueSpecification\",\"valueRequired\":true,\"valueName\":\"search_term_string\"}}],\"inLanguage\":\"es\"}]}<\/script>\n<!-- \/ Yoast SEO plugin. -->","yoast_head_json":{"title":"Flores de Bach y sofrolog\u00eda - Formation Sophrologie Massage \u00e0 distance","description":"Les fleurs de Bach et la sophrologie en association, sont d'un grand soutien vers le bien-\u00eatre. Les fleurs de Bach et la sophrologie avec Isabelle M\u00e9tais","robots":{"index":"index","follow":"follow","max-snippet":"max-snippet:-1","max-image-preview":"max-image-preview:large","max-video-preview":"max-video-preview:-1"},"canonical":"https:\/\/www.formations-bien-etre.com\/es\/produit\/les-fleurs-de-bach-et-la-sophrologie\/","og_locale":"es_ES","og_type":"article","og_title":"Les fleurs de Bach et la sophrologie","og_description":"Le stress est un tueur silencieux. Le sondage OpinionWay montre qu\u2019aujourd'hui 89 % des Fran\u00e7ais sont touch\u00e9s par le stress. La sophrologie est une m\u00e9thode redoutable pour en venir \u00e0 bout. Les fleurs de Bach sont un bon compl\u00e9ment pour soutenir le travail de fond de la sophrologie. https:\/\/www.formations-bien-etre.com\/formation-pour-tous\/modules-de-formation-aux-choix\/ isabellemetais.re@gmail.com - WhatzApp : 06 72 90 01 04","og_url":"https:\/\/www.formations-bien-etre.com\/es\/produit\/les-fleurs-de-bach-et-la-sophrologie\/","og_site_name":"Formation Sophrologie Massage \u00e0 distance","article_modified_time":"2023-08-06T20:22:00+00:00","og_image":[{"width":900,"height":506,"url":"https:\/\/www.formations-bien-etre.com\/wp-content\/uploads\/2020\/05\/Les-fleurs-de-Bach-et-la-sophrologie.jpg","type":"image\/jpeg"}],"twitter_card":"summary_large_image","twitter_title":"Les fleurs de Bach et la sophrologie","twitter_description":"Le stress est un tueur silencieux. Le sondage OpinionWay montre qu\u2019aujourd'hui 89 % des Fran\u00e7ais sont touch\u00e9s par le stress. La sophrologie est une m\u00e9thode redoutable pour en venir \u00e0 bout. Les fleurs de Bach sont un bon compl\u00e9ment pour soutenir le travail de fond de la sophrologie. https:\/\/www.formations-bien-etre.com\/formation-pour-tous\/modules-de-formation-aux-choix\/ isabellemetais.re@gmail.com - WhatzApp : 06 72 90 01 04","twitter_misc":{"Tiempo de lectura":"1 minuto"},"schema":{"@context":"https:\/\/schema.org","@graph":[{"@type":"WebPage","@id":"https:\/\/www.formations-bien-etre.com\/es\/produit\/les-fleurs-de-bach-et-la-sophrologie\/","url":"https:\/\/www.formations-bien-etre.com\/es\/produit\/les-fleurs-de-bach-et-la-sophrologie\/","name":"Flores de Bach y sofrolog\u00eda - Formation Sophrologie Massage \u00e0 distance","isPartOf":{"@id":"https:\/\/www.formations-bien-etre.com\/#website"},"primaryImageOfPage":{"@id":"https:\/\/www.formations-bien-etre.com\/es\/produit\/les-fleurs-de-bach-et-la-sophrologie\/#primaryimage"},"image":{"@id":"https:\/\/www.formations-bien-etre.com\/es\/produit\/les-fleurs-de-bach-et-la-sophrologie\/#primaryimage"},"thumbnailUrl":"https:\/\/www.formations-bien-etre.com\/wp-content\/uploads\/2020\/05\/Les-fleurs-de-Bach-et-la-sophrologie.jpg","datePublished":"2020-05-18T17:35:18+00:00","dateModified":"2023-08-06T20:22:00+00:00","description":"Les fleurs de Bach et la sophrologie en association, sont d'un grand soutien vers le bien-\u00eatre. Les fleurs de Bach et la sophrologie avec Isabelle M\u00e9tais","breadcrumb":{"@id":"https:\/\/www.formations-bien-etre.com\/es\/produit\/les-fleurs-de-bach-et-la-sophrologie\/#breadcrumb"},"inLanguage":"es","potentialAction":[{"@type":"ReadAction","target":["https:\/\/www.formations-bien-etre.com\/es\/produit\/les-fleurs-de-bach-et-la-sophrologie\/"]}]},{"@type":"ImageObject","inLanguage":"es","@id":"https:\/\/www.formations-bien-etre.com\/es\/produit\/les-fleurs-de-bach-et-la-sophrologie\/#primaryimage","url":"https:\/\/www.formations-bien-etre.com\/wp-content\/uploads\/2020\/05\/Les-fleurs-de-Bach-et-la-sophrologie.jpg","contentUrl":"https:\/\/www.formations-bien-etre.com\/wp-content\/uploads\/2020\/05\/Les-fleurs-de-Bach-et-la-sophrologie.jpg","width":900,"height":506,"caption":"Les fleurs de Bach et la sophrologie"},{"@type":"BreadcrumbList","@id":"https:\/\/www.formations-bien-etre.com\/es\/produit\/les-fleurs-de-bach-et-la-sophrologie\/#breadcrumb","itemListElement":[{"@type":"ListItem","position":1,"name":"Home","item":"https:\/\/www.formations-bien-etre.com\/es\/"},{"@type":"ListItem","position":2,"name":"Boutique bien-\u00eatre","item":"https:\/\/www.formations-bien-etre.com\/?page_id=566"},{"@type":"ListItem","position":3,"name":"Flores de Bach y sofrolog\u00eda"}]},{"@type":"WebSite","@id":"https:\/\/www.formations-bien-etre.com\/#website","url":"https:\/\/www.formations-bien-etre.com\/","name":"Formation Sophrologie Massage \u00e0 Distance","description":"Institut de formation en sophrologie et en bien-\u00eatre","potentialAction":[{"@type":"SearchAction","target":{"@type":"EntryPoint","urlTemplate":"https:\/\/www.formations-bien-etre.com\/?s={search_term_string}"},"query-input":{"@type":"PropertyValueSpecification","valueRequired":true,"valueName":"search_term_string"}}],"inLanguage":"es"}]}},"_links":{"self":[{"href":"https:\/\/www.formations-bien-etre.com\/es\/wp-json\/wp\/v2\/product\/7278","targetHints":{"allow":["GET"]}}],"collection":[{"href":"https:\/\/www.formations-bien-etre.com\/es\/wp-json\/wp\/v2\/product"}],"about":[{"href":"https:\/\/www.formations-bien-etre.com\/es\/wp-json\/wp\/v2\/types\/product"}],"wp:featuredmedia":[{"embeddable":true,"href":"https:\/\/www.formations-bien-etre.com\/es\/wp-json\/wp\/v2\/media\/5761"}],"wp:attachment":[{"href":"https:\/\/www.formations-bien-etre.com\/es\/wp-json\/wp\/v2\/media?parent=7278"}],"wp:term":[{"taxonomy":"product_brand","embeddable":true,"href":"https:\/\/www.formations-bien-etre.com\/es\/wp-json\/wp\/v2\/product_brand?post=7278"},{"taxonomy":"product_cat","embeddable":true,"href":"https:\/\/www.formations-bien-etre.com\/es\/wp-json\/wp\/v2\/product_cat?post=7278"},{"taxonomy":"product_tag","embeddable":true,"href":"https:\/\/www.formations-bien-etre.com\/es\/wp-json\/wp\/v2\/product_tag?post=7278"}],"curies":[{"name":"wp","href":"https:\/\/api.w.org\/{rel}","templated":true}]}}