{"id":7281,"date":"2020-05-18T19:35:17","date_gmt":"2020-05-18T17:35:17","guid":{"rendered":"https:\/\/www.formations-bien-etre.com\/produit\/sophrologie-et-relaxation-pour-enfants\/"},"modified":"2023-08-06T23:02:31","modified_gmt":"2023-08-06T21:02:31","slug":"sophrologie-et-relaxation-pour-enfants","status":"publish","type":"product","link":"https:\/\/www.formations-bien-etre.com\/es\/produit\/sophrologie-et-relaxation-pour-enfants\/","title":{"rendered":"Sofrolog\u00eda y relajaci\u00f3n para ni\u00f1os"},"content":{"rendered":"<p>Nuestros hijos no se libran del estr\u00e9s.<br \/>\nNuestro propio estr\u00e9s afecta a nuestra relaci\u00f3n con ellos.<br \/>\nNuestra capacidad para apoyarlos y tranquilizarlos es a veces dif\u00edcil.<br \/>\nLa sofrolog\u00eda infantil puede ayudarnos.<\/p>\n","protected":false},"excerpt":{"rendered":"<p>El estr\u00e9s puede manifestarse en dificultades escolares y trastornos alimentarios. Tambi\u00e9n puede provocar problemas de sue\u00f1o, concentraci\u00f3n y memoria. Tambi\u00e9n puede provocar hiperactividad, agresividad, comportamientos violentos y ciertas enfermedades psicosom\u00e1ticas.<\/p>\n","protected":false},"featured_media":5635,"template":"","meta":{"_acf_changed":false,"_exactmetrics_skip_tracking":false,"_exactmetrics_sitenote_active":false,"_exactmetrics_sitenote_note":"","_exactmetrics_sitenote_category":0},"product_brand":[],"product_cat":[362,360],"product_tag":[64,59,68,82,77,78,60,147,148,62,65,61,76,57,146,144,145,58,75,86],"class_list":{"0":"post-7281","1":"product","2":"type-product","3":"status-publish","4":"has-post-thumbnail","6":"product_cat-formations-de-sophrologie-es","7":"product_cat-modules-particuliers-complmentaires-sophrologie-es","8":"product_tag-angoisse","9":"product_tag-bienetre","10":"product_tag-bienveillance","11":"product_tag-ecole-formation-massage","12":"product_tag-ecole-sophrologie","13":"product_tag-ecole-sophrologie-distance","14":"product_tag-formation","15":"product_tag-formation-sophrologie-enfants","16":"product_tag-formation-sophrologie-enfants-distance","17":"product_tag-meditation","18":"product_tag-peur","19":"product_tag-relaxation","20":"product_tag-seance-sophrologie","21":"product_tag-sophrologie","22":"product_tag-sophrologie-enfants","23":"product_tag-sophrologie-et-enfance","24":"product_tag-sophrologie-et-enfants","25":"product_tag-stress","26":"product_tag-tele-sophrologie","27":"product_tag-yoga","29":"first","30":"instock","31":"sale","32":"featured","33":"sold-individually","34":"taxable","35":"shipping-taxable","36":"purchasable","37":"product-type-variable"},"acf":[],"yoast_head":"<!-- This site is optimized with the Yoast SEO plugin v27.4 - https:\/\/yoast.com\/product\/yoast-seo-wordpress\/ -->\n<title>Sofrolog\u00eda y relajaci\u00f3n para ni\u00f1os - Formation Sophrologie Massage \u00e0 distance<\/title>\n<meta name=\"description\" content=\"La Sophrologie et relaxation enfants est d&#039;un grand secours contre le stress et les maux qui en d\u00e9coulent. Formation \u00e0 distance personnalis\u00e9e pour tous.\" \/>\n<meta name=\"robots\" content=\"index, follow, max-snippet:-1, max-image-preview:large, max-video-preview:-1\" \/>\n<link rel=\"canonical\" href=\"https:\/\/www.formations-bien-etre.com\/es\/produit\/sophrologie-et-relaxation-pour-enfants\/\" \/>\n<meta property=\"og:locale\" content=\"es_ES\" \/>\n<meta property=\"og:type\" content=\"article\" \/>\n<meta property=\"og:title\" content=\"Sofrolog\u00eda y relajaci\u00f3n para ni\u00f1os - Formation Sophrologie Massage \u00e0 distance\" \/>\n<meta property=\"og:description\" content=\"La Sophrologie et relaxation enfants est d&#039;un grand secours contre le stress et les maux qui en d\u00e9coulent. Formation \u00e0 distance personnalis\u00e9e pour tous.\" \/>\n<meta property=\"og:url\" content=\"https:\/\/www.formations-bien-etre.com\/es\/produit\/sophrologie-et-relaxation-pour-enfants\/\" \/>\n<meta property=\"og:site_name\" content=\"Formation Sophrologie Massage \u00e0 distance\" \/>\n<meta property=\"article:modified_time\" content=\"2023-08-06T21:02:31+00:00\" \/>\n<meta property=\"og:image\" content=\"https:\/\/www.formations-bien-etre.com\/wp-content\/uploads\/2020\/03\/AdobeStock_94971770-e1585496437327.jpg\" \/>\n\t<meta property=\"og:image:width\" content=\"624\" \/>\n\t<meta property=\"og:image:height\" content=\"892\" \/>\n\t<meta property=\"og:image:type\" content=\"image\/jpeg\" \/>\n<meta name=\"twitter:card\" content=\"summary_large_image\" \/>\n<meta name=\"twitter:label1\" content=\"Tiempo de lectura\" \/>\n\t<meta name=\"twitter:data1\" content=\"1 minuto\" \/>\n<script type=\"application\/ld+json\" class=\"yoast-schema-graph\">{\"@context\":\"https:\\\/\\\/schema.org\",\"@graph\":[{\"@type\":\"WebPage\",\"@id\":\"https:\\\/\\\/www.formations-bien-etre.com\\\/es\\\/produit\\\/sophrologie-et-relaxation-pour-enfants\\\/\",\"url\":\"https:\\\/\\\/www.formations-bien-etre.com\\\/es\\\/produit\\\/sophrologie-et-relaxation-pour-enfants\\\/\",\"name\":\"Sofrolog\u00eda y relajaci\u00f3n para ni\u00f1os - Formation Sophrologie Massage \u00e0 distance\",\"isPartOf\":{\"@id\":\"https:\\\/\\\/www.formations-bien-etre.com\\\/#website\"},\"primaryImageOfPage\":{\"@id\":\"https:\\\/\\\/www.formations-bien-etre.com\\\/es\\\/produit\\\/sophrologie-et-relaxation-pour-enfants\\\/#primaryimage\"},\"image\":{\"@id\":\"https:\\\/\\\/www.formations-bien-etre.com\\\/es\\\/produit\\\/sophrologie-et-relaxation-pour-enfants\\\/#primaryimage\"},\"thumbnailUrl\":\"https:\\\/\\\/www.formations-bien-etre.com\\\/wp-content\\\/uploads\\\/2020\\\/03\\\/AdobeStock_94971770-e1585496437327.jpg\",\"datePublished\":\"2020-05-18T17:35:17+00:00\",\"dateModified\":\"2023-08-06T21:02:31+00:00\",\"description\":\"La Sophrologie et relaxation enfants est d'un grand secours contre le stress et les maux qui en d\u00e9coulent. Formation \u00e0 distance personnalis\u00e9e pour tous.\",\"breadcrumb\":{\"@id\":\"https:\\\/\\\/www.formations-bien-etre.com\\\/es\\\/produit\\\/sophrologie-et-relaxation-pour-enfants\\\/#breadcrumb\"},\"inLanguage\":\"es\",\"potentialAction\":[{\"@type\":\"ReadAction\",\"target\":[\"https:\\\/\\\/www.formations-bien-etre.com\\\/es\\\/produit\\\/sophrologie-et-relaxation-pour-enfants\\\/\"]}]},{\"@type\":\"ImageObject\",\"inLanguage\":\"es\",\"@id\":\"https:\\\/\\\/www.formations-bien-etre.com\\\/es\\\/produit\\\/sophrologie-et-relaxation-pour-enfants\\\/#primaryimage\",\"url\":\"https:\\\/\\\/www.formations-bien-etre.com\\\/wp-content\\\/uploads\\\/2020\\\/03\\\/AdobeStock_94971770-e1585496437327.jpg\",\"contentUrl\":\"https:\\\/\\\/www.formations-bien-etre.com\\\/wp-content\\\/uploads\\\/2020\\\/03\\\/AdobeStock_94971770-e1585496437327.jpg\",\"width\":624,\"height\":892,\"caption\":\"Formation Sophrologie et relaxation enfants - distance\"},{\"@type\":\"BreadcrumbList\",\"@id\":\"https:\\\/\\\/www.formations-bien-etre.com\\\/es\\\/produit\\\/sophrologie-et-relaxation-pour-enfants\\\/#breadcrumb\",\"itemListElement\":[{\"@type\":\"ListItem\",\"position\":1,\"name\":\"Home\",\"item\":\"https:\\\/\\\/www.formations-bien-etre.com\\\/es\\\/\"},{\"@type\":\"ListItem\",\"position\":2,\"name\":\"Boutique bien-\u00eatre\",\"item\":\"https:\\\/\\\/www.formations-bien-etre.com\\\/?page_id=566\"},{\"@type\":\"ListItem\",\"position\":3,\"name\":\"Sofrolog\u00eda y relajaci\u00f3n para ni\u00f1os\"}]},{\"@type\":\"WebSite\",\"@id\":\"https:\\\/\\\/www.formations-bien-etre.com\\\/#website\",\"url\":\"https:\\\/\\\/www.formations-bien-etre.com\\\/\",\"name\":\"Formation Sophrologie Massage \u00e0 Distance\",\"description\":\"Institut de formation en sophrologie et en bien-\u00eatre\",\"potentialAction\":[{\"@type\":\"SearchAction\",\"target\":{\"@type\":\"EntryPoint\",\"urlTemplate\":\"https:\\\/\\\/www.formations-bien-etre.com\\\/?s={search_term_string}\"},\"query-input\":{\"@type\":\"PropertyValueSpecification\",\"valueRequired\":true,\"valueName\":\"search_term_string\"}}],\"inLanguage\":\"es\"}]}<\/script>\n<!-- \/ Yoast SEO plugin. -->","yoast_head_json":{"title":"Sofrolog\u00eda y relajaci\u00f3n para ni\u00f1os - Formation Sophrologie Massage \u00e0 distance","description":"La Sophrologie et relaxation enfants est d'un grand secours contre le stress et les maux qui en d\u00e9coulent. Formation \u00e0 distance personnalis\u00e9e pour tous.","robots":{"index":"index","follow":"follow","max-snippet":"max-snippet:-1","max-image-preview":"max-image-preview:large","max-video-preview":"max-video-preview:-1"},"canonical":"https:\/\/www.formations-bien-etre.com\/es\/produit\/sophrologie-et-relaxation-pour-enfants\/","og_locale":"es_ES","og_type":"article","og_title":"Sofrolog\u00eda y relajaci\u00f3n para ni\u00f1os - Formation Sophrologie Massage \u00e0 distance","og_description":"La Sophrologie et relaxation enfants est d'un grand secours contre le stress et les maux qui en d\u00e9coulent. Formation \u00e0 distance personnalis\u00e9e pour tous.","og_url":"https:\/\/www.formations-bien-etre.com\/es\/produit\/sophrologie-et-relaxation-pour-enfants\/","og_site_name":"Formation Sophrologie Massage \u00e0 distance","article_modified_time":"2023-08-06T21:02:31+00:00","og_image":[{"width":624,"height":892,"url":"https:\/\/www.formations-bien-etre.com\/wp-content\/uploads\/2020\/03\/AdobeStock_94971770-e1585496437327.jpg","type":"image\/jpeg"}],"twitter_card":"summary_large_image","twitter_misc":{"Tiempo de lectura":"1 minuto"},"schema":{"@context":"https:\/\/schema.org","@graph":[{"@type":"WebPage","@id":"https:\/\/www.formations-bien-etre.com\/es\/produit\/sophrologie-et-relaxation-pour-enfants\/","url":"https:\/\/www.formations-bien-etre.com\/es\/produit\/sophrologie-et-relaxation-pour-enfants\/","name":"Sofrolog\u00eda y relajaci\u00f3n para ni\u00f1os - Formation Sophrologie Massage \u00e0 distance","isPartOf":{"@id":"https:\/\/www.formations-bien-etre.com\/#website"},"primaryImageOfPage":{"@id":"https:\/\/www.formations-bien-etre.com\/es\/produit\/sophrologie-et-relaxation-pour-enfants\/#primaryimage"},"image":{"@id":"https:\/\/www.formations-bien-etre.com\/es\/produit\/sophrologie-et-relaxation-pour-enfants\/#primaryimage"},"thumbnailUrl":"https:\/\/www.formations-bien-etre.com\/wp-content\/uploads\/2020\/03\/AdobeStock_94971770-e1585496437327.jpg","datePublished":"2020-05-18T17:35:17+00:00","dateModified":"2023-08-06T21:02:31+00:00","description":"La Sophrologie et relaxation enfants est d'un grand secours contre le stress et les maux qui en d\u00e9coulent. Formation \u00e0 distance personnalis\u00e9e pour tous.","breadcrumb":{"@id":"https:\/\/www.formations-bien-etre.com\/es\/produit\/sophrologie-et-relaxation-pour-enfants\/#breadcrumb"},"inLanguage":"es","potentialAction":[{"@type":"ReadAction","target":["https:\/\/www.formations-bien-etre.com\/es\/produit\/sophrologie-et-relaxation-pour-enfants\/"]}]},{"@type":"ImageObject","inLanguage":"es","@id":"https:\/\/www.formations-bien-etre.com\/es\/produit\/sophrologie-et-relaxation-pour-enfants\/#primaryimage","url":"https:\/\/www.formations-bien-etre.com\/wp-content\/uploads\/2020\/03\/AdobeStock_94971770-e1585496437327.jpg","contentUrl":"https:\/\/www.formations-bien-etre.com\/wp-content\/uploads\/2020\/03\/AdobeStock_94971770-e1585496437327.jpg","width":624,"height":892,"caption":"Formation Sophrologie et relaxation enfants - distance"},{"@type":"BreadcrumbList","@id":"https:\/\/www.formations-bien-etre.com\/es\/produit\/sophrologie-et-relaxation-pour-enfants\/#breadcrumb","itemListElement":[{"@type":"ListItem","position":1,"name":"Home","item":"https:\/\/www.formations-bien-etre.com\/es\/"},{"@type":"ListItem","position":2,"name":"Boutique bien-\u00eatre","item":"https:\/\/www.formations-bien-etre.com\/?page_id=566"},{"@type":"ListItem","position":3,"name":"Sofrolog\u00eda y relajaci\u00f3n para ni\u00f1os"}]},{"@type":"WebSite","@id":"https:\/\/www.formations-bien-etre.com\/#website","url":"https:\/\/www.formations-bien-etre.com\/","name":"Formation Sophrologie Massage \u00e0 Distance","description":"Institut de formation en sophrologie et en bien-\u00eatre","potentialAction":[{"@type":"SearchAction","target":{"@type":"EntryPoint","urlTemplate":"https:\/\/www.formations-bien-etre.com\/?s={search_term_string}"},"query-input":{"@type":"PropertyValueSpecification","valueRequired":true,"valueName":"search_term_string"}}],"inLanguage":"es"}]}},"_links":{"self":[{"href":"https:\/\/www.formations-bien-etre.com\/es\/wp-json\/wp\/v2\/product\/7281","targetHints":{"allow":["GET"]}}],"collection":[{"href":"https:\/\/www.formations-bien-etre.com\/es\/wp-json\/wp\/v2\/product"}],"about":[{"href":"https:\/\/www.formations-bien-etre.com\/es\/wp-json\/wp\/v2\/types\/product"}],"wp:featuredmedia":[{"embeddable":true,"href":"https:\/\/www.formations-bien-etre.com\/es\/wp-json\/wp\/v2\/media\/5635"}],"wp:attachment":[{"href":"https:\/\/www.formations-bien-etre.com\/es\/wp-json\/wp\/v2\/media?parent=7281"}],"wp:term":[{"taxonomy":"product_brand","embeddable":true,"href":"https:\/\/www.formations-bien-etre.com\/es\/wp-json\/wp\/v2\/product_brand?post=7281"},{"taxonomy":"product_cat","embeddable":true,"href":"https:\/\/www.formations-bien-etre.com\/es\/wp-json\/wp\/v2\/product_cat?post=7281"},{"taxonomy":"product_tag","embeddable":true,"href":"https:\/\/www.formations-bien-etre.com\/es\/wp-json\/wp\/v2\/product_tag?post=7281"}],"curies":[{"name":"wp","href":"https:\/\/api.w.org\/{rel}","templated":true}]}}