{"id":7300,"date":"2020-05-18T19:30:13","date_gmt":"2020-05-18T17:30:13","guid":{"rendered":"https:\/\/www.formations-bien-etre.com\/produit\/soin-massage-du-ventre-udarabhynga\/"},"modified":"2023-08-08T00:32:07","modified_gmt":"2023-08-07T22:32:07","slug":"soin-massage-du-ventre-udarabhynga","status":"publish","type":"product","link":"https:\/\/www.formations-bien-etre.com\/es\/produit\/soin-massage-du-ventre-udarabhynga\/","title":{"rendered":"TRATAMIENTO DE MASAJE DE VENTILACI\u00d3N Udarabhynga"},"content":{"rendered":"<p style=\"text-align: center\">Masaje ventral desintoxicante Udar&#8217;abhynga.<br \/>\nUn masaje m\u00e1gico para liberar el cuerpo y la mente.<br \/>\nSede de nuestras emociones, el abdomen alberga numerosos \u00f3rganos vitales.<br \/>\nFormado por cientos de millones de neuronas conectadas en las paredes de nuestro tubo digestivo, el abdomen alberga nuestro segundo cerebro. Cuando va mal, nuestro cuerpo y nuestra mente tambi\u00e9n sufren.<\/p>\n","protected":false},"excerpt":{"rendered":"<p><em>Un masaje muy suave para liberar el cuerpo y la mente. Sensaciones suaves y profundas.<\/em><\/p>\n","protected":false},"featured_media":5666,"template":"","meta":{"_acf_changed":false,"_exactmetrics_skip_tracking":false,"_exactmetrics_sitenote_active":false,"_exactmetrics_sitenote_note":"","_exactmetrics_sitenote_category":0},"product_brand":[],"product_cat":[355,363],"product_tag":[180,181,59,179,82,77,78,182,183,62,178,75],"class_list":{"0":"post-7300","1":"product","2":"type-product","3":"status-publish","4":"has-post-thumbnail","6":"product_cat-entrenamiento-de-bienestar","7":"product_cat-les-modules-de-formations-soins-bien-etre-es","8":"product_tag-ayurveda","9":"product_tag-ayurvedique","10":"product_tag-bienetre","11":"product_tag-detox-udarabhynga","12":"product_tag-ecole-formation-massage","13":"product_tag-ecole-sophrologie","14":"product_tag-ecole-sophrologie-distance","15":"product_tag-massage-bien-etre","16":"product_tag-massage-ventre","17":"product_tag-meditation","18":"product_tag-soin-massage-du-ventre","19":"product_tag-tele-sophrologie","21":"first","22":"instock","23":"sale","24":"featured","25":"sold-individually","26":"purchasable","27":"product-type-variable"},"acf":[],"yoast_head":"<!-- This site is optimized with the Yoast SEO plugin v27.4 - https:\/\/yoast.com\/product\/yoast-seo-wordpress\/ -->\n<title>TRATAMIENTO DE MASAJE DE VENTILACI\u00d3N Udarabhynga - Formation Sophrologie Massage \u00e0 distance<\/title>\n<meta name=\"description\" content=\"Soin-Massage du ventre \u2013 D\u00e9tox Udar\u2019abhynga. Un soin massage qui sort de l\u2019ordinaire. Un massage magique pour lib\u00e9rer le corps et l\u2019esprit. Isabelle M\u00e9tais\" \/>\n<meta name=\"robots\" content=\"index, follow, max-snippet:-1, max-image-preview:large, max-video-preview:-1\" \/>\n<link rel=\"canonical\" href=\"https:\/\/www.formations-bien-etre.com\/es\/produit\/soin-massage-du-ventre-udarabhynga\/\" \/>\n<meta property=\"og:locale\" content=\"es_ES\" \/>\n<meta property=\"og:type\" content=\"article\" \/>\n<meta property=\"og:title\" content=\"Stress : nos angoisses d\u00e9r\u00e8glent nos intestins\" \/>\n<meta property=\"og:description\" content=\"Si\u00e8ge de nos \u00e9motions, l\u2019abdomen, abrite de nombreux organes vitaux que le stress rend vuln\u00e9rables. Soin-Massage du ventre \u2013 D\u00e9tox Udar\u2019abhynga Un soin massage qui sort de l\u2019ordinaire. Un massage magique pour lib\u00e9rer le corps et l\u2019esprit Pour tous !\" \/>\n<meta property=\"og:url\" content=\"https:\/\/www.formations-bien-etre.com\/es\/produit\/soin-massage-du-ventre-udarabhynga\/\" \/>\n<meta property=\"og:site_name\" content=\"Formation Sophrologie Massage \u00e0 distance\" \/>\n<meta property=\"article:modified_time\" content=\"2023-08-07T22:32:07+00:00\" \/>\n<meta property=\"og:image\" content=\"https:\/\/www.formations-bien-etre.com\/wp-content\/uploads\/2020\/03\/AdobeStock_40913486-min.jpg\" \/>\n\t<meta property=\"og:image:width\" content=\"1920\" \/>\n\t<meta property=\"og:image:height\" content=\"1440\" \/>\n\t<meta property=\"og:image:type\" content=\"image\/jpeg\" \/>\n<meta name=\"twitter:card\" content=\"summary_large_image\" \/>\n<meta name=\"twitter:title\" content=\"Stress : nos angoisses d\u00e9r\u00e8glent nos intestins\" \/>\n<meta name=\"twitter:description\" content=\"Si\u00e8ge de nos \u00e9motions, l\u2019abdomen, abrite de nombreux organes vitaux que le stress rend vuln\u00e9rables. Soin-Massage du ventre \u2013 D\u00e9tox Udar\u2019abhynga Un soin massage qui sort de l\u2019ordinaire. Un massage magique pour lib\u00e9rer le corps et l\u2019esprit Pour tous !\" \/>\n<meta name=\"twitter:label1\" content=\"Tiempo de lectura\" \/>\n\t<meta name=\"twitter:data1\" content=\"1 minuto\" \/>\n<script type=\"application\/ld+json\" class=\"yoast-schema-graph\">{\"@context\":\"https:\\\/\\\/schema.org\",\"@graph\":[{\"@type\":\"WebPage\",\"@id\":\"https:\\\/\\\/www.formations-bien-etre.com\\\/es\\\/produit\\\/soin-massage-du-ventre-udarabhynga\\\/\",\"url\":\"https:\\\/\\\/www.formations-bien-etre.com\\\/es\\\/produit\\\/soin-massage-du-ventre-udarabhynga\\\/\",\"name\":\"TRATAMIENTO DE MASAJE DE VENTILACI\u00d3N Udarabhynga - Formation Sophrologie Massage \u00e0 distance\",\"isPartOf\":{\"@id\":\"https:\\\/\\\/www.formations-bien-etre.com\\\/#website\"},\"primaryImageOfPage\":{\"@id\":\"https:\\\/\\\/www.formations-bien-etre.com\\\/es\\\/produit\\\/soin-massage-du-ventre-udarabhynga\\\/#primaryimage\"},\"image\":{\"@id\":\"https:\\\/\\\/www.formations-bien-etre.com\\\/es\\\/produit\\\/soin-massage-du-ventre-udarabhynga\\\/#primaryimage\"},\"thumbnailUrl\":\"https:\\\/\\\/www.formations-bien-etre.com\\\/wp-content\\\/uploads\\\/2020\\\/03\\\/AdobeStock_40913486-min.jpg\",\"datePublished\":\"2020-05-18T17:30:13+00:00\",\"dateModified\":\"2023-08-07T22:32:07+00:00\",\"description\":\"Soin-Massage du ventre \u2013 D\u00e9tox Udar\u2019abhynga. Un soin massage qui sort de l\u2019ordinaire. Un massage magique pour lib\u00e9rer le corps et l\u2019esprit. Isabelle M\u00e9tais\",\"breadcrumb\":{\"@id\":\"https:\\\/\\\/www.formations-bien-etre.com\\\/es\\\/produit\\\/soin-massage-du-ventre-udarabhynga\\\/#breadcrumb\"},\"inLanguage\":\"es\",\"potentialAction\":[{\"@type\":\"ReadAction\",\"target\":[\"https:\\\/\\\/www.formations-bien-etre.com\\\/es\\\/produit\\\/soin-massage-du-ventre-udarabhynga\\\/\"]}]},{\"@type\":\"ImageObject\",\"inLanguage\":\"es\",\"@id\":\"https:\\\/\\\/www.formations-bien-etre.com\\\/es\\\/produit\\\/soin-massage-du-ventre-udarabhynga\\\/#primaryimage\",\"url\":\"https:\\\/\\\/www.formations-bien-etre.com\\\/wp-content\\\/uploads\\\/2020\\\/03\\\/AdobeStock_40913486-min.jpg\",\"contentUrl\":\"https:\\\/\\\/www.formations-bien-etre.com\\\/wp-content\\\/uploads\\\/2020\\\/03\\\/AdobeStock_40913486-min.jpg\",\"width\":1920,\"height\":1440,\"caption\":\"Formation massage du ventre d\u00e9tox de bien-\u00eatre \u00e0 distance Vend\u00e9e Ain r\u00e9gion Rh\u00f4ne Alpes r\u00e9gion Parisienne\"},{\"@type\":\"BreadcrumbList\",\"@id\":\"https:\\\/\\\/www.formations-bien-etre.com\\\/es\\\/produit\\\/soin-massage-du-ventre-udarabhynga\\\/#breadcrumb\",\"itemListElement\":[{\"@type\":\"ListItem\",\"position\":1,\"name\":\"Home\",\"item\":\"https:\\\/\\\/www.formations-bien-etre.com\\\/es\\\/\"},{\"@type\":\"ListItem\",\"position\":2,\"name\":\"Boutique bien-\u00eatre\",\"item\":\"https:\\\/\\\/www.formations-bien-etre.com\\\/?page_id=566\"},{\"@type\":\"ListItem\",\"position\":3,\"name\":\"TRATAMIENTO DE MASAJE DE VENTILACI\u00d3N Udarabhynga\"}]},{\"@type\":\"WebSite\",\"@id\":\"https:\\\/\\\/www.formations-bien-etre.com\\\/#website\",\"url\":\"https:\\\/\\\/www.formations-bien-etre.com\\\/\",\"name\":\"Formation Sophrologie Massage \u00e0 Distance\",\"description\":\"Institut de formation en sophrologie et en bien-\u00eatre\",\"potentialAction\":[{\"@type\":\"SearchAction\",\"target\":{\"@type\":\"EntryPoint\",\"urlTemplate\":\"https:\\\/\\\/www.formations-bien-etre.com\\\/?s={search_term_string}\"},\"query-input\":{\"@type\":\"PropertyValueSpecification\",\"valueRequired\":true,\"valueName\":\"search_term_string\"}}],\"inLanguage\":\"es\"}]}<\/script>\n<!-- \/ Yoast SEO plugin. -->","yoast_head_json":{"title":"TRATAMIENTO DE MASAJE DE VENTILACI\u00d3N Udarabhynga - Formation Sophrologie Massage \u00e0 distance","description":"Soin-Massage du ventre \u2013 D\u00e9tox Udar\u2019abhynga. Un soin massage qui sort de l\u2019ordinaire. Un massage magique pour lib\u00e9rer le corps et l\u2019esprit. Isabelle M\u00e9tais","robots":{"index":"index","follow":"follow","max-snippet":"max-snippet:-1","max-image-preview":"max-image-preview:large","max-video-preview":"max-video-preview:-1"},"canonical":"https:\/\/www.formations-bien-etre.com\/es\/produit\/soin-massage-du-ventre-udarabhynga\/","og_locale":"es_ES","og_type":"article","og_title":"Stress : nos angoisses d\u00e9r\u00e8glent nos intestins","og_description":"Si\u00e8ge de nos \u00e9motions, l\u2019abdomen, abrite de nombreux organes vitaux que le stress rend vuln\u00e9rables. Soin-Massage du ventre \u2013 D\u00e9tox Udar\u2019abhynga Un soin massage qui sort de l\u2019ordinaire. Un massage magique pour lib\u00e9rer le corps et l\u2019esprit Pour tous !","og_url":"https:\/\/www.formations-bien-etre.com\/es\/produit\/soin-massage-du-ventre-udarabhynga\/","og_site_name":"Formation Sophrologie Massage \u00e0 distance","article_modified_time":"2023-08-07T22:32:07+00:00","og_image":[{"width":1920,"height":1440,"url":"https:\/\/www.formations-bien-etre.com\/wp-content\/uploads\/2020\/03\/AdobeStock_40913486-min.jpg","type":"image\/jpeg"}],"twitter_card":"summary_large_image","twitter_title":"Stress : nos angoisses d\u00e9r\u00e8glent nos intestins","twitter_description":"Si\u00e8ge de nos \u00e9motions, l\u2019abdomen, abrite de nombreux organes vitaux que le stress rend vuln\u00e9rables. Soin-Massage du ventre \u2013 D\u00e9tox Udar\u2019abhynga Un soin massage qui sort de l\u2019ordinaire. Un massage magique pour lib\u00e9rer le corps et l\u2019esprit Pour tous !","twitter_misc":{"Tiempo de lectura":"1 minuto"},"schema":{"@context":"https:\/\/schema.org","@graph":[{"@type":"WebPage","@id":"https:\/\/www.formations-bien-etre.com\/es\/produit\/soin-massage-du-ventre-udarabhynga\/","url":"https:\/\/www.formations-bien-etre.com\/es\/produit\/soin-massage-du-ventre-udarabhynga\/","name":"TRATAMIENTO DE MASAJE DE VENTILACI\u00d3N Udarabhynga - Formation Sophrologie Massage \u00e0 distance","isPartOf":{"@id":"https:\/\/www.formations-bien-etre.com\/#website"},"primaryImageOfPage":{"@id":"https:\/\/www.formations-bien-etre.com\/es\/produit\/soin-massage-du-ventre-udarabhynga\/#primaryimage"},"image":{"@id":"https:\/\/www.formations-bien-etre.com\/es\/produit\/soin-massage-du-ventre-udarabhynga\/#primaryimage"},"thumbnailUrl":"https:\/\/www.formations-bien-etre.com\/wp-content\/uploads\/2020\/03\/AdobeStock_40913486-min.jpg","datePublished":"2020-05-18T17:30:13+00:00","dateModified":"2023-08-07T22:32:07+00:00","description":"Soin-Massage du ventre \u2013 D\u00e9tox Udar\u2019abhynga. Un soin massage qui sort de l\u2019ordinaire. Un massage magique pour lib\u00e9rer le corps et l\u2019esprit. Isabelle M\u00e9tais","breadcrumb":{"@id":"https:\/\/www.formations-bien-etre.com\/es\/produit\/soin-massage-du-ventre-udarabhynga\/#breadcrumb"},"inLanguage":"es","potentialAction":[{"@type":"ReadAction","target":["https:\/\/www.formations-bien-etre.com\/es\/produit\/soin-massage-du-ventre-udarabhynga\/"]}]},{"@type":"ImageObject","inLanguage":"es","@id":"https:\/\/www.formations-bien-etre.com\/es\/produit\/soin-massage-du-ventre-udarabhynga\/#primaryimage","url":"https:\/\/www.formations-bien-etre.com\/wp-content\/uploads\/2020\/03\/AdobeStock_40913486-min.jpg","contentUrl":"https:\/\/www.formations-bien-etre.com\/wp-content\/uploads\/2020\/03\/AdobeStock_40913486-min.jpg","width":1920,"height":1440,"caption":"Formation massage du ventre d\u00e9tox de bien-\u00eatre \u00e0 distance Vend\u00e9e Ain r\u00e9gion Rh\u00f4ne Alpes r\u00e9gion Parisienne"},{"@type":"BreadcrumbList","@id":"https:\/\/www.formations-bien-etre.com\/es\/produit\/soin-massage-du-ventre-udarabhynga\/#breadcrumb","itemListElement":[{"@type":"ListItem","position":1,"name":"Home","item":"https:\/\/www.formations-bien-etre.com\/es\/"},{"@type":"ListItem","position":2,"name":"Boutique bien-\u00eatre","item":"https:\/\/www.formations-bien-etre.com\/?page_id=566"},{"@type":"ListItem","position":3,"name":"TRATAMIENTO DE MASAJE DE VENTILACI\u00d3N Udarabhynga"}]},{"@type":"WebSite","@id":"https:\/\/www.formations-bien-etre.com\/#website","url":"https:\/\/www.formations-bien-etre.com\/","name":"Formation Sophrologie Massage \u00e0 Distance","description":"Institut de formation en sophrologie et en bien-\u00eatre","potentialAction":[{"@type":"SearchAction","target":{"@type":"EntryPoint","urlTemplate":"https:\/\/www.formations-bien-etre.com\/?s={search_term_string}"},"query-input":{"@type":"PropertyValueSpecification","valueRequired":true,"valueName":"search_term_string"}}],"inLanguage":"es"}]}},"_links":{"self":[{"href":"https:\/\/www.formations-bien-etre.com\/es\/wp-json\/wp\/v2\/product\/7300","targetHints":{"allow":["GET"]}}],"collection":[{"href":"https:\/\/www.formations-bien-etre.com\/es\/wp-json\/wp\/v2\/product"}],"about":[{"href":"https:\/\/www.formations-bien-etre.com\/es\/wp-json\/wp\/v2\/types\/product"}],"wp:featuredmedia":[{"embeddable":true,"href":"https:\/\/www.formations-bien-etre.com\/es\/wp-json\/wp\/v2\/media\/5666"}],"wp:attachment":[{"href":"https:\/\/www.formations-bien-etre.com\/es\/wp-json\/wp\/v2\/media?parent=7300"}],"wp:term":[{"taxonomy":"product_brand","embeddable":true,"href":"https:\/\/www.formations-bien-etre.com\/es\/wp-json\/wp\/v2\/product_brand?post=7300"},{"taxonomy":"product_cat","embeddable":true,"href":"https:\/\/www.formations-bien-etre.com\/es\/wp-json\/wp\/v2\/product_cat?post=7300"},{"taxonomy":"product_tag","embeddable":true,"href":"https:\/\/www.formations-bien-etre.com\/es\/wp-json\/wp\/v2\/product_tag?post=7300"}],"curies":[{"name":"wp","href":"https:\/\/api.w.org\/{rel}","templated":true}]}}