{"id":7312,"date":"2020-05-18T19:30:12","date_gmt":"2020-05-18T17:30:12","guid":{"rendered":"https:\/\/www.formations-bien-etre.com\/produit\/diapasons-reflexologie-par-le-son\/"},"modified":"2023-08-09T16:09:55","modified_gmt":"2023-08-09T14:09:55","slug":"diapasons-reflexologie-par-le-son","status":"publish","type":"product","link":"https:\/\/www.formations-bien-etre.com\/es\/produit\/diapasons-reflexologie-par-le-son\/","title":{"rendered":"DIAPASONES-Reflexolog\u00eda sonora"},"content":{"rendered":"<p style=\"text-align: center\"><strong>Una sencilla metodolog\u00eda hol\u00edstica y vibratoria para una eficacia potente e inmediata. Armonizaci\u00f3n y autocuraci\u00f3n a trav\u00e9s del sonido.<br \/>\nEsta t\u00e9cnica puede utilizarse junto con otros tratamientos de bienestar.<\/strong><\/p>\n","protected":false},"excerpt":{"rendered":"<p style=\"text-align: center\">Il n\u2019est pas n\u00e9cessaire d\u2019avoir des connaissances pr\u00e9alables en musique. <strong>Accessible \u00e0 tous.<\/strong><\/p>\n<p style=\"text-align: center\"><a href=\"https:\/\/youtu.be\/mFZmgJRJbys\"><img loading=\"lazy\" decoding=\"async\" class=\"alignnone wp-image-3576 aligncenter\" src=\"https:\/\/www.formations-bien-etre.com\/wp-content\/uploads\/2020\/07\/Extrait-film-massage-300x170.jpg\" alt=\"\" width=\"180\" height=\"102\" srcset=\"https:\/\/www.formations-bien-etre.com\/wp-content\/uploads\/2020\/07\/Extrait-film-massage-300x170.jpg 300w, https:\/\/www.formations-bien-etre.com\/wp-content\/uploads\/2020\/07\/Extrait-film-massage-768x434.jpg 768w, https:\/\/www.formations-bien-etre.com\/wp-content\/uploads\/2020\/07\/Extrait-film-massage.jpg 812w\" sizes=\"auto, (max-width: 180px) 100vw, 180px\" \/><br \/>\nToutes les formations massages et soins bien-\u00eatre sont film\u00e9es.<\/a><\/p>\n","protected":false},"featured_media":5681,"template":"","meta":{"_acf_changed":false,"_exactmetrics_skip_tracking":false,"_exactmetrics_sitenote_active":false,"_exactmetrics_sitenote_note":"","_exactmetrics_sitenote_category":0},"product_brand":[],"product_cat":[355,363],"product_tag":[64,188,59,68,193,191,192,82,77,78,186,187,62,189,195,196,61,76,194,190,75,184,185,86],"class_list":{"0":"post-7312","1":"product","2":"type-product","3":"status-publish","4":"has-post-thumbnail","6":"product_cat-entrenamiento-de-bienestar","7":"product_cat-les-modules-de-formations-soins-bien-etre-es","8":"product_tag-angoisse","9":"product_tag-auto-guerison","10":"product_tag-bienetre","11":"product_tag-bienveillance","12":"product_tag-chakras-et-diapason","13":"product_tag-diapasons","14":"product_tag-diapasons-chakkras","15":"product_tag-ecole-formation-massage","16":"product_tag-ecole-sophrologie","17":"product_tag-ecole-sophrologie-distance","18":"product_tag-efficacite-puissante-et-immediate","19":"product_tag-harmonisation","20":"product_tag-meditation","21":"product_tag-par-le-sons","22":"product_tag-reflexologie","23":"product_tag-reflexologie-par-le-son","24":"product_tag-relaxation","25":"product_tag-seance-sophrologie","26":"product_tag-soin-diapason","27":"product_tag-soins-bien-etre","28":"product_tag-tele-sophrologie","29":"product_tag-une-methodologie-holistique","30":"product_tag-vibratoire-simple","31":"product_tag-yoga","33":"first","34":"instock","35":"sale","36":"featured","37":"sold-individually","38":"taxable","39":"shipping-taxable","40":"purchasable","41":"product-type-variable"},"acf":[],"yoast_head":"<!-- This site is optimized with the Yoast SEO plugin v27.4 - https:\/\/yoast.com\/product\/yoast-seo-wordpress\/ -->\n<title>DIAPASONES-Reflexolog\u00eda sonora - Formation Sophrologie Massage \u00e0 distance<\/title>\n<meta name=\"description\" content=\"DIAPASONS-r\u00e9flexologie par le son. Harmonisation et auto-gu\u00e9rison par le sons. Une m\u00e9thodologie vibratoire simple pour une efficacit\u00e9 puissante et imm\u00e9diate\" \/>\n<meta name=\"robots\" content=\"index, follow, max-snippet:-1, max-image-preview:large, max-video-preview:-1\" \/>\n<link rel=\"canonical\" href=\"https:\/\/www.formations-bien-etre.com\/es\/produit\/diapasons-reflexologie-par-le-son\/\" \/>\n<meta property=\"og:locale\" content=\"es_ES\" \/>\n<meta property=\"og:type\" content=\"article\" \/>\n<meta property=\"og:title\" content=\"Une m\u00e9thodologie vibratoire simple pour une efficacit\u00e9 puissante et imm\u00e9diate\" \/>\n<meta property=\"og:description\" content=\"DIAPASONS-r\u00e9flexologie par le son. Harmonisation et auto-gu\u00e9rison par le sons. Cette technique peut se pratiquer en compl\u00e9ment d\u2019autres m\u00e9thodes de soins bien-\u00eatre.\" \/>\n<meta property=\"og:url\" content=\"https:\/\/www.formations-bien-etre.com\/es\/produit\/diapasons-reflexologie-par-le-son\/\" \/>\n<meta property=\"og:site_name\" content=\"Formation Sophrologie Massage \u00e0 distance\" \/>\n<meta property=\"article:modified_time\" content=\"2023-08-09T14:09:55+00:00\" \/>\n<meta property=\"og:image\" content=\"https:\/\/www.formations-bien-etre.com\/wp-content\/uploads\/2020\/03\/AdobeStock_207741666-min.jpg\" \/>\n\t<meta property=\"og:image:width\" content=\"1919\" \/>\n\t<meta property=\"og:image:height\" content=\"1281\" \/>\n\t<meta property=\"og:image:type\" content=\"image\/jpeg\" \/>\n<meta name=\"twitter:card\" content=\"summary_large_image\" \/>\n<meta name=\"twitter:title\" content=\"Une m\u00e9thodologie vibratoire simple pour une efficacit\u00e9 puissante et imm\u00e9diate\" \/>\n<meta name=\"twitter:description\" content=\"DIAPASONS-r\u00e9flexologie par le son. Harmonisation et auto-gu\u00e9rison par le sons. Cette technique peut se pratiquer en compl\u00e9ment d\u2019autres m\u00e9thodes de soins bien-\u00eatre.\" \/>\n<meta name=\"twitter:label1\" content=\"Tiempo de lectura\" \/>\n\t<meta name=\"twitter:data1\" content=\"1 minuto\" \/>\n<script type=\"application\/ld+json\" class=\"yoast-schema-graph\">{\"@context\":\"https:\\\/\\\/schema.org\",\"@graph\":[{\"@type\":\"WebPage\",\"@id\":\"https:\\\/\\\/www.formations-bien-etre.com\\\/es\\\/produit\\\/diapasons-reflexologie-par-le-son\\\/\",\"url\":\"https:\\\/\\\/www.formations-bien-etre.com\\\/es\\\/produit\\\/diapasons-reflexologie-par-le-son\\\/\",\"name\":\"DIAPASONES-Reflexolog\u00eda sonora - Formation Sophrologie Massage \u00e0 distance\",\"isPartOf\":{\"@id\":\"https:\\\/\\\/www.formations-bien-etre.com\\\/#website\"},\"primaryImageOfPage\":{\"@id\":\"https:\\\/\\\/www.formations-bien-etre.com\\\/es\\\/produit\\\/diapasons-reflexologie-par-le-son\\\/#primaryimage\"},\"image\":{\"@id\":\"https:\\\/\\\/www.formations-bien-etre.com\\\/es\\\/produit\\\/diapasons-reflexologie-par-le-son\\\/#primaryimage\"},\"thumbnailUrl\":\"https:\\\/\\\/www.formations-bien-etre.com\\\/wp-content\\\/uploads\\\/2020\\\/03\\\/AdobeStock_207741666-min.jpg\",\"datePublished\":\"2020-05-18T17:30:12+00:00\",\"dateModified\":\"2023-08-09T14:09:55+00:00\",\"description\":\"DIAPASONS-r\u00e9flexologie par le son. Harmonisation et auto-gu\u00e9rison par le sons. Une m\u00e9thodologie vibratoire simple pour une efficacit\u00e9 puissante et imm\u00e9diate\",\"breadcrumb\":{\"@id\":\"https:\\\/\\\/www.formations-bien-etre.com\\\/es\\\/produit\\\/diapasons-reflexologie-par-le-son\\\/#breadcrumb\"},\"inLanguage\":\"es\",\"potentialAction\":[{\"@type\":\"ReadAction\",\"target\":[\"https:\\\/\\\/www.formations-bien-etre.com\\\/es\\\/produit\\\/diapasons-reflexologie-par-le-son\\\/\"]}]},{\"@type\":\"ImageObject\",\"inLanguage\":\"es\",\"@id\":\"https:\\\/\\\/www.formations-bien-etre.com\\\/es\\\/produit\\\/diapasons-reflexologie-par-le-son\\\/#primaryimage\",\"url\":\"https:\\\/\\\/www.formations-bien-etre.com\\\/wp-content\\\/uploads\\\/2020\\\/03\\\/AdobeStock_207741666-min.jpg\",\"contentUrl\":\"https:\\\/\\\/www.formations-bien-etre.com\\\/wp-content\\\/uploads\\\/2020\\\/03\\\/AdobeStock_207741666-min.jpg\",\"width\":1919,\"height\":1281,\"caption\":\"Formation diapasons sonoth\u00e9rapie vibration son \u00e0 distance Vend\u00e9e Ain r\u00e9gion Rh\u00f4ne Alpes r\u00e9gion Parisienne\"},{\"@type\":\"BreadcrumbList\",\"@id\":\"https:\\\/\\\/www.formations-bien-etre.com\\\/es\\\/produit\\\/diapasons-reflexologie-par-le-son\\\/#breadcrumb\",\"itemListElement\":[{\"@type\":\"ListItem\",\"position\":1,\"name\":\"Home\",\"item\":\"https:\\\/\\\/www.formations-bien-etre.com\\\/es\\\/\"},{\"@type\":\"ListItem\",\"position\":2,\"name\":\"Boutique bien-\u00eatre\",\"item\":\"https:\\\/\\\/www.formations-bien-etre.com\\\/?page_id=566\"},{\"@type\":\"ListItem\",\"position\":3,\"name\":\"DIAPASONES-Reflexolog\u00eda sonora\"}]},{\"@type\":\"WebSite\",\"@id\":\"https:\\\/\\\/www.formations-bien-etre.com\\\/#website\",\"url\":\"https:\\\/\\\/www.formations-bien-etre.com\\\/\",\"name\":\"Formation Sophrologie Massage \u00e0 Distance\",\"description\":\"Institut de formation en sophrologie et en bien-\u00eatre\",\"potentialAction\":[{\"@type\":\"SearchAction\",\"target\":{\"@type\":\"EntryPoint\",\"urlTemplate\":\"https:\\\/\\\/www.formations-bien-etre.com\\\/?s={search_term_string}\"},\"query-input\":{\"@type\":\"PropertyValueSpecification\",\"valueRequired\":true,\"valueName\":\"search_term_string\"}}],\"inLanguage\":\"es\"}]}<\/script>\n<!-- \/ Yoast SEO plugin. -->","yoast_head_json":{"title":"DIAPASONES-Reflexolog\u00eda sonora - Formation Sophrologie Massage \u00e0 distance","description":"DIAPASONS-r\u00e9flexologie par le son. Harmonisation et auto-gu\u00e9rison par le sons. Une m\u00e9thodologie vibratoire simple pour une efficacit\u00e9 puissante et imm\u00e9diate","robots":{"index":"index","follow":"follow","max-snippet":"max-snippet:-1","max-image-preview":"max-image-preview:large","max-video-preview":"max-video-preview:-1"},"canonical":"https:\/\/www.formations-bien-etre.com\/es\/produit\/diapasons-reflexologie-par-le-son\/","og_locale":"es_ES","og_type":"article","og_title":"Une m\u00e9thodologie vibratoire simple pour une efficacit\u00e9 puissante et imm\u00e9diate","og_description":"DIAPASONS-r\u00e9flexologie par le son. Harmonisation et auto-gu\u00e9rison par le sons. Cette technique peut se pratiquer en compl\u00e9ment d\u2019autres m\u00e9thodes de soins bien-\u00eatre.","og_url":"https:\/\/www.formations-bien-etre.com\/es\/produit\/diapasons-reflexologie-par-le-son\/","og_site_name":"Formation Sophrologie Massage \u00e0 distance","article_modified_time":"2023-08-09T14:09:55+00:00","og_image":[{"width":1919,"height":1281,"url":"https:\/\/www.formations-bien-etre.com\/wp-content\/uploads\/2020\/03\/AdobeStock_207741666-min.jpg","type":"image\/jpeg"}],"twitter_card":"summary_large_image","twitter_title":"Une m\u00e9thodologie vibratoire simple pour une efficacit\u00e9 puissante et imm\u00e9diate","twitter_description":"DIAPASONS-r\u00e9flexologie par le son. Harmonisation et auto-gu\u00e9rison par le sons. Cette technique peut se pratiquer en compl\u00e9ment d\u2019autres m\u00e9thodes de soins bien-\u00eatre.","twitter_misc":{"Tiempo de lectura":"1 minuto"},"schema":{"@context":"https:\/\/schema.org","@graph":[{"@type":"WebPage","@id":"https:\/\/www.formations-bien-etre.com\/es\/produit\/diapasons-reflexologie-par-le-son\/","url":"https:\/\/www.formations-bien-etre.com\/es\/produit\/diapasons-reflexologie-par-le-son\/","name":"DIAPASONES-Reflexolog\u00eda sonora - Formation Sophrologie Massage \u00e0 distance","isPartOf":{"@id":"https:\/\/www.formations-bien-etre.com\/#website"},"primaryImageOfPage":{"@id":"https:\/\/www.formations-bien-etre.com\/es\/produit\/diapasons-reflexologie-par-le-son\/#primaryimage"},"image":{"@id":"https:\/\/www.formations-bien-etre.com\/es\/produit\/diapasons-reflexologie-par-le-son\/#primaryimage"},"thumbnailUrl":"https:\/\/www.formations-bien-etre.com\/wp-content\/uploads\/2020\/03\/AdobeStock_207741666-min.jpg","datePublished":"2020-05-18T17:30:12+00:00","dateModified":"2023-08-09T14:09:55+00:00","description":"DIAPASONS-r\u00e9flexologie par le son. Harmonisation et auto-gu\u00e9rison par le sons. Une m\u00e9thodologie vibratoire simple pour une efficacit\u00e9 puissante et imm\u00e9diate","breadcrumb":{"@id":"https:\/\/www.formations-bien-etre.com\/es\/produit\/diapasons-reflexologie-par-le-son\/#breadcrumb"},"inLanguage":"es","potentialAction":[{"@type":"ReadAction","target":["https:\/\/www.formations-bien-etre.com\/es\/produit\/diapasons-reflexologie-par-le-son\/"]}]},{"@type":"ImageObject","inLanguage":"es","@id":"https:\/\/www.formations-bien-etre.com\/es\/produit\/diapasons-reflexologie-par-le-son\/#primaryimage","url":"https:\/\/www.formations-bien-etre.com\/wp-content\/uploads\/2020\/03\/AdobeStock_207741666-min.jpg","contentUrl":"https:\/\/www.formations-bien-etre.com\/wp-content\/uploads\/2020\/03\/AdobeStock_207741666-min.jpg","width":1919,"height":1281,"caption":"Formation diapasons sonoth\u00e9rapie vibration son \u00e0 distance Vend\u00e9e Ain r\u00e9gion Rh\u00f4ne Alpes r\u00e9gion Parisienne"},{"@type":"BreadcrumbList","@id":"https:\/\/www.formations-bien-etre.com\/es\/produit\/diapasons-reflexologie-par-le-son\/#breadcrumb","itemListElement":[{"@type":"ListItem","position":1,"name":"Home","item":"https:\/\/www.formations-bien-etre.com\/es\/"},{"@type":"ListItem","position":2,"name":"Boutique bien-\u00eatre","item":"https:\/\/www.formations-bien-etre.com\/?page_id=566"},{"@type":"ListItem","position":3,"name":"DIAPASONES-Reflexolog\u00eda sonora"}]},{"@type":"WebSite","@id":"https:\/\/www.formations-bien-etre.com\/#website","url":"https:\/\/www.formations-bien-etre.com\/","name":"Formation Sophrologie Massage \u00e0 Distance","description":"Institut de formation en sophrologie et en bien-\u00eatre","potentialAction":[{"@type":"SearchAction","target":{"@type":"EntryPoint","urlTemplate":"https:\/\/www.formations-bien-etre.com\/?s={search_term_string}"},"query-input":{"@type":"PropertyValueSpecification","valueRequired":true,"valueName":"search_term_string"}}],"inLanguage":"es"}]}},"_links":{"self":[{"href":"https:\/\/www.formations-bien-etre.com\/es\/wp-json\/wp\/v2\/product\/7312","targetHints":{"allow":["GET"]}}],"collection":[{"href":"https:\/\/www.formations-bien-etre.com\/es\/wp-json\/wp\/v2\/product"}],"about":[{"href":"https:\/\/www.formations-bien-etre.com\/es\/wp-json\/wp\/v2\/types\/product"}],"wp:featuredmedia":[{"embeddable":true,"href":"https:\/\/www.formations-bien-etre.com\/es\/wp-json\/wp\/v2\/media\/5681"}],"wp:attachment":[{"href":"https:\/\/www.formations-bien-etre.com\/es\/wp-json\/wp\/v2\/media?parent=7312"}],"wp:term":[{"taxonomy":"product_brand","embeddable":true,"href":"https:\/\/www.formations-bien-etre.com\/es\/wp-json\/wp\/v2\/product_brand?post=7312"},{"taxonomy":"product_cat","embeddable":true,"href":"https:\/\/www.formations-bien-etre.com\/es\/wp-json\/wp\/v2\/product_cat?post=7312"},{"taxonomy":"product_tag","embeddable":true,"href":"https:\/\/www.formations-bien-etre.com\/es\/wp-json\/wp\/v2\/product_tag?post=7312"}],"curies":[{"name":"wp","href":"https:\/\/api.w.org\/{rel}","templated":true}]}}