{"id":7313,"date":"2020-05-18T19:30:12","date_gmt":"2020-05-18T17:30:12","guid":{"rendered":"https:\/\/www.formations-bien-etre.com\/produit\/moxibustion-familiale\/"},"modified":"2023-08-09T16:30:29","modified_gmt":"2023-08-09T14:30:29","slug":"moxibustion-familiale","status":"publish","type":"product","link":"https:\/\/www.formations-bien-etre.com\/es\/produit\/moxibustion-familiale\/","title":{"rendered":"Familia moxibusti\u00f3n"},"content":{"rendered":"<p>Introducci\u00f3n a la moxibusti\u00f3n familiar.<br \/>\nLa moxibusti\u00f3n tiene un efecto curativo \u00fanico.<br \/>\nAlivia el dolor simplemente calentando los puntos de acupuntura.<br \/>\nLa medicina china dice: \u00abCuando la medicina no llega, cuando la aguja no alcanza, hay que utilizar la moxibusti\u00f3n\u00bb.<\/p>\n<p style=\"text-align: center\"><a href=\"https:\/\/youtu.be\/mFZmgJRJbys\"><img loading=\"lazy\" decoding=\"async\" class=\"alignnone wp-image-3576 aligncenter\" src=\"https:\/\/www.formations-bien-etre.com\/wp-content\/uploads\/2020\/07\/Extrait-film-massage-300x170.jpg\" alt=\"\" width=\"180\" height=\"102\" srcset=\"https:\/\/www.formations-bien-etre.com\/wp-content\/uploads\/2020\/07\/Extrait-film-massage-300x170.jpg 300w, https:\/\/www.formations-bien-etre.com\/wp-content\/uploads\/2020\/07\/Extrait-film-massage-768x434.jpg 768w, https:\/\/www.formations-bien-etre.com\/wp-content\/uploads\/2020\/07\/Extrait-film-massage.jpg 812w\" sizes=\"auto, (max-width: 180px) 100vw, 180px\" \/><br \/>\nToutes les formations massages et soins bien-\u00eatre sont film\u00e9es.<\/a><\/p>\n","protected":false},"excerpt":{"rendered":"<p>La moxibusti\u00f3n es una sencilla t\u00e9cnica ancestral derivada de la medicina china. Tambi\u00e9n es un m\u00e9todo de tratamiento natural considerado como una excelente medicina familiar, accesible a todos.<\/p>\n","protected":false},"featured_media":5705,"template":"","meta":{"_acf_changed":false,"_exactmetrics_skip_tracking":false,"_exactmetrics_sitenote_active":false,"_exactmetrics_sitenote_note":"","_exactmetrics_sitenote_category":0},"product_brand":[],"product_cat":[355,363],"product_tag":[64,59,68,82,77,78,60,211,62,212,65,213,205,61,76,57,58,75,86],"class_list":{"0":"post-7313","1":"product","2":"type-product","3":"status-publish","4":"has-post-thumbnail","6":"product_cat-entrenamiento-de-bienestar","7":"product_cat-les-modules-de-formations-soins-bien-etre-es","8":"product_tag-angoisse","9":"product_tag-bienetre","10":"product_tag-bienveillance","11":"product_tag-ecole-formation-massage","12":"product_tag-ecole-sophrologie","13":"product_tag-ecole-sophrologie-distance","14":"product_tag-formation","15":"product_tag-medecine-chinoise","16":"product_tag-meditation","17":"product_tag-mtc","18":"product_tag-peur","19":"product_tag-points-dacuponcture","20":"product_tag-reiki","21":"product_tag-relaxation","22":"product_tag-seance-sophrologie","23":"product_tag-sophrologie","24":"product_tag-stress","25":"product_tag-tele-sophrologie","26":"product_tag-yoga","28":"first","29":"instock","30":"sale","31":"featured","32":"sold-individually","33":"taxable","34":"shipping-taxable","35":"purchasable","36":"product-type-variable"},"acf":[],"yoast_head":"<!-- This site is optimized with the Yoast SEO plugin v27.4 - https:\/\/yoast.com\/product\/yoast-seo-wordpress\/ -->\n<title>Familia moxibusti\u00f3n - Formation Sophrologie Massage \u00e0 distance<\/title>\n<meta name=\"description\" content=\"Soulagez les douleurs par simple \u00e9chauffement de points d\u2019acupuncture. La m\u00e9decine chinoise dit : Si le m\u00e9dicament n&#039;y peut rien, on utilise la moxibustion.\" \/>\n<meta name=\"robots\" content=\"index, follow, max-snippet:-1, max-image-preview:large, max-video-preview:-1\" \/>\n<link rel=\"canonical\" href=\"https:\/\/www.formations-bien-etre.com\/es\/produit\/moxibustion-familiale\/\" \/>\n<meta property=\"og:locale\" content=\"es_ES\" \/>\n<meta property=\"og:type\" content=\"article\" \/>\n<meta property=\"og:title\" content=\"Soulagez les douleurs par simple \u00e9chauffement de points d\u2019acupuncture.\" \/>\n<meta property=\"og:description\" content=\"La m\u00e9decine chinoise dit \u00e0 son sujet : \u00ab Lorsque le m\u00e9dicament ne peut pas atteindre, l\u2019aiguille ne peut pas parvenir, on doit utiliser la moxibustion. \u00bb\" \/>\n<meta property=\"og:url\" content=\"https:\/\/www.formations-bien-etre.com\/es\/produit\/moxibustion-familiale\/\" \/>\n<meta property=\"og:site_name\" content=\"Formation Sophrologie Massage \u00e0 distance\" \/>\n<meta property=\"article:modified_time\" content=\"2023-08-09T14:30:29+00:00\" \/>\n<meta property=\"og:image\" content=\"https:\/\/www.formations-bien-etre.com\/wp-content\/uploads\/2020\/04\/Moxa-Armoise-initiation-moxibustion-familiale-Lyon-Bourg-en-Bresse-Macon-Meillonnas.jpg\" \/>\n\t<meta property=\"og:image:width\" content=\"290\" \/>\n\t<meta property=\"og:image:height\" content=\"398\" \/>\n\t<meta property=\"og:image:type\" content=\"image\/jpeg\" \/>\n<meta name=\"twitter:card\" content=\"summary_large_image\" \/>\n<meta name=\"twitter:title\" content=\"Soulagez les douleurs par simple \u00e9chauffement de points d\u2019acupuncture.\" \/>\n<meta name=\"twitter:description\" content=\"La m\u00e9decine chinoise dit \u00e0 son sujet : \u00ab Lorsque le m\u00e9dicament ne peut pas atteindre, l\u2019aiguille ne peut pas parvenir, on doit utiliser la moxibustion. \u00bb\" \/>\n<meta name=\"twitter:label1\" content=\"Tiempo de lectura\" \/>\n\t<meta name=\"twitter:data1\" content=\"1 minuto\" \/>\n<script type=\"application\/ld+json\" class=\"yoast-schema-graph\">{\"@context\":\"https:\\\/\\\/schema.org\",\"@graph\":[{\"@type\":\"WebPage\",\"@id\":\"https:\\\/\\\/www.formations-bien-etre.com\\\/es\\\/produit\\\/moxibustion-familiale\\\/\",\"url\":\"https:\\\/\\\/www.formations-bien-etre.com\\\/es\\\/produit\\\/moxibustion-familiale\\\/\",\"name\":\"Familia moxibusti\u00f3n - Formation Sophrologie Massage \u00e0 distance\",\"isPartOf\":{\"@id\":\"https:\\\/\\\/www.formations-bien-etre.com\\\/#website\"},\"primaryImageOfPage\":{\"@id\":\"https:\\\/\\\/www.formations-bien-etre.com\\\/es\\\/produit\\\/moxibustion-familiale\\\/#primaryimage\"},\"image\":{\"@id\":\"https:\\\/\\\/www.formations-bien-etre.com\\\/es\\\/produit\\\/moxibustion-familiale\\\/#primaryimage\"},\"thumbnailUrl\":\"https:\\\/\\\/www.formations-bien-etre.com\\\/wp-content\\\/uploads\\\/2020\\\/04\\\/Moxa-Armoise-initiation-moxibustion-familiale-Lyon-Bourg-en-Bresse-Macon-Meillonnas.jpg\",\"datePublished\":\"2020-05-18T17:30:12+00:00\",\"dateModified\":\"2023-08-09T14:30:29+00:00\",\"description\":\"Soulagez les douleurs par simple \u00e9chauffement de points d\u2019acupuncture. La m\u00e9decine chinoise dit : Si le m\u00e9dicament n'y peut rien, on utilise la moxibustion.\",\"breadcrumb\":{\"@id\":\"https:\\\/\\\/www.formations-bien-etre.com\\\/es\\\/produit\\\/moxibustion-familiale\\\/#breadcrumb\"},\"inLanguage\":\"es\",\"potentialAction\":[{\"@type\":\"ReadAction\",\"target\":[\"https:\\\/\\\/www.formations-bien-etre.com\\\/es\\\/produit\\\/moxibustion-familiale\\\/\"]}]},{\"@type\":\"ImageObject\",\"inLanguage\":\"es\",\"@id\":\"https:\\\/\\\/www.formations-bien-etre.com\\\/es\\\/produit\\\/moxibustion-familiale\\\/#primaryimage\",\"url\":\"https:\\\/\\\/www.formations-bien-etre.com\\\/wp-content\\\/uploads\\\/2020\\\/04\\\/Moxa-Armoise-initiation-moxibustion-familiale-Lyon-Bourg-en-Bresse-Macon-Meillonnas.jpg\",\"contentUrl\":\"https:\\\/\\\/www.formations-bien-etre.com\\\/wp-content\\\/uploads\\\/2020\\\/04\\\/Moxa-Armoise-initiation-moxibustion-familiale-Lyon-Bourg-en-Bresse-Macon-Meillonnas.jpg\",\"width\":290,\"height\":398,\"caption\":\"Formation moxibustion-familiale \u00e0 distance Vend\u00e9e Ain r\u00e9gion Rh\u00f4ne Alpes r\u00e9gion Parisienne\"},{\"@type\":\"BreadcrumbList\",\"@id\":\"https:\\\/\\\/www.formations-bien-etre.com\\\/es\\\/produit\\\/moxibustion-familiale\\\/#breadcrumb\",\"itemListElement\":[{\"@type\":\"ListItem\",\"position\":1,\"name\":\"Home\",\"item\":\"https:\\\/\\\/www.formations-bien-etre.com\\\/es\\\/\"},{\"@type\":\"ListItem\",\"position\":2,\"name\":\"Boutique bien-\u00eatre\",\"item\":\"https:\\\/\\\/www.formations-bien-etre.com\\\/?page_id=566\"},{\"@type\":\"ListItem\",\"position\":3,\"name\":\"Familia moxibusti\u00f3n\"}]},{\"@type\":\"WebSite\",\"@id\":\"https:\\\/\\\/www.formations-bien-etre.com\\\/#website\",\"url\":\"https:\\\/\\\/www.formations-bien-etre.com\\\/\",\"name\":\"Formation Sophrologie Massage \u00e0 Distance\",\"description\":\"Institut de formation en sophrologie et en bien-\u00eatre\",\"potentialAction\":[{\"@type\":\"SearchAction\",\"target\":{\"@type\":\"EntryPoint\",\"urlTemplate\":\"https:\\\/\\\/www.formations-bien-etre.com\\\/?s={search_term_string}\"},\"query-input\":{\"@type\":\"PropertyValueSpecification\",\"valueRequired\":true,\"valueName\":\"search_term_string\"}}],\"inLanguage\":\"es\"}]}<\/script>\n<!-- \/ Yoast SEO plugin. -->","yoast_head_json":{"title":"Familia moxibusti\u00f3n - Formation Sophrologie Massage \u00e0 distance","description":"Soulagez les douleurs par simple \u00e9chauffement de points d\u2019acupuncture. La m\u00e9decine chinoise dit : Si le m\u00e9dicament n'y peut rien, on utilise la moxibustion.","robots":{"index":"index","follow":"follow","max-snippet":"max-snippet:-1","max-image-preview":"max-image-preview:large","max-video-preview":"max-video-preview:-1"},"canonical":"https:\/\/www.formations-bien-etre.com\/es\/produit\/moxibustion-familiale\/","og_locale":"es_ES","og_type":"article","og_title":"Soulagez les douleurs par simple \u00e9chauffement de points d\u2019acupuncture.","og_description":"La m\u00e9decine chinoise dit \u00e0 son sujet : \u00ab Lorsque le m\u00e9dicament ne peut pas atteindre, l\u2019aiguille ne peut pas parvenir, on doit utiliser la moxibustion. \u00bb","og_url":"https:\/\/www.formations-bien-etre.com\/es\/produit\/moxibustion-familiale\/","og_site_name":"Formation Sophrologie Massage \u00e0 distance","article_modified_time":"2023-08-09T14:30:29+00:00","og_image":[{"width":290,"height":398,"url":"https:\/\/www.formations-bien-etre.com\/wp-content\/uploads\/2020\/04\/Moxa-Armoise-initiation-moxibustion-familiale-Lyon-Bourg-en-Bresse-Macon-Meillonnas.jpg","type":"image\/jpeg"}],"twitter_card":"summary_large_image","twitter_title":"Soulagez les douleurs par simple \u00e9chauffement de points d\u2019acupuncture.","twitter_description":"La m\u00e9decine chinoise dit \u00e0 son sujet : \u00ab Lorsque le m\u00e9dicament ne peut pas atteindre, l\u2019aiguille ne peut pas parvenir, on doit utiliser la moxibustion. \u00bb","twitter_misc":{"Tiempo de lectura":"1 minuto"},"schema":{"@context":"https:\/\/schema.org","@graph":[{"@type":"WebPage","@id":"https:\/\/www.formations-bien-etre.com\/es\/produit\/moxibustion-familiale\/","url":"https:\/\/www.formations-bien-etre.com\/es\/produit\/moxibustion-familiale\/","name":"Familia moxibusti\u00f3n - Formation Sophrologie Massage \u00e0 distance","isPartOf":{"@id":"https:\/\/www.formations-bien-etre.com\/#website"},"primaryImageOfPage":{"@id":"https:\/\/www.formations-bien-etre.com\/es\/produit\/moxibustion-familiale\/#primaryimage"},"image":{"@id":"https:\/\/www.formations-bien-etre.com\/es\/produit\/moxibustion-familiale\/#primaryimage"},"thumbnailUrl":"https:\/\/www.formations-bien-etre.com\/wp-content\/uploads\/2020\/04\/Moxa-Armoise-initiation-moxibustion-familiale-Lyon-Bourg-en-Bresse-Macon-Meillonnas.jpg","datePublished":"2020-05-18T17:30:12+00:00","dateModified":"2023-08-09T14:30:29+00:00","description":"Soulagez les douleurs par simple \u00e9chauffement de points d\u2019acupuncture. La m\u00e9decine chinoise dit : Si le m\u00e9dicament n'y peut rien, on utilise la moxibustion.","breadcrumb":{"@id":"https:\/\/www.formations-bien-etre.com\/es\/produit\/moxibustion-familiale\/#breadcrumb"},"inLanguage":"es","potentialAction":[{"@type":"ReadAction","target":["https:\/\/www.formations-bien-etre.com\/es\/produit\/moxibustion-familiale\/"]}]},{"@type":"ImageObject","inLanguage":"es","@id":"https:\/\/www.formations-bien-etre.com\/es\/produit\/moxibustion-familiale\/#primaryimage","url":"https:\/\/www.formations-bien-etre.com\/wp-content\/uploads\/2020\/04\/Moxa-Armoise-initiation-moxibustion-familiale-Lyon-Bourg-en-Bresse-Macon-Meillonnas.jpg","contentUrl":"https:\/\/www.formations-bien-etre.com\/wp-content\/uploads\/2020\/04\/Moxa-Armoise-initiation-moxibustion-familiale-Lyon-Bourg-en-Bresse-Macon-Meillonnas.jpg","width":290,"height":398,"caption":"Formation moxibustion-familiale \u00e0 distance Vend\u00e9e Ain r\u00e9gion Rh\u00f4ne Alpes r\u00e9gion Parisienne"},{"@type":"BreadcrumbList","@id":"https:\/\/www.formations-bien-etre.com\/es\/produit\/moxibustion-familiale\/#breadcrumb","itemListElement":[{"@type":"ListItem","position":1,"name":"Home","item":"https:\/\/www.formations-bien-etre.com\/es\/"},{"@type":"ListItem","position":2,"name":"Boutique bien-\u00eatre","item":"https:\/\/www.formations-bien-etre.com\/?page_id=566"},{"@type":"ListItem","position":3,"name":"Familia moxibusti\u00f3n"}]},{"@type":"WebSite","@id":"https:\/\/www.formations-bien-etre.com\/#website","url":"https:\/\/www.formations-bien-etre.com\/","name":"Formation Sophrologie Massage \u00e0 Distance","description":"Institut de formation en sophrologie et en bien-\u00eatre","potentialAction":[{"@type":"SearchAction","target":{"@type":"EntryPoint","urlTemplate":"https:\/\/www.formations-bien-etre.com\/?s={search_term_string}"},"query-input":{"@type":"PropertyValueSpecification","valueRequired":true,"valueName":"search_term_string"}}],"inLanguage":"es"}]}},"_links":{"self":[{"href":"https:\/\/www.formations-bien-etre.com\/es\/wp-json\/wp\/v2\/product\/7313","targetHints":{"allow":["GET"]}}],"collection":[{"href":"https:\/\/www.formations-bien-etre.com\/es\/wp-json\/wp\/v2\/product"}],"about":[{"href":"https:\/\/www.formations-bien-etre.com\/es\/wp-json\/wp\/v2\/types\/product"}],"wp:featuredmedia":[{"embeddable":true,"href":"https:\/\/www.formations-bien-etre.com\/es\/wp-json\/wp\/v2\/media\/5705"}],"wp:attachment":[{"href":"https:\/\/www.formations-bien-etre.com\/es\/wp-json\/wp\/v2\/media?parent=7313"}],"wp:term":[{"taxonomy":"product_brand","embeddable":true,"href":"https:\/\/www.formations-bien-etre.com\/es\/wp-json\/wp\/v2\/product_brand?post=7313"},{"taxonomy":"product_cat","embeddable":true,"href":"https:\/\/www.formations-bien-etre.com\/es\/wp-json\/wp\/v2\/product_cat?post=7313"},{"taxonomy":"product_tag","embeddable":true,"href":"https:\/\/www.formations-bien-etre.com\/es\/wp-json\/wp\/v2\/product_tag?post=7313"}],"curies":[{"name":"wp","href":"https:\/\/api.w.org\/{rel}","templated":true}]}}