{"id":7314,"date":"2020-05-18T19:30:12","date_gmt":"2020-05-18T17:30:12","guid":{"rendered":"https:\/\/www.formations-bien-etre.com\/produit\/reflexologie-amerindienne\/"},"modified":"2023-08-09T16:45:43","modified_gmt":"2023-08-09T14:45:43","slug":"reflexologie-amerindienne","status":"publish","type":"product","link":"https:\/\/www.formations-bien-etre.com\/es\/produit\/reflexologie-amerindienne\/","title":{"rendered":"REFLEXOLOG\u00cdA AMERINDIA"},"content":{"rendered":"<p align=\"CENTER\">Un reequilibrio, una polarizaci\u00f3n, una evasi\u00f3n, \u00a1un soplo de energ\u00eda!<br \/>\nComo medida preventiva para estar en sinton\u00eda con uno mismo o como tratamiento, para acompa\u00f1ar un periodo intenso o dif\u00edcil, para apoyar el cambio.<\/p>\n","protected":false},"excerpt":{"rendered":"<p><strong>Es un viaje suave e introspectivo, una caricia, un momento de relajaci\u00f3n profunda y \u00fanica.<\/strong><\/p>\n<p style=\"text-align: center\"><a href=\"https:\/\/youtu.be\/mFZmgJRJbys\"><img loading=\"lazy\" decoding=\"async\" class=\"alignnone wp-image-3576 aligncenter\" src=\"https:\/\/www.formations-bien-etre.com\/wp-content\/uploads\/2020\/07\/Extrait-film-massage-300x170.jpg\" alt=\"\" width=\"180\" height=\"102\" srcset=\"https:\/\/www.formations-bien-etre.com\/wp-content\/uploads\/2020\/07\/Extrait-film-massage-300x170.jpg 300w, https:\/\/www.formations-bien-etre.com\/wp-content\/uploads\/2020\/07\/Extrait-film-massage-768x434.jpg 768w, https:\/\/www.formations-bien-etre.com\/wp-content\/uploads\/2020\/07\/Extrait-film-massage.jpg 812w\" sizes=\"auto, (max-width: 180px) 100vw, 180px\" \/><br \/>\nToutes les formations massages et soins bien-\u00eatre sont film\u00e9es.<\/a><\/p>\n","protected":false},"featured_media":5706,"template":"","meta":{"_acf_changed":false,"_exactmetrics_skip_tracking":false,"_exactmetrics_sitenote_active":false,"_exactmetrics_sitenote_note":"","_exactmetrics_sitenote_category":0},"product_brand":[],"product_cat":[355,363],"product_tag":[210,203,64,59,68,82,77,78,72,60,204,62,65,202,205,61,76,57,58,75,206,209,208,207,86],"class_list":{"0":"post-7314","1":"product","2":"type-product","3":"status-publish","4":"has-post-thumbnail","6":"product_cat-entrenamiento-de-bienestar","7":"product_cat-les-modules-de-formations-soins-bien-etre-es","8":"product_tag-accompagner-une-periode-intense-ou-difficile","9":"product_tag-ameriendiens","10":"product_tag-angoisse","11":"product_tag-bienetre","12":"product_tag-bienveillance","13":"product_tag-ecole-formation-massage","14":"product_tag-ecole-sophrologie","15":"product_tag-ecole-sophrologie-distance","16":"product_tag-ecoute-active","17":"product_tag-formation","18":"product_tag-indiens-damerique","19":"product_tag-meditation","20":"product_tag-peur","21":"product_tag-reflexologie-amerindienne","22":"product_tag-reiki","23":"product_tag-relaxation","24":"product_tag-seance-sophrologie","25":"product_tag-sophrologie","26":"product_tag-stress","27":"product_tag-tele-sophrologie","28":"product_tag-un-reequilibrage","29":"product_tag-une-bouffee-denergie-pour-rester-en-accord-avec-soi-meme","30":"product_tag-une-evasion","31":"product_tag-une-polarisation","32":"product_tag-yoga","34":"first","35":"instock","36":"sale","37":"featured","38":"sold-individually","39":"purchasable","40":"product-type-variable"},"acf":[],"yoast_head":"<!-- This site is optimized with the Yoast SEO plugin v27.4 - https:\/\/yoast.com\/product\/yoast-seo-wordpress\/ -->\n<title>REFLEXOLOG\u00cdA AMERINDIA - Formation Sophrologie Massage \u00e0 distance<\/title>\n<meta name=\"description\" content=\"Un r\u00e9\u00e9quilibrage, une polarisation, une \u00e9vasion, une bouff\u00e9e d\u2019\u00e9nergie ! Pour rester en accord avec soi-m\u00eame, accompagner une p\u00e9riode intense ou difficile.\" \/>\n<meta name=\"robots\" content=\"index, follow, max-snippet:-1, max-image-preview:large, max-video-preview:-1\" \/>\n<link rel=\"canonical\" href=\"https:\/\/www.formations-bien-etre.com\/es\/produit\/reflexologie-amerindienne\/\" \/>\n<meta property=\"og:locale\" content=\"es_ES\" \/>\n<meta property=\"og:type\" content=\"article\" \/>\n<meta property=\"og:title\" content=\"Un r\u00e9\u00e9quilibrage, une polarisation, une \u00e9vasion, une bouff\u00e9e d\u2019\u00e9nergie !\" \/>\n<meta property=\"og:description\" content=\"En pr\u00e9vention pour rester en accord avec soi-m\u00eame ou en traitement, pour accompagner une p\u00e9riode intense ou difficile, pour soutenir les changements.\" \/>\n<meta property=\"og:url\" content=\"https:\/\/www.formations-bien-etre.com\/es\/produit\/reflexologie-amerindienne\/\" \/>\n<meta property=\"og:site_name\" content=\"Formation Sophrologie Massage \u00e0 distance\" \/>\n<meta property=\"article:modified_time\" content=\"2023-08-09T14:45:43+00:00\" \/>\n<meta property=\"og:image\" content=\"https:\/\/www.formations-bien-etre.com\/wp-content\/uploads\/2020\/04\/reflexologie-amerindienne-mexicaine-japonaise-e1585720386229.jpg\" \/>\n\t<meta property=\"og:image:width\" content=\"497\" \/>\n\t<meta property=\"og:image:height\" content=\"387\" \/>\n\t<meta property=\"og:image:type\" content=\"image\/jpeg\" \/>\n<meta name=\"twitter:card\" content=\"summary_large_image\" \/>\n<meta name=\"twitter:title\" content=\"Un r\u00e9\u00e9quilibrage, une polarisation, une \u00e9vasion, une bouff\u00e9e d\u2019\u00e9nergie !\" \/>\n<meta name=\"twitter:description\" content=\"En pr\u00e9vention pour rester en accord avec soi-m\u00eame ou en traitement, pour accompagner une p\u00e9riode intense ou difficile, pour soutenir les changements.\" \/>\n<meta name=\"twitter:label1\" content=\"Tiempo de lectura\" \/>\n\t<meta name=\"twitter:data1\" content=\"1 minuto\" \/>\n<script type=\"application\/ld+json\" class=\"yoast-schema-graph\">{\"@context\":\"https:\\\/\\\/schema.org\",\"@graph\":[{\"@type\":\"WebPage\",\"@id\":\"https:\\\/\\\/www.formations-bien-etre.com\\\/es\\\/produit\\\/reflexologie-amerindienne\\\/\",\"url\":\"https:\\\/\\\/www.formations-bien-etre.com\\\/es\\\/produit\\\/reflexologie-amerindienne\\\/\",\"name\":\"REFLEXOLOG\u00cdA AMERINDIA - Formation Sophrologie Massage \u00e0 distance\",\"isPartOf\":{\"@id\":\"https:\\\/\\\/www.formations-bien-etre.com\\\/#website\"},\"primaryImageOfPage\":{\"@id\":\"https:\\\/\\\/www.formations-bien-etre.com\\\/es\\\/produit\\\/reflexologie-amerindienne\\\/#primaryimage\"},\"image\":{\"@id\":\"https:\\\/\\\/www.formations-bien-etre.com\\\/es\\\/produit\\\/reflexologie-amerindienne\\\/#primaryimage\"},\"thumbnailUrl\":\"https:\\\/\\\/www.formations-bien-etre.com\\\/wp-content\\\/uploads\\\/2020\\\/04\\\/reflexologie-amerindienne-mexicaine-japonaise-e1585720386229.jpg\",\"datePublished\":\"2020-05-18T17:30:12+00:00\",\"dateModified\":\"2023-08-09T14:45:43+00:00\",\"description\":\"Un r\u00e9\u00e9quilibrage, une polarisation, une \u00e9vasion, une bouff\u00e9e d\u2019\u00e9nergie ! Pour rester en accord avec soi-m\u00eame, accompagner une p\u00e9riode intense ou difficile.\",\"breadcrumb\":{\"@id\":\"https:\\\/\\\/www.formations-bien-etre.com\\\/es\\\/produit\\\/reflexologie-amerindienne\\\/#breadcrumb\"},\"inLanguage\":\"es\",\"potentialAction\":[{\"@type\":\"ReadAction\",\"target\":[\"https:\\\/\\\/www.formations-bien-etre.com\\\/es\\\/produit\\\/reflexologie-amerindienne\\\/\"]}]},{\"@type\":\"ImageObject\",\"inLanguage\":\"es\",\"@id\":\"https:\\\/\\\/www.formations-bien-etre.com\\\/es\\\/produit\\\/reflexologie-amerindienne\\\/#primaryimage\",\"url\":\"https:\\\/\\\/www.formations-bien-etre.com\\\/wp-content\\\/uploads\\\/2020\\\/04\\\/reflexologie-amerindienne-mexicaine-japonaise-e1585720386229.jpg\",\"contentUrl\":\"https:\\\/\\\/www.formations-bien-etre.com\\\/wp-content\\\/uploads\\\/2020\\\/04\\\/reflexologie-amerindienne-mexicaine-japonaise-e1585720386229.jpg\",\"width\":497,\"height\":387,\"caption\":\"Formation r\u00e9flexologie-am\u00e9rindienne-mexicaine \u00e0 distance Vend\u00e9e Ain r\u00e9gion Rh\u00f4ne Alpes r\u00e9gion Parisienne\"},{\"@type\":\"BreadcrumbList\",\"@id\":\"https:\\\/\\\/www.formations-bien-etre.com\\\/es\\\/produit\\\/reflexologie-amerindienne\\\/#breadcrumb\",\"itemListElement\":[{\"@type\":\"ListItem\",\"position\":1,\"name\":\"Home\",\"item\":\"https:\\\/\\\/www.formations-bien-etre.com\\\/es\\\/\"},{\"@type\":\"ListItem\",\"position\":2,\"name\":\"Boutique bien-\u00eatre\",\"item\":\"https:\\\/\\\/www.formations-bien-etre.com\\\/?page_id=566\"},{\"@type\":\"ListItem\",\"position\":3,\"name\":\"REFLEXOLOG\u00cdA AMERINDIA\"}]},{\"@type\":\"WebSite\",\"@id\":\"https:\\\/\\\/www.formations-bien-etre.com\\\/#website\",\"url\":\"https:\\\/\\\/www.formations-bien-etre.com\\\/\",\"name\":\"Formation Sophrologie Massage \u00e0 Distance\",\"description\":\"Institut de formation en sophrologie et en bien-\u00eatre\",\"potentialAction\":[{\"@type\":\"SearchAction\",\"target\":{\"@type\":\"EntryPoint\",\"urlTemplate\":\"https:\\\/\\\/www.formations-bien-etre.com\\\/?s={search_term_string}\"},\"query-input\":{\"@type\":\"PropertyValueSpecification\",\"valueRequired\":true,\"valueName\":\"search_term_string\"}}],\"inLanguage\":\"es\"}]}<\/script>\n<!-- \/ Yoast SEO plugin. -->","yoast_head_json":{"title":"REFLEXOLOG\u00cdA AMERINDIA - Formation Sophrologie Massage \u00e0 distance","description":"Un r\u00e9\u00e9quilibrage, une polarisation, une \u00e9vasion, une bouff\u00e9e d\u2019\u00e9nergie ! Pour rester en accord avec soi-m\u00eame, accompagner une p\u00e9riode intense ou difficile.","robots":{"index":"index","follow":"follow","max-snippet":"max-snippet:-1","max-image-preview":"max-image-preview:large","max-video-preview":"max-video-preview:-1"},"canonical":"https:\/\/www.formations-bien-etre.com\/es\/produit\/reflexologie-amerindienne\/","og_locale":"es_ES","og_type":"article","og_title":"Un r\u00e9\u00e9quilibrage, une polarisation, une \u00e9vasion, une bouff\u00e9e d\u2019\u00e9nergie !","og_description":"En pr\u00e9vention pour rester en accord avec soi-m\u00eame ou en traitement, pour accompagner une p\u00e9riode intense ou difficile, pour soutenir les changements.","og_url":"https:\/\/www.formations-bien-etre.com\/es\/produit\/reflexologie-amerindienne\/","og_site_name":"Formation Sophrologie Massage \u00e0 distance","article_modified_time":"2023-08-09T14:45:43+00:00","og_image":[{"width":497,"height":387,"url":"https:\/\/www.formations-bien-etre.com\/wp-content\/uploads\/2020\/04\/reflexologie-amerindienne-mexicaine-japonaise-e1585720386229.jpg","type":"image\/jpeg"}],"twitter_card":"summary_large_image","twitter_title":"Un r\u00e9\u00e9quilibrage, une polarisation, une \u00e9vasion, une bouff\u00e9e d\u2019\u00e9nergie !","twitter_description":"En pr\u00e9vention pour rester en accord avec soi-m\u00eame ou en traitement, pour accompagner une p\u00e9riode intense ou difficile, pour soutenir les changements.","twitter_misc":{"Tiempo de lectura":"1 minuto"},"schema":{"@context":"https:\/\/schema.org","@graph":[{"@type":"WebPage","@id":"https:\/\/www.formations-bien-etre.com\/es\/produit\/reflexologie-amerindienne\/","url":"https:\/\/www.formations-bien-etre.com\/es\/produit\/reflexologie-amerindienne\/","name":"REFLEXOLOG\u00cdA AMERINDIA - Formation Sophrologie Massage \u00e0 distance","isPartOf":{"@id":"https:\/\/www.formations-bien-etre.com\/#website"},"primaryImageOfPage":{"@id":"https:\/\/www.formations-bien-etre.com\/es\/produit\/reflexologie-amerindienne\/#primaryimage"},"image":{"@id":"https:\/\/www.formations-bien-etre.com\/es\/produit\/reflexologie-amerindienne\/#primaryimage"},"thumbnailUrl":"https:\/\/www.formations-bien-etre.com\/wp-content\/uploads\/2020\/04\/reflexologie-amerindienne-mexicaine-japonaise-e1585720386229.jpg","datePublished":"2020-05-18T17:30:12+00:00","dateModified":"2023-08-09T14:45:43+00:00","description":"Un r\u00e9\u00e9quilibrage, une polarisation, une \u00e9vasion, une bouff\u00e9e d\u2019\u00e9nergie ! Pour rester en accord avec soi-m\u00eame, accompagner une p\u00e9riode intense ou difficile.","breadcrumb":{"@id":"https:\/\/www.formations-bien-etre.com\/es\/produit\/reflexologie-amerindienne\/#breadcrumb"},"inLanguage":"es","potentialAction":[{"@type":"ReadAction","target":["https:\/\/www.formations-bien-etre.com\/es\/produit\/reflexologie-amerindienne\/"]}]},{"@type":"ImageObject","inLanguage":"es","@id":"https:\/\/www.formations-bien-etre.com\/es\/produit\/reflexologie-amerindienne\/#primaryimage","url":"https:\/\/www.formations-bien-etre.com\/wp-content\/uploads\/2020\/04\/reflexologie-amerindienne-mexicaine-japonaise-e1585720386229.jpg","contentUrl":"https:\/\/www.formations-bien-etre.com\/wp-content\/uploads\/2020\/04\/reflexologie-amerindienne-mexicaine-japonaise-e1585720386229.jpg","width":497,"height":387,"caption":"Formation r\u00e9flexologie-am\u00e9rindienne-mexicaine \u00e0 distance Vend\u00e9e Ain r\u00e9gion Rh\u00f4ne Alpes r\u00e9gion Parisienne"},{"@type":"BreadcrumbList","@id":"https:\/\/www.formations-bien-etre.com\/es\/produit\/reflexologie-amerindienne\/#breadcrumb","itemListElement":[{"@type":"ListItem","position":1,"name":"Home","item":"https:\/\/www.formations-bien-etre.com\/es\/"},{"@type":"ListItem","position":2,"name":"Boutique bien-\u00eatre","item":"https:\/\/www.formations-bien-etre.com\/?page_id=566"},{"@type":"ListItem","position":3,"name":"REFLEXOLOG\u00cdA AMERINDIA"}]},{"@type":"WebSite","@id":"https:\/\/www.formations-bien-etre.com\/#website","url":"https:\/\/www.formations-bien-etre.com\/","name":"Formation Sophrologie Massage \u00e0 Distance","description":"Institut de formation en sophrologie et en bien-\u00eatre","potentialAction":[{"@type":"SearchAction","target":{"@type":"EntryPoint","urlTemplate":"https:\/\/www.formations-bien-etre.com\/?s={search_term_string}"},"query-input":{"@type":"PropertyValueSpecification","valueRequired":true,"valueName":"search_term_string"}}],"inLanguage":"es"}]}},"_links":{"self":[{"href":"https:\/\/www.formations-bien-etre.com\/es\/wp-json\/wp\/v2\/product\/7314","targetHints":{"allow":["GET"]}}],"collection":[{"href":"https:\/\/www.formations-bien-etre.com\/es\/wp-json\/wp\/v2\/product"}],"about":[{"href":"https:\/\/www.formations-bien-etre.com\/es\/wp-json\/wp\/v2\/types\/product"}],"wp:featuredmedia":[{"embeddable":true,"href":"https:\/\/www.formations-bien-etre.com\/es\/wp-json\/wp\/v2\/media\/5706"}],"wp:attachment":[{"href":"https:\/\/www.formations-bien-etre.com\/es\/wp-json\/wp\/v2\/media?parent=7314"}],"wp:term":[{"taxonomy":"product_brand","embeddable":true,"href":"https:\/\/www.formations-bien-etre.com\/es\/wp-json\/wp\/v2\/product_brand?post=7314"},{"taxonomy":"product_cat","embeddable":true,"href":"https:\/\/www.formations-bien-etre.com\/es\/wp-json\/wp\/v2\/product_cat?post=7314"},{"taxonomy":"product_tag","embeddable":true,"href":"https:\/\/www.formations-bien-etre.com\/es\/wp-json\/wp\/v2\/product_tag?post=7314"}],"curies":[{"name":"wp","href":"https:\/\/api.w.org\/{rel}","templated":true}]}}