{"id":7315,"date":"2020-05-18T19:30:12","date_gmt":"2020-05-18T17:30:12","guid":{"rendered":"https:\/\/www.formations-bien-etre.com\/produit\/reflexologie-auriculaire-et-cristaux\/"},"modified":"2023-08-09T16:55:52","modified_gmt":"2023-08-09T14:55:52","slug":"reflexologie-auriculaire-et-cristaux","status":"publish","type":"product","link":"https:\/\/www.formations-bien-etre.com\/es\/produit\/reflexologie-auriculaire-et-cristaux\/","title":{"rendered":"REFLEXOLOG\u00cdA AURICULAR y CRISTALES"},"content":{"rendered":"<p style=\"text-align: center\">Reflexolog\u00eda auricular energ\u00e9tica con punta de cristal.<br \/>\nRicamente inervados, los pabellones auriculares proporcionan una conexi\u00f3n muy importante con el sistema nervioso central.<\/p>\n","protected":false},"excerpt":{"rendered":"<p>\u00datil para una amplia gama de indicaciones, la reflexolog\u00eda auricular cristalina y sin agujas es particularmente eficaz en el tratamiento del dolor. Este sencillo m\u00e9todo est\u00e1 al alcance de todos.<\/p>\n","protected":false},"featured_media":5660,"template":"","meta":{"_acf_changed":false,"_exactmetrics_skip_tracking":false,"_exactmetrics_sitenote_active":false,"_exactmetrics_sitenote_note":"","_exactmetrics_sitenote_category":0},"product_brand":[],"product_cat":[355,363],"product_tag":[64,59,82,77,78,71,60,166,62,65,199,200,61,76,201,86],"class_list":{"0":"post-7315","1":"product","2":"type-product","3":"status-publish","4":"has-post-thumbnail","6":"product_cat-entrenamiento-de-bienestar","7":"product_cat-les-modules-de-formations-soins-bien-etre-es","8":"product_tag-angoisse","9":"product_tag-bienetre","10":"product_tag-ecole-formation-massage","11":"product_tag-ecole-sophrologie","12":"product_tag-ecole-sophrologie-distance","13":"product_tag-ecoute-rogerienne","14":"product_tag-formation","15":"product_tag-lithotherapie","16":"product_tag-meditation","17":"product_tag-peur","18":"product_tag-reflexologie-auriculaire-et-cristaux","19":"product_tag-reflexologie-auriculaire-et-lithotherapie","20":"product_tag-relaxation","21":"product_tag-seance-sophrologie","22":"product_tag-soin-oreilles","23":"product_tag-yoga","25":"first","26":"instock","27":"sale","28":"featured","29":"sold-individually","30":"taxable","31":"shipping-taxable","32":"purchasable","33":"product-type-variable"},"acf":[],"yoast_head":"<!-- This site is optimized with the Yoast SEO plugin v27.4 - https:\/\/yoast.com\/product\/yoast-seo-wordpress\/ -->\n<title>REFLEXOLOG\u00cdA AURICULAR y CRISTALES - Formation Sophrologie Massage \u00e0 distance<\/title>\n<meta name=\"description\" content=\"R\u00e9flexologie Auriculaire \u00e9nerg\u00e9tique \u00e0 la pointe de cristal. Les pavillons d&#039;oreilles offrent une connexion tr\u00e8s importante avec le syst\u00e8me nerveux central.\" \/>\n<meta name=\"robots\" content=\"index, follow, max-snippet:-1, max-image-preview:large, max-video-preview:-1\" \/>\n<link rel=\"canonical\" href=\"https:\/\/www.formations-bien-etre.com\/es\/produit\/reflexologie-auriculaire-et-cristaux\/\" \/>\n<meta property=\"og:locale\" content=\"es_ES\" \/>\n<meta property=\"og:type\" content=\"article\" \/>\n<meta property=\"og:title\" content=\"L&#039;oreille offre une connexion tr\u00e8s importante avec le syst\u00e8me nerveux central.\" \/>\n<meta property=\"og:description\" content=\"R\u00e9flexologie Auriculaire \u00e9nerg\u00e9tique \u00e0 la pointe de cristal. Utile dans un vaste champ d\u2019indications, s\u2019av\u00e8re particuli\u00e8rement performante dans le traitement de la douleur. M\u00e9thode simple et accessible \u00e0 tous\" \/>\n<meta property=\"og:url\" content=\"https:\/\/www.formations-bien-etre.com\/es\/produit\/reflexologie-auriculaire-et-cristaux\/\" \/>\n<meta property=\"og:site_name\" content=\"Formation Sophrologie Massage \u00e0 distance\" \/>\n<meta property=\"article:modified_time\" content=\"2023-08-09T14:55:52+00:00\" \/>\n<meta property=\"og:image\" content=\"https:\/\/www.formations-bien-etre.com\/wp-content\/uploads\/2020\/03\/AdobeStock_141288773-min.jpg\" \/>\n\t<meta property=\"og:image:width\" content=\"1920\" \/>\n\t<meta property=\"og:image:height\" content=\"1280\" \/>\n\t<meta property=\"og:image:type\" content=\"image\/jpeg\" \/>\n<meta name=\"twitter:card\" content=\"summary_large_image\" \/>\n<meta name=\"twitter:title\" content=\"L&#039;oreille offre une connexion tr\u00e8s importante avec le syst\u00e8me nerveux central.\" \/>\n<meta name=\"twitter:description\" content=\"R\u00e9flexologie Auriculaire \u00e9nerg\u00e9tique \u00e0 la pointe de cristal. Utile dans un vaste champ d\u2019indications, s\u2019av\u00e8re particuli\u00e8rement performante dans le traitement de la douleur. M\u00e9thode simple et accessible \u00e0 tous\" \/>\n<meta name=\"twitter:label1\" content=\"Tiempo de lectura\" \/>\n\t<meta name=\"twitter:data1\" content=\"1 minuto\" \/>\n<script type=\"application\/ld+json\" class=\"yoast-schema-graph\">{\"@context\":\"https:\\\/\\\/schema.org\",\"@graph\":[{\"@type\":\"WebPage\",\"@id\":\"https:\\\/\\\/www.formations-bien-etre.com\\\/es\\\/produit\\\/reflexologie-auriculaire-et-cristaux\\\/\",\"url\":\"https:\\\/\\\/www.formations-bien-etre.com\\\/es\\\/produit\\\/reflexologie-auriculaire-et-cristaux\\\/\",\"name\":\"REFLEXOLOG\u00cdA AURICULAR y CRISTALES - Formation Sophrologie Massage \u00e0 distance\",\"isPartOf\":{\"@id\":\"https:\\\/\\\/www.formations-bien-etre.com\\\/#website\"},\"primaryImageOfPage\":{\"@id\":\"https:\\\/\\\/www.formations-bien-etre.com\\\/es\\\/produit\\\/reflexologie-auriculaire-et-cristaux\\\/#primaryimage\"},\"image\":{\"@id\":\"https:\\\/\\\/www.formations-bien-etre.com\\\/es\\\/produit\\\/reflexologie-auriculaire-et-cristaux\\\/#primaryimage\"},\"thumbnailUrl\":\"https:\\\/\\\/www.formations-bien-etre.com\\\/wp-content\\\/uploads\\\/2020\\\/03\\\/AdobeStock_141288773-min.jpg\",\"datePublished\":\"2020-05-18T17:30:12+00:00\",\"dateModified\":\"2023-08-09T14:55:52+00:00\",\"description\":\"R\u00e9flexologie Auriculaire \u00e9nerg\u00e9tique \u00e0 la pointe de cristal. Les pavillons d'oreilles offrent une connexion tr\u00e8s importante avec le syst\u00e8me nerveux central.\",\"breadcrumb\":{\"@id\":\"https:\\\/\\\/www.formations-bien-etre.com\\\/es\\\/produit\\\/reflexologie-auriculaire-et-cristaux\\\/#breadcrumb\"},\"inLanguage\":\"es\",\"potentialAction\":[{\"@type\":\"ReadAction\",\"target\":[\"https:\\\/\\\/www.formations-bien-etre.com\\\/es\\\/produit\\\/reflexologie-auriculaire-et-cristaux\\\/\"]}]},{\"@type\":\"ImageObject\",\"inLanguage\":\"es\",\"@id\":\"https:\\\/\\\/www.formations-bien-etre.com\\\/es\\\/produit\\\/reflexologie-auriculaire-et-cristaux\\\/#primaryimage\",\"url\":\"https:\\\/\\\/www.formations-bien-etre.com\\\/wp-content\\\/uploads\\\/2020\\\/03\\\/AdobeStock_141288773-min.jpg\",\"contentUrl\":\"https:\\\/\\\/www.formations-bien-etre.com\\\/wp-content\\\/uploads\\\/2020\\\/03\\\/AdobeStock_141288773-min.jpg\",\"width\":1920,\"height\":1280,\"caption\":\"Formation auriculoth\u00e9rapie et lithoth\u00e9rapie \u00e0 distance Vend\u00e9e Ain r\u00e9gion Rh\u00f4ne Alpes r\u00e9gion Parisienne\"},{\"@type\":\"BreadcrumbList\",\"@id\":\"https:\\\/\\\/www.formations-bien-etre.com\\\/es\\\/produit\\\/reflexologie-auriculaire-et-cristaux\\\/#breadcrumb\",\"itemListElement\":[{\"@type\":\"ListItem\",\"position\":1,\"name\":\"Home\",\"item\":\"https:\\\/\\\/www.formations-bien-etre.com\\\/es\\\/\"},{\"@type\":\"ListItem\",\"position\":2,\"name\":\"Boutique bien-\u00eatre\",\"item\":\"https:\\\/\\\/www.formations-bien-etre.com\\\/?page_id=566\"},{\"@type\":\"ListItem\",\"position\":3,\"name\":\"REFLEXOLOG\u00cdA AURICULAR y CRISTALES\"}]},{\"@type\":\"WebSite\",\"@id\":\"https:\\\/\\\/www.formations-bien-etre.com\\\/#website\",\"url\":\"https:\\\/\\\/www.formations-bien-etre.com\\\/\",\"name\":\"Formation Sophrologie Massage \u00e0 Distance\",\"description\":\"Institut de formation en sophrologie et en bien-\u00eatre\",\"potentialAction\":[{\"@type\":\"SearchAction\",\"target\":{\"@type\":\"EntryPoint\",\"urlTemplate\":\"https:\\\/\\\/www.formations-bien-etre.com\\\/?s={search_term_string}\"},\"query-input\":{\"@type\":\"PropertyValueSpecification\",\"valueRequired\":true,\"valueName\":\"search_term_string\"}}],\"inLanguage\":\"es\"}]}<\/script>\n<!-- \/ Yoast SEO plugin. -->","yoast_head_json":{"title":"REFLEXOLOG\u00cdA AURICULAR y CRISTALES - Formation Sophrologie Massage \u00e0 distance","description":"R\u00e9flexologie Auriculaire \u00e9nerg\u00e9tique \u00e0 la pointe de cristal. Les pavillons d'oreilles offrent une connexion tr\u00e8s importante avec le syst\u00e8me nerveux central.","robots":{"index":"index","follow":"follow","max-snippet":"max-snippet:-1","max-image-preview":"max-image-preview:large","max-video-preview":"max-video-preview:-1"},"canonical":"https:\/\/www.formations-bien-etre.com\/es\/produit\/reflexologie-auriculaire-et-cristaux\/","og_locale":"es_ES","og_type":"article","og_title":"L'oreille offre une connexion tr\u00e8s importante avec le syst\u00e8me nerveux central.","og_description":"R\u00e9flexologie Auriculaire \u00e9nerg\u00e9tique \u00e0 la pointe de cristal. Utile dans un vaste champ d\u2019indications, s\u2019av\u00e8re particuli\u00e8rement performante dans le traitement de la douleur. M\u00e9thode simple et accessible \u00e0 tous","og_url":"https:\/\/www.formations-bien-etre.com\/es\/produit\/reflexologie-auriculaire-et-cristaux\/","og_site_name":"Formation Sophrologie Massage \u00e0 distance","article_modified_time":"2023-08-09T14:55:52+00:00","og_image":[{"width":1920,"height":1280,"url":"https:\/\/www.formations-bien-etre.com\/wp-content\/uploads\/2020\/03\/AdobeStock_141288773-min.jpg","type":"image\/jpeg"}],"twitter_card":"summary_large_image","twitter_title":"L'oreille offre une connexion tr\u00e8s importante avec le syst\u00e8me nerveux central.","twitter_description":"R\u00e9flexologie Auriculaire \u00e9nerg\u00e9tique \u00e0 la pointe de cristal. Utile dans un vaste champ d\u2019indications, s\u2019av\u00e8re particuli\u00e8rement performante dans le traitement de la douleur. M\u00e9thode simple et accessible \u00e0 tous","twitter_misc":{"Tiempo de lectura":"1 minuto"},"schema":{"@context":"https:\/\/schema.org","@graph":[{"@type":"WebPage","@id":"https:\/\/www.formations-bien-etre.com\/es\/produit\/reflexologie-auriculaire-et-cristaux\/","url":"https:\/\/www.formations-bien-etre.com\/es\/produit\/reflexologie-auriculaire-et-cristaux\/","name":"REFLEXOLOG\u00cdA AURICULAR y CRISTALES - Formation Sophrologie Massage \u00e0 distance","isPartOf":{"@id":"https:\/\/www.formations-bien-etre.com\/#website"},"primaryImageOfPage":{"@id":"https:\/\/www.formations-bien-etre.com\/es\/produit\/reflexologie-auriculaire-et-cristaux\/#primaryimage"},"image":{"@id":"https:\/\/www.formations-bien-etre.com\/es\/produit\/reflexologie-auriculaire-et-cristaux\/#primaryimage"},"thumbnailUrl":"https:\/\/www.formations-bien-etre.com\/wp-content\/uploads\/2020\/03\/AdobeStock_141288773-min.jpg","datePublished":"2020-05-18T17:30:12+00:00","dateModified":"2023-08-09T14:55:52+00:00","description":"R\u00e9flexologie Auriculaire \u00e9nerg\u00e9tique \u00e0 la pointe de cristal. Les pavillons d'oreilles offrent une connexion tr\u00e8s importante avec le syst\u00e8me nerveux central.","breadcrumb":{"@id":"https:\/\/www.formations-bien-etre.com\/es\/produit\/reflexologie-auriculaire-et-cristaux\/#breadcrumb"},"inLanguage":"es","potentialAction":[{"@type":"ReadAction","target":["https:\/\/www.formations-bien-etre.com\/es\/produit\/reflexologie-auriculaire-et-cristaux\/"]}]},{"@type":"ImageObject","inLanguage":"es","@id":"https:\/\/www.formations-bien-etre.com\/es\/produit\/reflexologie-auriculaire-et-cristaux\/#primaryimage","url":"https:\/\/www.formations-bien-etre.com\/wp-content\/uploads\/2020\/03\/AdobeStock_141288773-min.jpg","contentUrl":"https:\/\/www.formations-bien-etre.com\/wp-content\/uploads\/2020\/03\/AdobeStock_141288773-min.jpg","width":1920,"height":1280,"caption":"Formation auriculoth\u00e9rapie et lithoth\u00e9rapie \u00e0 distance Vend\u00e9e Ain r\u00e9gion Rh\u00f4ne Alpes r\u00e9gion Parisienne"},{"@type":"BreadcrumbList","@id":"https:\/\/www.formations-bien-etre.com\/es\/produit\/reflexologie-auriculaire-et-cristaux\/#breadcrumb","itemListElement":[{"@type":"ListItem","position":1,"name":"Home","item":"https:\/\/www.formations-bien-etre.com\/es\/"},{"@type":"ListItem","position":2,"name":"Boutique bien-\u00eatre","item":"https:\/\/www.formations-bien-etre.com\/?page_id=566"},{"@type":"ListItem","position":3,"name":"REFLEXOLOG\u00cdA AURICULAR y CRISTALES"}]},{"@type":"WebSite","@id":"https:\/\/www.formations-bien-etre.com\/#website","url":"https:\/\/www.formations-bien-etre.com\/","name":"Formation Sophrologie Massage \u00e0 Distance","description":"Institut de formation en sophrologie et en bien-\u00eatre","potentialAction":[{"@type":"SearchAction","target":{"@type":"EntryPoint","urlTemplate":"https:\/\/www.formations-bien-etre.com\/?s={search_term_string}"},"query-input":{"@type":"PropertyValueSpecification","valueRequired":true,"valueName":"search_term_string"}}],"inLanguage":"es"}]}},"_links":{"self":[{"href":"https:\/\/www.formations-bien-etre.com\/es\/wp-json\/wp\/v2\/product\/7315","targetHints":{"allow":["GET"]}}],"collection":[{"href":"https:\/\/www.formations-bien-etre.com\/es\/wp-json\/wp\/v2\/product"}],"about":[{"href":"https:\/\/www.formations-bien-etre.com\/es\/wp-json\/wp\/v2\/types\/product"}],"wp:featuredmedia":[{"embeddable":true,"href":"https:\/\/www.formations-bien-etre.com\/es\/wp-json\/wp\/v2\/media\/5660"}],"wp:attachment":[{"href":"https:\/\/www.formations-bien-etre.com\/es\/wp-json\/wp\/v2\/media?parent=7315"}],"wp:term":[{"taxonomy":"product_brand","embeddable":true,"href":"https:\/\/www.formations-bien-etre.com\/es\/wp-json\/wp\/v2\/product_brand?post=7315"},{"taxonomy":"product_cat","embeddable":true,"href":"https:\/\/www.formations-bien-etre.com\/es\/wp-json\/wp\/v2\/product_cat?post=7315"},{"taxonomy":"product_tag","embeddable":true,"href":"https:\/\/www.formations-bien-etre.com\/es\/wp-json\/wp\/v2\/product_tag?post=7315"}],"curies":[{"name":"wp","href":"https:\/\/api.w.org\/{rel}","templated":true}]}}