{"id":7316,"date":"2020-05-18T19:30:12","date_gmt":"2020-05-18T17:30:12","guid":{"rendered":"https:\/\/www.formations-bien-etre.com\/produit\/reflexologie-plantaire-de-bien-etre\/"},"modified":"2023-08-09T17:04:09","modified_gmt":"2023-08-09T15:04:09","slug":"reflexologie-plantaire-de-bien-etre","status":"publish","type":"product","link":"https:\/\/www.formations-bien-etre.com\/es\/produit\/reflexologie-plantaire-de-bien-etre\/","title":{"rendered":"BIENESTAR REFLEXOLOG\u00cdA PODAL"},"content":{"rendered":"<p style=\"text-align: center\">Convi\u00e9rtase en reflex\u00f3logo podal especializado en relajaci\u00f3n global \u00abcuerpo-mente<br \/>\nSe trata de una t\u00e9cnica sencilla y de f\u00e1cil acceso, ya que se centra en la totalidad del ser y permite que el propio cuerpo tome el \u00abcontrol\u00bb de lo que es m\u00e1s importante para \u00e9l en cada momento.<\/p>\n","protected":false},"excerpt":{"rendered":"<p>El protocolo sigue siendo el mismo, sea cual sea la persona, porque se trata de prevenci\u00f3n y de cuidados globales, no de cuidados espec\u00edficos.<br \/>\nTrabajamos todos los \u00f3rganos principales.<\/p>\n","protected":false},"featured_media":5672,"template":"","meta":{"_acf_changed":false,"_exactmetrics_skip_tracking":false,"_exactmetrics_sitenote_active":false,"_exactmetrics_sitenote_note":"","_exactmetrics_sitenote_category":0},"product_brand":[],"product_cat":[355,363],"product_tag":[64,59,82,77,78,195,197,198,61,124,57,58,75,86],"class_list":{"0":"post-7316","1":"product","2":"type-product","3":"status-publish","4":"has-post-thumbnail","6":"product_cat-entrenamiento-de-bienestar","7":"product_cat-les-modules-de-formations-soins-bien-etre-es","8":"product_tag-angoisse","9":"product_tag-bienetre","10":"product_tag-ecole-formation-massage","11":"product_tag-ecole-sophrologie","12":"product_tag-ecole-sophrologie-distance","13":"product_tag-reflexologie","14":"product_tag-reflexologie-bien-etre","15":"product_tag-reflexologie-plantaire","16":"product_tag-relaxation","17":"product_tag-relaxologue","18":"product_tag-sophrologie","19":"product_tag-stress","20":"product_tag-tele-sophrologie","21":"product_tag-yoga","23":"first","24":"instock","25":"sale","26":"featured","27":"sold-individually","28":"taxable","29":"shipping-taxable","30":"purchasable","31":"product-type-variable"},"acf":[],"yoast_head":"<!-- This site is optimized with the Yoast SEO plugin v27.4 - https:\/\/yoast.com\/product\/yoast-seo-wordpress\/ -->\n<title>BIENESTAR REFLEXOLOG\u00cdA PODAL - Formation Sophrologie Massage \u00e0 distance<\/title>\n<meta name=\"description\" content=\"R\u00e9flexologie plantaire de bien-\u00eatre - Relaxation. Technique simple d\u2019un acc\u00e8s rapide. Permet au corps de prendre \u00ab la main \u00bb sur ce qui lui est primordial.\" \/>\n<meta name=\"robots\" content=\"index, follow, max-snippet:-1, max-image-preview:large, max-video-preview:-1\" \/>\n<link rel=\"canonical\" href=\"https:\/\/www.formations-bien-etre.com\/es\/produit\/reflexologie-plantaire-de-bien-etre\/\" \/>\n<meta property=\"og:locale\" content=\"es_ES\" \/>\n<meta property=\"og:type\" content=\"article\" \/>\n<meta property=\"og:title\" content=\"Auto-gu\u00e9rison - Votre corps prend \u00ab la main \u00bb sur ce qui lui est primordial\" \/>\n<meta property=\"og:description\" content=\"R\u00e9flexologie plantaire de bien-\u00eatre - Relaxation. Technique simple d\u2019un acc\u00e8s rapide. Accessible \u00e0 tous.\" \/>\n<meta property=\"og:url\" content=\"https:\/\/www.formations-bien-etre.com\/es\/produit\/reflexologie-plantaire-de-bien-etre\/\" \/>\n<meta property=\"og:site_name\" content=\"Formation Sophrologie Massage \u00e0 distance\" \/>\n<meta property=\"article:modified_time\" content=\"2023-08-09T15:04:09+00:00\" \/>\n<meta property=\"og:image\" content=\"https:\/\/www.formations-bien-etre.com\/wp-content\/uploads\/2020\/03\/AdobeStock_78793825-min.jpg\" \/>\n\t<meta property=\"og:image:width\" content=\"1919\" \/>\n\t<meta property=\"og:image:height\" content=\"1281\" \/>\n\t<meta property=\"og:image:type\" content=\"image\/jpeg\" \/>\n<meta name=\"twitter:card\" content=\"summary_large_image\" \/>\n<meta name=\"twitter:title\" content=\"Auto-gu\u00e9rison - Votre corps prend \u00ab la main \u00bb sur ce qui lui est primordial\" \/>\n<meta name=\"twitter:description\" content=\"R\u00e9flexologie plantaire de bien-\u00eatre - Relaxation. Technique simple d\u2019un acc\u00e8s rapide. Accessible \u00e0 tous.\" \/>\n<meta name=\"twitter:label1\" content=\"Tiempo de lectura\" \/>\n\t<meta name=\"twitter:data1\" content=\"1 minuto\" \/>\n<script type=\"application\/ld+json\" class=\"yoast-schema-graph\">{\"@context\":\"https:\\\/\\\/schema.org\",\"@graph\":[{\"@type\":\"WebPage\",\"@id\":\"https:\\\/\\\/www.formations-bien-etre.com\\\/es\\\/produit\\\/reflexologie-plantaire-de-bien-etre\\\/\",\"url\":\"https:\\\/\\\/www.formations-bien-etre.com\\\/es\\\/produit\\\/reflexologie-plantaire-de-bien-etre\\\/\",\"name\":\"BIENESTAR REFLEXOLOG\u00cdA PODAL - Formation Sophrologie Massage \u00e0 distance\",\"isPartOf\":{\"@id\":\"https:\\\/\\\/www.formations-bien-etre.com\\\/#website\"},\"primaryImageOfPage\":{\"@id\":\"https:\\\/\\\/www.formations-bien-etre.com\\\/es\\\/produit\\\/reflexologie-plantaire-de-bien-etre\\\/#primaryimage\"},\"image\":{\"@id\":\"https:\\\/\\\/www.formations-bien-etre.com\\\/es\\\/produit\\\/reflexologie-plantaire-de-bien-etre\\\/#primaryimage\"},\"thumbnailUrl\":\"https:\\\/\\\/www.formations-bien-etre.com\\\/wp-content\\\/uploads\\\/2020\\\/03\\\/AdobeStock_78793825-min.jpg\",\"datePublished\":\"2020-05-18T17:30:12+00:00\",\"dateModified\":\"2023-08-09T15:04:09+00:00\",\"description\":\"R\u00e9flexologie plantaire de bien-\u00eatre - Relaxation. Technique simple d\u2019un acc\u00e8s rapide. Permet au corps de prendre \u00ab la main \u00bb sur ce qui lui est primordial.\",\"breadcrumb\":{\"@id\":\"https:\\\/\\\/www.formations-bien-etre.com\\\/es\\\/produit\\\/reflexologie-plantaire-de-bien-etre\\\/#breadcrumb\"},\"inLanguage\":\"es\",\"potentialAction\":[{\"@type\":\"ReadAction\",\"target\":[\"https:\\\/\\\/www.formations-bien-etre.com\\\/es\\\/produit\\\/reflexologie-plantaire-de-bien-etre\\\/\"]}]},{\"@type\":\"ImageObject\",\"inLanguage\":\"es\",\"@id\":\"https:\\\/\\\/www.formations-bien-etre.com\\\/es\\\/produit\\\/reflexologie-plantaire-de-bien-etre\\\/#primaryimage\",\"url\":\"https:\\\/\\\/www.formations-bien-etre.com\\\/wp-content\\\/uploads\\\/2020\\\/03\\\/AdobeStock_78793825-min.jpg\",\"contentUrl\":\"https:\\\/\\\/www.formations-bien-etre.com\\\/wp-content\\\/uploads\\\/2020\\\/03\\\/AdobeStock_78793825-min.jpg\",\"width\":1919,\"height\":1281,\"caption\":\"Formation r\u00e9flexologie plantaire de bien-\u00eatre \u00e0 distance Vend\u00e9e Ain r\u00e9gion Rh\u00f4ne Alpes r\u00e9gion Parisienne\"},{\"@type\":\"BreadcrumbList\",\"@id\":\"https:\\\/\\\/www.formations-bien-etre.com\\\/es\\\/produit\\\/reflexologie-plantaire-de-bien-etre\\\/#breadcrumb\",\"itemListElement\":[{\"@type\":\"ListItem\",\"position\":1,\"name\":\"Home\",\"item\":\"https:\\\/\\\/www.formations-bien-etre.com\\\/es\\\/\"},{\"@type\":\"ListItem\",\"position\":2,\"name\":\"Boutique bien-\u00eatre\",\"item\":\"https:\\\/\\\/www.formations-bien-etre.com\\\/?page_id=566\"},{\"@type\":\"ListItem\",\"position\":3,\"name\":\"BIENESTAR REFLEXOLOG\u00cdA PODAL\"}]},{\"@type\":\"WebSite\",\"@id\":\"https:\\\/\\\/www.formations-bien-etre.com\\\/#website\",\"url\":\"https:\\\/\\\/www.formations-bien-etre.com\\\/\",\"name\":\"Formation Sophrologie Massage \u00e0 Distance\",\"description\":\"Institut de formation en sophrologie et en bien-\u00eatre\",\"potentialAction\":[{\"@type\":\"SearchAction\",\"target\":{\"@type\":\"EntryPoint\",\"urlTemplate\":\"https:\\\/\\\/www.formations-bien-etre.com\\\/?s={search_term_string}\"},\"query-input\":{\"@type\":\"PropertyValueSpecification\",\"valueRequired\":true,\"valueName\":\"search_term_string\"}}],\"inLanguage\":\"es\"}]}<\/script>\n<!-- \/ Yoast SEO plugin. -->","yoast_head_json":{"title":"BIENESTAR REFLEXOLOG\u00cdA PODAL - Formation Sophrologie Massage \u00e0 distance","description":"R\u00e9flexologie plantaire de bien-\u00eatre - Relaxation. Technique simple d\u2019un acc\u00e8s rapide. Permet au corps de prendre \u00ab la main \u00bb sur ce qui lui est primordial.","robots":{"index":"index","follow":"follow","max-snippet":"max-snippet:-1","max-image-preview":"max-image-preview:large","max-video-preview":"max-video-preview:-1"},"canonical":"https:\/\/www.formations-bien-etre.com\/es\/produit\/reflexologie-plantaire-de-bien-etre\/","og_locale":"es_ES","og_type":"article","og_title":"Auto-gu\u00e9rison - Votre corps prend \u00ab la main \u00bb sur ce qui lui est primordial","og_description":"R\u00e9flexologie plantaire de bien-\u00eatre - Relaxation. Technique simple d\u2019un acc\u00e8s rapide. Accessible \u00e0 tous.","og_url":"https:\/\/www.formations-bien-etre.com\/es\/produit\/reflexologie-plantaire-de-bien-etre\/","og_site_name":"Formation Sophrologie Massage \u00e0 distance","article_modified_time":"2023-08-09T15:04:09+00:00","og_image":[{"width":1919,"height":1281,"url":"https:\/\/www.formations-bien-etre.com\/wp-content\/uploads\/2020\/03\/AdobeStock_78793825-min.jpg","type":"image\/jpeg"}],"twitter_card":"summary_large_image","twitter_title":"Auto-gu\u00e9rison - Votre corps prend \u00ab la main \u00bb sur ce qui lui est primordial","twitter_description":"R\u00e9flexologie plantaire de bien-\u00eatre - Relaxation. Technique simple d\u2019un acc\u00e8s rapide. Accessible \u00e0 tous.","twitter_misc":{"Tiempo de lectura":"1 minuto"},"schema":{"@context":"https:\/\/schema.org","@graph":[{"@type":"WebPage","@id":"https:\/\/www.formations-bien-etre.com\/es\/produit\/reflexologie-plantaire-de-bien-etre\/","url":"https:\/\/www.formations-bien-etre.com\/es\/produit\/reflexologie-plantaire-de-bien-etre\/","name":"BIENESTAR REFLEXOLOG\u00cdA PODAL - Formation Sophrologie Massage \u00e0 distance","isPartOf":{"@id":"https:\/\/www.formations-bien-etre.com\/#website"},"primaryImageOfPage":{"@id":"https:\/\/www.formations-bien-etre.com\/es\/produit\/reflexologie-plantaire-de-bien-etre\/#primaryimage"},"image":{"@id":"https:\/\/www.formations-bien-etre.com\/es\/produit\/reflexologie-plantaire-de-bien-etre\/#primaryimage"},"thumbnailUrl":"https:\/\/www.formations-bien-etre.com\/wp-content\/uploads\/2020\/03\/AdobeStock_78793825-min.jpg","datePublished":"2020-05-18T17:30:12+00:00","dateModified":"2023-08-09T15:04:09+00:00","description":"R\u00e9flexologie plantaire de bien-\u00eatre - Relaxation. Technique simple d\u2019un acc\u00e8s rapide. Permet au corps de prendre \u00ab la main \u00bb sur ce qui lui est primordial.","breadcrumb":{"@id":"https:\/\/www.formations-bien-etre.com\/es\/produit\/reflexologie-plantaire-de-bien-etre\/#breadcrumb"},"inLanguage":"es","potentialAction":[{"@type":"ReadAction","target":["https:\/\/www.formations-bien-etre.com\/es\/produit\/reflexologie-plantaire-de-bien-etre\/"]}]},{"@type":"ImageObject","inLanguage":"es","@id":"https:\/\/www.formations-bien-etre.com\/es\/produit\/reflexologie-plantaire-de-bien-etre\/#primaryimage","url":"https:\/\/www.formations-bien-etre.com\/wp-content\/uploads\/2020\/03\/AdobeStock_78793825-min.jpg","contentUrl":"https:\/\/www.formations-bien-etre.com\/wp-content\/uploads\/2020\/03\/AdobeStock_78793825-min.jpg","width":1919,"height":1281,"caption":"Formation r\u00e9flexologie plantaire de bien-\u00eatre \u00e0 distance Vend\u00e9e Ain r\u00e9gion Rh\u00f4ne Alpes r\u00e9gion Parisienne"},{"@type":"BreadcrumbList","@id":"https:\/\/www.formations-bien-etre.com\/es\/produit\/reflexologie-plantaire-de-bien-etre\/#breadcrumb","itemListElement":[{"@type":"ListItem","position":1,"name":"Home","item":"https:\/\/www.formations-bien-etre.com\/es\/"},{"@type":"ListItem","position":2,"name":"Boutique bien-\u00eatre","item":"https:\/\/www.formations-bien-etre.com\/?page_id=566"},{"@type":"ListItem","position":3,"name":"BIENESTAR REFLEXOLOG\u00cdA PODAL"}]},{"@type":"WebSite","@id":"https:\/\/www.formations-bien-etre.com\/#website","url":"https:\/\/www.formations-bien-etre.com\/","name":"Formation Sophrologie Massage \u00e0 Distance","description":"Institut de formation en sophrologie et en bien-\u00eatre","potentialAction":[{"@type":"SearchAction","target":{"@type":"EntryPoint","urlTemplate":"https:\/\/www.formations-bien-etre.com\/?s={search_term_string}"},"query-input":{"@type":"PropertyValueSpecification","valueRequired":true,"valueName":"search_term_string"}}],"inLanguage":"es"}]}},"_links":{"self":[{"href":"https:\/\/www.formations-bien-etre.com\/es\/wp-json\/wp\/v2\/product\/7316","targetHints":{"allow":["GET"]}}],"collection":[{"href":"https:\/\/www.formations-bien-etre.com\/es\/wp-json\/wp\/v2\/product"}],"about":[{"href":"https:\/\/www.formations-bien-etre.com\/es\/wp-json\/wp\/v2\/types\/product"}],"wp:featuredmedia":[{"embeddable":true,"href":"https:\/\/www.formations-bien-etre.com\/es\/wp-json\/wp\/v2\/media\/5672"}],"wp:attachment":[{"href":"https:\/\/www.formations-bien-etre.com\/es\/wp-json\/wp\/v2\/media?parent=7316"}],"wp:term":[{"taxonomy":"product_brand","embeddable":true,"href":"https:\/\/www.formations-bien-etre.com\/es\/wp-json\/wp\/v2\/product_brand?post=7316"},{"taxonomy":"product_cat","embeddable":true,"href":"https:\/\/www.formations-bien-etre.com\/es\/wp-json\/wp\/v2\/product_cat?post=7316"},{"taxonomy":"product_tag","embeddable":true,"href":"https:\/\/www.formations-bien-etre.com\/es\/wp-json\/wp\/v2\/product_tag?post=7316"}],"curies":[{"name":"wp","href":"https:\/\/api.w.org\/{rel}","templated":true}]}}