{"id":7317,"date":"2020-05-18T19:30:11","date_gmt":"2020-05-18T17:30:11","guid":{"rendered":"https:\/\/www.formations-bien-etre.com\/produit\/reflexologie-faciale-dien-chan\/"},"modified":"2023-08-09T18:14:07","modified_gmt":"2023-08-09T16:14:07","slug":"reflexologie-faciale-dien-chan","status":"publish","type":"product","link":"https:\/\/www.formations-bien-etre.com\/es\/produit\/reflexologie-faciale-dien-chan\/","title":{"rendered":"Reflexolog\u00eda facial &#8211; DIEN CHAN"},"content":{"rendered":"<p>DIEN CHAN multirreflexolog\u00eda especializada en litoterapia.<br \/>\nEsta pr\u00e1ctica se ve reforzada por la capacidad de los cristales de aportar su propio poder curativo. Su objetivo es movilizar el proceso de autocuraci\u00f3n.<\/p>\n<p>\ud83c\udf81 El m\u00f3dulo de Litoterapia Viviente se ofrece con este curso.<\/p>\n","protected":false},"excerpt":{"rendered":"<p>Un tratamiento sobrio, r\u00e1pido, de f\u00e1cil acceso y que proporciona un alivio inmediato en caso de crisis. De 3 a 4 m\u00f3dulos de formaci\u00f3n.<\/p>\n","protected":false},"featured_media":5638,"template":"","meta":{"_acf_changed":false,"_exactmetrics_skip_tracking":false,"_exactmetrics_sitenote_active":false,"_exactmetrics_sitenote_note":"","_exactmetrics_sitenote_category":0},"product_brand":[],"product_cat":[355,363],"product_tag":[64,188,59,68,221,218,82,77,78,60,173,222,62,220,219,205,61,167,76,75,86],"class_list":{"0":"post-7317","1":"product","2":"type-product","3":"status-publish","4":"has-post-thumbnail","6":"product_cat-entrenamiento-de-bienestar","7":"product_cat-les-modules-de-formations-soins-bien-etre-es","8":"product_tag-angoisse","9":"product_tag-auto-guerison","10":"product_tag-bienetre","11":"product_tag-bienveillance","12":"product_tag-dien-cham","13":"product_tag-dien-chan","14":"product_tag-ecole-formation-massage","15":"product_tag-ecole-sophrologie","16":"product_tag-ecole-sophrologie-distance","17":"product_tag-formation","18":"product_tag-guerison","19":"product_tag-medecine-occidentale-ou-traditionnelle-chinoise","20":"product_tag-meditation","21":"product_tag-professeur-bui-quoc-chau","22":"product_tag-reflexologie-faciale","23":"product_tag-reiki","24":"product_tag-relaxation","25":"product_tag-sante","26":"product_tag-seance-sophrologie","27":"product_tag-tele-sophrologie","28":"product_tag-yoga","30":"first","31":"instock","32":"featured","33":"sold-individually","34":"taxable","35":"shipping-taxable","36":"purchasable","37":"product-type-variable"},"acf":[],"yoast_head":"<!-- This site is optimized with the Yoast SEO plugin v27.4 - https:\/\/yoast.com\/product\/yoast-seo-wordpress\/ -->\n<title>Reflexolog\u00eda facial - DIEN CHAN - Formation Sophrologie Massage \u00e0 distance<\/title>\n<meta name=\"description\" content=\"R\u00e9flexologie DIEN CHAN et lithoth\u00e9rapie. Renforc\u00e9e par la puissance des cristaux qui apportent leur propre pouvoir de soins. Soulagement souvent imm\u00e9diat.\" \/>\n<meta name=\"robots\" content=\"index, follow, max-snippet:-1, max-image-preview:large, max-video-preview:-1\" \/>\n<link rel=\"canonical\" href=\"https:\/\/www.formations-bien-etre.com\/es\/produit\/reflexologie-faciale-dien-chan\/\" \/>\n<meta property=\"og:locale\" content=\"es_ES\" \/>\n<meta property=\"og:type\" content=\"article\" \/>\n<meta property=\"og:title\" content=\"DIEN CHAN sp\u00e9cialis\u00e9 en lithoth\u00e9rapie = Soulagement souvent imm\u00e9diat\" \/>\n<meta property=\"og:description\" content=\"Le DIEN CHAN sp\u00e9cialis\u00e9 en lithoth\u00e9rapie est renforc\u00e9 par la puissance des cristaux qui apportent leur propre pouvoir de soins. Soulagement souvent imm\u00e9diat\" \/>\n<meta property=\"og:url\" content=\"https:\/\/www.formations-bien-etre.com\/es\/produit\/reflexologie-faciale-dien-chan\/\" \/>\n<meta property=\"og:site_name\" content=\"Formation Sophrologie Massage \u00e0 distance\" \/>\n<meta property=\"article:modified_time\" content=\"2023-08-09T16:14:07+00:00\" \/>\n<meta property=\"og:image\" content=\"https:\/\/www.formations-bien-etre.com\/wp-content\/uploads\/2020\/03\/Dien-Chan-et-lithoth\u00e9rapie.jpg\" \/>\n\t<meta property=\"og:image:width\" content=\"921\" \/>\n\t<meta property=\"og:image:height\" content=\"700\" \/>\n\t<meta property=\"og:image:type\" content=\"image\/jpeg\" \/>\n<meta name=\"twitter:card\" content=\"summary_large_image\" \/>\n<meta name=\"twitter:title\" content=\"DIEN CHAN sp\u00e9cialis\u00e9 en lithoth\u00e9rapie = Soulagement souvent imm\u00e9diat\" \/>\n<meta name=\"twitter:description\" content=\"Le DIEN CHAN sp\u00e9cialis\u00e9 en lithoth\u00e9rapie est renforc\u00e9 par la puissance des cristaux qui apportent leur propre pouvoir de soins. Soulagement souvent imm\u00e9diat\" \/>\n<meta name=\"twitter:label1\" content=\"Tiempo de lectura\" \/>\n\t<meta name=\"twitter:data1\" content=\"1 minuto\" \/>\n<script type=\"application\/ld+json\" class=\"yoast-schema-graph\">{\"@context\":\"https:\\\/\\\/schema.org\",\"@graph\":[{\"@type\":\"WebPage\",\"@id\":\"https:\\\/\\\/www.formations-bien-etre.com\\\/es\\\/produit\\\/reflexologie-faciale-dien-chan\\\/\",\"url\":\"https:\\\/\\\/www.formations-bien-etre.com\\\/es\\\/produit\\\/reflexologie-faciale-dien-chan\\\/\",\"name\":\"Reflexolog\u00eda facial - DIEN CHAN - Formation Sophrologie Massage \u00e0 distance\",\"isPartOf\":{\"@id\":\"https:\\\/\\\/www.formations-bien-etre.com\\\/#website\"},\"primaryImageOfPage\":{\"@id\":\"https:\\\/\\\/www.formations-bien-etre.com\\\/es\\\/produit\\\/reflexologie-faciale-dien-chan\\\/#primaryimage\"},\"image\":{\"@id\":\"https:\\\/\\\/www.formations-bien-etre.com\\\/es\\\/produit\\\/reflexologie-faciale-dien-chan\\\/#primaryimage\"},\"thumbnailUrl\":\"https:\\\/\\\/www.formations-bien-etre.com\\\/wp-content\\\/uploads\\\/2020\\\/03\\\/Dien-Chan-et-lithoth\u00e9rapie.jpg\",\"datePublished\":\"2020-05-18T17:30:11+00:00\",\"dateModified\":\"2023-08-09T16:14:07+00:00\",\"description\":\"R\u00e9flexologie DIEN CHAN et lithoth\u00e9rapie. Renforc\u00e9e par la puissance des cristaux qui apportent leur propre pouvoir de soins. Soulagement souvent imm\u00e9diat.\",\"breadcrumb\":{\"@id\":\"https:\\\/\\\/www.formations-bien-etre.com\\\/es\\\/produit\\\/reflexologie-faciale-dien-chan\\\/#breadcrumb\"},\"inLanguage\":\"es\",\"potentialAction\":[{\"@type\":\"ReadAction\",\"target\":[\"https:\\\/\\\/www.formations-bien-etre.com\\\/es\\\/produit\\\/reflexologie-faciale-dien-chan\\\/\"]}]},{\"@type\":\"ImageObject\",\"inLanguage\":\"es\",\"@id\":\"https:\\\/\\\/www.formations-bien-etre.com\\\/es\\\/produit\\\/reflexologie-faciale-dien-chan\\\/#primaryimage\",\"url\":\"https:\\\/\\\/www.formations-bien-etre.com\\\/wp-content\\\/uploads\\\/2020\\\/03\\\/Dien-Chan-et-lithoth\u00e9rapie.jpg\",\"contentUrl\":\"https:\\\/\\\/www.formations-bien-etre.com\\\/wp-content\\\/uploads\\\/2020\\\/03\\\/Dien-Chan-et-lithoth\u00e9rapie.jpg\",\"width\":921,\"height\":700,\"caption\":\"Formation Dien Chan et Lithoth\u00e9rapie \u00e0 distance Ain Rh\u00f4ne Alpes Vend\u00e9e r\u00e9gion Parisienne\"},{\"@type\":\"BreadcrumbList\",\"@id\":\"https:\\\/\\\/www.formations-bien-etre.com\\\/es\\\/produit\\\/reflexologie-faciale-dien-chan\\\/#breadcrumb\",\"itemListElement\":[{\"@type\":\"ListItem\",\"position\":1,\"name\":\"Home\",\"item\":\"https:\\\/\\\/www.formations-bien-etre.com\\\/es\\\/\"},{\"@type\":\"ListItem\",\"position\":2,\"name\":\"Boutique bien-\u00eatre\",\"item\":\"https:\\\/\\\/www.formations-bien-etre.com\\\/?page_id=566\"},{\"@type\":\"ListItem\",\"position\":3,\"name\":\"Reflexolog\u00eda facial &#8211; DIEN CHAN\"}]},{\"@type\":\"WebSite\",\"@id\":\"https:\\\/\\\/www.formations-bien-etre.com\\\/#website\",\"url\":\"https:\\\/\\\/www.formations-bien-etre.com\\\/\",\"name\":\"Formation Sophrologie Massage \u00e0 Distance\",\"description\":\"Institut de formation en sophrologie et en bien-\u00eatre\",\"potentialAction\":[{\"@type\":\"SearchAction\",\"target\":{\"@type\":\"EntryPoint\",\"urlTemplate\":\"https:\\\/\\\/www.formations-bien-etre.com\\\/?s={search_term_string}\"},\"query-input\":{\"@type\":\"PropertyValueSpecification\",\"valueRequired\":true,\"valueName\":\"search_term_string\"}}],\"inLanguage\":\"es\"}]}<\/script>\n<!-- \/ Yoast SEO plugin. -->","yoast_head_json":{"title":"Reflexolog\u00eda facial - DIEN CHAN - Formation Sophrologie Massage \u00e0 distance","description":"R\u00e9flexologie DIEN CHAN et lithoth\u00e9rapie. Renforc\u00e9e par la puissance des cristaux qui apportent leur propre pouvoir de soins. Soulagement souvent imm\u00e9diat.","robots":{"index":"index","follow":"follow","max-snippet":"max-snippet:-1","max-image-preview":"max-image-preview:large","max-video-preview":"max-video-preview:-1"},"canonical":"https:\/\/www.formations-bien-etre.com\/es\/produit\/reflexologie-faciale-dien-chan\/","og_locale":"es_ES","og_type":"article","og_title":"DIEN CHAN sp\u00e9cialis\u00e9 en lithoth\u00e9rapie = Soulagement souvent imm\u00e9diat","og_description":"Le DIEN CHAN sp\u00e9cialis\u00e9 en lithoth\u00e9rapie est renforc\u00e9 par la puissance des cristaux qui apportent leur propre pouvoir de soins. Soulagement souvent imm\u00e9diat","og_url":"https:\/\/www.formations-bien-etre.com\/es\/produit\/reflexologie-faciale-dien-chan\/","og_site_name":"Formation Sophrologie Massage \u00e0 distance","article_modified_time":"2023-08-09T16:14:07+00:00","og_image":[{"width":921,"height":700,"url":"https:\/\/www.formations-bien-etre.com\/wp-content\/uploads\/2020\/03\/Dien-Chan-et-lithoth\u00e9rapie.jpg","type":"image\/jpeg"}],"twitter_card":"summary_large_image","twitter_title":"DIEN CHAN sp\u00e9cialis\u00e9 en lithoth\u00e9rapie = Soulagement souvent imm\u00e9diat","twitter_description":"Le DIEN CHAN sp\u00e9cialis\u00e9 en lithoth\u00e9rapie est renforc\u00e9 par la puissance des cristaux qui apportent leur propre pouvoir de soins. Soulagement souvent imm\u00e9diat","twitter_misc":{"Tiempo de lectura":"1 minuto"},"schema":{"@context":"https:\/\/schema.org","@graph":[{"@type":"WebPage","@id":"https:\/\/www.formations-bien-etre.com\/es\/produit\/reflexologie-faciale-dien-chan\/","url":"https:\/\/www.formations-bien-etre.com\/es\/produit\/reflexologie-faciale-dien-chan\/","name":"Reflexolog\u00eda facial - DIEN CHAN - Formation Sophrologie Massage \u00e0 distance","isPartOf":{"@id":"https:\/\/www.formations-bien-etre.com\/#website"},"primaryImageOfPage":{"@id":"https:\/\/www.formations-bien-etre.com\/es\/produit\/reflexologie-faciale-dien-chan\/#primaryimage"},"image":{"@id":"https:\/\/www.formations-bien-etre.com\/es\/produit\/reflexologie-faciale-dien-chan\/#primaryimage"},"thumbnailUrl":"https:\/\/www.formations-bien-etre.com\/wp-content\/uploads\/2020\/03\/Dien-Chan-et-lithoth\u00e9rapie.jpg","datePublished":"2020-05-18T17:30:11+00:00","dateModified":"2023-08-09T16:14:07+00:00","description":"R\u00e9flexologie DIEN CHAN et lithoth\u00e9rapie. Renforc\u00e9e par la puissance des cristaux qui apportent leur propre pouvoir de soins. Soulagement souvent imm\u00e9diat.","breadcrumb":{"@id":"https:\/\/www.formations-bien-etre.com\/es\/produit\/reflexologie-faciale-dien-chan\/#breadcrumb"},"inLanguage":"es","potentialAction":[{"@type":"ReadAction","target":["https:\/\/www.formations-bien-etre.com\/es\/produit\/reflexologie-faciale-dien-chan\/"]}]},{"@type":"ImageObject","inLanguage":"es","@id":"https:\/\/www.formations-bien-etre.com\/es\/produit\/reflexologie-faciale-dien-chan\/#primaryimage","url":"https:\/\/www.formations-bien-etre.com\/wp-content\/uploads\/2020\/03\/Dien-Chan-et-lithoth\u00e9rapie.jpg","contentUrl":"https:\/\/www.formations-bien-etre.com\/wp-content\/uploads\/2020\/03\/Dien-Chan-et-lithoth\u00e9rapie.jpg","width":921,"height":700,"caption":"Formation Dien Chan et Lithoth\u00e9rapie \u00e0 distance Ain Rh\u00f4ne Alpes Vend\u00e9e r\u00e9gion Parisienne"},{"@type":"BreadcrumbList","@id":"https:\/\/www.formations-bien-etre.com\/es\/produit\/reflexologie-faciale-dien-chan\/#breadcrumb","itemListElement":[{"@type":"ListItem","position":1,"name":"Home","item":"https:\/\/www.formations-bien-etre.com\/es\/"},{"@type":"ListItem","position":2,"name":"Boutique bien-\u00eatre","item":"https:\/\/www.formations-bien-etre.com\/?page_id=566"},{"@type":"ListItem","position":3,"name":"Reflexolog\u00eda facial &#8211; DIEN CHAN"}]},{"@type":"WebSite","@id":"https:\/\/www.formations-bien-etre.com\/#website","url":"https:\/\/www.formations-bien-etre.com\/","name":"Formation Sophrologie Massage \u00e0 Distance","description":"Institut de formation en sophrologie et en bien-\u00eatre","potentialAction":[{"@type":"SearchAction","target":{"@type":"EntryPoint","urlTemplate":"https:\/\/www.formations-bien-etre.com\/?s={search_term_string}"},"query-input":{"@type":"PropertyValueSpecification","valueRequired":true,"valueName":"search_term_string"}}],"inLanguage":"es"}]}},"_links":{"self":[{"href":"https:\/\/www.formations-bien-etre.com\/es\/wp-json\/wp\/v2\/product\/7317","targetHints":{"allow":["GET"]}}],"collection":[{"href":"https:\/\/www.formations-bien-etre.com\/es\/wp-json\/wp\/v2\/product"}],"about":[{"href":"https:\/\/www.formations-bien-etre.com\/es\/wp-json\/wp\/v2\/types\/product"}],"wp:featuredmedia":[{"embeddable":true,"href":"https:\/\/www.formations-bien-etre.com\/es\/wp-json\/wp\/v2\/media\/5638"}],"wp:attachment":[{"href":"https:\/\/www.formations-bien-etre.com\/es\/wp-json\/wp\/v2\/media?parent=7317"}],"wp:term":[{"taxonomy":"product_brand","embeddable":true,"href":"https:\/\/www.formations-bien-etre.com\/es\/wp-json\/wp\/v2\/product_brand?post=7317"},{"taxonomy":"product_cat","embeddable":true,"href":"https:\/\/www.formations-bien-etre.com\/es\/wp-json\/wp\/v2\/product_cat?post=7317"},{"taxonomy":"product_tag","embeddable":true,"href":"https:\/\/www.formations-bien-etre.com\/es\/wp-json\/wp\/v2\/product_tag?post=7317"}],"curies":[{"name":"wp","href":"https:\/\/api.w.org\/{rel}","templated":true}]}}