{"id":7329,"date":"2020-05-18T19:30:13","date_gmt":"2020-05-18T17:30:13","guid":{"rendered":"https:\/\/www.formations-bien-etre.com\/produit\/fascia-drainant-lymphatique\/"},"modified":"2023-08-08T00:39:54","modified_gmt":"2023-08-07T22:39:54","slug":"fascia-drainant-lymphatique","status":"publish","type":"product","link":"https:\/\/www.formations-bien-etre.com\/es\/produit\/fascia-drainant-lymphatique\/","title":{"rendered":"DRENAJE LINF\u00c1TICO FASCIA"},"content":{"rendered":"<p style=\"text-align: center\">Potente tratamiento energ\u00e9tico.<br \/>\nDrenaje linf\u00e1tico para el bienestar.<br \/>\nDrenaje a trav\u00e9s de las fascias.<br \/>\nUna purificaci\u00f3n del cuerpo y de la mente.<br \/>\nUn regalo inestimable para usted mismo.<\/p>\n","protected":false},"excerpt":{"rendered":"<p>Este tratamiento es extremadamente relajante. Tiene un efecto reparador a nivel f\u00edsico, emocional y psicol\u00f3gico. Es un excelente medio de prevenci\u00f3n de la salud al actuar sobre los emuntorios.<br \/>\nPuede adoptar varias formas: terap\u00e9utica, realizada por un fisioterapeuta o, como en este caso, en el marco de un programa de bienestar.<br \/>\nSe practica tumbado boca arriba y vestido. Es un tratamiento energ\u00e9tico que utiliza las fascias.<\/p>\n","protected":false},"featured_media":5673,"template":"","meta":{"_acf_changed":false,"_exactmetrics_skip_tracking":false,"_exactmetrics_sitenote_active":false,"_exactmetrics_sitenote_note":"","_exactmetrics_sitenote_category":0},"product_brand":[],"product_cat":[355,363],"product_tag":[177,176,174,175],"class_list":{"0":"post-7329","1":"product","2":"type-product","3":"status-publish","4":"has-post-thumbnail","6":"product_cat-entrenamiento-de-bienestar","7":"product_cat-les-modules-de-formations-soins-bien-etre-es","8":"product_tag-albert-leduc","9":"product_tag-dr-emil-vodder","10":"product_tag-drainage","11":"product_tag-drainage-lymphatique","13":"first","14":"instock","15":"sale","16":"featured","17":"sold-individually","18":"taxable","19":"shipping-taxable","20":"purchasable","21":"product-type-variable"},"acf":[],"yoast_head":"<!-- This site is optimized with the Yoast SEO plugin v27.4 - https:\/\/yoast.com\/product\/yoast-seo-wordpress\/ -->\n<title>DRENAJE LINF\u00c1TICO FASCIA - Formation Sophrologie Massage \u00e0 distance<\/title>\n<meta name=\"description\" content=\"Soin touch\u00e9 fascia-drainant lymphatique de bien-\u00eatre. Le Drainage par les fascias, une purification du corps et de l\u2019esprit, un soin inestimable.\" \/>\n<meta name=\"robots\" content=\"index, follow, max-snippet:-1, max-image-preview:large, max-video-preview:-1\" \/>\n<link rel=\"canonical\" href=\"https:\/\/www.formations-bien-etre.com\/es\/produit\/fascia-drainant-lymphatique\/\" \/>\n<meta property=\"og:locale\" content=\"es_ES\" \/>\n<meta property=\"og:type\" content=\"article\" \/>\n<meta property=\"og:title\" content=\"Un drainage lymphatique de bien-\u00eatre qui nettoie \u00e0 la fois le corps et l&#039;esprit.\" \/>\n<meta property=\"og:description\" content=\"Le drainage lymphatique de bien-\u00eatre par les fascias. Une purification du corps et de l\u2019esprit. Un cadeau inestimable \u00e0 ce faire. A d\u00e9couvrir sans tarder !\" \/>\n<meta property=\"og:url\" content=\"https:\/\/www.formations-bien-etre.com\/es\/produit\/fascia-drainant-lymphatique\/\" \/>\n<meta property=\"og:site_name\" content=\"Formation Sophrologie Massage \u00e0 distance\" \/>\n<meta property=\"article:modified_time\" content=\"2023-08-07T22:39:54+00:00\" \/>\n<meta property=\"og:image\" content=\"https:\/\/www.formations-bien-etre.com\/wp-content\/uploads\/2020\/03\/AdobeStock_87438809-min.jpg\" \/>\n\t<meta property=\"og:image:width\" content=\"1919\" \/>\n\t<meta property=\"og:image:height\" content=\"1275\" \/>\n\t<meta property=\"og:image:type\" content=\"image\/jpeg\" \/>\n<meta name=\"twitter:card\" content=\"summary_large_image\" \/>\n<meta name=\"twitter:title\" content=\"Un drainage lymphatique de bien-\u00eatre qui nettoie \u00e0 la fois le corps et l&#039;esprit.\" \/>\n<meta name=\"twitter:description\" content=\"Le drainage lymphatique de bien-\u00eatre par les fascias. Une purification du corps et de l\u2019esprit. Un cadeau inestimable \u00e0 ce faire. A d\u00e9couvrir sans tarder !\" \/>\n<meta name=\"twitter:label1\" content=\"Tiempo de lectura\" \/>\n\t<meta name=\"twitter:data1\" content=\"1 minuto\" \/>\n<script type=\"application\/ld+json\" class=\"yoast-schema-graph\">{\"@context\":\"https:\\\/\\\/schema.org\",\"@graph\":[{\"@type\":\"WebPage\",\"@id\":\"https:\\\/\\\/www.formations-bien-etre.com\\\/es\\\/produit\\\/fascia-drainant-lymphatique\\\/\",\"url\":\"https:\\\/\\\/www.formations-bien-etre.com\\\/es\\\/produit\\\/fascia-drainant-lymphatique\\\/\",\"name\":\"DRENAJE LINF\u00c1TICO FASCIA - Formation Sophrologie Massage \u00e0 distance\",\"isPartOf\":{\"@id\":\"https:\\\/\\\/www.formations-bien-etre.com\\\/#website\"},\"primaryImageOfPage\":{\"@id\":\"https:\\\/\\\/www.formations-bien-etre.com\\\/es\\\/produit\\\/fascia-drainant-lymphatique\\\/#primaryimage\"},\"image\":{\"@id\":\"https:\\\/\\\/www.formations-bien-etre.com\\\/es\\\/produit\\\/fascia-drainant-lymphatique\\\/#primaryimage\"},\"thumbnailUrl\":\"https:\\\/\\\/www.formations-bien-etre.com\\\/wp-content\\\/uploads\\\/2020\\\/03\\\/AdobeStock_87438809-min.jpg\",\"datePublished\":\"2020-05-18T17:30:13+00:00\",\"dateModified\":\"2023-08-07T22:39:54+00:00\",\"description\":\"Soin touch\u00e9 fascia-drainant lymphatique de bien-\u00eatre. Le Drainage par les fascias, une purification du corps et de l\u2019esprit, un soin inestimable.\",\"breadcrumb\":{\"@id\":\"https:\\\/\\\/www.formations-bien-etre.com\\\/es\\\/produit\\\/fascia-drainant-lymphatique\\\/#breadcrumb\"},\"inLanguage\":\"es\",\"potentialAction\":[{\"@type\":\"ReadAction\",\"target\":[\"https:\\\/\\\/www.formations-bien-etre.com\\\/es\\\/produit\\\/fascia-drainant-lymphatique\\\/\"]}]},{\"@type\":\"ImageObject\",\"inLanguage\":\"es\",\"@id\":\"https:\\\/\\\/www.formations-bien-etre.com\\\/es\\\/produit\\\/fascia-drainant-lymphatique\\\/#primaryimage\",\"url\":\"https:\\\/\\\/www.formations-bien-etre.com\\\/wp-content\\\/uploads\\\/2020\\\/03\\\/AdobeStock_87438809-min.jpg\",\"contentUrl\":\"https:\\\/\\\/www.formations-bien-etre.com\\\/wp-content\\\/uploads\\\/2020\\\/03\\\/AdobeStock_87438809-min.jpg\",\"width\":1919,\"height\":1275,\"caption\":\"Formation drainant lymphatique et fascias de bien-\u00eatre \u00e0 distance Vend\u00e9e Ain r\u00e9gion Rh\u00f4ne Alpes r\u00e9gion Parisienne\"},{\"@type\":\"BreadcrumbList\",\"@id\":\"https:\\\/\\\/www.formations-bien-etre.com\\\/es\\\/produit\\\/fascia-drainant-lymphatique\\\/#breadcrumb\",\"itemListElement\":[{\"@type\":\"ListItem\",\"position\":1,\"name\":\"Home\",\"item\":\"https:\\\/\\\/www.formations-bien-etre.com\\\/es\\\/\"},{\"@type\":\"ListItem\",\"position\":2,\"name\":\"Boutique bien-\u00eatre\",\"item\":\"https:\\\/\\\/www.formations-bien-etre.com\\\/?page_id=566\"},{\"@type\":\"ListItem\",\"position\":3,\"name\":\"DRENAJE LINF\u00c1TICO FASCIA\"}]},{\"@type\":\"WebSite\",\"@id\":\"https:\\\/\\\/www.formations-bien-etre.com\\\/#website\",\"url\":\"https:\\\/\\\/www.formations-bien-etre.com\\\/\",\"name\":\"Formation Sophrologie Massage \u00e0 Distance\",\"description\":\"Institut de formation en sophrologie et en bien-\u00eatre\",\"potentialAction\":[{\"@type\":\"SearchAction\",\"target\":{\"@type\":\"EntryPoint\",\"urlTemplate\":\"https:\\\/\\\/www.formations-bien-etre.com\\\/?s={search_term_string}\"},\"query-input\":{\"@type\":\"PropertyValueSpecification\",\"valueRequired\":true,\"valueName\":\"search_term_string\"}}],\"inLanguage\":\"es\"}]}<\/script>\n<!-- \/ Yoast SEO plugin. -->","yoast_head_json":{"title":"DRENAJE LINF\u00c1TICO FASCIA - Formation Sophrologie Massage \u00e0 distance","description":"Soin touch\u00e9 fascia-drainant lymphatique de bien-\u00eatre. Le Drainage par les fascias, une purification du corps et de l\u2019esprit, un soin inestimable.","robots":{"index":"index","follow":"follow","max-snippet":"max-snippet:-1","max-image-preview":"max-image-preview:large","max-video-preview":"max-video-preview:-1"},"canonical":"https:\/\/www.formations-bien-etre.com\/es\/produit\/fascia-drainant-lymphatique\/","og_locale":"es_ES","og_type":"article","og_title":"Un drainage lymphatique de bien-\u00eatre qui nettoie \u00e0 la fois le corps et l'esprit.","og_description":"Le drainage lymphatique de bien-\u00eatre par les fascias. Une purification du corps et de l\u2019esprit. Un cadeau inestimable \u00e0 ce faire. A d\u00e9couvrir sans tarder !","og_url":"https:\/\/www.formations-bien-etre.com\/es\/produit\/fascia-drainant-lymphatique\/","og_site_name":"Formation Sophrologie Massage \u00e0 distance","article_modified_time":"2023-08-07T22:39:54+00:00","og_image":[{"width":1919,"height":1275,"url":"https:\/\/www.formations-bien-etre.com\/wp-content\/uploads\/2020\/03\/AdobeStock_87438809-min.jpg","type":"image\/jpeg"}],"twitter_card":"summary_large_image","twitter_title":"Un drainage lymphatique de bien-\u00eatre qui nettoie \u00e0 la fois le corps et l'esprit.","twitter_description":"Le drainage lymphatique de bien-\u00eatre par les fascias. Une purification du corps et de l\u2019esprit. Un cadeau inestimable \u00e0 ce faire. A d\u00e9couvrir sans tarder !","twitter_misc":{"Tiempo de lectura":"1 minuto"},"schema":{"@context":"https:\/\/schema.org","@graph":[{"@type":"WebPage","@id":"https:\/\/www.formations-bien-etre.com\/es\/produit\/fascia-drainant-lymphatique\/","url":"https:\/\/www.formations-bien-etre.com\/es\/produit\/fascia-drainant-lymphatique\/","name":"DRENAJE LINF\u00c1TICO FASCIA - Formation Sophrologie Massage \u00e0 distance","isPartOf":{"@id":"https:\/\/www.formations-bien-etre.com\/#website"},"primaryImageOfPage":{"@id":"https:\/\/www.formations-bien-etre.com\/es\/produit\/fascia-drainant-lymphatique\/#primaryimage"},"image":{"@id":"https:\/\/www.formations-bien-etre.com\/es\/produit\/fascia-drainant-lymphatique\/#primaryimage"},"thumbnailUrl":"https:\/\/www.formations-bien-etre.com\/wp-content\/uploads\/2020\/03\/AdobeStock_87438809-min.jpg","datePublished":"2020-05-18T17:30:13+00:00","dateModified":"2023-08-07T22:39:54+00:00","description":"Soin touch\u00e9 fascia-drainant lymphatique de bien-\u00eatre. Le Drainage par les fascias, une purification du corps et de l\u2019esprit, un soin inestimable.","breadcrumb":{"@id":"https:\/\/www.formations-bien-etre.com\/es\/produit\/fascia-drainant-lymphatique\/#breadcrumb"},"inLanguage":"es","potentialAction":[{"@type":"ReadAction","target":["https:\/\/www.formations-bien-etre.com\/es\/produit\/fascia-drainant-lymphatique\/"]}]},{"@type":"ImageObject","inLanguage":"es","@id":"https:\/\/www.formations-bien-etre.com\/es\/produit\/fascia-drainant-lymphatique\/#primaryimage","url":"https:\/\/www.formations-bien-etre.com\/wp-content\/uploads\/2020\/03\/AdobeStock_87438809-min.jpg","contentUrl":"https:\/\/www.formations-bien-etre.com\/wp-content\/uploads\/2020\/03\/AdobeStock_87438809-min.jpg","width":1919,"height":1275,"caption":"Formation drainant lymphatique et fascias de bien-\u00eatre \u00e0 distance Vend\u00e9e Ain r\u00e9gion Rh\u00f4ne Alpes r\u00e9gion Parisienne"},{"@type":"BreadcrumbList","@id":"https:\/\/www.formations-bien-etre.com\/es\/produit\/fascia-drainant-lymphatique\/#breadcrumb","itemListElement":[{"@type":"ListItem","position":1,"name":"Home","item":"https:\/\/www.formations-bien-etre.com\/es\/"},{"@type":"ListItem","position":2,"name":"Boutique bien-\u00eatre","item":"https:\/\/www.formations-bien-etre.com\/?page_id=566"},{"@type":"ListItem","position":3,"name":"DRENAJE LINF\u00c1TICO FASCIA"}]},{"@type":"WebSite","@id":"https:\/\/www.formations-bien-etre.com\/#website","url":"https:\/\/www.formations-bien-etre.com\/","name":"Formation Sophrologie Massage \u00e0 Distance","description":"Institut de formation en sophrologie et en bien-\u00eatre","potentialAction":[{"@type":"SearchAction","target":{"@type":"EntryPoint","urlTemplate":"https:\/\/www.formations-bien-etre.com\/?s={search_term_string}"},"query-input":{"@type":"PropertyValueSpecification","valueRequired":true,"valueName":"search_term_string"}}],"inLanguage":"es"}]}},"_links":{"self":[{"href":"https:\/\/www.formations-bien-etre.com\/es\/wp-json\/wp\/v2\/product\/7329","targetHints":{"allow":["GET"]}}],"collection":[{"href":"https:\/\/www.formations-bien-etre.com\/es\/wp-json\/wp\/v2\/product"}],"about":[{"href":"https:\/\/www.formations-bien-etre.com\/es\/wp-json\/wp\/v2\/types\/product"}],"wp:featuredmedia":[{"embeddable":true,"href":"https:\/\/www.formations-bien-etre.com\/es\/wp-json\/wp\/v2\/media\/5673"}],"wp:attachment":[{"href":"https:\/\/www.formations-bien-etre.com\/es\/wp-json\/wp\/v2\/media?parent=7329"}],"wp:term":[{"taxonomy":"product_brand","embeddable":true,"href":"https:\/\/www.formations-bien-etre.com\/es\/wp-json\/wp\/v2\/product_brand?post=7329"},{"taxonomy":"product_cat","embeddable":true,"href":"https:\/\/www.formations-bien-etre.com\/es\/wp-json\/wp\/v2\/product_cat?post=7329"},{"taxonomy":"product_tag","embeddable":true,"href":"https:\/\/www.formations-bien-etre.com\/es\/wp-json\/wp\/v2\/product_tag?post=7329"}],"curies":[{"name":"wp","href":"https:\/\/api.w.org\/{rel}","templated":true}]}}