{"id":7330,"date":"2020-05-18T19:28:09","date_gmt":"2020-05-18T17:28:09","guid":{"rendered":"https:\/\/www.formations-bien-etre.com\/produit\/massage-kundalini-lacher-prise-profond\/"},"modified":"2023-08-07T20:54:17","modified_gmt":"2023-08-07T18:54:17","slug":"massage-kundalini-lacher-prise-profond","status":"publish","type":"product","link":"https:\/\/www.formations-bien-etre.com\/es\/produit\/massage-kundalini-lacher-prise-profond\/","title":{"rendered":"MASAJE KUNDALINI &#8211; Liberaci\u00f3n profunda"},"content":{"rendered":"<p style=\"text-align: left\"><strong>Masaje-Cuidado KUNDALINI<br \/>\nUna corriente central de vibraciones intensas que une arriba y abajo, el cielo y la tierra.<br \/>\nUna inesperada sensaci\u00f3n de bienestar que permite dejarse llevar en profundidad.<\/strong><\/p>\n","protected":false},"excerpt":{"rendered":"<p><em>\u00abKundalini\u00bb significa: la fuerza que se enrosca en la cueva. Kundalini es una energ\u00eda sutil y latente.<\/em><\/p>\n<p style=\"text-align: center\">\n","protected":false},"featured_media":5686,"template":"","meta":{"_acf_changed":false,"_exactmetrics_skip_tracking":false,"_exactmetrics_sitenote_active":false,"_exactmetrics_sitenote_note":"","_exactmetrics_sitenote_category":0},"product_brand":[],"product_cat":[355,364],"product_tag":[59,68,249,82,77,78,250,248,182,62,205,61,76,247,75,86],"class_list":{"0":"post-7330","1":"product","2":"type-product","3":"status-publish","4":"has-post-thumbnail","6":"product_cat-entrenamiento-de-bienestar","7":"product_cat-modules-de-formations-massages-bien-etre-es","8":"product_tag-bienetre","9":"product_tag-bienveillance","10":"product_tag-chakras","11":"product_tag-ecole-formation-massage","12":"product_tag-ecole-sophrologie","13":"product_tag-ecole-sophrologie-distance","14":"product_tag-kundalini","15":"product_tag-massage-kundalini","16":"product_tag-massage-bien-etre","17":"product_tag-meditation","18":"product_tag-reiki","19":"product_tag-relaxation","20":"product_tag-seance-sophrologie","21":"product_tag-soin-kundalini","22":"product_tag-tele-sophrologie","23":"product_tag-yoga","25":"first","26":"instock","27":"sale","28":"featured","29":"sold-individually","30":"taxable","31":"shipping-taxable","32":"purchasable","33":"product-type-variable"},"acf":[],"yoast_head":"<!-- This site is optimized with the Yoast SEO plugin v27.4 - https:\/\/yoast.com\/product\/yoast-seo-wordpress\/ -->\n<title>MASAJE KUNDALINI - Liberaci\u00f3n profunda - Formation Sophrologie Massage \u00e0 distance<\/title>\n<meta name=\"description\" content=\"Soin Massage KUNDALINI. Un courent d\u2019intenses vibrations qui unit le haut et le bas, le ciel et la terre. Un bien-\u00eatre intense, un l\u00e2cher-prise profond\" \/>\n<meta name=\"robots\" content=\"index, follow, max-snippet:-1, max-image-preview:large, max-video-preview:-1\" \/>\n<link rel=\"canonical\" href=\"https:\/\/www.formations-bien-etre.com\/es\/produit\/massage-kundalini-lacher-prise-profond\/\" \/>\n<meta property=\"og:locale\" content=\"es_ES\" \/>\n<meta property=\"og:type\" content=\"article\" \/>\n<meta property=\"og:title\" content=\"Vivez la premi\u00e8re impulsion et touchez \u00e0 une nouvelle dimension de vous-m\u00eame\" \/>\n<meta property=\"og:description\" content=\"Soin Massage KUNDALINI. Un courent d\u2019intenses vibrations qui unit le haut et le bas, le ciel et la terre. Un bien-\u00eatre intense, un l\u00e2cher-prise profond\" \/>\n<meta property=\"og:url\" content=\"https:\/\/www.formations-bien-etre.com\/es\/produit\/massage-kundalini-lacher-prise-profond\/\" \/>\n<meta property=\"og:site_name\" content=\"Formation Sophrologie Massage \u00e0 distance\" \/>\n<meta property=\"article:modified_time\" content=\"2023-08-07T18:54:17+00:00\" \/>\n<meta property=\"og:image\" content=\"https:\/\/www.formations-bien-etre.com\/wp-content\/uploads\/2020\/03\/AdobeStock_276427435-min.jpg\" \/>\n\t<meta property=\"og:image:width\" content=\"1920\" \/>\n\t<meta property=\"og:image:height\" content=\"1275\" \/>\n\t<meta property=\"og:image:type\" content=\"image\/jpeg\" \/>\n<meta name=\"twitter:card\" content=\"summary_large_image\" \/>\n<meta name=\"twitter:title\" content=\"Vivez la premi\u00e8re impulsion et touchez \u00e0 une nouvelle dimension de vous-m\u00eame\" \/>\n<meta name=\"twitter:description\" content=\"Soin Massage KUNDALINI. Un courent d\u2019intenses vibrations qui unit le haut et le bas, le ciel et la terre. Un bien-\u00eatre intense, un l\u00e2cher-prise profond\" \/>\n<meta name=\"twitter:label1\" content=\"Tiempo de lectura\" \/>\n\t<meta name=\"twitter:data1\" content=\"1 minuto\" \/>\n<script type=\"application\/ld+json\" class=\"yoast-schema-graph\">{\"@context\":\"https:\\\/\\\/schema.org\",\"@graph\":[{\"@type\":\"WebPage\",\"@id\":\"https:\\\/\\\/www.formations-bien-etre.com\\\/es\\\/produit\\\/massage-kundalini-lacher-prise-profond\\\/\",\"url\":\"https:\\\/\\\/www.formations-bien-etre.com\\\/es\\\/produit\\\/massage-kundalini-lacher-prise-profond\\\/\",\"name\":\"MASAJE KUNDALINI - Liberaci\u00f3n profunda - Formation Sophrologie Massage \u00e0 distance\",\"isPartOf\":{\"@id\":\"https:\\\/\\\/www.formations-bien-etre.com\\\/#website\"},\"primaryImageOfPage\":{\"@id\":\"https:\\\/\\\/www.formations-bien-etre.com\\\/es\\\/produit\\\/massage-kundalini-lacher-prise-profond\\\/#primaryimage\"},\"image\":{\"@id\":\"https:\\\/\\\/www.formations-bien-etre.com\\\/es\\\/produit\\\/massage-kundalini-lacher-prise-profond\\\/#primaryimage\"},\"thumbnailUrl\":\"https:\\\/\\\/www.formations-bien-etre.com\\\/wp-content\\\/uploads\\\/2020\\\/03\\\/AdobeStock_276427435-min.jpg\",\"datePublished\":\"2020-05-18T17:28:09+00:00\",\"dateModified\":\"2023-08-07T18:54:17+00:00\",\"description\":\"Soin Massage KUNDALINI. Un courent d\u2019intenses vibrations qui unit le haut et le bas, le ciel et la terre. Un bien-\u00eatre intense, un l\u00e2cher-prise profond\",\"breadcrumb\":{\"@id\":\"https:\\\/\\\/www.formations-bien-etre.com\\\/es\\\/produit\\\/massage-kundalini-lacher-prise-profond\\\/#breadcrumb\"},\"inLanguage\":\"es\",\"potentialAction\":[{\"@type\":\"ReadAction\",\"target\":[\"https:\\\/\\\/www.formations-bien-etre.com\\\/es\\\/produit\\\/massage-kundalini-lacher-prise-profond\\\/\"]}]},{\"@type\":\"ImageObject\",\"inLanguage\":\"es\",\"@id\":\"https:\\\/\\\/www.formations-bien-etre.com\\\/es\\\/produit\\\/massage-kundalini-lacher-prise-profond\\\/#primaryimage\",\"url\":\"https:\\\/\\\/www.formations-bien-etre.com\\\/wp-content\\\/uploads\\\/2020\\\/03\\\/AdobeStock_276427435-min.jpg\",\"contentUrl\":\"https:\\\/\\\/www.formations-bien-etre.com\\\/wp-content\\\/uploads\\\/2020\\\/03\\\/AdobeStock_276427435-min.jpg\",\"width\":1920,\"height\":1275,\"caption\":\"Formation massage kundalini \u00e0 distance Vend\u00e9e Ain r\u00e9gion Rh\u00f4ne Alpes r\u00e9gion Parisienne\"},{\"@type\":\"BreadcrumbList\",\"@id\":\"https:\\\/\\\/www.formations-bien-etre.com\\\/es\\\/produit\\\/massage-kundalini-lacher-prise-profond\\\/#breadcrumb\",\"itemListElement\":[{\"@type\":\"ListItem\",\"position\":1,\"name\":\"Home\",\"item\":\"https:\\\/\\\/www.formations-bien-etre.com\\\/es\\\/\"},{\"@type\":\"ListItem\",\"position\":2,\"name\":\"Boutique bien-\u00eatre\",\"item\":\"https:\\\/\\\/www.formations-bien-etre.com\\\/?page_id=566\"},{\"@type\":\"ListItem\",\"position\":3,\"name\":\"MASAJE KUNDALINI &#8211; Liberaci\u00f3n profunda\"}]},{\"@type\":\"WebSite\",\"@id\":\"https:\\\/\\\/www.formations-bien-etre.com\\\/#website\",\"url\":\"https:\\\/\\\/www.formations-bien-etre.com\\\/\",\"name\":\"Formation Sophrologie Massage \u00e0 Distance\",\"description\":\"Institut de formation en sophrologie et en bien-\u00eatre\",\"potentialAction\":[{\"@type\":\"SearchAction\",\"target\":{\"@type\":\"EntryPoint\",\"urlTemplate\":\"https:\\\/\\\/www.formations-bien-etre.com\\\/?s={search_term_string}\"},\"query-input\":{\"@type\":\"PropertyValueSpecification\",\"valueRequired\":true,\"valueName\":\"search_term_string\"}}],\"inLanguage\":\"es\"}]}<\/script>\n<!-- \/ Yoast SEO plugin. -->","yoast_head_json":{"title":"MASAJE KUNDALINI - Liberaci\u00f3n profunda - Formation Sophrologie Massage \u00e0 distance","description":"Soin Massage KUNDALINI. Un courent d\u2019intenses vibrations qui unit le haut et le bas, le ciel et la terre. Un bien-\u00eatre intense, un l\u00e2cher-prise profond","robots":{"index":"index","follow":"follow","max-snippet":"max-snippet:-1","max-image-preview":"max-image-preview:large","max-video-preview":"max-video-preview:-1"},"canonical":"https:\/\/www.formations-bien-etre.com\/es\/produit\/massage-kundalini-lacher-prise-profond\/","og_locale":"es_ES","og_type":"article","og_title":"Vivez la premi\u00e8re impulsion et touchez \u00e0 une nouvelle dimension de vous-m\u00eame","og_description":"Soin Massage KUNDALINI. Un courent d\u2019intenses vibrations qui unit le haut et le bas, le ciel et la terre. Un bien-\u00eatre intense, un l\u00e2cher-prise profond","og_url":"https:\/\/www.formations-bien-etre.com\/es\/produit\/massage-kundalini-lacher-prise-profond\/","og_site_name":"Formation Sophrologie Massage \u00e0 distance","article_modified_time":"2023-08-07T18:54:17+00:00","og_image":[{"width":1920,"height":1275,"url":"https:\/\/www.formations-bien-etre.com\/wp-content\/uploads\/2020\/03\/AdobeStock_276427435-min.jpg","type":"image\/jpeg"}],"twitter_card":"summary_large_image","twitter_title":"Vivez la premi\u00e8re impulsion et touchez \u00e0 une nouvelle dimension de vous-m\u00eame","twitter_description":"Soin Massage KUNDALINI. Un courent d\u2019intenses vibrations qui unit le haut et le bas, le ciel et la terre. Un bien-\u00eatre intense, un l\u00e2cher-prise profond","twitter_misc":{"Tiempo de lectura":"1 minuto"},"schema":{"@context":"https:\/\/schema.org","@graph":[{"@type":"WebPage","@id":"https:\/\/www.formations-bien-etre.com\/es\/produit\/massage-kundalini-lacher-prise-profond\/","url":"https:\/\/www.formations-bien-etre.com\/es\/produit\/massage-kundalini-lacher-prise-profond\/","name":"MASAJE KUNDALINI - Liberaci\u00f3n profunda - Formation Sophrologie Massage \u00e0 distance","isPartOf":{"@id":"https:\/\/www.formations-bien-etre.com\/#website"},"primaryImageOfPage":{"@id":"https:\/\/www.formations-bien-etre.com\/es\/produit\/massage-kundalini-lacher-prise-profond\/#primaryimage"},"image":{"@id":"https:\/\/www.formations-bien-etre.com\/es\/produit\/massage-kundalini-lacher-prise-profond\/#primaryimage"},"thumbnailUrl":"https:\/\/www.formations-bien-etre.com\/wp-content\/uploads\/2020\/03\/AdobeStock_276427435-min.jpg","datePublished":"2020-05-18T17:28:09+00:00","dateModified":"2023-08-07T18:54:17+00:00","description":"Soin Massage KUNDALINI. Un courent d\u2019intenses vibrations qui unit le haut et le bas, le ciel et la terre. Un bien-\u00eatre intense, un l\u00e2cher-prise profond","breadcrumb":{"@id":"https:\/\/www.formations-bien-etre.com\/es\/produit\/massage-kundalini-lacher-prise-profond\/#breadcrumb"},"inLanguage":"es","potentialAction":[{"@type":"ReadAction","target":["https:\/\/www.formations-bien-etre.com\/es\/produit\/massage-kundalini-lacher-prise-profond\/"]}]},{"@type":"ImageObject","inLanguage":"es","@id":"https:\/\/www.formations-bien-etre.com\/es\/produit\/massage-kundalini-lacher-prise-profond\/#primaryimage","url":"https:\/\/www.formations-bien-etre.com\/wp-content\/uploads\/2020\/03\/AdobeStock_276427435-min.jpg","contentUrl":"https:\/\/www.formations-bien-etre.com\/wp-content\/uploads\/2020\/03\/AdobeStock_276427435-min.jpg","width":1920,"height":1275,"caption":"Formation massage kundalini \u00e0 distance Vend\u00e9e Ain r\u00e9gion Rh\u00f4ne Alpes r\u00e9gion Parisienne"},{"@type":"BreadcrumbList","@id":"https:\/\/www.formations-bien-etre.com\/es\/produit\/massage-kundalini-lacher-prise-profond\/#breadcrumb","itemListElement":[{"@type":"ListItem","position":1,"name":"Home","item":"https:\/\/www.formations-bien-etre.com\/es\/"},{"@type":"ListItem","position":2,"name":"Boutique bien-\u00eatre","item":"https:\/\/www.formations-bien-etre.com\/?page_id=566"},{"@type":"ListItem","position":3,"name":"MASAJE KUNDALINI &#8211; Liberaci\u00f3n profunda"}]},{"@type":"WebSite","@id":"https:\/\/www.formations-bien-etre.com\/#website","url":"https:\/\/www.formations-bien-etre.com\/","name":"Formation Sophrologie Massage \u00e0 Distance","description":"Institut de formation en sophrologie et en bien-\u00eatre","potentialAction":[{"@type":"SearchAction","target":{"@type":"EntryPoint","urlTemplate":"https:\/\/www.formations-bien-etre.com\/?s={search_term_string}"},"query-input":{"@type":"PropertyValueSpecification","valueRequired":true,"valueName":"search_term_string"}}],"inLanguage":"es"}]}},"_links":{"self":[{"href":"https:\/\/www.formations-bien-etre.com\/es\/wp-json\/wp\/v2\/product\/7330","targetHints":{"allow":["GET"]}}],"collection":[{"href":"https:\/\/www.formations-bien-etre.com\/es\/wp-json\/wp\/v2\/product"}],"about":[{"href":"https:\/\/www.formations-bien-etre.com\/es\/wp-json\/wp\/v2\/types\/product"}],"wp:featuredmedia":[{"embeddable":true,"href":"https:\/\/www.formations-bien-etre.com\/es\/wp-json\/wp\/v2\/media\/5686"}],"wp:attachment":[{"href":"https:\/\/www.formations-bien-etre.com\/es\/wp-json\/wp\/v2\/media?parent=7330"}],"wp:term":[{"taxonomy":"product_brand","embeddable":true,"href":"https:\/\/www.formations-bien-etre.com\/es\/wp-json\/wp\/v2\/product_brand?post=7330"},{"taxonomy":"product_cat","embeddable":true,"href":"https:\/\/www.formations-bien-etre.com\/es\/wp-json\/wp\/v2\/product_cat?post=7330"},{"taxonomy":"product_tag","embeddable":true,"href":"https:\/\/www.formations-bien-etre.com\/es\/wp-json\/wp\/v2\/product_tag?post=7330"}],"curies":[{"name":"wp","href":"https:\/\/api.w.org\/{rel}","templated":true}]}}