{"id":7333,"date":"2020-05-18T19:28:09","date_gmt":"2020-05-18T17:28:09","guid":{"rendered":"https:\/\/www.formations-bien-etre.com\/produit\/massage-et-soins-esseniens\/"},"modified":"2023-08-07T21:22:47","modified_gmt":"2023-08-07T19:22:47","slug":"massage-et-soins-esseniens","status":"publish","type":"product","link":"https:\/\/www.formations-bien-etre.com\/es\/produit\/massage-et-soins-esseniens\/","title":{"rendered":"Masajes y tratamientos esenios"},"content":{"rendered":"<p style=\"text-align: left\">\u00abRedescubra su propio centro y permita que su vida gire armoniosamente.<br \/>\nUn tratamiento poderoso y hol\u00edstico.<br \/>\nUna reeducaci\u00f3n del ser hacia una nueva forma de existir.<\/p>\n","protected":false},"excerpt":{"rendered":"<p>Una vida exterior que no se corresponde con lo que se vive en el interior crea tensiones y sufrimientos de los que es dif\u00edcil salir por uno mismo&#8230; Esta t\u00e9cnica es eficaz para ayudarte a reencontrar tu equilibrio, tu centro y tu capacidad de escapar del sufrimiento.<\/p>\n","protected":false},"featured_media":5768,"template":"","meta":{"_acf_changed":false,"_exactmetrics_skip_tracking":false,"_exactmetrics_sitenote_active":false,"_exactmetrics_sitenote_note":"","_exactmetrics_sitenote_category":0},"product_brand":[],"product_cat":[355,364],"product_tag":[59,82,77,78,60,173,239,81,237,182,205,61,167,169,236,66,57,238,75,86],"class_list":{"0":"post-7333","1":"product","2":"type-product","3":"status-publish","4":"has-post-thumbnail","6":"product_cat-entrenamiento-de-bienestar","7":"product_cat-modules-de-formations-massages-bien-etre-es","8":"product_tag-bienetre","9":"product_tag-ecole-formation-massage","10":"product_tag-ecole-sophrologie","11":"product_tag-ecole-sophrologie-distance","12":"product_tag-formation","13":"product_tag-guerison","14":"product_tag-les-esseniens","15":"product_tag-massage","16":"product_tag-massage-essenien","17":"product_tag-massage-bien-etre","18":"product_tag-reiki","19":"product_tag-relaxation","20":"product_tag-sante","21":"product_tag-soin-energetique-chinois","22":"product_tag-soins-esseniens","23":"product_tag-sommeil","24":"product_tag-sophrologie","25":"product_tag-spiritualite-essenienne","26":"product_tag-tele-sophrologie","27":"product_tag-yoga","29":"first","30":"instock","31":"sale","32":"featured","33":"sold-individually","34":"taxable","35":"shipping-taxable","36":"purchasable","37":"product-type-variable"},"acf":[],"yoast_head":"<!-- This site is optimized with the Yoast SEO plugin v27.4 - https:\/\/yoast.com\/product\/yoast-seo-wordpress\/ -->\n<title>Masajes y tratamientos esenios - Formation Sophrologie Massage \u00e0 distance<\/title>\n<meta name=\"description\" content=\"Massage et soins Ess\u00e9niens. Permettre \u00e0 sa vie d&#039;avancer harmonieusement. Soin global et puissant. Une r\u00e9\u00e9ducation vers une autre mani\u00e8re d\u2019exister.\" \/>\n<meta name=\"robots\" content=\"index, follow, max-snippet:-1, max-image-preview:large, max-video-preview:-1\" \/>\n<link rel=\"canonical\" href=\"https:\/\/www.formations-bien-etre.com\/es\/produit\/massage-et-soins-esseniens\/\" \/>\n<meta property=\"og:locale\" content=\"es_ES\" \/>\n<meta property=\"og:type\" content=\"article\" \/>\n<meta property=\"og:title\" content=\"Retrouve ton propre centre pour permettre \u00e0 ta vie de tourner harmonieusement\" \/>\n<meta property=\"og:description\" content=\"Massage et soins Ess\u00e9niens. Un soin global et puissant. Une r\u00e9\u00e9ducation de l\u2019\u00eatre vers une nouvelle mani\u00e8re d\u2019exister.\" \/>\n<meta property=\"og:url\" content=\"https:\/\/www.formations-bien-etre.com\/es\/produit\/massage-et-soins-esseniens\/\" \/>\n<meta property=\"og:site_name\" content=\"Formation Sophrologie Massage \u00e0 distance\" \/>\n<meta property=\"article:modified_time\" content=\"2023-08-07T19:22:47+00:00\" \/>\n<meta property=\"og:image\" content=\"https:\/\/www.formations-bien-etre.com\/wp-content\/uploads\/2020\/05\/Massage-soin-Ess\u00e9nien.jpg\" \/>\n\t<meta property=\"og:image:width\" content=\"640\" \/>\n\t<meta property=\"og:image:height\" content=\"480\" \/>\n\t<meta property=\"og:image:type\" content=\"image\/jpeg\" \/>\n<meta name=\"twitter:card\" content=\"summary_large_image\" \/>\n<meta name=\"twitter:title\" content=\"Retrouve ton propre centre pour permettre \u00e0 ta vie de tourner harmonieusement\" \/>\n<meta name=\"twitter:description\" content=\"Massage et soins Ess\u00e9niens. Un soin global et puissant. Une r\u00e9\u00e9ducation de l\u2019\u00eatre vers une nouvelle mani\u00e8re d\u2019exister.\" \/>\n<meta name=\"twitter:label1\" content=\"Tiempo de lectura\" \/>\n\t<meta name=\"twitter:data1\" content=\"1 minuto\" \/>\n<script type=\"application\/ld+json\" class=\"yoast-schema-graph\">{\"@context\":\"https:\\\/\\\/schema.org\",\"@graph\":[{\"@type\":\"WebPage\",\"@id\":\"https:\\\/\\\/www.formations-bien-etre.com\\\/es\\\/produit\\\/massage-et-soins-esseniens\\\/\",\"url\":\"https:\\\/\\\/www.formations-bien-etre.com\\\/es\\\/produit\\\/massage-et-soins-esseniens\\\/\",\"name\":\"Masajes y tratamientos esenios - Formation Sophrologie Massage \u00e0 distance\",\"isPartOf\":{\"@id\":\"https:\\\/\\\/www.formations-bien-etre.com\\\/#website\"},\"primaryImageOfPage\":{\"@id\":\"https:\\\/\\\/www.formations-bien-etre.com\\\/es\\\/produit\\\/massage-et-soins-esseniens\\\/#primaryimage\"},\"image\":{\"@id\":\"https:\\\/\\\/www.formations-bien-etre.com\\\/es\\\/produit\\\/massage-et-soins-esseniens\\\/#primaryimage\"},\"thumbnailUrl\":\"https:\\\/\\\/www.formations-bien-etre.com\\\/wp-content\\\/uploads\\\/2020\\\/05\\\/Massage-soin-Ess\u00e9nien.jpg\",\"datePublished\":\"2020-05-18T17:28:09+00:00\",\"dateModified\":\"2023-08-07T19:22:47+00:00\",\"description\":\"Massage et soins Ess\u00e9niens. Permettre \u00e0 sa vie d'avancer harmonieusement. Soin global et puissant. Une r\u00e9\u00e9ducation vers une autre mani\u00e8re d\u2019exister.\",\"breadcrumb\":{\"@id\":\"https:\\\/\\\/www.formations-bien-etre.com\\\/es\\\/produit\\\/massage-et-soins-esseniens\\\/#breadcrumb\"},\"inLanguage\":\"es\",\"potentialAction\":[{\"@type\":\"ReadAction\",\"target\":[\"https:\\\/\\\/www.formations-bien-etre.com\\\/es\\\/produit\\\/massage-et-soins-esseniens\\\/\"]}]},{\"@type\":\"ImageObject\",\"inLanguage\":\"es\",\"@id\":\"https:\\\/\\\/www.formations-bien-etre.com\\\/es\\\/produit\\\/massage-et-soins-esseniens\\\/#primaryimage\",\"url\":\"https:\\\/\\\/www.formations-bien-etre.com\\\/wp-content\\\/uploads\\\/2020\\\/05\\\/Massage-soin-Ess\u00e9nien.jpg\",\"contentUrl\":\"https:\\\/\\\/www.formations-bien-etre.com\\\/wp-content\\\/uploads\\\/2020\\\/05\\\/Massage-soin-Ess\u00e9nien.jpg\",\"width\":640,\"height\":480,\"caption\":\"Massage et soins Ess\u00e9niens. Massage et soins Ess\u00e9niens. Permettre \u00e0 sa vie d'avancer harmonieusement. Soin global et puissant. Une r\u00e9\u00e9ducation vers une autre mani\u00e8re d\u2019exister.\"},{\"@type\":\"BreadcrumbList\",\"@id\":\"https:\\\/\\\/www.formations-bien-etre.com\\\/es\\\/produit\\\/massage-et-soins-esseniens\\\/#breadcrumb\",\"itemListElement\":[{\"@type\":\"ListItem\",\"position\":1,\"name\":\"Home\",\"item\":\"https:\\\/\\\/www.formations-bien-etre.com\\\/es\\\/\"},{\"@type\":\"ListItem\",\"position\":2,\"name\":\"Boutique bien-\u00eatre\",\"item\":\"https:\\\/\\\/www.formations-bien-etre.com\\\/?page_id=566\"},{\"@type\":\"ListItem\",\"position\":3,\"name\":\"Masajes y tratamientos esenios\"}]},{\"@type\":\"WebSite\",\"@id\":\"https:\\\/\\\/www.formations-bien-etre.com\\\/#website\",\"url\":\"https:\\\/\\\/www.formations-bien-etre.com\\\/\",\"name\":\"Formation Sophrologie Massage \u00e0 Distance\",\"description\":\"Institut de formation en sophrologie et en bien-\u00eatre\",\"potentialAction\":[{\"@type\":\"SearchAction\",\"target\":{\"@type\":\"EntryPoint\",\"urlTemplate\":\"https:\\\/\\\/www.formations-bien-etre.com\\\/?s={search_term_string}\"},\"query-input\":{\"@type\":\"PropertyValueSpecification\",\"valueRequired\":true,\"valueName\":\"search_term_string\"}}],\"inLanguage\":\"es\"}]}<\/script>\n<!-- \/ Yoast SEO plugin. -->","yoast_head_json":{"title":"Masajes y tratamientos esenios - Formation Sophrologie Massage \u00e0 distance","description":"Massage et soins Ess\u00e9niens. Permettre \u00e0 sa vie d'avancer harmonieusement. Soin global et puissant. Une r\u00e9\u00e9ducation vers une autre mani\u00e8re d\u2019exister.","robots":{"index":"index","follow":"follow","max-snippet":"max-snippet:-1","max-image-preview":"max-image-preview:large","max-video-preview":"max-video-preview:-1"},"canonical":"https:\/\/www.formations-bien-etre.com\/es\/produit\/massage-et-soins-esseniens\/","og_locale":"es_ES","og_type":"article","og_title":"Retrouve ton propre centre pour permettre \u00e0 ta vie de tourner harmonieusement","og_description":"Massage et soins Ess\u00e9niens. Un soin global et puissant. Une r\u00e9\u00e9ducation de l\u2019\u00eatre vers une nouvelle mani\u00e8re d\u2019exister.","og_url":"https:\/\/www.formations-bien-etre.com\/es\/produit\/massage-et-soins-esseniens\/","og_site_name":"Formation Sophrologie Massage \u00e0 distance","article_modified_time":"2023-08-07T19:22:47+00:00","og_image":[{"width":640,"height":480,"url":"https:\/\/www.formations-bien-etre.com\/wp-content\/uploads\/2020\/05\/Massage-soin-Ess\u00e9nien.jpg","type":"image\/jpeg"}],"twitter_card":"summary_large_image","twitter_title":"Retrouve ton propre centre pour permettre \u00e0 ta vie de tourner harmonieusement","twitter_description":"Massage et soins Ess\u00e9niens. Un soin global et puissant. Une r\u00e9\u00e9ducation de l\u2019\u00eatre vers une nouvelle mani\u00e8re d\u2019exister.","twitter_misc":{"Tiempo de lectura":"1 minuto"},"schema":{"@context":"https:\/\/schema.org","@graph":[{"@type":"WebPage","@id":"https:\/\/www.formations-bien-etre.com\/es\/produit\/massage-et-soins-esseniens\/","url":"https:\/\/www.formations-bien-etre.com\/es\/produit\/massage-et-soins-esseniens\/","name":"Masajes y tratamientos esenios - Formation Sophrologie Massage \u00e0 distance","isPartOf":{"@id":"https:\/\/www.formations-bien-etre.com\/#website"},"primaryImageOfPage":{"@id":"https:\/\/www.formations-bien-etre.com\/es\/produit\/massage-et-soins-esseniens\/#primaryimage"},"image":{"@id":"https:\/\/www.formations-bien-etre.com\/es\/produit\/massage-et-soins-esseniens\/#primaryimage"},"thumbnailUrl":"https:\/\/www.formations-bien-etre.com\/wp-content\/uploads\/2020\/05\/Massage-soin-Ess\u00e9nien.jpg","datePublished":"2020-05-18T17:28:09+00:00","dateModified":"2023-08-07T19:22:47+00:00","description":"Massage et soins Ess\u00e9niens. Permettre \u00e0 sa vie d'avancer harmonieusement. Soin global et puissant. Une r\u00e9\u00e9ducation vers une autre mani\u00e8re d\u2019exister.","breadcrumb":{"@id":"https:\/\/www.formations-bien-etre.com\/es\/produit\/massage-et-soins-esseniens\/#breadcrumb"},"inLanguage":"es","potentialAction":[{"@type":"ReadAction","target":["https:\/\/www.formations-bien-etre.com\/es\/produit\/massage-et-soins-esseniens\/"]}]},{"@type":"ImageObject","inLanguage":"es","@id":"https:\/\/www.formations-bien-etre.com\/es\/produit\/massage-et-soins-esseniens\/#primaryimage","url":"https:\/\/www.formations-bien-etre.com\/wp-content\/uploads\/2020\/05\/Massage-soin-Ess\u00e9nien.jpg","contentUrl":"https:\/\/www.formations-bien-etre.com\/wp-content\/uploads\/2020\/05\/Massage-soin-Ess\u00e9nien.jpg","width":640,"height":480,"caption":"Massage et soins Ess\u00e9niens. Massage et soins Ess\u00e9niens. Permettre \u00e0 sa vie d'avancer harmonieusement. Soin global et puissant. Une r\u00e9\u00e9ducation vers une autre mani\u00e8re d\u2019exister."},{"@type":"BreadcrumbList","@id":"https:\/\/www.formations-bien-etre.com\/es\/produit\/massage-et-soins-esseniens\/#breadcrumb","itemListElement":[{"@type":"ListItem","position":1,"name":"Home","item":"https:\/\/www.formations-bien-etre.com\/es\/"},{"@type":"ListItem","position":2,"name":"Boutique bien-\u00eatre","item":"https:\/\/www.formations-bien-etre.com\/?page_id=566"},{"@type":"ListItem","position":3,"name":"Masajes y tratamientos esenios"}]},{"@type":"WebSite","@id":"https:\/\/www.formations-bien-etre.com\/#website","url":"https:\/\/www.formations-bien-etre.com\/","name":"Formation Sophrologie Massage \u00e0 Distance","description":"Institut de formation en sophrologie et en bien-\u00eatre","potentialAction":[{"@type":"SearchAction","target":{"@type":"EntryPoint","urlTemplate":"https:\/\/www.formations-bien-etre.com\/?s={search_term_string}"},"query-input":{"@type":"PropertyValueSpecification","valueRequired":true,"valueName":"search_term_string"}}],"inLanguage":"es"}]}},"_links":{"self":[{"href":"https:\/\/www.formations-bien-etre.com\/es\/wp-json\/wp\/v2\/product\/7333","targetHints":{"allow":["GET"]}}],"collection":[{"href":"https:\/\/www.formations-bien-etre.com\/es\/wp-json\/wp\/v2\/product"}],"about":[{"href":"https:\/\/www.formations-bien-etre.com\/es\/wp-json\/wp\/v2\/types\/product"}],"wp:featuredmedia":[{"embeddable":true,"href":"https:\/\/www.formations-bien-etre.com\/es\/wp-json\/wp\/v2\/media\/5768"}],"wp:attachment":[{"href":"https:\/\/www.formations-bien-etre.com\/es\/wp-json\/wp\/v2\/media?parent=7333"}],"wp:term":[{"taxonomy":"product_brand","embeddable":true,"href":"https:\/\/www.formations-bien-etre.com\/es\/wp-json\/wp\/v2\/product_brand?post=7333"},{"taxonomy":"product_cat","embeddable":true,"href":"https:\/\/www.formations-bien-etre.com\/es\/wp-json\/wp\/v2\/product_cat?post=7333"},{"taxonomy":"product_tag","embeddable":true,"href":"https:\/\/www.formations-bien-etre.com\/es\/wp-json\/wp\/v2\/product_tag?post=7333"}],"curies":[{"name":"wp","href":"https:\/\/api.w.org\/{rel}","templated":true}]}}