{"id":7336,"date":"2020-05-18T19:28:09","date_gmt":"2020-05-18T17:28:09","guid":{"rendered":"https:\/\/www.formations-bien-etre.com\/produit\/massage-cranien-cuir-chevelu\/"},"modified":"2023-08-07T21:43:24","modified_gmt":"2023-08-07T19:43:24","slug":"massage-cranien-cuir-chevelu","status":"publish","type":"product","link":"https:\/\/www.formations-bien-etre.com\/es\/produit\/massage-cranien-cuir-chevelu\/","title":{"rendered":"MASAJE CRANEAL DEL CUERO CABELLUDO"},"content":{"rendered":"<p style=\"text-align: left\">Cuero cabelludo y rostro.<br \/>\nRelajaci\u00f3n potente y duradera.<br \/>\nEste masaje act\u00faa sobre el sistema nervioso oxigenando el sistema vascular y aliviando las tensiones relacionadas con el estr\u00e9s.<\/p>\n","protected":false},"excerpt":{"rendered":"<p><strong>Los beneficios se notan de inmediato.<\/strong><\/p>\n","protected":false},"featured_media":5685,"template":"","meta":{"_acf_changed":false,"_exactmetrics_skip_tracking":false,"_exactmetrics_sitenote_active":false,"_exactmetrics_sitenote_note":"","_exactmetrics_sitenote_category":0},"product_brand":[],"product_cat":[355,364],"product_tag":[59,68,82,77,78,60,229,228,227,230,62,205,61,76,57,86],"class_list":{"0":"post-7336","1":"product","2":"type-product","3":"status-publish","4":"has-post-thumbnail","6":"product_cat-entrenamiento-de-bienestar","7":"product_cat-modules-de-formations-massages-bien-etre-es","8":"product_tag-bienetre","9":"product_tag-bienveillance","10":"product_tag-ecole-formation-massage","11":"product_tag-ecole-sophrologie","12":"product_tag-ecole-sophrologie-distance","13":"product_tag-formation","14":"product_tag-massage-cheveux","15":"product_tag-massage-cranien-cuir-chevelu","16":"product_tag-massage-cuir-chevelu","17":"product_tag-massage-tete-et-nuque","18":"product_tag-meditation","19":"product_tag-reiki","20":"product_tag-relaxation","21":"product_tag-seance-sophrologie","22":"product_tag-sophrologie","23":"product_tag-yoga","25":"first","26":"instock","27":"sale","28":"featured","29":"sold-individually","30":"taxable","31":"shipping-taxable","32":"purchasable","33":"product-type-variable"},"acf":[],"yoast_head":"<!-- This site is optimized with the Yoast SEO plugin v27.4 - https:\/\/yoast.com\/product\/yoast-seo-wordpress\/ -->\n<title>MASAJE CRANEAL DEL CUERO CABELLUDO - Formation Sophrologie Massage \u00e0 distance<\/title>\n<meta name=\"description\" content=\"Massage cuir chevelu &amp; visage. Une d\u00e9tente puissante, durable. Agit sur le syst\u00e8me nerveux, oxyg\u00e9ne le syst\u00e8me vasculaire. Evacue les tensions du stress.\" \/>\n<meta name=\"robots\" content=\"index, follow, max-snippet:-1, max-image-preview:large, max-video-preview:-1\" \/>\n<link rel=\"canonical\" href=\"https:\/\/www.formations-bien-etre.com\/es\/produit\/massage-cranien-cuir-chevelu\/\" \/>\n<meta property=\"og:locale\" content=\"es_ES\" \/>\n<meta property=\"og:type\" content=\"article\" \/>\n<meta property=\"og:title\" content=\"Partagez le plaisir au bout des doigts\" \/>\n<meta property=\"og:description\" content=\"Ce massage agit sur le syst\u00e8me nerveux en oxyg\u00e9nant le syst\u00e8me vasculaire et permet d\u2019\u00e9vacuer les tensions dues au stress. Une d\u00e9tente puissante et durable.\" \/>\n<meta property=\"og:url\" content=\"https:\/\/www.formations-bien-etre.com\/es\/produit\/massage-cranien-cuir-chevelu\/\" \/>\n<meta property=\"og:site_name\" content=\"Formation Sophrologie Massage \u00e0 distance\" \/>\n<meta property=\"article:modified_time\" content=\"2023-08-07T19:43:24+00:00\" \/>\n<meta property=\"og:image\" content=\"https:\/\/www.formations-bien-etre.com\/wp-content\/uploads\/2020\/03\/AdobeStock_266251074-min.jpg\" \/>\n\t<meta property=\"og:image:width\" content=\"1920\" \/>\n\t<meta property=\"og:image:height\" content=\"1280\" \/>\n\t<meta property=\"og:image:type\" content=\"image\/jpeg\" \/>\n<meta name=\"twitter:card\" content=\"summary_large_image\" \/>\n<meta name=\"twitter:title\" content=\"Partagez le plaisir au bout des doigts\" \/>\n<meta name=\"twitter:description\" content=\"Ce massage agit sur le syst\u00e8me nerveux en oxyg\u00e9nant le syst\u00e8me vasculaire et permet d\u2019\u00e9vacuer les tensions dues au stress. Une d\u00e9tente puissante et durable.\" \/>\n<meta name=\"twitter:label1\" content=\"Tiempo de lectura\" \/>\n\t<meta name=\"twitter:data1\" content=\"1 minuto\" \/>\n<script type=\"application\/ld+json\" class=\"yoast-schema-graph\">{\"@context\":\"https:\\\/\\\/schema.org\",\"@graph\":[{\"@type\":\"WebPage\",\"@id\":\"https:\\\/\\\/www.formations-bien-etre.com\\\/es\\\/produit\\\/massage-cranien-cuir-chevelu\\\/\",\"url\":\"https:\\\/\\\/www.formations-bien-etre.com\\\/es\\\/produit\\\/massage-cranien-cuir-chevelu\\\/\",\"name\":\"MASAJE CRANEAL DEL CUERO CABELLUDO - Formation Sophrologie Massage \u00e0 distance\",\"isPartOf\":{\"@id\":\"https:\\\/\\\/www.formations-bien-etre.com\\\/#website\"},\"primaryImageOfPage\":{\"@id\":\"https:\\\/\\\/www.formations-bien-etre.com\\\/es\\\/produit\\\/massage-cranien-cuir-chevelu\\\/#primaryimage\"},\"image\":{\"@id\":\"https:\\\/\\\/www.formations-bien-etre.com\\\/es\\\/produit\\\/massage-cranien-cuir-chevelu\\\/#primaryimage\"},\"thumbnailUrl\":\"https:\\\/\\\/www.formations-bien-etre.com\\\/wp-content\\\/uploads\\\/2020\\\/03\\\/AdobeStock_266251074-min.jpg\",\"datePublished\":\"2020-05-18T17:28:09+00:00\",\"dateModified\":\"2023-08-07T19:43:24+00:00\",\"description\":\"Massage cuir chevelu & visage. Une d\u00e9tente puissante, durable. Agit sur le syst\u00e8me nerveux, oxyg\u00e9ne le syst\u00e8me vasculaire. Evacue les tensions du stress.\",\"breadcrumb\":{\"@id\":\"https:\\\/\\\/www.formations-bien-etre.com\\\/es\\\/produit\\\/massage-cranien-cuir-chevelu\\\/#breadcrumb\"},\"inLanguage\":\"es\",\"potentialAction\":[{\"@type\":\"ReadAction\",\"target\":[\"https:\\\/\\\/www.formations-bien-etre.com\\\/es\\\/produit\\\/massage-cranien-cuir-chevelu\\\/\"]}]},{\"@type\":\"ImageObject\",\"inLanguage\":\"es\",\"@id\":\"https:\\\/\\\/www.formations-bien-etre.com\\\/es\\\/produit\\\/massage-cranien-cuir-chevelu\\\/#primaryimage\",\"url\":\"https:\\\/\\\/www.formations-bien-etre.com\\\/wp-content\\\/uploads\\\/2020\\\/03\\\/AdobeStock_266251074-min.jpg\",\"contentUrl\":\"https:\\\/\\\/www.formations-bien-etre.com\\\/wp-content\\\/uploads\\\/2020\\\/03\\\/AdobeStock_266251074-min.jpg\",\"width\":1920,\"height\":1280,\"caption\":\"Formation massage Cr\u00e2nien Cuir Chevelu et cr\u00e2nio-sacr\u00e9 \u00e0 distance Vend\u00e9e Ain r\u00e9gion Rh\u00f4ne Alpes r\u00e9gion Parisienne\"},{\"@type\":\"BreadcrumbList\",\"@id\":\"https:\\\/\\\/www.formations-bien-etre.com\\\/es\\\/produit\\\/massage-cranien-cuir-chevelu\\\/#breadcrumb\",\"itemListElement\":[{\"@type\":\"ListItem\",\"position\":1,\"name\":\"Home\",\"item\":\"https:\\\/\\\/www.formations-bien-etre.com\\\/es\\\/\"},{\"@type\":\"ListItem\",\"position\":2,\"name\":\"Boutique bien-\u00eatre\",\"item\":\"https:\\\/\\\/www.formations-bien-etre.com\\\/?page_id=566\"},{\"@type\":\"ListItem\",\"position\":3,\"name\":\"MASAJE CRANEAL DEL CUERO CABELLUDO\"}]},{\"@type\":\"WebSite\",\"@id\":\"https:\\\/\\\/www.formations-bien-etre.com\\\/#website\",\"url\":\"https:\\\/\\\/www.formations-bien-etre.com\\\/\",\"name\":\"Formation Sophrologie Massage \u00e0 Distance\",\"description\":\"Institut de formation en sophrologie et en bien-\u00eatre\",\"potentialAction\":[{\"@type\":\"SearchAction\",\"target\":{\"@type\":\"EntryPoint\",\"urlTemplate\":\"https:\\\/\\\/www.formations-bien-etre.com\\\/?s={search_term_string}\"},\"query-input\":{\"@type\":\"PropertyValueSpecification\",\"valueRequired\":true,\"valueName\":\"search_term_string\"}}],\"inLanguage\":\"es\"}]}<\/script>\n<!-- \/ Yoast SEO plugin. -->","yoast_head_json":{"title":"MASAJE CRANEAL DEL CUERO CABELLUDO - Formation Sophrologie Massage \u00e0 distance","description":"Massage cuir chevelu & visage. Une d\u00e9tente puissante, durable. Agit sur le syst\u00e8me nerveux, oxyg\u00e9ne le syst\u00e8me vasculaire. Evacue les tensions du stress.","robots":{"index":"index","follow":"follow","max-snippet":"max-snippet:-1","max-image-preview":"max-image-preview:large","max-video-preview":"max-video-preview:-1"},"canonical":"https:\/\/www.formations-bien-etre.com\/es\/produit\/massage-cranien-cuir-chevelu\/","og_locale":"es_ES","og_type":"article","og_title":"Partagez le plaisir au bout des doigts","og_description":"Ce massage agit sur le syst\u00e8me nerveux en oxyg\u00e9nant le syst\u00e8me vasculaire et permet d\u2019\u00e9vacuer les tensions dues au stress. Une d\u00e9tente puissante et durable.","og_url":"https:\/\/www.formations-bien-etre.com\/es\/produit\/massage-cranien-cuir-chevelu\/","og_site_name":"Formation Sophrologie Massage \u00e0 distance","article_modified_time":"2023-08-07T19:43:24+00:00","og_image":[{"width":1920,"height":1280,"url":"https:\/\/www.formations-bien-etre.com\/wp-content\/uploads\/2020\/03\/AdobeStock_266251074-min.jpg","type":"image\/jpeg"}],"twitter_card":"summary_large_image","twitter_title":"Partagez le plaisir au bout des doigts","twitter_description":"Ce massage agit sur le syst\u00e8me nerveux en oxyg\u00e9nant le syst\u00e8me vasculaire et permet d\u2019\u00e9vacuer les tensions dues au stress. Une d\u00e9tente puissante et durable.","twitter_misc":{"Tiempo de lectura":"1 minuto"},"schema":{"@context":"https:\/\/schema.org","@graph":[{"@type":"WebPage","@id":"https:\/\/www.formations-bien-etre.com\/es\/produit\/massage-cranien-cuir-chevelu\/","url":"https:\/\/www.formations-bien-etre.com\/es\/produit\/massage-cranien-cuir-chevelu\/","name":"MASAJE CRANEAL DEL CUERO CABELLUDO - Formation Sophrologie Massage \u00e0 distance","isPartOf":{"@id":"https:\/\/www.formations-bien-etre.com\/#website"},"primaryImageOfPage":{"@id":"https:\/\/www.formations-bien-etre.com\/es\/produit\/massage-cranien-cuir-chevelu\/#primaryimage"},"image":{"@id":"https:\/\/www.formations-bien-etre.com\/es\/produit\/massage-cranien-cuir-chevelu\/#primaryimage"},"thumbnailUrl":"https:\/\/www.formations-bien-etre.com\/wp-content\/uploads\/2020\/03\/AdobeStock_266251074-min.jpg","datePublished":"2020-05-18T17:28:09+00:00","dateModified":"2023-08-07T19:43:24+00:00","description":"Massage cuir chevelu & visage. Une d\u00e9tente puissante, durable. Agit sur le syst\u00e8me nerveux, oxyg\u00e9ne le syst\u00e8me vasculaire. Evacue les tensions du stress.","breadcrumb":{"@id":"https:\/\/www.formations-bien-etre.com\/es\/produit\/massage-cranien-cuir-chevelu\/#breadcrumb"},"inLanguage":"es","potentialAction":[{"@type":"ReadAction","target":["https:\/\/www.formations-bien-etre.com\/es\/produit\/massage-cranien-cuir-chevelu\/"]}]},{"@type":"ImageObject","inLanguage":"es","@id":"https:\/\/www.formations-bien-etre.com\/es\/produit\/massage-cranien-cuir-chevelu\/#primaryimage","url":"https:\/\/www.formations-bien-etre.com\/wp-content\/uploads\/2020\/03\/AdobeStock_266251074-min.jpg","contentUrl":"https:\/\/www.formations-bien-etre.com\/wp-content\/uploads\/2020\/03\/AdobeStock_266251074-min.jpg","width":1920,"height":1280,"caption":"Formation massage Cr\u00e2nien Cuir Chevelu et cr\u00e2nio-sacr\u00e9 \u00e0 distance Vend\u00e9e Ain r\u00e9gion Rh\u00f4ne Alpes r\u00e9gion Parisienne"},{"@type":"BreadcrumbList","@id":"https:\/\/www.formations-bien-etre.com\/es\/produit\/massage-cranien-cuir-chevelu\/#breadcrumb","itemListElement":[{"@type":"ListItem","position":1,"name":"Home","item":"https:\/\/www.formations-bien-etre.com\/es\/"},{"@type":"ListItem","position":2,"name":"Boutique bien-\u00eatre","item":"https:\/\/www.formations-bien-etre.com\/?page_id=566"},{"@type":"ListItem","position":3,"name":"MASAJE CRANEAL DEL CUERO CABELLUDO"}]},{"@type":"WebSite","@id":"https:\/\/www.formations-bien-etre.com\/#website","url":"https:\/\/www.formations-bien-etre.com\/","name":"Formation Sophrologie Massage \u00e0 Distance","description":"Institut de formation en sophrologie et en bien-\u00eatre","potentialAction":[{"@type":"SearchAction","target":{"@type":"EntryPoint","urlTemplate":"https:\/\/www.formations-bien-etre.com\/?s={search_term_string}"},"query-input":{"@type":"PropertyValueSpecification","valueRequired":true,"valueName":"search_term_string"}}],"inLanguage":"es"}]}},"_links":{"self":[{"href":"https:\/\/www.formations-bien-etre.com\/es\/wp-json\/wp\/v2\/product\/7336","targetHints":{"allow":["GET"]}}],"collection":[{"href":"https:\/\/www.formations-bien-etre.com\/es\/wp-json\/wp\/v2\/product"}],"about":[{"href":"https:\/\/www.formations-bien-etre.com\/es\/wp-json\/wp\/v2\/types\/product"}],"wp:featuredmedia":[{"embeddable":true,"href":"https:\/\/www.formations-bien-etre.com\/es\/wp-json\/wp\/v2\/media\/5685"}],"wp:attachment":[{"href":"https:\/\/www.formations-bien-etre.com\/es\/wp-json\/wp\/v2\/media?parent=7336"}],"wp:term":[{"taxonomy":"product_brand","embeddable":true,"href":"https:\/\/www.formations-bien-etre.com\/es\/wp-json\/wp\/v2\/product_brand?post=7336"},{"taxonomy":"product_cat","embeddable":true,"href":"https:\/\/www.formations-bien-etre.com\/es\/wp-json\/wp\/v2\/product_cat?post=7336"},{"taxonomy":"product_tag","embeddable":true,"href":"https:\/\/www.formations-bien-etre.com\/es\/wp-json\/wp\/v2\/product_tag?post=7336"}],"curies":[{"name":"wp","href":"https:\/\/api.w.org\/{rel}","templated":true}]}}