{"id":7348,"date":"2020-05-18T19:28:09","date_gmt":"2020-05-18T17:28:09","guid":{"rendered":"https:\/\/www.formations-bien-etre.com\/produit\/massage-assis\/"},"modified":"2023-08-07T21:52:32","modified_gmt":"2023-08-07T19:52:32","slug":"massage-assis","status":"publish","type":"product","link":"https:\/\/www.formations-bien-etre.com\/es\/produit\/massage-assis\/","title":{"rendered":"MASAJE SENTADO"},"content":{"rendered":"<p style=\"text-align: center\">Bienestar de la espalda, masaje sentado Amma aument\u00f3<\/p>\n<p style=\"text-align: center\">En silla, vestido y sobre la piel aceitada, para empresas y particulares.<br \/>\n\u00abAmma\u00bb significa \u00abcalmar con las manos\u00bb.<br \/>\nEsta t\u00e9cnica aumentada permite trabajar de dos formas muy diferentes en una silla:<br \/>\n&#8211; Vestida.<br \/>\n&#8211; Con aceites sobre la espalda desnuda.<\/p>\n","protected":false},"excerpt":{"rendered":"<p style=\"text-align: center\">Esta t\u00e9cnica de masaje Amma aumentada permite trabajar de dos formas muy diferentes y complementarias en una silla:<br \/>\n&#8211; Vestida.<br \/>\n&#8211; Con aceites sobre la espalda desnuda.<\/p>\n","protected":false},"featured_media":5728,"template":"","meta":{"_acf_changed":false,"_exactmetrics_skip_tracking":false,"_exactmetrics_sitenote_active":false,"_exactmetrics_sitenote_note":"","_exactmetrics_sitenote_category":0},"product_brand":[],"product_cat":[355,364],"product_tag":[],"class_list":{"0":"post-7348","1":"product","2":"type-product","3":"status-publish","4":"has-post-thumbnail","6":"product_cat-entrenamiento-de-bienestar","7":"product_cat-modules-de-formations-massages-bien-etre-es","9":"first","10":"instock","11":"sale","12":"sold-individually","13":"taxable","14":"shipping-taxable","15":"purchasable","16":"product-type-variable"},"acf":[],"yoast_head":"<!-- This site is optimized with the Yoast SEO plugin v27.4 - https:\/\/yoast.com\/product\/yoast-seo-wordpress\/ -->\n<title>MASAJE SENTADO - Formation Sophrologie Massage \u00e0 distance<\/title>\n<meta name=\"robots\" content=\"index, follow, max-snippet:-1, max-image-preview:large, max-video-preview:-1\" \/>\n<link rel=\"canonical\" href=\"https:\/\/www.formations-bien-etre.com\/es\/produit\/massage-assis\/\" \/>\n<meta property=\"og:locale\" content=\"es_ES\" \/>\n<meta property=\"og:type\" content=\"article\" \/>\n<meta property=\"og:title\" content=\"MASAJE SENTADO - Formation Sophrologie Massage \u00e0 distance\" \/>\n<meta property=\"og:description\" content=\"Esta t\u00e9cnica de masaje Amma aumentada permite trabajar de dos formas muy diferentes y complementarias en una silla: - Vestida. - Con aceites sobre la espalda desnuda.\" \/>\n<meta property=\"og:url\" content=\"https:\/\/www.formations-bien-etre.com\/es\/produit\/massage-assis\/\" \/>\n<meta property=\"og:site_name\" content=\"Formation Sophrologie Massage \u00e0 distance\" \/>\n<meta property=\"article:modified_time\" content=\"2023-08-07T19:52:32+00:00\" \/>\n<meta property=\"og:image\" content=\"https:\/\/www.formations-bien-etre.com\/wp-content\/uploads\/2020\/05\/Formation-massage-Cr\u00e2nien-Cuir-Chevelu-\u00e0-distance-Vend\u00e9e-Ain-r\u00e9gion-Rh\u00f4ne-Alpes-r\u00e9gion-Parisienne.jpg\" \/>\n\t<meta property=\"og:image:width\" content=\"1484\" \/>\n\t<meta property=\"og:image:height\" content=\"864\" \/>\n\t<meta property=\"og:image:type\" content=\"image\/jpeg\" \/>\n<meta name=\"twitter:card\" content=\"summary_large_image\" \/>\n<meta name=\"twitter:label1\" content=\"Tiempo de lectura\" \/>\n\t<meta name=\"twitter:data1\" content=\"1 minuto\" \/>\n<script type=\"application\/ld+json\" class=\"yoast-schema-graph\">{\"@context\":\"https:\\\/\\\/schema.org\",\"@graph\":[{\"@type\":\"WebPage\",\"@id\":\"https:\\\/\\\/www.formations-bien-etre.com\\\/es\\\/produit\\\/massage-assis\\\/\",\"url\":\"https:\\\/\\\/www.formations-bien-etre.com\\\/es\\\/produit\\\/massage-assis\\\/\",\"name\":\"MASAJE SENTADO - Formation Sophrologie Massage \u00e0 distance\",\"isPartOf\":{\"@id\":\"https:\\\/\\\/www.formations-bien-etre.com\\\/#website\"},\"primaryImageOfPage\":{\"@id\":\"https:\\\/\\\/www.formations-bien-etre.com\\\/es\\\/produit\\\/massage-assis\\\/#primaryimage\"},\"image\":{\"@id\":\"https:\\\/\\\/www.formations-bien-etre.com\\\/es\\\/produit\\\/massage-assis\\\/#primaryimage\"},\"thumbnailUrl\":\"https:\\\/\\\/www.formations-bien-etre.com\\\/wp-content\\\/uploads\\\/2020\\\/05\\\/Formation-massage-Cr\u00e2nien-Cuir-Chevelu-\u00e0-distance-Vend\u00e9e-Ain-r\u00e9gion-Rh\u00f4ne-Alpes-r\u00e9gion-Parisienne.jpg\",\"datePublished\":\"2020-05-18T17:28:09+00:00\",\"dateModified\":\"2023-08-07T19:52:32+00:00\",\"breadcrumb\":{\"@id\":\"https:\\\/\\\/www.formations-bien-etre.com\\\/es\\\/produit\\\/massage-assis\\\/#breadcrumb\"},\"inLanguage\":\"es\",\"potentialAction\":[{\"@type\":\"ReadAction\",\"target\":[\"https:\\\/\\\/www.formations-bien-etre.com\\\/es\\\/produit\\\/massage-assis\\\/\"]}]},{\"@type\":\"ImageObject\",\"inLanguage\":\"es\",\"@id\":\"https:\\\/\\\/www.formations-bien-etre.com\\\/es\\\/produit\\\/massage-assis\\\/#primaryimage\",\"url\":\"https:\\\/\\\/www.formations-bien-etre.com\\\/wp-content\\\/uploads\\\/2020\\\/05\\\/Formation-massage-Cr\u00e2nien-Cuir-Chevelu-\u00e0-distance-Vend\u00e9e-Ain-r\u00e9gion-Rh\u00f4ne-Alpes-r\u00e9gion-Parisienne.jpg\",\"contentUrl\":\"https:\\\/\\\/www.formations-bien-etre.com\\\/wp-content\\\/uploads\\\/2020\\\/05\\\/Formation-massage-Cr\u00e2nien-Cuir-Chevelu-\u00e0-distance-Vend\u00e9e-Ain-r\u00e9gion-Rh\u00f4ne-Alpes-r\u00e9gion-Parisienne.jpg\",\"width\":1484,\"height\":864,\"caption\":\"Formation massage du dos assis Amma \u00e0 distance Vend\u00e9e Ain r\u00e9gion Rh\u00f4ne Alpes r\u00e9gion Parisienne\"},{\"@type\":\"BreadcrumbList\",\"@id\":\"https:\\\/\\\/www.formations-bien-etre.com\\\/es\\\/produit\\\/massage-assis\\\/#breadcrumb\",\"itemListElement\":[{\"@type\":\"ListItem\",\"position\":1,\"name\":\"Home\",\"item\":\"https:\\\/\\\/www.formations-bien-etre.com\\\/es\\\/\"},{\"@type\":\"ListItem\",\"position\":2,\"name\":\"Boutique bien-\u00eatre\",\"item\":\"https:\\\/\\\/www.formations-bien-etre.com\\\/?page_id=566\"},{\"@type\":\"ListItem\",\"position\":3,\"name\":\"MASAJE SENTADO\"}]},{\"@type\":\"WebSite\",\"@id\":\"https:\\\/\\\/www.formations-bien-etre.com\\\/#website\",\"url\":\"https:\\\/\\\/www.formations-bien-etre.com\\\/\",\"name\":\"Formation Sophrologie Massage \u00e0 Distance\",\"description\":\"Institut de formation en sophrologie et en bien-\u00eatre\",\"potentialAction\":[{\"@type\":\"SearchAction\",\"target\":{\"@type\":\"EntryPoint\",\"urlTemplate\":\"https:\\\/\\\/www.formations-bien-etre.com\\\/?s={search_term_string}\"},\"query-input\":{\"@type\":\"PropertyValueSpecification\",\"valueRequired\":true,\"valueName\":\"search_term_string\"}}],\"inLanguage\":\"es\"}]}<\/script>\n<!-- \/ Yoast SEO plugin. -->","yoast_head_json":{"title":"MASAJE SENTADO - Formation Sophrologie Massage \u00e0 distance","robots":{"index":"index","follow":"follow","max-snippet":"max-snippet:-1","max-image-preview":"max-image-preview:large","max-video-preview":"max-video-preview:-1"},"canonical":"https:\/\/www.formations-bien-etre.com\/es\/produit\/massage-assis\/","og_locale":"es_ES","og_type":"article","og_title":"MASAJE SENTADO - Formation Sophrologie Massage \u00e0 distance","og_description":"Esta t\u00e9cnica de masaje Amma aumentada permite trabajar de dos formas muy diferentes y complementarias en una silla: - Vestida. - Con aceites sobre la espalda desnuda.","og_url":"https:\/\/www.formations-bien-etre.com\/es\/produit\/massage-assis\/","og_site_name":"Formation Sophrologie Massage \u00e0 distance","article_modified_time":"2023-08-07T19:52:32+00:00","og_image":[{"width":1484,"height":864,"url":"https:\/\/www.formations-bien-etre.com\/wp-content\/uploads\/2020\/05\/Formation-massage-Cr\u00e2nien-Cuir-Chevelu-\u00e0-distance-Vend\u00e9e-Ain-r\u00e9gion-Rh\u00f4ne-Alpes-r\u00e9gion-Parisienne.jpg","type":"image\/jpeg"}],"twitter_card":"summary_large_image","twitter_misc":{"Tiempo de lectura":"1 minuto"},"schema":{"@context":"https:\/\/schema.org","@graph":[{"@type":"WebPage","@id":"https:\/\/www.formations-bien-etre.com\/es\/produit\/massage-assis\/","url":"https:\/\/www.formations-bien-etre.com\/es\/produit\/massage-assis\/","name":"MASAJE SENTADO - Formation Sophrologie Massage \u00e0 distance","isPartOf":{"@id":"https:\/\/www.formations-bien-etre.com\/#website"},"primaryImageOfPage":{"@id":"https:\/\/www.formations-bien-etre.com\/es\/produit\/massage-assis\/#primaryimage"},"image":{"@id":"https:\/\/www.formations-bien-etre.com\/es\/produit\/massage-assis\/#primaryimage"},"thumbnailUrl":"https:\/\/www.formations-bien-etre.com\/wp-content\/uploads\/2020\/05\/Formation-massage-Cr\u00e2nien-Cuir-Chevelu-\u00e0-distance-Vend\u00e9e-Ain-r\u00e9gion-Rh\u00f4ne-Alpes-r\u00e9gion-Parisienne.jpg","datePublished":"2020-05-18T17:28:09+00:00","dateModified":"2023-08-07T19:52:32+00:00","breadcrumb":{"@id":"https:\/\/www.formations-bien-etre.com\/es\/produit\/massage-assis\/#breadcrumb"},"inLanguage":"es","potentialAction":[{"@type":"ReadAction","target":["https:\/\/www.formations-bien-etre.com\/es\/produit\/massage-assis\/"]}]},{"@type":"ImageObject","inLanguage":"es","@id":"https:\/\/www.formations-bien-etre.com\/es\/produit\/massage-assis\/#primaryimage","url":"https:\/\/www.formations-bien-etre.com\/wp-content\/uploads\/2020\/05\/Formation-massage-Cr\u00e2nien-Cuir-Chevelu-\u00e0-distance-Vend\u00e9e-Ain-r\u00e9gion-Rh\u00f4ne-Alpes-r\u00e9gion-Parisienne.jpg","contentUrl":"https:\/\/www.formations-bien-etre.com\/wp-content\/uploads\/2020\/05\/Formation-massage-Cr\u00e2nien-Cuir-Chevelu-\u00e0-distance-Vend\u00e9e-Ain-r\u00e9gion-Rh\u00f4ne-Alpes-r\u00e9gion-Parisienne.jpg","width":1484,"height":864,"caption":"Formation massage du dos assis Amma \u00e0 distance Vend\u00e9e Ain r\u00e9gion Rh\u00f4ne Alpes r\u00e9gion Parisienne"},{"@type":"BreadcrumbList","@id":"https:\/\/www.formations-bien-etre.com\/es\/produit\/massage-assis\/#breadcrumb","itemListElement":[{"@type":"ListItem","position":1,"name":"Home","item":"https:\/\/www.formations-bien-etre.com\/es\/"},{"@type":"ListItem","position":2,"name":"Boutique bien-\u00eatre","item":"https:\/\/www.formations-bien-etre.com\/?page_id=566"},{"@type":"ListItem","position":3,"name":"MASAJE SENTADO"}]},{"@type":"WebSite","@id":"https:\/\/www.formations-bien-etre.com\/#website","url":"https:\/\/www.formations-bien-etre.com\/","name":"Formation Sophrologie Massage \u00e0 Distance","description":"Institut de formation en sophrologie et en bien-\u00eatre","potentialAction":[{"@type":"SearchAction","target":{"@type":"EntryPoint","urlTemplate":"https:\/\/www.formations-bien-etre.com\/?s={search_term_string}"},"query-input":{"@type":"PropertyValueSpecification","valueRequired":true,"valueName":"search_term_string"}}],"inLanguage":"es"}]}},"_links":{"self":[{"href":"https:\/\/www.formations-bien-etre.com\/es\/wp-json\/wp\/v2\/product\/7348","targetHints":{"allow":["GET"]}}],"collection":[{"href":"https:\/\/www.formations-bien-etre.com\/es\/wp-json\/wp\/v2\/product"}],"about":[{"href":"https:\/\/www.formations-bien-etre.com\/es\/wp-json\/wp\/v2\/types\/product"}],"wp:featuredmedia":[{"embeddable":true,"href":"https:\/\/www.formations-bien-etre.com\/es\/wp-json\/wp\/v2\/media\/5728"}],"wp:attachment":[{"href":"https:\/\/www.formations-bien-etre.com\/es\/wp-json\/wp\/v2\/media?parent=7348"}],"wp:term":[{"taxonomy":"product_brand","embeddable":true,"href":"https:\/\/www.formations-bien-etre.com\/es\/wp-json\/wp\/v2\/product_brand?post=7348"},{"taxonomy":"product_cat","embeddable":true,"href":"https:\/\/www.formations-bien-etre.com\/es\/wp-json\/wp\/v2\/product_cat?post=7348"},{"taxonomy":"product_tag","embeddable":true,"href":"https:\/\/www.formations-bien-etre.com\/es\/wp-json\/wp\/v2\/product_tag?post=7348"}],"curies":[{"name":"wp","href":"https:\/\/api.w.org\/{rel}","templated":true}]}}