{"id":7349,"date":"2020-05-18T19:28:08","date_gmt":"2020-05-18T17:28:08","guid":{"rendered":"https:\/\/www.formations-bien-etre.com\/produit\/massage-post-natal-apres-bebe\/"},"modified":"2023-08-07T22:03:18","modified_gmt":"2023-08-07T20:03:18","slug":"massage-post-natal-apres-bebe","status":"publish","type":"product","link":"https:\/\/www.formations-bien-etre.com\/es\/produit\/massage-post-natal-apres-bebe\/","title":{"rendered":"Masaje postparto &#8211; Despu\u00e9s del beb\u00e9"},"content":{"rendered":"<p style=\"text-align: left\">En algunas partes de Oriente, las madres reciben este masaje durante 40 d\u00edas despu\u00e9s de dar a luz.<br \/>\nPara una madre que acaba de tener un beb\u00e9, el cuidado del cuerpo y el equilibrio emocional deben ir de la mano.<\/p>\n","protected":false},"excerpt":{"rendered":"<p>Hay una oportunidad de entrenar al padre. Est\u00e1 en casa y puede disfrutar cuidando de su amorcito.<br \/>\nEsto contribuye a reforzar la relaci\u00f3n de pareja.<\/p>\n","protected":false},"featured_media":5683,"template":"","meta":{"_acf_changed":false,"_exactmetrics_skip_tracking":false,"_exactmetrics_sitenote_active":false,"_exactmetrics_sitenote_note":"","_exactmetrics_sitenote_category":0},"product_brand":[],"product_cat":[355,364],"product_tag":[59,68,82,77,78,256,258,257,255,182,62,205,61,76,75,86],"class_list":{"0":"post-7349","1":"product","2":"type-product","3":"status-publish","4":"has-post-thumbnail","6":"product_cat-entrenamiento-de-bienestar","7":"product_cat-modules-de-formations-massages-bien-etre-es","8":"product_tag-bienetre","9":"product_tag-bienveillance","10":"product_tag-ecole-formation-massage","11":"product_tag-ecole-sophrologie","12":"product_tag-ecole-sophrologie-distance","13":"product_tag-massage-apres-accouchement","14":"product_tag-massage-bebe","15":"product_tag-massage-grossesse","16":"product_tag-massage-post-natal","17":"product_tag-massage-bien-etre","18":"product_tag-meditation","19":"product_tag-reiki","20":"product_tag-relaxation","21":"product_tag-seance-sophrologie","22":"product_tag-tele-sophrologie","23":"product_tag-yoga","25":"first","26":"instock","27":"sale","28":"featured","29":"sold-individually","30":"taxable","31":"shipping-taxable","32":"purchasable","33":"product-type-variable"},"acf":[],"yoast_head":"<!-- This site is optimized with the Yoast SEO plugin v27.4 - https:\/\/yoast.com\/product\/yoast-seo-wordpress\/ -->\n<title>Masaje postparto - Despu\u00e9s del beb\u00e9 - Formation Sophrologie Massage \u00e0 distance<\/title>\n<meta name=\"description\" content=\"Massage Post-natal - Apr\u00e8s b\u00e9b\u00e9. Pour la maman qui vient d\u2019accoucher, les soins corporelles et l\u2019\u00e9quilibre \u00e9motionnel doivent aller de pair. Apprenez-le !\" \/>\n<meta name=\"robots\" content=\"index, follow, max-snippet:-1, max-image-preview:large, max-video-preview:-1\" \/>\n<link rel=\"canonical\" href=\"https:\/\/www.formations-bien-etre.com\/es\/produit\/massage-post-natal-apres-bebe\/\" \/>\n<meta property=\"og:locale\" content=\"es_ES\" \/>\n<meta property=\"og:type\" content=\"article\" \/>\n<meta property=\"og:title\" content=\"Changer sa vie pour lui ! Du bonheur, de la douceur...\" \/>\n<meta property=\"og:description\" content=\"Dans certaines r\u00e9gions d\u2019Orient la maman re\u00e7oit ce massage pendant les 40 jours qui suivent l\u2019accouchement. Pour la maman qui vient d\u2019avoir son b\u00e9b\u00e9, les soins corporelles et l\u2019\u00e9quilibre \u00e9motionnel doivent aller de pair, pour elle et pour lui.\" \/>\n<meta property=\"og:url\" content=\"https:\/\/www.formations-bien-etre.com\/es\/produit\/massage-post-natal-apres-bebe\/\" \/>\n<meta property=\"og:site_name\" content=\"Formation Sophrologie Massage \u00e0 distance\" \/>\n<meta property=\"article:modified_time\" content=\"2023-08-07T20:03:18+00:00\" \/>\n<meta property=\"og:image\" content=\"https:\/\/www.formations-bien-etre.com\/wp-content\/uploads\/2020\/03\/AdobeStock_244559124-min.jpg\" \/>\n\t<meta property=\"og:image:width\" content=\"1920\" \/>\n\t<meta property=\"og:image:height\" content=\"1080\" \/>\n\t<meta property=\"og:image:type\" content=\"image\/jpeg\" \/>\n<meta name=\"twitter:card\" content=\"summary_large_image\" \/>\n<meta name=\"twitter:title\" content=\"Changer sa vie pour lui ! Du bonheur, de la douceur...\" \/>\n<meta name=\"twitter:description\" content=\"Dans certaines r\u00e9gions d\u2019Orient la maman re\u00e7oit ce massage pendant les 40 jours qui suivent l\u2019accouchement. Pour la maman qui vient d\u2019avoir son b\u00e9b\u00e9, les soins corporelles et l\u2019\u00e9quilibre \u00e9motionnel doivent aller de pair, pour elle et pour lui.\" \/>\n<meta name=\"twitter:label1\" content=\"Tiempo de lectura\" \/>\n\t<meta name=\"twitter:data1\" content=\"1 minuto\" \/>\n<script type=\"application\/ld+json\" class=\"yoast-schema-graph\">{\"@context\":\"https:\\\/\\\/schema.org\",\"@graph\":[{\"@type\":\"WebPage\",\"@id\":\"https:\\\/\\\/www.formations-bien-etre.com\\\/es\\\/produit\\\/massage-post-natal-apres-bebe\\\/\",\"url\":\"https:\\\/\\\/www.formations-bien-etre.com\\\/es\\\/produit\\\/massage-post-natal-apres-bebe\\\/\",\"name\":\"Masaje postparto - Despu\u00e9s del beb\u00e9 - Formation Sophrologie Massage \u00e0 distance\",\"isPartOf\":{\"@id\":\"https:\\\/\\\/www.formations-bien-etre.com\\\/#website\"},\"primaryImageOfPage\":{\"@id\":\"https:\\\/\\\/www.formations-bien-etre.com\\\/es\\\/produit\\\/massage-post-natal-apres-bebe\\\/#primaryimage\"},\"image\":{\"@id\":\"https:\\\/\\\/www.formations-bien-etre.com\\\/es\\\/produit\\\/massage-post-natal-apres-bebe\\\/#primaryimage\"},\"thumbnailUrl\":\"https:\\\/\\\/www.formations-bien-etre.com\\\/wp-content\\\/uploads\\\/2020\\\/03\\\/AdobeStock_244559124-min.jpg\",\"datePublished\":\"2020-05-18T17:28:08+00:00\",\"dateModified\":\"2023-08-07T20:03:18+00:00\",\"description\":\"Massage Post-natal - Apr\u00e8s b\u00e9b\u00e9. Pour la maman qui vient d\u2019accoucher, les soins corporelles et l\u2019\u00e9quilibre \u00e9motionnel doivent aller de pair. Apprenez-le !\",\"breadcrumb\":{\"@id\":\"https:\\\/\\\/www.formations-bien-etre.com\\\/es\\\/produit\\\/massage-post-natal-apres-bebe\\\/#breadcrumb\"},\"inLanguage\":\"es\",\"potentialAction\":[{\"@type\":\"ReadAction\",\"target\":[\"https:\\\/\\\/www.formations-bien-etre.com\\\/es\\\/produit\\\/massage-post-natal-apres-bebe\\\/\"]}]},{\"@type\":\"ImageObject\",\"inLanguage\":\"es\",\"@id\":\"https:\\\/\\\/www.formations-bien-etre.com\\\/es\\\/produit\\\/massage-post-natal-apres-bebe\\\/#primaryimage\",\"url\":\"https:\\\/\\\/www.formations-bien-etre.com\\\/wp-content\\\/uploads\\\/2020\\\/03\\\/AdobeStock_244559124-min.jpg\",\"contentUrl\":\"https:\\\/\\\/www.formations-bien-etre.com\\\/wp-content\\\/uploads\\\/2020\\\/03\\\/AdobeStock_244559124-min.jpg\",\"width\":1920,\"height\":1080,\"caption\":\"Formation massage post natal \u00e0 distance Vend\u00e9e Ain r\u00e9gion Rh\u00f4ne Alpes r\u00e9gion Parisienne\"},{\"@type\":\"BreadcrumbList\",\"@id\":\"https:\\\/\\\/www.formations-bien-etre.com\\\/es\\\/produit\\\/massage-post-natal-apres-bebe\\\/#breadcrumb\",\"itemListElement\":[{\"@type\":\"ListItem\",\"position\":1,\"name\":\"Home\",\"item\":\"https:\\\/\\\/www.formations-bien-etre.com\\\/es\\\/\"},{\"@type\":\"ListItem\",\"position\":2,\"name\":\"Boutique bien-\u00eatre\",\"item\":\"https:\\\/\\\/www.formations-bien-etre.com\\\/?page_id=566\"},{\"@type\":\"ListItem\",\"position\":3,\"name\":\"Masaje postparto &#8211; Despu\u00e9s del beb\u00e9\"}]},{\"@type\":\"WebSite\",\"@id\":\"https:\\\/\\\/www.formations-bien-etre.com\\\/#website\",\"url\":\"https:\\\/\\\/www.formations-bien-etre.com\\\/\",\"name\":\"Formation Sophrologie Massage \u00e0 Distance\",\"description\":\"Institut de formation en sophrologie et en bien-\u00eatre\",\"potentialAction\":[{\"@type\":\"SearchAction\",\"target\":{\"@type\":\"EntryPoint\",\"urlTemplate\":\"https:\\\/\\\/www.formations-bien-etre.com\\\/?s={search_term_string}\"},\"query-input\":{\"@type\":\"PropertyValueSpecification\",\"valueRequired\":true,\"valueName\":\"search_term_string\"}}],\"inLanguage\":\"es\"}]}<\/script>\n<!-- \/ Yoast SEO plugin. -->","yoast_head_json":{"title":"Masaje postparto - Despu\u00e9s del beb\u00e9 - Formation Sophrologie Massage \u00e0 distance","description":"Massage Post-natal - Apr\u00e8s b\u00e9b\u00e9. Pour la maman qui vient d\u2019accoucher, les soins corporelles et l\u2019\u00e9quilibre \u00e9motionnel doivent aller de pair. Apprenez-le !","robots":{"index":"index","follow":"follow","max-snippet":"max-snippet:-1","max-image-preview":"max-image-preview:large","max-video-preview":"max-video-preview:-1"},"canonical":"https:\/\/www.formations-bien-etre.com\/es\/produit\/massage-post-natal-apres-bebe\/","og_locale":"es_ES","og_type":"article","og_title":"Changer sa vie pour lui ! Du bonheur, de la douceur...","og_description":"Dans certaines r\u00e9gions d\u2019Orient la maman re\u00e7oit ce massage pendant les 40 jours qui suivent l\u2019accouchement. Pour la maman qui vient d\u2019avoir son b\u00e9b\u00e9, les soins corporelles et l\u2019\u00e9quilibre \u00e9motionnel doivent aller de pair, pour elle et pour lui.","og_url":"https:\/\/www.formations-bien-etre.com\/es\/produit\/massage-post-natal-apres-bebe\/","og_site_name":"Formation Sophrologie Massage \u00e0 distance","article_modified_time":"2023-08-07T20:03:18+00:00","og_image":[{"width":1920,"height":1080,"url":"https:\/\/www.formations-bien-etre.com\/wp-content\/uploads\/2020\/03\/AdobeStock_244559124-min.jpg","type":"image\/jpeg"}],"twitter_card":"summary_large_image","twitter_title":"Changer sa vie pour lui ! Du bonheur, de la douceur...","twitter_description":"Dans certaines r\u00e9gions d\u2019Orient la maman re\u00e7oit ce massage pendant les 40 jours qui suivent l\u2019accouchement. Pour la maman qui vient d\u2019avoir son b\u00e9b\u00e9, les soins corporelles et l\u2019\u00e9quilibre \u00e9motionnel doivent aller de pair, pour elle et pour lui.","twitter_misc":{"Tiempo de lectura":"1 minuto"},"schema":{"@context":"https:\/\/schema.org","@graph":[{"@type":"WebPage","@id":"https:\/\/www.formations-bien-etre.com\/es\/produit\/massage-post-natal-apres-bebe\/","url":"https:\/\/www.formations-bien-etre.com\/es\/produit\/massage-post-natal-apres-bebe\/","name":"Masaje postparto - Despu\u00e9s del beb\u00e9 - Formation Sophrologie Massage \u00e0 distance","isPartOf":{"@id":"https:\/\/www.formations-bien-etre.com\/#website"},"primaryImageOfPage":{"@id":"https:\/\/www.formations-bien-etre.com\/es\/produit\/massage-post-natal-apres-bebe\/#primaryimage"},"image":{"@id":"https:\/\/www.formations-bien-etre.com\/es\/produit\/massage-post-natal-apres-bebe\/#primaryimage"},"thumbnailUrl":"https:\/\/www.formations-bien-etre.com\/wp-content\/uploads\/2020\/03\/AdobeStock_244559124-min.jpg","datePublished":"2020-05-18T17:28:08+00:00","dateModified":"2023-08-07T20:03:18+00:00","description":"Massage Post-natal - Apr\u00e8s b\u00e9b\u00e9. Pour la maman qui vient d\u2019accoucher, les soins corporelles et l\u2019\u00e9quilibre \u00e9motionnel doivent aller de pair. Apprenez-le !","breadcrumb":{"@id":"https:\/\/www.formations-bien-etre.com\/es\/produit\/massage-post-natal-apres-bebe\/#breadcrumb"},"inLanguage":"es","potentialAction":[{"@type":"ReadAction","target":["https:\/\/www.formations-bien-etre.com\/es\/produit\/massage-post-natal-apres-bebe\/"]}]},{"@type":"ImageObject","inLanguage":"es","@id":"https:\/\/www.formations-bien-etre.com\/es\/produit\/massage-post-natal-apres-bebe\/#primaryimage","url":"https:\/\/www.formations-bien-etre.com\/wp-content\/uploads\/2020\/03\/AdobeStock_244559124-min.jpg","contentUrl":"https:\/\/www.formations-bien-etre.com\/wp-content\/uploads\/2020\/03\/AdobeStock_244559124-min.jpg","width":1920,"height":1080,"caption":"Formation massage post natal \u00e0 distance Vend\u00e9e Ain r\u00e9gion Rh\u00f4ne Alpes r\u00e9gion Parisienne"},{"@type":"BreadcrumbList","@id":"https:\/\/www.formations-bien-etre.com\/es\/produit\/massage-post-natal-apres-bebe\/#breadcrumb","itemListElement":[{"@type":"ListItem","position":1,"name":"Home","item":"https:\/\/www.formations-bien-etre.com\/es\/"},{"@type":"ListItem","position":2,"name":"Boutique bien-\u00eatre","item":"https:\/\/www.formations-bien-etre.com\/?page_id=566"},{"@type":"ListItem","position":3,"name":"Masaje postparto &#8211; Despu\u00e9s del beb\u00e9"}]},{"@type":"WebSite","@id":"https:\/\/www.formations-bien-etre.com\/#website","url":"https:\/\/www.formations-bien-etre.com\/","name":"Formation Sophrologie Massage \u00e0 Distance","description":"Institut de formation en sophrologie et en bien-\u00eatre","potentialAction":[{"@type":"SearchAction","target":{"@type":"EntryPoint","urlTemplate":"https:\/\/www.formations-bien-etre.com\/?s={search_term_string}"},"query-input":{"@type":"PropertyValueSpecification","valueRequired":true,"valueName":"search_term_string"}}],"inLanguage":"es"}]}},"_links":{"self":[{"href":"https:\/\/www.formations-bien-etre.com\/es\/wp-json\/wp\/v2\/product\/7349","targetHints":{"allow":["GET"]}}],"collection":[{"href":"https:\/\/www.formations-bien-etre.com\/es\/wp-json\/wp\/v2\/product"}],"about":[{"href":"https:\/\/www.formations-bien-etre.com\/es\/wp-json\/wp\/v2\/types\/product"}],"wp:featuredmedia":[{"embeddable":true,"href":"https:\/\/www.formations-bien-etre.com\/es\/wp-json\/wp\/v2\/media\/5683"}],"wp:attachment":[{"href":"https:\/\/www.formations-bien-etre.com\/es\/wp-json\/wp\/v2\/media?parent=7349"}],"wp:term":[{"taxonomy":"product_brand","embeddable":true,"href":"https:\/\/www.formations-bien-etre.com\/es\/wp-json\/wp\/v2\/product_brand?post=7349"},{"taxonomy":"product_cat","embeddable":true,"href":"https:\/\/www.formations-bien-etre.com\/es\/wp-json\/wp\/v2\/product_cat?post=7349"},{"taxonomy":"product_tag","embeddable":true,"href":"https:\/\/www.formations-bien-etre.com\/es\/wp-json\/wp\/v2\/product_tag?post=7349"}],"curies":[{"name":"wp","href":"https:\/\/api.w.org\/{rel}","templated":true}]}}