{"id":7351,"date":"2020-05-18T19:28:08","date_gmt":"2020-05-18T17:28:08","guid":{"rendered":"https:\/\/www.formations-bien-etre.com\/produit\/massage-cristallo-floral-roses-de-damas-et-quartz-rose\/"},"modified":"2023-08-07T22:27:48","modified_gmt":"2023-08-07T20:27:48","slug":"massage-cristallo-floral-roses-de-damas-et-quartz-rose","status":"publish","type":"product","link":"https:\/\/www.formations-bien-etre.com\/es\/produit\/massage-cristallo-floral-roses-de-damas-et-quartz-rose\/","title":{"rendered":"Masaje cristalo-floral &#8211; Rosas de Damasco y cuarzo rosa"},"content":{"rendered":"<p>Un momento de suavidad y confort para redescubrir tu feminidad m\u00e1s profunda.<br \/>\nHonra a la diosa que toda mujer lleva dentro.<br \/>\n\u00abPorque las personas excepcionales merecen la mejor atenci\u00f3n, \u00a1t\u00fa te lo mereces!<br \/>\nIsabelle M\u00e9tais &#8211; Fundadora del m\u00e9todo en 2004<\/p>\n","protected":false},"excerpt":{"rendered":"<p>Este masaje maravillosamente femenino utiliza las virtudes del aceite esencial de Rosa de Damasco y el cristal de cuarzo rosa.<br \/>\nLa experiencia me ha demostrado que a los hombres tambi\u00e9n les encanta.<\/p>\n","protected":false},"featured_media":5690,"template":"","meta":{"_acf_changed":false,"_exactmetrics_skip_tracking":false,"_exactmetrics_sitenote_active":false,"_exactmetrics_sitenote_note":"","_exactmetrics_sitenote_category":0},"product_brand":[],"product_cat":[355,364],"product_tag":[59,269,82,77,78,60,267,271,272,182,62,270,205,61,268,76,57,75,86],"class_list":{"0":"post-7351","1":"product","2":"type-product","3":"status-publish","4":"has-post-thumbnail","6":"product_cat-entrenamiento-de-bienestar","7":"product_cat-modules-de-formations-massages-bien-etre-es","8":"product_tag-bienetre","9":"product_tag-cristal-de-quartz-rose","10":"product_tag-ecole-formation-massage","11":"product_tag-ecole-sophrologie","12":"product_tag-ecole-sophrologie-distance","13":"product_tag-formation","14":"product_tag-massage-cristallo-floral","15":"product_tag-massage-femme","16":"product_tag-massage-gay","17":"product_tag-massage-bien-etre","18":"product_tag-meditation","19":"product_tag-quartz-rose","20":"product_tag-reiki","21":"product_tag-relaxation","22":"product_tag-roses-de-damas","23":"product_tag-seance-sophrologie","24":"product_tag-sophrologie","25":"product_tag-tele-sophrologie","26":"product_tag-yoga","28":"first","29":"instock","30":"sale","31":"featured","32":"sold-individually","33":"taxable","34":"shipping-taxable","35":"purchasable","36":"product-type-variable"},"acf":[],"yoast_head":"<!-- This site is optimized with the Yoast SEO plugin v27.4 - https:\/\/yoast.com\/product\/yoast-seo-wordpress\/ -->\n<title>Masaje cristalo-floral - Rosas de Damasco y cuarzo rosa - Formation Sophrologie Massage \u00e0 distance<\/title>\n<meta name=\"description\" content=\"Massage cristallo-floral - Roses de Damas et Quartz rose. Un moment de douceur et de r\u00e9confort pour retrouver sa f\u00e9minit\u00e9 profonde. Honorez la d\u00e9esse en soi\" \/>\n<meta name=\"robots\" content=\"index, follow, max-snippet:-1, max-image-preview:large, max-video-preview:-1\" \/>\n<link rel=\"canonical\" href=\"https:\/\/www.formations-bien-etre.com\/es\/produit\/massage-cristallo-floral-roses-de-damas-et-quartz-rose\/\" \/>\n<meta property=\"og:locale\" content=\"es_ES\" \/>\n<meta property=\"og:type\" content=\"article\" \/>\n<meta property=\"og:title\" content=\"Vous \u00eates une d\u00e9esse, le savez-vous ?\" \/>\n<meta property=\"og:description\" content=\"Massage cristallo-floral - Roses de Damas et Quartz rose, un moment de douceur et de r\u00e9confort pour retrouver sa f\u00e9minit\u00e9 profonde. \u00ab Parce que les gens d\u2019exception m\u00e9ritent les plus belles attentions \u00bb Isabelle M\u00e9tais \u2013 Fondatrice de la m\u00e9thode en 2004\" \/>\n<meta property=\"og:url\" content=\"https:\/\/www.formations-bien-etre.com\/es\/produit\/massage-cristallo-floral-roses-de-damas-et-quartz-rose\/\" \/>\n<meta property=\"og:site_name\" content=\"Formation Sophrologie Massage \u00e0 distance\" \/>\n<meta property=\"article:modified_time\" content=\"2023-08-07T20:27:48+00:00\" \/>\n<meta property=\"og:image\" content=\"https:\/\/www.formations-bien-etre.com\/wp-content\/uploads\/2020\/03\/shutterstock_1056741347-min.jpg\" \/>\n\t<meta property=\"og:image:width\" content=\"1920\" \/>\n\t<meta property=\"og:image:height\" content=\"1272\" \/>\n\t<meta property=\"og:image:type\" content=\"image\/jpeg\" \/>\n<meta name=\"twitter:card\" content=\"summary_large_image\" \/>\n<meta name=\"twitter:title\" content=\"Vous \u00eates une d\u00e9esse, le savez-vous ?\" \/>\n<meta name=\"twitter:description\" content=\"Massage cristallo-floral - Roses de Damas et Quartz rose, un moment de douceur et de r\u00e9confort pour retrouver sa f\u00e9minit\u00e9 profonde. \u00ab Parce que les gens d\u2019exception m\u00e9ritent les plus belles attentions \u00bb Isabelle M\u00e9tais \u2013 Fondatrice de la m\u00e9thode en 2004\" \/>\n<meta name=\"twitter:label1\" content=\"Tiempo de lectura\" \/>\n\t<meta name=\"twitter:data1\" content=\"1 minuto\" \/>\n<script type=\"application\/ld+json\" class=\"yoast-schema-graph\">{\"@context\":\"https:\\\/\\\/schema.org\",\"@graph\":[{\"@type\":\"WebPage\",\"@id\":\"https:\\\/\\\/www.formations-bien-etre.com\\\/es\\\/produit\\\/massage-cristallo-floral-roses-de-damas-et-quartz-rose\\\/\",\"url\":\"https:\\\/\\\/www.formations-bien-etre.com\\\/es\\\/produit\\\/massage-cristallo-floral-roses-de-damas-et-quartz-rose\\\/\",\"name\":\"Masaje cristalo-floral - Rosas de Damasco y cuarzo rosa - Formation Sophrologie Massage \u00e0 distance\",\"isPartOf\":{\"@id\":\"https:\\\/\\\/www.formations-bien-etre.com\\\/#website\"},\"primaryImageOfPage\":{\"@id\":\"https:\\\/\\\/www.formations-bien-etre.com\\\/es\\\/produit\\\/massage-cristallo-floral-roses-de-damas-et-quartz-rose\\\/#primaryimage\"},\"image\":{\"@id\":\"https:\\\/\\\/www.formations-bien-etre.com\\\/es\\\/produit\\\/massage-cristallo-floral-roses-de-damas-et-quartz-rose\\\/#primaryimage\"},\"thumbnailUrl\":\"https:\\\/\\\/www.formations-bien-etre.com\\\/wp-content\\\/uploads\\\/2020\\\/03\\\/shutterstock_1056741347-min.jpg\",\"datePublished\":\"2020-05-18T17:28:08+00:00\",\"dateModified\":\"2023-08-07T20:27:48+00:00\",\"description\":\"Massage cristallo-floral - Roses de Damas et Quartz rose. Un moment de douceur et de r\u00e9confort pour retrouver sa f\u00e9minit\u00e9 profonde. Honorez la d\u00e9esse en soi\",\"breadcrumb\":{\"@id\":\"https:\\\/\\\/www.formations-bien-etre.com\\\/es\\\/produit\\\/massage-cristallo-floral-roses-de-damas-et-quartz-rose\\\/#breadcrumb\"},\"inLanguage\":\"es\",\"potentialAction\":[{\"@type\":\"ReadAction\",\"target\":[\"https:\\\/\\\/www.formations-bien-etre.com\\\/es\\\/produit\\\/massage-cristallo-floral-roses-de-damas-et-quartz-rose\\\/\"]}]},{\"@type\":\"ImageObject\",\"inLanguage\":\"es\",\"@id\":\"https:\\\/\\\/www.formations-bien-etre.com\\\/es\\\/produit\\\/massage-cristallo-floral-roses-de-damas-et-quartz-rose\\\/#primaryimage\",\"url\":\"https:\\\/\\\/www.formations-bien-etre.com\\\/wp-content\\\/uploads\\\/2020\\\/03\\\/shutterstock_1056741347-min.jpg\",\"contentUrl\":\"https:\\\/\\\/www.formations-bien-etre.com\\\/wp-content\\\/uploads\\\/2020\\\/03\\\/shutterstock_1056741347-min.jpg\",\"width\":1920,\"height\":1272,\"caption\":\"Formation massage cristallo-floral \u00e0 distance Vend\u00e9e Ain r\u00e9gion Rh\u00f4ne Alpes r\u00e9gion Parisienne\"},{\"@type\":\"BreadcrumbList\",\"@id\":\"https:\\\/\\\/www.formations-bien-etre.com\\\/es\\\/produit\\\/massage-cristallo-floral-roses-de-damas-et-quartz-rose\\\/#breadcrumb\",\"itemListElement\":[{\"@type\":\"ListItem\",\"position\":1,\"name\":\"Home\",\"item\":\"https:\\\/\\\/www.formations-bien-etre.com\\\/es\\\/\"},{\"@type\":\"ListItem\",\"position\":2,\"name\":\"Boutique bien-\u00eatre\",\"item\":\"https:\\\/\\\/www.formations-bien-etre.com\\\/?page_id=566\"},{\"@type\":\"ListItem\",\"position\":3,\"name\":\"Masaje cristalo-floral &#8211; Rosas de Damasco y cuarzo rosa\"}]},{\"@type\":\"WebSite\",\"@id\":\"https:\\\/\\\/www.formations-bien-etre.com\\\/#website\",\"url\":\"https:\\\/\\\/www.formations-bien-etre.com\\\/\",\"name\":\"Formation Sophrologie Massage \u00e0 Distance\",\"description\":\"Institut de formation en sophrologie et en bien-\u00eatre\",\"potentialAction\":[{\"@type\":\"SearchAction\",\"target\":{\"@type\":\"EntryPoint\",\"urlTemplate\":\"https:\\\/\\\/www.formations-bien-etre.com\\\/?s={search_term_string}\"},\"query-input\":{\"@type\":\"PropertyValueSpecification\",\"valueRequired\":true,\"valueName\":\"search_term_string\"}}],\"inLanguage\":\"es\"}]}<\/script>\n<!-- \/ Yoast SEO plugin. -->","yoast_head_json":{"title":"Masaje cristalo-floral - Rosas de Damasco y cuarzo rosa - Formation Sophrologie Massage \u00e0 distance","description":"Massage cristallo-floral - Roses de Damas et Quartz rose. Un moment de douceur et de r\u00e9confort pour retrouver sa f\u00e9minit\u00e9 profonde. Honorez la d\u00e9esse en soi","robots":{"index":"index","follow":"follow","max-snippet":"max-snippet:-1","max-image-preview":"max-image-preview:large","max-video-preview":"max-video-preview:-1"},"canonical":"https:\/\/www.formations-bien-etre.com\/es\/produit\/massage-cristallo-floral-roses-de-damas-et-quartz-rose\/","og_locale":"es_ES","og_type":"article","og_title":"Vous \u00eates une d\u00e9esse, le savez-vous ?","og_description":"Massage cristallo-floral - Roses de Damas et Quartz rose, un moment de douceur et de r\u00e9confort pour retrouver sa f\u00e9minit\u00e9 profonde. \u00ab Parce que les gens d\u2019exception m\u00e9ritent les plus belles attentions \u00bb Isabelle M\u00e9tais \u2013 Fondatrice de la m\u00e9thode en 2004","og_url":"https:\/\/www.formations-bien-etre.com\/es\/produit\/massage-cristallo-floral-roses-de-damas-et-quartz-rose\/","og_site_name":"Formation Sophrologie Massage \u00e0 distance","article_modified_time":"2023-08-07T20:27:48+00:00","og_image":[{"width":1920,"height":1272,"url":"https:\/\/www.formations-bien-etre.com\/wp-content\/uploads\/2020\/03\/shutterstock_1056741347-min.jpg","type":"image\/jpeg"}],"twitter_card":"summary_large_image","twitter_title":"Vous \u00eates une d\u00e9esse, le savez-vous ?","twitter_description":"Massage cristallo-floral - Roses de Damas et Quartz rose, un moment de douceur et de r\u00e9confort pour retrouver sa f\u00e9minit\u00e9 profonde. \u00ab Parce que les gens d\u2019exception m\u00e9ritent les plus belles attentions \u00bb Isabelle M\u00e9tais \u2013 Fondatrice de la m\u00e9thode en 2004","twitter_misc":{"Tiempo de lectura":"1 minuto"},"schema":{"@context":"https:\/\/schema.org","@graph":[{"@type":"WebPage","@id":"https:\/\/www.formations-bien-etre.com\/es\/produit\/massage-cristallo-floral-roses-de-damas-et-quartz-rose\/","url":"https:\/\/www.formations-bien-etre.com\/es\/produit\/massage-cristallo-floral-roses-de-damas-et-quartz-rose\/","name":"Masaje cristalo-floral - Rosas de Damasco y cuarzo rosa - Formation Sophrologie Massage \u00e0 distance","isPartOf":{"@id":"https:\/\/www.formations-bien-etre.com\/#website"},"primaryImageOfPage":{"@id":"https:\/\/www.formations-bien-etre.com\/es\/produit\/massage-cristallo-floral-roses-de-damas-et-quartz-rose\/#primaryimage"},"image":{"@id":"https:\/\/www.formations-bien-etre.com\/es\/produit\/massage-cristallo-floral-roses-de-damas-et-quartz-rose\/#primaryimage"},"thumbnailUrl":"https:\/\/www.formations-bien-etre.com\/wp-content\/uploads\/2020\/03\/shutterstock_1056741347-min.jpg","datePublished":"2020-05-18T17:28:08+00:00","dateModified":"2023-08-07T20:27:48+00:00","description":"Massage cristallo-floral - Roses de Damas et Quartz rose. Un moment de douceur et de r\u00e9confort pour retrouver sa f\u00e9minit\u00e9 profonde. Honorez la d\u00e9esse en soi","breadcrumb":{"@id":"https:\/\/www.formations-bien-etre.com\/es\/produit\/massage-cristallo-floral-roses-de-damas-et-quartz-rose\/#breadcrumb"},"inLanguage":"es","potentialAction":[{"@type":"ReadAction","target":["https:\/\/www.formations-bien-etre.com\/es\/produit\/massage-cristallo-floral-roses-de-damas-et-quartz-rose\/"]}]},{"@type":"ImageObject","inLanguage":"es","@id":"https:\/\/www.formations-bien-etre.com\/es\/produit\/massage-cristallo-floral-roses-de-damas-et-quartz-rose\/#primaryimage","url":"https:\/\/www.formations-bien-etre.com\/wp-content\/uploads\/2020\/03\/shutterstock_1056741347-min.jpg","contentUrl":"https:\/\/www.formations-bien-etre.com\/wp-content\/uploads\/2020\/03\/shutterstock_1056741347-min.jpg","width":1920,"height":1272,"caption":"Formation massage cristallo-floral \u00e0 distance Vend\u00e9e Ain r\u00e9gion Rh\u00f4ne Alpes r\u00e9gion Parisienne"},{"@type":"BreadcrumbList","@id":"https:\/\/www.formations-bien-etre.com\/es\/produit\/massage-cristallo-floral-roses-de-damas-et-quartz-rose\/#breadcrumb","itemListElement":[{"@type":"ListItem","position":1,"name":"Home","item":"https:\/\/www.formations-bien-etre.com\/es\/"},{"@type":"ListItem","position":2,"name":"Boutique bien-\u00eatre","item":"https:\/\/www.formations-bien-etre.com\/?page_id=566"},{"@type":"ListItem","position":3,"name":"Masaje cristalo-floral &#8211; Rosas de Damasco y cuarzo rosa"}]},{"@type":"WebSite","@id":"https:\/\/www.formations-bien-etre.com\/#website","url":"https:\/\/www.formations-bien-etre.com\/","name":"Formation Sophrologie Massage \u00e0 Distance","description":"Institut de formation en sophrologie et en bien-\u00eatre","potentialAction":[{"@type":"SearchAction","target":{"@type":"EntryPoint","urlTemplate":"https:\/\/www.formations-bien-etre.com\/?s={search_term_string}"},"query-input":{"@type":"PropertyValueSpecification","valueRequired":true,"valueName":"search_term_string"}}],"inLanguage":"es"}]}},"_links":{"self":[{"href":"https:\/\/www.formations-bien-etre.com\/es\/wp-json\/wp\/v2\/product\/7351","targetHints":{"allow":["GET"]}}],"collection":[{"href":"https:\/\/www.formations-bien-etre.com\/es\/wp-json\/wp\/v2\/product"}],"about":[{"href":"https:\/\/www.formations-bien-etre.com\/es\/wp-json\/wp\/v2\/types\/product"}],"wp:featuredmedia":[{"embeddable":true,"href":"https:\/\/www.formations-bien-etre.com\/es\/wp-json\/wp\/v2\/media\/5690"}],"wp:attachment":[{"href":"https:\/\/www.formations-bien-etre.com\/es\/wp-json\/wp\/v2\/media?parent=7351"}],"wp:term":[{"taxonomy":"product_brand","embeddable":true,"href":"https:\/\/www.formations-bien-etre.com\/es\/wp-json\/wp\/v2\/product_brand?post=7351"},{"taxonomy":"product_cat","embeddable":true,"href":"https:\/\/www.formations-bien-etre.com\/es\/wp-json\/wp\/v2\/product_cat?post=7351"},{"taxonomy":"product_tag","embeddable":true,"href":"https:\/\/www.formations-bien-etre.com\/es\/wp-json\/wp\/v2\/product_tag?post=7351"}],"curies":[{"name":"wp","href":"https:\/\/api.w.org\/{rel}","templated":true}]}}