{"id":7355,"date":"2020-05-18T19:24:50","date_gmt":"2020-05-18T17:24:50","guid":{"rendered":"https:\/\/www.formations-bien-etre.com\/produit\/praticien-future-maman-et-bebe\/"},"modified":"2023-08-29T09:15:39","modified_gmt":"2023-08-29T07:15:39","slug":"praticien-future-maman-et-bebe","status":"publish","type":"product","link":"https:\/\/www.formations-bien-etre.com\/es\/produit\/praticien-future-maman-et-bebe\/","title":{"rendered":"Practicante de la madre y el beb\u00e9"},"content":{"rendered":"<p>Este fabuloso curso incluye la preparaci\u00f3n al parto mediante la respiraci\u00f3n, los cuidados y el masaje. Se acompa\u00f1a a la futura madre hasta el parto con un masaje de bienestar especialmente dise\u00f1ado para ella. Es una maravillosa aventura hasta el parto. Tambi\u00e9n se trata de seguir siendo mujer sin dejar de ser madre.<\/p>\n<p>La sofrolog\u00eda, la escucha, los tratamientos y masajes especializados est\u00e1n ah\u00ed para acompa\u00f1arla en estos momentos de la vida, en estos cambios que pueden afectar a su cuerpo, sus sentimientos, sus emociones, su psique, sus h\u00e1bitos y todo lo inherente a la metamorfosis.<br \/>\nEl objetivo es apoyarla para que pueda aprovechar al m\u00e1ximo este hermoso momento de la vida.<\/p>\n","protected":false},"excerpt":{"rendered":"<p style=\"padding-left: 40px;\">\u00a1Convi\u00e9rtase en un profesional de apoyo a la futura madre!<br \/>\nDe 6 a 8 m\u00f3dulos de formaci\u00f3n<br \/>\nTu misi\u00f3n ser\u00e1 ayudar a las futuras mam\u00e1s a vivir plenamente su embarazo hasta el nacimiento de su beb\u00e9, y a seguir siendo mujeres despu\u00e9s del parto.<\/p>\n","protected":false},"featured_media":5617,"template":"","meta":{"_acf_changed":false,"_exactmetrics_skip_tracking":false,"_exactmetrics_sitenote_active":false,"_exactmetrics_sitenote_note":"","_exactmetrics_sitenote_category":0},"product_brand":[],"product_cat":[355,359],"product_tag":[64,214,68,82,77,78,72,290,256,258,182,302,205,86],"class_list":{"0":"post-7355","1":"product","2":"type-product","3":"status-publish","4":"has-post-thumbnail","6":"product_cat-entrenamiento-de-bienestar","7":"product_cat-formations-metiers-bien-etre-es","8":"product_tag-angoisse","9":"product_tag-aromatherapie-et-massages","10":"product_tag-bienveillance","11":"product_tag-ecole-formation-massage","12":"product_tag-ecole-sophrologie","13":"product_tag-ecole-sophrologie-distance","14":"product_tag-ecoute-active","15":"product_tag-le-massage-lateral","16":"product_tag-massage-apres-accouchement","17":"product_tag-massage-bebe","18":"product_tag-massage-bien-etre","19":"product_tag-praticien-future-maman-et-bebe","20":"product_tag-reiki","21":"product_tag-yoga","23":"first","24":"instock","25":"featured","26":"sold-individually","27":"taxable","28":"shipping-taxable","29":"purchasable","30":"product-type-variable"},"acf":[],"yoast_head":"<!-- This site is optimized with the Yoast SEO plugin v27.4 - https:\/\/yoast.com\/product\/yoast-seo-wordpress\/ -->\n<title>Practicante de la madre y el beb\u00e9 - Formation Sophrologie Massage \u00e0 distance<\/title>\n<meta name=\"description\" content=\"Praticien future maman\/b\u00e9b\u00e9. Soutenir la future maman et son b\u00e9b\u00e9 afin qu\u2019ils puissent profiter pleinement de ces grandes \u00e9tapes de la vie. Isabelle M\u00e9tais\" \/>\n<meta name=\"robots\" content=\"index, follow, max-snippet:-1, max-image-preview:large, max-video-preview:-1\" \/>\n<link rel=\"canonical\" href=\"https:\/\/www.formations-bien-etre.com\/es\/produit\/praticien-future-maman-et-bebe\/\" \/>\n<meta property=\"og:locale\" content=\"es_ES\" \/>\n<meta property=\"og:type\" content=\"article\" \/>\n<meta property=\"og:title\" content=\"Practicante de la madre y el beb\u00e9 - Formation Sophrologie Massage \u00e0 distance\" \/>\n<meta property=\"og:description\" content=\"Praticien future maman\/b\u00e9b\u00e9. Soutenir la future maman et son b\u00e9b\u00e9 afin qu\u2019ils puissent profiter pleinement de ces grandes \u00e9tapes de la vie. Isabelle M\u00e9tais\" \/>\n<meta property=\"og:url\" content=\"https:\/\/www.formations-bien-etre.com\/es\/produit\/praticien-future-maman-et-bebe\/\" \/>\n<meta property=\"og:site_name\" content=\"Formation Sophrologie Massage \u00e0 distance\" \/>\n<meta property=\"article:modified_time\" content=\"2023-08-29T07:15:39+00:00\" \/>\n<meta property=\"og:image\" content=\"https:\/\/www.formations-bien-etre.com\/wp-content\/uploads\/2020\/02\/sophrologie-grossesse.jpg\" \/>\n\t<meta property=\"og:image:width\" content=\"232\" \/>\n\t<meta property=\"og:image:height\" content=\"300\" \/>\n\t<meta property=\"og:image:type\" content=\"image\/jpeg\" \/>\n<meta name=\"twitter:card\" content=\"summary_large_image\" \/>\n<meta name=\"twitter:label1\" content=\"Tiempo de lectura\" \/>\n\t<meta name=\"twitter:data1\" content=\"1 minuto\" \/>\n<script type=\"application\/ld+json\" class=\"yoast-schema-graph\">{\"@context\":\"https:\\\/\\\/schema.org\",\"@graph\":[{\"@type\":\"WebPage\",\"@id\":\"https:\\\/\\\/www.formations-bien-etre.com\\\/es\\\/produit\\\/praticien-future-maman-et-bebe\\\/\",\"url\":\"https:\\\/\\\/www.formations-bien-etre.com\\\/es\\\/produit\\\/praticien-future-maman-et-bebe\\\/\",\"name\":\"Practicante de la madre y el beb\u00e9 - Formation Sophrologie Massage \u00e0 distance\",\"isPartOf\":{\"@id\":\"https:\\\/\\\/www.formations-bien-etre.com\\\/#website\"},\"primaryImageOfPage\":{\"@id\":\"https:\\\/\\\/www.formations-bien-etre.com\\\/es\\\/produit\\\/praticien-future-maman-et-bebe\\\/#primaryimage\"},\"image\":{\"@id\":\"https:\\\/\\\/www.formations-bien-etre.com\\\/es\\\/produit\\\/praticien-future-maman-et-bebe\\\/#primaryimage\"},\"thumbnailUrl\":\"https:\\\/\\\/www.formations-bien-etre.com\\\/wp-content\\\/uploads\\\/2020\\\/02\\\/sophrologie-grossesse.jpg\",\"datePublished\":\"2020-05-18T17:24:50+00:00\",\"dateModified\":\"2023-08-29T07:15:39+00:00\",\"description\":\"Praticien future maman\\\/b\u00e9b\u00e9. Soutenir la future maman et son b\u00e9b\u00e9 afin qu\u2019ils puissent profiter pleinement de ces grandes \u00e9tapes de la vie. Isabelle M\u00e9tais\",\"breadcrumb\":{\"@id\":\"https:\\\/\\\/www.formations-bien-etre.com\\\/es\\\/produit\\\/praticien-future-maman-et-bebe\\\/#breadcrumb\"},\"inLanguage\":\"es\",\"potentialAction\":[{\"@type\":\"ReadAction\",\"target\":[\"https:\\\/\\\/www.formations-bien-etre.com\\\/es\\\/produit\\\/praticien-future-maman-et-bebe\\\/\"]}]},{\"@type\":\"ImageObject\",\"inLanguage\":\"es\",\"@id\":\"https:\\\/\\\/www.formations-bien-etre.com\\\/es\\\/produit\\\/praticien-future-maman-et-bebe\\\/#primaryimage\",\"url\":\"https:\\\/\\\/www.formations-bien-etre.com\\\/wp-content\\\/uploads\\\/2020\\\/02\\\/sophrologie-grossesse.jpg\",\"contentUrl\":\"https:\\\/\\\/www.formations-bien-etre.com\\\/wp-content\\\/uploads\\\/2020\\\/02\\\/sophrologie-grossesse.jpg\",\"width\":232,\"height\":300,\"caption\":\"Formations Massages grossesse femmes enceintes et soins bien-\u00eatre \u00e0 distance Ain Rh\u00f4ne Alpes Vend\u00e9e r\u00e9gion Parisienne\"},{\"@type\":\"BreadcrumbList\",\"@id\":\"https:\\\/\\\/www.formations-bien-etre.com\\\/es\\\/produit\\\/praticien-future-maman-et-bebe\\\/#breadcrumb\",\"itemListElement\":[{\"@type\":\"ListItem\",\"position\":1,\"name\":\"Home\",\"item\":\"https:\\\/\\\/www.formations-bien-etre.com\\\/es\\\/\"},{\"@type\":\"ListItem\",\"position\":2,\"name\":\"Boutique bien-\u00eatre\",\"item\":\"https:\\\/\\\/www.formations-bien-etre.com\\\/?page_id=566\"},{\"@type\":\"ListItem\",\"position\":3,\"name\":\"Practicante de la madre y el beb\u00e9\"}]},{\"@type\":\"WebSite\",\"@id\":\"https:\\\/\\\/www.formations-bien-etre.com\\\/#website\",\"url\":\"https:\\\/\\\/www.formations-bien-etre.com\\\/\",\"name\":\"Formation Sophrologie Massage \u00e0 Distance\",\"description\":\"Institut de formation en sophrologie et en bien-\u00eatre\",\"potentialAction\":[{\"@type\":\"SearchAction\",\"target\":{\"@type\":\"EntryPoint\",\"urlTemplate\":\"https:\\\/\\\/www.formations-bien-etre.com\\\/?s={search_term_string}\"},\"query-input\":{\"@type\":\"PropertyValueSpecification\",\"valueRequired\":true,\"valueName\":\"search_term_string\"}}],\"inLanguage\":\"es\"}]}<\/script>\n<!-- \/ Yoast SEO plugin. -->","yoast_head_json":{"title":"Practicante de la madre y el beb\u00e9 - Formation Sophrologie Massage \u00e0 distance","description":"Praticien future maman\/b\u00e9b\u00e9. Soutenir la future maman et son b\u00e9b\u00e9 afin qu\u2019ils puissent profiter pleinement de ces grandes \u00e9tapes de la vie. Isabelle M\u00e9tais","robots":{"index":"index","follow":"follow","max-snippet":"max-snippet:-1","max-image-preview":"max-image-preview:large","max-video-preview":"max-video-preview:-1"},"canonical":"https:\/\/www.formations-bien-etre.com\/es\/produit\/praticien-future-maman-et-bebe\/","og_locale":"es_ES","og_type":"article","og_title":"Practicante de la madre y el beb\u00e9 - Formation Sophrologie Massage \u00e0 distance","og_description":"Praticien future maman\/b\u00e9b\u00e9. Soutenir la future maman et son b\u00e9b\u00e9 afin qu\u2019ils puissent profiter pleinement de ces grandes \u00e9tapes de la vie. Isabelle M\u00e9tais","og_url":"https:\/\/www.formations-bien-etre.com\/es\/produit\/praticien-future-maman-et-bebe\/","og_site_name":"Formation Sophrologie Massage \u00e0 distance","article_modified_time":"2023-08-29T07:15:39+00:00","og_image":[{"width":232,"height":300,"url":"https:\/\/www.formations-bien-etre.com\/wp-content\/uploads\/2020\/02\/sophrologie-grossesse.jpg","type":"image\/jpeg"}],"twitter_card":"summary_large_image","twitter_misc":{"Tiempo de lectura":"1 minuto"},"schema":{"@context":"https:\/\/schema.org","@graph":[{"@type":"WebPage","@id":"https:\/\/www.formations-bien-etre.com\/es\/produit\/praticien-future-maman-et-bebe\/","url":"https:\/\/www.formations-bien-etre.com\/es\/produit\/praticien-future-maman-et-bebe\/","name":"Practicante de la madre y el beb\u00e9 - Formation Sophrologie Massage \u00e0 distance","isPartOf":{"@id":"https:\/\/www.formations-bien-etre.com\/#website"},"primaryImageOfPage":{"@id":"https:\/\/www.formations-bien-etre.com\/es\/produit\/praticien-future-maman-et-bebe\/#primaryimage"},"image":{"@id":"https:\/\/www.formations-bien-etre.com\/es\/produit\/praticien-future-maman-et-bebe\/#primaryimage"},"thumbnailUrl":"https:\/\/www.formations-bien-etre.com\/wp-content\/uploads\/2020\/02\/sophrologie-grossesse.jpg","datePublished":"2020-05-18T17:24:50+00:00","dateModified":"2023-08-29T07:15:39+00:00","description":"Praticien future maman\/b\u00e9b\u00e9. Soutenir la future maman et son b\u00e9b\u00e9 afin qu\u2019ils puissent profiter pleinement de ces grandes \u00e9tapes de la vie. Isabelle M\u00e9tais","breadcrumb":{"@id":"https:\/\/www.formations-bien-etre.com\/es\/produit\/praticien-future-maman-et-bebe\/#breadcrumb"},"inLanguage":"es","potentialAction":[{"@type":"ReadAction","target":["https:\/\/www.formations-bien-etre.com\/es\/produit\/praticien-future-maman-et-bebe\/"]}]},{"@type":"ImageObject","inLanguage":"es","@id":"https:\/\/www.formations-bien-etre.com\/es\/produit\/praticien-future-maman-et-bebe\/#primaryimage","url":"https:\/\/www.formations-bien-etre.com\/wp-content\/uploads\/2020\/02\/sophrologie-grossesse.jpg","contentUrl":"https:\/\/www.formations-bien-etre.com\/wp-content\/uploads\/2020\/02\/sophrologie-grossesse.jpg","width":232,"height":300,"caption":"Formations Massages grossesse femmes enceintes et soins bien-\u00eatre \u00e0 distance Ain Rh\u00f4ne Alpes Vend\u00e9e r\u00e9gion Parisienne"},{"@type":"BreadcrumbList","@id":"https:\/\/www.formations-bien-etre.com\/es\/produit\/praticien-future-maman-et-bebe\/#breadcrumb","itemListElement":[{"@type":"ListItem","position":1,"name":"Home","item":"https:\/\/www.formations-bien-etre.com\/es\/"},{"@type":"ListItem","position":2,"name":"Boutique bien-\u00eatre","item":"https:\/\/www.formations-bien-etre.com\/?page_id=566"},{"@type":"ListItem","position":3,"name":"Practicante de la madre y el beb\u00e9"}]},{"@type":"WebSite","@id":"https:\/\/www.formations-bien-etre.com\/#website","url":"https:\/\/www.formations-bien-etre.com\/","name":"Formation Sophrologie Massage \u00e0 Distance","description":"Institut de formation en sophrologie et en bien-\u00eatre","potentialAction":[{"@type":"SearchAction","target":{"@type":"EntryPoint","urlTemplate":"https:\/\/www.formations-bien-etre.com\/?s={search_term_string}"},"query-input":{"@type":"PropertyValueSpecification","valueRequired":true,"valueName":"search_term_string"}}],"inLanguage":"es"}]}},"_links":{"self":[{"href":"https:\/\/www.formations-bien-etre.com\/es\/wp-json\/wp\/v2\/product\/7355","targetHints":{"allow":["GET"]}}],"collection":[{"href":"https:\/\/www.formations-bien-etre.com\/es\/wp-json\/wp\/v2\/product"}],"about":[{"href":"https:\/\/www.formations-bien-etre.com\/es\/wp-json\/wp\/v2\/types\/product"}],"wp:featuredmedia":[{"embeddable":true,"href":"https:\/\/www.formations-bien-etre.com\/es\/wp-json\/wp\/v2\/media\/5617"}],"wp:attachment":[{"href":"https:\/\/www.formations-bien-etre.com\/es\/wp-json\/wp\/v2\/media?parent=7355"}],"wp:term":[{"taxonomy":"product_brand","embeddable":true,"href":"https:\/\/www.formations-bien-etre.com\/es\/wp-json\/wp\/v2\/product_brand?post=7355"},{"taxonomy":"product_cat","embeddable":true,"href":"https:\/\/www.formations-bien-etre.com\/es\/wp-json\/wp\/v2\/product_cat?post=7355"},{"taxonomy":"product_tag","embeddable":true,"href":"https:\/\/www.formations-bien-etre.com\/es\/wp-json\/wp\/v2\/product_tag?post=7355"}],"curies":[{"name":"wp","href":"https:\/\/api.w.org\/{rel}","templated":true}]}}