{"id":7371,"date":"2020-05-18T19:24:50","date_gmt":"2020-05-18T17:24:50","guid":{"rendered":"https:\/\/www.formations-bien-etre.com\/produit\/praticien-en-lithotherapie\/"},"modified":"2023-08-09T18:07:57","modified_gmt":"2023-08-09T16:07:57","slug":"praticien-en-lithotherapie","status":"publish","type":"product","link":"https:\/\/www.formations-bien-etre.com\/es\/produit\/praticien-en-lithotherapie\/","title":{"rendered":"Profesional de la litoterapia"},"content":{"rendered":"<p>Su misi\u00f3n ser\u00e1 permitir que todo el mundo se beneficie plenamente de las innumerables ventajas de los minerales.<br \/>\nDurante una sesi\u00f3n de litoterapia, el cuerpo recibe las vibraciones emitidas por la piedra.<br \/>\nTodas las piedras tienen frecuencias diferentes, por lo que pueden aportar soluciones a distintos problemas.<br \/>\nAdaptan su flujo energ\u00e9tico a las necesidades de cada individuo.<br \/>\nLa litoterapia mejora la vitalidad de un \u00f3rgano, ya sea a\u00f1adiendo energ\u00eda o dispersando el exceso de energ\u00eda.<\/p>\n","protected":false},"excerpt":{"rendered":"<p><strong>De 6 a 8 m\u00f3dulos de formaci\u00f3n<br \/>\nEn funci\u00f3n de su estructura, composici\u00f3n y color, una piedra tiene propiedades espec\u00edficas que pueden ayudar al organismo a autorregularse y recuperar el equilibrio funcional.<\/strong><\/p>\n","protected":false},"featured_media":5631,"template":"","meta":{"_acf_changed":false,"_exactmetrics_skip_tracking":false,"_exactmetrics_sitenote_active":false,"_exactmetrics_sitenote_note":"","_exactmetrics_sitenote_category":0},"product_brand":[],"product_cat":[355,359],"product_tag":[64,188,59,168,299,170,82,78,173,298,62,300,297,200,205,61,301,86],"class_list":{"0":"post-7371","1":"product","2":"type-product","3":"status-publish","4":"has-post-thumbnail","6":"product_cat-entrenamiento-de-bienestar","7":"product_cat-formations-metiers-bien-etre-es","8":"product_tag-angoisse","9":"product_tag-auto-guerison","10":"product_tag-bienetre","11":"product_tag-bonheur","12":"product_tag-cristaux","13":"product_tag-detente","14":"product_tag-ecole-formation-massage","15":"product_tag-ecole-sophrologie-distance","16":"product_tag-guerison","17":"product_tag-lithotherapeute","18":"product_tag-meditation","19":"product_tag-mineraux","20":"product_tag-praticien-en-lithotherapie","21":"product_tag-reflexologie-auriculaire-et-lithotherapie","22":"product_tag-reiki","23":"product_tag-relaxation","24":"product_tag-soins","25":"product_tag-yoga","27":"first","28":"instock","29":"featured","30":"sold-individually","31":"taxable","32":"shipping-taxable","33":"purchasable","34":"product-type-variable"},"acf":[],"yoast_head":"<!-- This site is optimized with the Yoast SEO plugin v27.4 - https:\/\/yoast.com\/product\/yoast-seo-wordpress\/ -->\n<title>Profesional de la litoterapia - Formation Sophrologie Massage \u00e0 distance<\/title>\n<meta name=\"description\" content=\"Praticien en lithoth\u00e9rapie, votre mission sera de faire profiter pleinement \u00e0 tous, des innombrables bienfaits des min\u00e9raux aux travers divers techniques.\" \/>\n<meta name=\"robots\" content=\"index, follow, max-snippet:-1, max-image-preview:large, max-video-preview:-1\" \/>\n<link rel=\"canonical\" href=\"https:\/\/www.formations-bien-etre.com\/es\/produit\/praticien-en-lithotherapie\/\" \/>\n<meta property=\"og:locale\" content=\"es_ES\" \/>\n<meta property=\"og:type\" content=\"article\" \/>\n<meta property=\"og:title\" content=\"La lithoth\u00e9rapie : magie ou science ?\" \/>\n<meta property=\"og:description\" content=\"La lithoth\u00e9rapie est parfois vue comme une superstition issue du fond des \u00e2ges. Pourtant le docteur Robert Blanchard vient de d\u00e9montrer que la lithoth\u00e9rapie est une proc\u00e9dure dont l\u2019effet s\u2019appuie sur la chimie physique.\" \/>\n<meta property=\"og:url\" content=\"https:\/\/www.formations-bien-etre.com\/es\/produit\/praticien-en-lithotherapie\/\" \/>\n<meta property=\"og:site_name\" content=\"Formation Sophrologie Massage \u00e0 distance\" \/>\n<meta property=\"article:modified_time\" content=\"2023-08-09T16:07:57+00:00\" \/>\n<meta property=\"og:image\" content=\"https:\/\/www.formations-bien-etre.com\/wp-content\/uploads\/2020\/03\/shutterstock_1178116195.jpg\" \/>\n\t<meta property=\"og:image:width\" content=\"1700\" \/>\n\t<meta property=\"og:image:height\" content=\"1126\" \/>\n\t<meta property=\"og:image:type\" content=\"image\/jpeg\" \/>\n<meta name=\"twitter:card\" content=\"summary_large_image\" \/>\n<meta name=\"twitter:title\" content=\"La lithoth\u00e9rapie : magie ou science ?\" \/>\n<meta name=\"twitter:description\" content=\"La lithoth\u00e9rapie est parfois vue comme une superstition issue du fond des \u00e2ges. Pourtant le docteur Robert Blanchard vient de d\u00e9montrer que la lithoth\u00e9rapie est une proc\u00e9dure dont l\u2019effet s\u2019appuie sur la chimie physique.\" \/>\n<meta name=\"twitter:label1\" content=\"Tiempo de lectura\" \/>\n\t<meta name=\"twitter:data1\" content=\"1 minuto\" \/>\n<script type=\"application\/ld+json\" class=\"yoast-schema-graph\">{\"@context\":\"https:\\\/\\\/schema.org\",\"@graph\":[{\"@type\":\"WebPage\",\"@id\":\"https:\\\/\\\/www.formations-bien-etre.com\\\/es\\\/produit\\\/praticien-en-lithotherapie\\\/\",\"url\":\"https:\\\/\\\/www.formations-bien-etre.com\\\/es\\\/produit\\\/praticien-en-lithotherapie\\\/\",\"name\":\"Profesional de la litoterapia - Formation Sophrologie Massage \u00e0 distance\",\"isPartOf\":{\"@id\":\"https:\\\/\\\/www.formations-bien-etre.com\\\/#website\"},\"primaryImageOfPage\":{\"@id\":\"https:\\\/\\\/www.formations-bien-etre.com\\\/es\\\/produit\\\/praticien-en-lithotherapie\\\/#primaryimage\"},\"image\":{\"@id\":\"https:\\\/\\\/www.formations-bien-etre.com\\\/es\\\/produit\\\/praticien-en-lithotherapie\\\/#primaryimage\"},\"thumbnailUrl\":\"https:\\\/\\\/www.formations-bien-etre.com\\\/wp-content\\\/uploads\\\/2020\\\/03\\\/shutterstock_1178116195.jpg\",\"datePublished\":\"2020-05-18T17:24:50+00:00\",\"dateModified\":\"2023-08-09T16:07:57+00:00\",\"description\":\"Praticien en lithoth\u00e9rapie, votre mission sera de faire profiter pleinement \u00e0 tous, des innombrables bienfaits des min\u00e9raux aux travers divers techniques.\",\"breadcrumb\":{\"@id\":\"https:\\\/\\\/www.formations-bien-etre.com\\\/es\\\/produit\\\/praticien-en-lithotherapie\\\/#breadcrumb\"},\"inLanguage\":\"es\",\"potentialAction\":[{\"@type\":\"ReadAction\",\"target\":[\"https:\\\/\\\/www.formations-bien-etre.com\\\/es\\\/produit\\\/praticien-en-lithotherapie\\\/\"]}]},{\"@type\":\"ImageObject\",\"inLanguage\":\"es\",\"@id\":\"https:\\\/\\\/www.formations-bien-etre.com\\\/es\\\/produit\\\/praticien-en-lithotherapie\\\/#primaryimage\",\"url\":\"https:\\\/\\\/www.formations-bien-etre.com\\\/wp-content\\\/uploads\\\/2020\\\/03\\\/shutterstock_1178116195.jpg\",\"contentUrl\":\"https:\\\/\\\/www.formations-bien-etre.com\\\/wp-content\\\/uploads\\\/2020\\\/03\\\/shutterstock_1178116195.jpg\",\"width\":1700,\"height\":1126,\"caption\":\"Formation lithoth\u00e9rapie et soins avec les min\u00e9raux \u00e0 distance Ain Rh\u00f4ne Alpes Vend\u00e9e r\u00e9gion Parisienne\"},{\"@type\":\"BreadcrumbList\",\"@id\":\"https:\\\/\\\/www.formations-bien-etre.com\\\/es\\\/produit\\\/praticien-en-lithotherapie\\\/#breadcrumb\",\"itemListElement\":[{\"@type\":\"ListItem\",\"position\":1,\"name\":\"Home\",\"item\":\"https:\\\/\\\/www.formations-bien-etre.com\\\/es\\\/\"},{\"@type\":\"ListItem\",\"position\":2,\"name\":\"Boutique bien-\u00eatre\",\"item\":\"https:\\\/\\\/www.formations-bien-etre.com\\\/?page_id=566\"},{\"@type\":\"ListItem\",\"position\":3,\"name\":\"Profesional de la litoterapia\"}]},{\"@type\":\"WebSite\",\"@id\":\"https:\\\/\\\/www.formations-bien-etre.com\\\/#website\",\"url\":\"https:\\\/\\\/www.formations-bien-etre.com\\\/\",\"name\":\"Formation Sophrologie Massage \u00e0 Distance\",\"description\":\"Institut de formation en sophrologie et en bien-\u00eatre\",\"potentialAction\":[{\"@type\":\"SearchAction\",\"target\":{\"@type\":\"EntryPoint\",\"urlTemplate\":\"https:\\\/\\\/www.formations-bien-etre.com\\\/?s={search_term_string}\"},\"query-input\":{\"@type\":\"PropertyValueSpecification\",\"valueRequired\":true,\"valueName\":\"search_term_string\"}}],\"inLanguage\":\"es\"}]}<\/script>\n<!-- \/ Yoast SEO plugin. -->","yoast_head_json":{"title":"Profesional de la litoterapia - Formation Sophrologie Massage \u00e0 distance","description":"Praticien en lithoth\u00e9rapie, votre mission sera de faire profiter pleinement \u00e0 tous, des innombrables bienfaits des min\u00e9raux aux travers divers techniques.","robots":{"index":"index","follow":"follow","max-snippet":"max-snippet:-1","max-image-preview":"max-image-preview:large","max-video-preview":"max-video-preview:-1"},"canonical":"https:\/\/www.formations-bien-etre.com\/es\/produit\/praticien-en-lithotherapie\/","og_locale":"es_ES","og_type":"article","og_title":"La lithoth\u00e9rapie : magie ou science ?","og_description":"La lithoth\u00e9rapie est parfois vue comme une superstition issue du fond des \u00e2ges. Pourtant le docteur Robert Blanchard vient de d\u00e9montrer que la lithoth\u00e9rapie est une proc\u00e9dure dont l\u2019effet s\u2019appuie sur la chimie physique.","og_url":"https:\/\/www.formations-bien-etre.com\/es\/produit\/praticien-en-lithotherapie\/","og_site_name":"Formation Sophrologie Massage \u00e0 distance","article_modified_time":"2023-08-09T16:07:57+00:00","og_image":[{"width":1700,"height":1126,"url":"https:\/\/www.formations-bien-etre.com\/wp-content\/uploads\/2020\/03\/shutterstock_1178116195.jpg","type":"image\/jpeg"}],"twitter_card":"summary_large_image","twitter_title":"La lithoth\u00e9rapie : magie ou science ?","twitter_description":"La lithoth\u00e9rapie est parfois vue comme une superstition issue du fond des \u00e2ges. Pourtant le docteur Robert Blanchard vient de d\u00e9montrer que la lithoth\u00e9rapie est une proc\u00e9dure dont l\u2019effet s\u2019appuie sur la chimie physique.","twitter_misc":{"Tiempo de lectura":"1 minuto"},"schema":{"@context":"https:\/\/schema.org","@graph":[{"@type":"WebPage","@id":"https:\/\/www.formations-bien-etre.com\/es\/produit\/praticien-en-lithotherapie\/","url":"https:\/\/www.formations-bien-etre.com\/es\/produit\/praticien-en-lithotherapie\/","name":"Profesional de la litoterapia - Formation Sophrologie Massage \u00e0 distance","isPartOf":{"@id":"https:\/\/www.formations-bien-etre.com\/#website"},"primaryImageOfPage":{"@id":"https:\/\/www.formations-bien-etre.com\/es\/produit\/praticien-en-lithotherapie\/#primaryimage"},"image":{"@id":"https:\/\/www.formations-bien-etre.com\/es\/produit\/praticien-en-lithotherapie\/#primaryimage"},"thumbnailUrl":"https:\/\/www.formations-bien-etre.com\/wp-content\/uploads\/2020\/03\/shutterstock_1178116195.jpg","datePublished":"2020-05-18T17:24:50+00:00","dateModified":"2023-08-09T16:07:57+00:00","description":"Praticien en lithoth\u00e9rapie, votre mission sera de faire profiter pleinement \u00e0 tous, des innombrables bienfaits des min\u00e9raux aux travers divers techniques.","breadcrumb":{"@id":"https:\/\/www.formations-bien-etre.com\/es\/produit\/praticien-en-lithotherapie\/#breadcrumb"},"inLanguage":"es","potentialAction":[{"@type":"ReadAction","target":["https:\/\/www.formations-bien-etre.com\/es\/produit\/praticien-en-lithotherapie\/"]}]},{"@type":"ImageObject","inLanguage":"es","@id":"https:\/\/www.formations-bien-etre.com\/es\/produit\/praticien-en-lithotherapie\/#primaryimage","url":"https:\/\/www.formations-bien-etre.com\/wp-content\/uploads\/2020\/03\/shutterstock_1178116195.jpg","contentUrl":"https:\/\/www.formations-bien-etre.com\/wp-content\/uploads\/2020\/03\/shutterstock_1178116195.jpg","width":1700,"height":1126,"caption":"Formation lithoth\u00e9rapie et soins avec les min\u00e9raux \u00e0 distance Ain Rh\u00f4ne Alpes Vend\u00e9e r\u00e9gion Parisienne"},{"@type":"BreadcrumbList","@id":"https:\/\/www.formations-bien-etre.com\/es\/produit\/praticien-en-lithotherapie\/#breadcrumb","itemListElement":[{"@type":"ListItem","position":1,"name":"Home","item":"https:\/\/www.formations-bien-etre.com\/es\/"},{"@type":"ListItem","position":2,"name":"Boutique bien-\u00eatre","item":"https:\/\/www.formations-bien-etre.com\/?page_id=566"},{"@type":"ListItem","position":3,"name":"Profesional de la litoterapia"}]},{"@type":"WebSite","@id":"https:\/\/www.formations-bien-etre.com\/#website","url":"https:\/\/www.formations-bien-etre.com\/","name":"Formation Sophrologie Massage \u00e0 Distance","description":"Institut de formation en sophrologie et en bien-\u00eatre","potentialAction":[{"@type":"SearchAction","target":{"@type":"EntryPoint","urlTemplate":"https:\/\/www.formations-bien-etre.com\/?s={search_term_string}"},"query-input":{"@type":"PropertyValueSpecification","valueRequired":true,"valueName":"search_term_string"}}],"inLanguage":"es"}]}},"_links":{"self":[{"href":"https:\/\/www.formations-bien-etre.com\/es\/wp-json\/wp\/v2\/product\/7371","targetHints":{"allow":["GET"]}}],"collection":[{"href":"https:\/\/www.formations-bien-etre.com\/es\/wp-json\/wp\/v2\/product"}],"about":[{"href":"https:\/\/www.formations-bien-etre.com\/es\/wp-json\/wp\/v2\/types\/product"}],"wp:featuredmedia":[{"embeddable":true,"href":"https:\/\/www.formations-bien-etre.com\/es\/wp-json\/wp\/v2\/media\/5631"}],"wp:attachment":[{"href":"https:\/\/www.formations-bien-etre.com\/es\/wp-json\/wp\/v2\/media?parent=7371"}],"wp:term":[{"taxonomy":"product_brand","embeddable":true,"href":"https:\/\/www.formations-bien-etre.com\/es\/wp-json\/wp\/v2\/product_brand?post=7371"},{"taxonomy":"product_cat","embeddable":true,"href":"https:\/\/www.formations-bien-etre.com\/es\/wp-json\/wp\/v2\/product_cat?post=7371"},{"taxonomy":"product_tag","embeddable":true,"href":"https:\/\/www.formations-bien-etre.com\/es\/wp-json\/wp\/v2\/product_tag?post=7371"}],"curies":[{"name":"wp","href":"https:\/\/api.w.org\/{rel}","templated":true}]}}