{"id":7372,"date":"2020-05-18T19:24:50","date_gmt":"2020-05-18T17:24:50","guid":{"rendered":"https:\/\/www.formations-bien-etre.com\/produit\/praticien-en-relation-daide-aux-victimes-de-violence\/"},"modified":"2023-08-09T18:23:13","modified_gmt":"2023-08-09T16:23:13","slug":"praticien-en-relation-daide-aux-victimes-de-violence","status":"publish","type":"product","link":"https:\/\/www.formations-bien-etre.com\/es\/produit\/praticien-en-relation-daide-aux-victimes-de-violence\/","title":{"rendered":"Profesional de la ayuda a las v\u00edctimas de la violencia"},"content":{"rendered":"<p>Tu trabajo consistir\u00e1 en devolver la confianza a las v\u00edctimas de la violencia y ayudarles a reconstruir sus vidas.<br \/>\nSer aniquilado por la otra persona, encontrarse bajo su control y perder toda confianza en s\u00ed mismo, es lo que caracteriza a las personas v\u00edctimas de violencia f\u00edsica y\/o psicol\u00f3gica.<br \/>\nPuede afectar a mujeres, hombres, ni\u00f1os o ancianos.<br \/>\nEsta profesi\u00f3n consiste en acoger, escuchar, apoyar, compartir, acompa\u00f1ar y cuidar.<\/p>\n","protected":false},"excerpt":{"rendered":"<p>De 6 a 8 m\u00f3dulos de formaci\u00f3n<br \/>\nGracias a este enfoque suave y c\u00e1lido, estas personas aprenden a verse bellas y a cuidarse, a reinvertir en su cuerpo para volver a amarlo, a regular su propia violencia y a aprender t\u00e9cnicas para recuperar la confianza y la calma interior.<\/p>\n","protected":false},"featured_media":5770,"template":"","meta":{"_acf_changed":false,"_exactmetrics_skip_tracking":false,"_exactmetrics_sitenote_active":false,"_exactmetrics_sitenote_note":"","_exactmetrics_sitenote_category":0},"product_brand":[],"product_cat":[355,359],"product_tag":[64,188,59,68,82,77,78,73,72,71,309,205,75,310,311],"class_list":{"0":"post-7372","1":"product","2":"type-product","3":"status-publish","4":"has-post-thumbnail","6":"product_cat-entrenamiento-de-bienestar","7":"product_cat-formations-metiers-bien-etre-es","8":"product_tag-angoisse","9":"product_tag-auto-guerison","10":"product_tag-bienetre","11":"product_tag-bienveillance","12":"product_tag-ecole-formation-massage","13":"product_tag-ecole-sophrologie","14":"product_tag-ecole-sophrologie-distance","15":"product_tag-ecoute-bienveillante","16":"product_tag-ecoute-active","17":"product_tag-ecoute-rogerienne","18":"product_tag-praticien-en-relation-daide-aux-victimes-de-violence","19":"product_tag-reiki","20":"product_tag-tele-sophrologie","21":"product_tag-victime","22":"product_tag-violences","24":"first","25":"instock","26":"featured","27":"sold-individually","28":"taxable","29":"shipping-taxable","30":"purchasable","31":"product-type-variable"},"acf":[],"yoast_head":"<!-- This site is optimized with the Yoast SEO plugin v27.4 - https:\/\/yoast.com\/product\/yoast-seo-wordpress\/ -->\n<title>Profesional de la ayuda a las v\u00edctimas de la violencia - Formation Sophrologie Massage \u00e0 distance<\/title>\n<meta name=\"description\" content=\"Praticien en relation d&#039;aide aux victimes de violence. Votre mission sera de redonner confiance aux victimes de violences et de les aider \u00e0 se reconstruire.\" \/>\n<meta name=\"robots\" content=\"index, follow, max-snippet:-1, max-image-preview:large, max-video-preview:-1\" \/>\n<link rel=\"canonical\" href=\"https:\/\/www.formations-bien-etre.com\/es\/produit\/praticien-en-relation-daide-aux-victimes-de-violence\/\" \/>\n<meta property=\"og:locale\" content=\"es_ES\" \/>\n<meta property=\"og:type\" content=\"article\" \/>\n<meta property=\"og:title\" content=\"219 000 femmes d\u00e9clarent \u00eatre victimes de violences au cours d\u2019une ann\u00e9e\" \/>\n<meta property=\"og:description\" content=\"Praticien en relation d&#039;aide aux victimes de violence. Votre mission sera de redonner confiance aux victimes de violences des deux sexes et de tous \u00e2ges et de les aider \u00e0 se reconstruire.\" \/>\n<meta property=\"og:url\" content=\"https:\/\/www.formations-bien-etre.com\/es\/produit\/praticien-en-relation-daide-aux-victimes-de-violence\/\" \/>\n<meta property=\"og:site_name\" content=\"Formation Sophrologie Massage \u00e0 distance\" \/>\n<meta property=\"article:modified_time\" content=\"2023-08-09T16:23:13+00:00\" \/>\n<meta property=\"og:image\" content=\"https:\/\/www.formations-bien-etre.com\/wp-content\/uploads\/2020\/05\/Victimes-de-violences-1.jpg\" \/>\n\t<meta property=\"og:image:width\" content=\"512\" \/>\n\t<meta property=\"og:image:height\" content=\"268\" \/>\n\t<meta property=\"og:image:type\" content=\"image\/jpeg\" \/>\n<meta name=\"twitter:card\" content=\"summary_large_image\" \/>\n<meta name=\"twitter:title\" content=\"219 000 femmes d\u00e9clarent \u00eatre victimes de violences au cours d\u2019une ann\u00e9e\" \/>\n<meta name=\"twitter:description\" content=\"Praticien en relation d&#039;aide aux victimes de violence. Votre mission sera de redonner confiance aux victimes de violences des deux sexes et de tous \u00e2ges et de les aider \u00e0 se reconstruire.\" \/>\n<meta name=\"twitter:label1\" content=\"Tiempo de lectura\" \/>\n\t<meta name=\"twitter:data1\" content=\"1 minuto\" \/>\n<script type=\"application\/ld+json\" class=\"yoast-schema-graph\">{\"@context\":\"https:\\\/\\\/schema.org\",\"@graph\":[{\"@type\":\"WebPage\",\"@id\":\"https:\\\/\\\/www.formations-bien-etre.com\\\/es\\\/produit\\\/praticien-en-relation-daide-aux-victimes-de-violence\\\/\",\"url\":\"https:\\\/\\\/www.formations-bien-etre.com\\\/es\\\/produit\\\/praticien-en-relation-daide-aux-victimes-de-violence\\\/\",\"name\":\"Profesional de la ayuda a las v\u00edctimas de la violencia - Formation Sophrologie Massage \u00e0 distance\",\"isPartOf\":{\"@id\":\"https:\\\/\\\/www.formations-bien-etre.com\\\/#website\"},\"primaryImageOfPage\":{\"@id\":\"https:\\\/\\\/www.formations-bien-etre.com\\\/es\\\/produit\\\/praticien-en-relation-daide-aux-victimes-de-violence\\\/#primaryimage\"},\"image\":{\"@id\":\"https:\\\/\\\/www.formations-bien-etre.com\\\/es\\\/produit\\\/praticien-en-relation-daide-aux-victimes-de-violence\\\/#primaryimage\"},\"thumbnailUrl\":\"https:\\\/\\\/www.formations-bien-etre.com\\\/wp-content\\\/uploads\\\/2020\\\/05\\\/Victimes-de-violences-1.jpg\",\"datePublished\":\"2020-05-18T17:24:50+00:00\",\"dateModified\":\"2023-08-09T16:23:13+00:00\",\"description\":\"Praticien en relation d'aide aux victimes de violence. Votre mission sera de redonner confiance aux victimes de violences et de les aider \u00e0 se reconstruire.\",\"breadcrumb\":{\"@id\":\"https:\\\/\\\/www.formations-bien-etre.com\\\/es\\\/produit\\\/praticien-en-relation-daide-aux-victimes-de-violence\\\/#breadcrumb\"},\"inLanguage\":\"es\",\"potentialAction\":[{\"@type\":\"ReadAction\",\"target\":[\"https:\\\/\\\/www.formations-bien-etre.com\\\/es\\\/produit\\\/praticien-en-relation-daide-aux-victimes-de-violence\\\/\"]}]},{\"@type\":\"ImageObject\",\"inLanguage\":\"es\",\"@id\":\"https:\\\/\\\/www.formations-bien-etre.com\\\/es\\\/produit\\\/praticien-en-relation-daide-aux-victimes-de-violence\\\/#primaryimage\",\"url\":\"https:\\\/\\\/www.formations-bien-etre.com\\\/wp-content\\\/uploads\\\/2020\\\/05\\\/Victimes-de-violences-1.jpg\",\"contentUrl\":\"https:\\\/\\\/www.formations-bien-etre.com\\\/wp-content\\\/uploads\\\/2020\\\/05\\\/Victimes-de-violences-1.jpg\",\"width\":512,\"height\":268,\"caption\":\"Praticien en relation d'aide aux victimes de violence. Votre mission sera de redonner confiance aux victimes de violences et de les aider \u00e0 se reconstruire.\"},{\"@type\":\"BreadcrumbList\",\"@id\":\"https:\\\/\\\/www.formations-bien-etre.com\\\/es\\\/produit\\\/praticien-en-relation-daide-aux-victimes-de-violence\\\/#breadcrumb\",\"itemListElement\":[{\"@type\":\"ListItem\",\"position\":1,\"name\":\"Home\",\"item\":\"https:\\\/\\\/www.formations-bien-etre.com\\\/es\\\/\"},{\"@type\":\"ListItem\",\"position\":2,\"name\":\"Boutique bien-\u00eatre\",\"item\":\"https:\\\/\\\/www.formations-bien-etre.com\\\/?page_id=566\"},{\"@type\":\"ListItem\",\"position\":3,\"name\":\"Profesional de la ayuda a las v\u00edctimas de la violencia\"}]},{\"@type\":\"WebSite\",\"@id\":\"https:\\\/\\\/www.formations-bien-etre.com\\\/#website\",\"url\":\"https:\\\/\\\/www.formations-bien-etre.com\\\/\",\"name\":\"Formation Sophrologie Massage \u00e0 Distance\",\"description\":\"Institut de formation en sophrologie et en bien-\u00eatre\",\"potentialAction\":[{\"@type\":\"SearchAction\",\"target\":{\"@type\":\"EntryPoint\",\"urlTemplate\":\"https:\\\/\\\/www.formations-bien-etre.com\\\/?s={search_term_string}\"},\"query-input\":{\"@type\":\"PropertyValueSpecification\",\"valueRequired\":true,\"valueName\":\"search_term_string\"}}],\"inLanguage\":\"es\"}]}<\/script>\n<!-- \/ Yoast SEO plugin. -->","yoast_head_json":{"title":"Profesional de la ayuda a las v\u00edctimas de la violencia - Formation Sophrologie Massage \u00e0 distance","description":"Praticien en relation d'aide aux victimes de violence. Votre mission sera de redonner confiance aux victimes de violences et de les aider \u00e0 se reconstruire.","robots":{"index":"index","follow":"follow","max-snippet":"max-snippet:-1","max-image-preview":"max-image-preview:large","max-video-preview":"max-video-preview:-1"},"canonical":"https:\/\/www.formations-bien-etre.com\/es\/produit\/praticien-en-relation-daide-aux-victimes-de-violence\/","og_locale":"es_ES","og_type":"article","og_title":"219 000 femmes d\u00e9clarent \u00eatre victimes de violences au cours d\u2019une ann\u00e9e","og_description":"Praticien en relation d'aide aux victimes de violence. Votre mission sera de redonner confiance aux victimes de violences des deux sexes et de tous \u00e2ges et de les aider \u00e0 se reconstruire.","og_url":"https:\/\/www.formations-bien-etre.com\/es\/produit\/praticien-en-relation-daide-aux-victimes-de-violence\/","og_site_name":"Formation Sophrologie Massage \u00e0 distance","article_modified_time":"2023-08-09T16:23:13+00:00","og_image":[{"width":512,"height":268,"url":"https:\/\/www.formations-bien-etre.com\/wp-content\/uploads\/2020\/05\/Victimes-de-violences-1.jpg","type":"image\/jpeg"}],"twitter_card":"summary_large_image","twitter_title":"219 000 femmes d\u00e9clarent \u00eatre victimes de violences au cours d\u2019une ann\u00e9e","twitter_description":"Praticien en relation d'aide aux victimes de violence. Votre mission sera de redonner confiance aux victimes de violences des deux sexes et de tous \u00e2ges et de les aider \u00e0 se reconstruire.","twitter_misc":{"Tiempo de lectura":"1 minuto"},"schema":{"@context":"https:\/\/schema.org","@graph":[{"@type":"WebPage","@id":"https:\/\/www.formations-bien-etre.com\/es\/produit\/praticien-en-relation-daide-aux-victimes-de-violence\/","url":"https:\/\/www.formations-bien-etre.com\/es\/produit\/praticien-en-relation-daide-aux-victimes-de-violence\/","name":"Profesional de la ayuda a las v\u00edctimas de la violencia - Formation Sophrologie Massage \u00e0 distance","isPartOf":{"@id":"https:\/\/www.formations-bien-etre.com\/#website"},"primaryImageOfPage":{"@id":"https:\/\/www.formations-bien-etre.com\/es\/produit\/praticien-en-relation-daide-aux-victimes-de-violence\/#primaryimage"},"image":{"@id":"https:\/\/www.formations-bien-etre.com\/es\/produit\/praticien-en-relation-daide-aux-victimes-de-violence\/#primaryimage"},"thumbnailUrl":"https:\/\/www.formations-bien-etre.com\/wp-content\/uploads\/2020\/05\/Victimes-de-violences-1.jpg","datePublished":"2020-05-18T17:24:50+00:00","dateModified":"2023-08-09T16:23:13+00:00","description":"Praticien en relation d'aide aux victimes de violence. Votre mission sera de redonner confiance aux victimes de violences et de les aider \u00e0 se reconstruire.","breadcrumb":{"@id":"https:\/\/www.formations-bien-etre.com\/es\/produit\/praticien-en-relation-daide-aux-victimes-de-violence\/#breadcrumb"},"inLanguage":"es","potentialAction":[{"@type":"ReadAction","target":["https:\/\/www.formations-bien-etre.com\/es\/produit\/praticien-en-relation-daide-aux-victimes-de-violence\/"]}]},{"@type":"ImageObject","inLanguage":"es","@id":"https:\/\/www.formations-bien-etre.com\/es\/produit\/praticien-en-relation-daide-aux-victimes-de-violence\/#primaryimage","url":"https:\/\/www.formations-bien-etre.com\/wp-content\/uploads\/2020\/05\/Victimes-de-violences-1.jpg","contentUrl":"https:\/\/www.formations-bien-etre.com\/wp-content\/uploads\/2020\/05\/Victimes-de-violences-1.jpg","width":512,"height":268,"caption":"Praticien en relation d'aide aux victimes de violence. Votre mission sera de redonner confiance aux victimes de violences et de les aider \u00e0 se reconstruire."},{"@type":"BreadcrumbList","@id":"https:\/\/www.formations-bien-etre.com\/es\/produit\/praticien-en-relation-daide-aux-victimes-de-violence\/#breadcrumb","itemListElement":[{"@type":"ListItem","position":1,"name":"Home","item":"https:\/\/www.formations-bien-etre.com\/es\/"},{"@type":"ListItem","position":2,"name":"Boutique bien-\u00eatre","item":"https:\/\/www.formations-bien-etre.com\/?page_id=566"},{"@type":"ListItem","position":3,"name":"Profesional de la ayuda a las v\u00edctimas de la violencia"}]},{"@type":"WebSite","@id":"https:\/\/www.formations-bien-etre.com\/#website","url":"https:\/\/www.formations-bien-etre.com\/","name":"Formation Sophrologie Massage \u00e0 Distance","description":"Institut de formation en sophrologie et en bien-\u00eatre","potentialAction":[{"@type":"SearchAction","target":{"@type":"EntryPoint","urlTemplate":"https:\/\/www.formations-bien-etre.com\/?s={search_term_string}"},"query-input":{"@type":"PropertyValueSpecification","valueRequired":true,"valueName":"search_term_string"}}],"inLanguage":"es"}]}},"_links":{"self":[{"href":"https:\/\/www.formations-bien-etre.com\/es\/wp-json\/wp\/v2\/product\/7372","targetHints":{"allow":["GET"]}}],"collection":[{"href":"https:\/\/www.formations-bien-etre.com\/es\/wp-json\/wp\/v2\/product"}],"about":[{"href":"https:\/\/www.formations-bien-etre.com\/es\/wp-json\/wp\/v2\/types\/product"}],"wp:featuredmedia":[{"embeddable":true,"href":"https:\/\/www.formations-bien-etre.com\/es\/wp-json\/wp\/v2\/media\/5770"}],"wp:attachment":[{"href":"https:\/\/www.formations-bien-etre.com\/es\/wp-json\/wp\/v2\/media?parent=7372"}],"wp:term":[{"taxonomy":"product_brand","embeddable":true,"href":"https:\/\/www.formations-bien-etre.com\/es\/wp-json\/wp\/v2\/product_brand?post=7372"},{"taxonomy":"product_cat","embeddable":true,"href":"https:\/\/www.formations-bien-etre.com\/es\/wp-json\/wp\/v2\/product_cat?post=7372"},{"taxonomy":"product_tag","embeddable":true,"href":"https:\/\/www.formations-bien-etre.com\/es\/wp-json\/wp\/v2\/product_tag?post=7372"}],"curies":[{"name":"wp","href":"https:\/\/api.w.org\/{rel}","templated":true}]}}