{"id":7373,"date":"2020-05-18T19:24:49","date_gmt":"2020-05-18T17:24:49","guid":{"rendered":"https:\/\/www.formations-bien-etre.com\/produit\/devenir-relaxo-energeticien\/"},"modified":"2023-08-09T18:32:35","modified_gmt":"2023-08-09T16:32:35","slug":"devenir-relaxo-energeticien","status":"publish","type":"product","link":"https:\/\/www.formations-bien-etre.com\/es\/produit\/devenir-relaxo-energeticien\/","title":{"rendered":"Convi\u00e9rtase en relajante-energ\u00e9tico"},"content":{"rendered":"<p>Su misi\u00f3n consistir\u00e1 en utilizar una combinaci\u00f3n de herramientas y t\u00e9cnicas de sanaci\u00f3n energ\u00e9tica para crear un aut\u00e9ntico espacio de profundo bienestar, que conduzca a un bienestar general y hol\u00edstico.<br \/>\nLos cuerpos f\u00edsico, emocional, ps\u00edquico y mental entran en armon\u00eda y equilibrio.<br \/>\nEn esta experiencia viva, que reanima todos los cuerpos en una alegr\u00eda y una paz reencontradas, muchas patolog\u00edas se alivian e incluso se eliminan.<\/p>\n<p>Lao Tzu dijo: \u00abQuien triunfa sobre s\u00ed mismo posee la fuerza\u00bb.<br \/>\nEste curso es para cualquier persona con un profundo deseo de volver a conectar con los valores profundos, de aportar un bienestar real y un verdadero apoyo humano.<\/p>\n","protected":false},"excerpt":{"rendered":"<p>8 m\u00f3dulos de formaci\u00f3n<br \/>\nLos numerosos comentarios que hemos recibido confirman que este curso le ayudar\u00e1 a establecerse con \u00e9xito. Es ideal si est\u00e1 creando un nuevo negocio o recicl\u00e1ndose, o si desea mejorar su pr\u00e1ctica y sus habilidades de una forma hol\u00edstica y en\u00e9rgica que beneficiar\u00e1 a todos.<\/p>\n","protected":false},"featured_media":5771,"template":"","meta":{"_acf_changed":false,"_exactmetrics_skip_tracking":false,"_exactmetrics_sitenote_active":false,"_exactmetrics_sitenote_note":"","_exactmetrics_sitenote_category":0},"product_brand":[],"product_cat":[355,359],"product_tag":[133,188,168,218,82,78,71,173,166,312,75],"class_list":{"0":"post-7373","1":"product","2":"type-product","3":"status-publish","4":"has-post-thumbnail","6":"product_cat-entrenamiento-de-bienestar","7":"product_cat-formations-metiers-bien-etre-es","8":"product_tag-aromatherapie","9":"product_tag-auto-guerison","10":"product_tag-bonheur","11":"product_tag-dien-chan","12":"product_tag-ecole-formation-massage","13":"product_tag-ecole-sophrologie-distance","14":"product_tag-ecoute-rogerienne","15":"product_tag-guerison","16":"product_tag-lithotherapie","17":"product_tag-soin-energetique","18":"product_tag-tele-sophrologie","20":"first","21":"instock","22":"featured","23":"sold-individually","24":"taxable","25":"shipping-taxable","26":"purchasable","27":"product-type-variable"},"acf":[],"yoast_head":"<!-- This site is optimized with the Yoast SEO plugin v27.4 - https:\/\/yoast.com\/product\/yoast-seo-wordpress\/ -->\n<title>Convi\u00e9rtase en relajante-energ\u00e9tico - Formation Sophrologie Massage \u00e0 distance<\/title>\n<meta name=\"description\" content=\"Devenir Relaxo-\u00e9nerg\u00e9ticien. Votre mission sera d&#039;harmoniser, d&#039;\u00e9quilibrer les corps physique, \u00e9motionnel, psychique et mental pour le meilleur de l&#039;\u00eatre.\" \/>\n<meta name=\"robots\" content=\"index, follow, max-snippet:-1, max-image-preview:large, max-video-preview:-1\" \/>\n<link rel=\"canonical\" href=\"https:\/\/www.formations-bien-etre.com\/es\/produit\/devenir-relaxo-energeticien\/\" \/>\n<meta property=\"og:locale\" content=\"es_ES\" \/>\n<meta property=\"og:type\" content=\"article\" \/>\n<meta property=\"og:title\" content=\"Qui triomphe de lui-m\u00eame poss\u00e8de la force\" \/>\n<meta property=\"og:description\" content=\"Oubliez le \u00ab soin \u00e9nerg\u00e9tique \u00bb tel que vous l\u2019avez per\u00e7u auparavant et imaginez un espace, ou tout l\u2019\u00eatre arrive \u00e0 un profond bien-\u00eatre \u00e0 tous les niveaux. Les corps physique, \u00e9motionnel, psychique et mental, s\u2019harmonisent et s\u2019\u00e9quilibrent.\" \/>\n<meta property=\"og:url\" content=\"https:\/\/www.formations-bien-etre.com\/es\/produit\/devenir-relaxo-energeticien\/\" \/>\n<meta property=\"og:site_name\" content=\"Formation Sophrologie Massage \u00e0 distance\" \/>\n<meta property=\"article:modified_time\" content=\"2023-08-09T16:32:35+00:00\" \/>\n<meta property=\"og:image\" content=\"https:\/\/www.formations-bien-etre.com\/wp-content\/uploads\/2020\/05\/Devenez-relaxo-\u00e9nerg\u00e9ticien.jpg\" \/>\n\t<meta property=\"og:image:width\" content=\"1334\" \/>\n\t<meta property=\"og:image:height\" content=\"750\" \/>\n\t<meta property=\"og:image:type\" content=\"image\/jpeg\" \/>\n<meta name=\"twitter:card\" content=\"summary_large_image\" \/>\n<meta name=\"twitter:title\" content=\"Qui triomphe de lui-m\u00eame poss\u00e8de la force\" \/>\n<meta name=\"twitter:description\" content=\"Oubliez le \u00ab soin \u00e9nerg\u00e9tique \u00bb tel que vous l\u2019avez per\u00e7u auparavant et imaginez un espace, ou tout l\u2019\u00eatre arrive \u00e0 un profond bien-\u00eatre \u00e0 tous les niveaux. Les corps physique, \u00e9motionnel, psychique et mental, s\u2019harmonisent et s\u2019\u00e9quilibrent.\" \/>\n<meta name=\"twitter:label1\" content=\"Tiempo de lectura\" \/>\n\t<meta name=\"twitter:data1\" content=\"1 minuto\" \/>\n<script type=\"application\/ld+json\" class=\"yoast-schema-graph\">{\"@context\":\"https:\\\/\\\/schema.org\",\"@graph\":[{\"@type\":\"WebPage\",\"@id\":\"https:\\\/\\\/www.formations-bien-etre.com\\\/es\\\/produit\\\/devenir-relaxo-energeticien\\\/\",\"url\":\"https:\\\/\\\/www.formations-bien-etre.com\\\/es\\\/produit\\\/devenir-relaxo-energeticien\\\/\",\"name\":\"Convi\u00e9rtase en relajante-energ\u00e9tico - Formation Sophrologie Massage \u00e0 distance\",\"isPartOf\":{\"@id\":\"https:\\\/\\\/www.formations-bien-etre.com\\\/#website\"},\"primaryImageOfPage\":{\"@id\":\"https:\\\/\\\/www.formations-bien-etre.com\\\/es\\\/produit\\\/devenir-relaxo-energeticien\\\/#primaryimage\"},\"image\":{\"@id\":\"https:\\\/\\\/www.formations-bien-etre.com\\\/es\\\/produit\\\/devenir-relaxo-energeticien\\\/#primaryimage\"},\"thumbnailUrl\":\"https:\\\/\\\/www.formations-bien-etre.com\\\/wp-content\\\/uploads\\\/2020\\\/05\\\/Devenez-relaxo-\u00e9nerg\u00e9ticien.jpg\",\"datePublished\":\"2020-05-18T17:24:49+00:00\",\"dateModified\":\"2023-08-09T16:32:35+00:00\",\"description\":\"Devenir Relaxo-\u00e9nerg\u00e9ticien. Votre mission sera d'harmoniser, d'\u00e9quilibrer les corps physique, \u00e9motionnel, psychique et mental pour le meilleur de l'\u00eatre.\",\"breadcrumb\":{\"@id\":\"https:\\\/\\\/www.formations-bien-etre.com\\\/es\\\/produit\\\/devenir-relaxo-energeticien\\\/#breadcrumb\"},\"inLanguage\":\"es\",\"potentialAction\":[{\"@type\":\"ReadAction\",\"target\":[\"https:\\\/\\\/www.formations-bien-etre.com\\\/es\\\/produit\\\/devenir-relaxo-energeticien\\\/\"]}]},{\"@type\":\"ImageObject\",\"inLanguage\":\"es\",\"@id\":\"https:\\\/\\\/www.formations-bien-etre.com\\\/es\\\/produit\\\/devenir-relaxo-energeticien\\\/#primaryimage\",\"url\":\"https:\\\/\\\/www.formations-bien-etre.com\\\/wp-content\\\/uploads\\\/2020\\\/05\\\/Devenez-relaxo-\u00e9nerg\u00e9ticien.jpg\",\"contentUrl\":\"https:\\\/\\\/www.formations-bien-etre.com\\\/wp-content\\\/uploads\\\/2020\\\/05\\\/Devenez-relaxo-\u00e9nerg\u00e9ticien.jpg\",\"width\":1334,\"height\":750,\"caption\":\"Devenir Relaxo-\u00e9nerg\u00e9ticien. Votre mission sera d'harmoniser, d'\u00e9quilibrer les corps physique, \u00e9motionnel, psychique et mental pour le meilleur de l'\u00eatre.\"},{\"@type\":\"BreadcrumbList\",\"@id\":\"https:\\\/\\\/www.formations-bien-etre.com\\\/es\\\/produit\\\/devenir-relaxo-energeticien\\\/#breadcrumb\",\"itemListElement\":[{\"@type\":\"ListItem\",\"position\":1,\"name\":\"Home\",\"item\":\"https:\\\/\\\/www.formations-bien-etre.com\\\/es\\\/\"},{\"@type\":\"ListItem\",\"position\":2,\"name\":\"Boutique bien-\u00eatre\",\"item\":\"https:\\\/\\\/www.formations-bien-etre.com\\\/?page_id=566\"},{\"@type\":\"ListItem\",\"position\":3,\"name\":\"Convi\u00e9rtase en relajante-energ\u00e9tico\"}]},{\"@type\":\"WebSite\",\"@id\":\"https:\\\/\\\/www.formations-bien-etre.com\\\/#website\",\"url\":\"https:\\\/\\\/www.formations-bien-etre.com\\\/\",\"name\":\"Formation Sophrologie Massage \u00e0 Distance\",\"description\":\"Institut de formation en sophrologie et en bien-\u00eatre\",\"potentialAction\":[{\"@type\":\"SearchAction\",\"target\":{\"@type\":\"EntryPoint\",\"urlTemplate\":\"https:\\\/\\\/www.formations-bien-etre.com\\\/?s={search_term_string}\"},\"query-input\":{\"@type\":\"PropertyValueSpecification\",\"valueRequired\":true,\"valueName\":\"search_term_string\"}}],\"inLanguage\":\"es\"}]}<\/script>\n<!-- \/ Yoast SEO plugin. -->","yoast_head_json":{"title":"Convi\u00e9rtase en relajante-energ\u00e9tico - Formation Sophrologie Massage \u00e0 distance","description":"Devenir Relaxo-\u00e9nerg\u00e9ticien. Votre mission sera d'harmoniser, d'\u00e9quilibrer les corps physique, \u00e9motionnel, psychique et mental pour le meilleur de l'\u00eatre.","robots":{"index":"index","follow":"follow","max-snippet":"max-snippet:-1","max-image-preview":"max-image-preview:large","max-video-preview":"max-video-preview:-1"},"canonical":"https:\/\/www.formations-bien-etre.com\/es\/produit\/devenir-relaxo-energeticien\/","og_locale":"es_ES","og_type":"article","og_title":"Qui triomphe de lui-m\u00eame poss\u00e8de la force","og_description":"Oubliez le \u00ab soin \u00e9nerg\u00e9tique \u00bb tel que vous l\u2019avez per\u00e7u auparavant et imaginez un espace, ou tout l\u2019\u00eatre arrive \u00e0 un profond bien-\u00eatre \u00e0 tous les niveaux. Les corps physique, \u00e9motionnel, psychique et mental, s\u2019harmonisent et s\u2019\u00e9quilibrent.","og_url":"https:\/\/www.formations-bien-etre.com\/es\/produit\/devenir-relaxo-energeticien\/","og_site_name":"Formation Sophrologie Massage \u00e0 distance","article_modified_time":"2023-08-09T16:32:35+00:00","og_image":[{"width":1334,"height":750,"url":"https:\/\/www.formations-bien-etre.com\/wp-content\/uploads\/2020\/05\/Devenez-relaxo-\u00e9nerg\u00e9ticien.jpg","type":"image\/jpeg"}],"twitter_card":"summary_large_image","twitter_title":"Qui triomphe de lui-m\u00eame poss\u00e8de la force","twitter_description":"Oubliez le \u00ab soin \u00e9nerg\u00e9tique \u00bb tel que vous l\u2019avez per\u00e7u auparavant et imaginez un espace, ou tout l\u2019\u00eatre arrive \u00e0 un profond bien-\u00eatre \u00e0 tous les niveaux. Les corps physique, \u00e9motionnel, psychique et mental, s\u2019harmonisent et s\u2019\u00e9quilibrent.","twitter_misc":{"Tiempo de lectura":"1 minuto"},"schema":{"@context":"https:\/\/schema.org","@graph":[{"@type":"WebPage","@id":"https:\/\/www.formations-bien-etre.com\/es\/produit\/devenir-relaxo-energeticien\/","url":"https:\/\/www.formations-bien-etre.com\/es\/produit\/devenir-relaxo-energeticien\/","name":"Convi\u00e9rtase en relajante-energ\u00e9tico - Formation Sophrologie Massage \u00e0 distance","isPartOf":{"@id":"https:\/\/www.formations-bien-etre.com\/#website"},"primaryImageOfPage":{"@id":"https:\/\/www.formations-bien-etre.com\/es\/produit\/devenir-relaxo-energeticien\/#primaryimage"},"image":{"@id":"https:\/\/www.formations-bien-etre.com\/es\/produit\/devenir-relaxo-energeticien\/#primaryimage"},"thumbnailUrl":"https:\/\/www.formations-bien-etre.com\/wp-content\/uploads\/2020\/05\/Devenez-relaxo-\u00e9nerg\u00e9ticien.jpg","datePublished":"2020-05-18T17:24:49+00:00","dateModified":"2023-08-09T16:32:35+00:00","description":"Devenir Relaxo-\u00e9nerg\u00e9ticien. Votre mission sera d'harmoniser, d'\u00e9quilibrer les corps physique, \u00e9motionnel, psychique et mental pour le meilleur de l'\u00eatre.","breadcrumb":{"@id":"https:\/\/www.formations-bien-etre.com\/es\/produit\/devenir-relaxo-energeticien\/#breadcrumb"},"inLanguage":"es","potentialAction":[{"@type":"ReadAction","target":["https:\/\/www.formations-bien-etre.com\/es\/produit\/devenir-relaxo-energeticien\/"]}]},{"@type":"ImageObject","inLanguage":"es","@id":"https:\/\/www.formations-bien-etre.com\/es\/produit\/devenir-relaxo-energeticien\/#primaryimage","url":"https:\/\/www.formations-bien-etre.com\/wp-content\/uploads\/2020\/05\/Devenez-relaxo-\u00e9nerg\u00e9ticien.jpg","contentUrl":"https:\/\/www.formations-bien-etre.com\/wp-content\/uploads\/2020\/05\/Devenez-relaxo-\u00e9nerg\u00e9ticien.jpg","width":1334,"height":750,"caption":"Devenir Relaxo-\u00e9nerg\u00e9ticien. Votre mission sera d'harmoniser, d'\u00e9quilibrer les corps physique, \u00e9motionnel, psychique et mental pour le meilleur de l'\u00eatre."},{"@type":"BreadcrumbList","@id":"https:\/\/www.formations-bien-etre.com\/es\/produit\/devenir-relaxo-energeticien\/#breadcrumb","itemListElement":[{"@type":"ListItem","position":1,"name":"Home","item":"https:\/\/www.formations-bien-etre.com\/es\/"},{"@type":"ListItem","position":2,"name":"Boutique bien-\u00eatre","item":"https:\/\/www.formations-bien-etre.com\/?page_id=566"},{"@type":"ListItem","position":3,"name":"Convi\u00e9rtase en relajante-energ\u00e9tico"}]},{"@type":"WebSite","@id":"https:\/\/www.formations-bien-etre.com\/#website","url":"https:\/\/www.formations-bien-etre.com\/","name":"Formation Sophrologie Massage \u00e0 Distance","description":"Institut de formation en sophrologie et en bien-\u00eatre","potentialAction":[{"@type":"SearchAction","target":{"@type":"EntryPoint","urlTemplate":"https:\/\/www.formations-bien-etre.com\/?s={search_term_string}"},"query-input":{"@type":"PropertyValueSpecification","valueRequired":true,"valueName":"search_term_string"}}],"inLanguage":"es"}]}},"_links":{"self":[{"href":"https:\/\/www.formations-bien-etre.com\/es\/wp-json\/wp\/v2\/product\/7373","targetHints":{"allow":["GET"]}}],"collection":[{"href":"https:\/\/www.formations-bien-etre.com\/es\/wp-json\/wp\/v2\/product"}],"about":[{"href":"https:\/\/www.formations-bien-etre.com\/es\/wp-json\/wp\/v2\/types\/product"}],"wp:featuredmedia":[{"embeddable":true,"href":"https:\/\/www.formations-bien-etre.com\/es\/wp-json\/wp\/v2\/media\/5771"}],"wp:attachment":[{"href":"https:\/\/www.formations-bien-etre.com\/es\/wp-json\/wp\/v2\/media?parent=7373"}],"wp:term":[{"taxonomy":"product_brand","embeddable":true,"href":"https:\/\/www.formations-bien-etre.com\/es\/wp-json\/wp\/v2\/product_brand?post=7373"},{"taxonomy":"product_cat","embeddable":true,"href":"https:\/\/www.formations-bien-etre.com\/es\/wp-json\/wp\/v2\/product_cat?post=7373"},{"taxonomy":"product_tag","embeddable":true,"href":"https:\/\/www.formations-bien-etre.com\/es\/wp-json\/wp\/v2\/product_tag?post=7373"}],"curies":[{"name":"wp","href":"https:\/\/api.w.org\/{rel}","templated":true}]}}