{"id":7374,"date":"2020-05-18T19:24:49","date_gmt":"2020-05-18T17:24:49","guid":{"rendered":"https:\/\/www.formations-bien-etre.com\/produit\/devenir-masso-relaxologue-relaxologue-corporel\/"},"modified":"2023-08-09T18:43:14","modified_gmt":"2023-08-09T16:43:14","slug":"devenir-masso-relaxologue-relaxologue-corporel","status":"publish","type":"product","link":"https:\/\/www.formations-bien-etre.com\/es\/produit\/devenir-masso-relaxologue-relaxologue-corporel\/","title":{"rendered":"Convertirse en masajista &#8211; Relajante corporal"},"content":{"rendered":"<p>El objetivo es aprovechar al m\u00e1ximo tanto las t\u00e9cnicas de relajaci\u00f3n como los cuidados naturales. El objetivo es crear un espacio de bienestar profundo que conduzca a un bienestar global y hol\u00edstico, utilizando t\u00e9cnicas sencillas como la respiraci\u00f3n, la atenci\u00f3n, la escucha, la litoterapia, la aromaterapia y tratamientos de masaje t\u00e1ctil espec\u00edficos y eficaces.<br \/>\nOlv\u00eddese del \u00abmasaje\u00bb tal y como lo ha visto antes, e imagine un espacio en el que todo su ser alcanza una sensaci\u00f3n de bienestar profundo, duradero y profundamente regenerador.<br \/>\nEn esta nueva vitalidad, que reanima todo el cuerpo en una nueva alegr\u00eda y paz, muchas enfermedades se alivian e incluso se eliminan.<\/p>\n","protected":false},"excerpt":{"rendered":"<p>8 m\u00f3dulos de formaci\u00f3n<\/p>\n<p style=\"text-align: center\"><a href=\"https:\/\/youtu.be\/mFZmgJRJbys\"><img loading=\"lazy\" decoding=\"async\" class=\"alignnone wp-image-3576 aligncenter\" src=\"https:\/\/www.formations-bien-etre.com\/wp-content\/uploads\/2020\/07\/Extrait-film-massage-300x170.jpg\" alt=\"\" width=\"180\" height=\"102\" srcset=\"https:\/\/www.formations-bien-etre.com\/wp-content\/uploads\/2020\/07\/Extrait-film-massage-300x170.jpg 300w, https:\/\/www.formations-bien-etre.com\/wp-content\/uploads\/2020\/07\/Extrait-film-massage-768x434.jpg 768w, https:\/\/www.formations-bien-etre.com\/wp-content\/uploads\/2020\/07\/Extrait-film-massage.jpg 812w\" sizes=\"auto, (max-width: 180px) 100vw, 180px\" \/><br \/>\nToutes les formations massages et soins bien-\u00eatre sont film\u00e9es.<\/a><\/p>\n","protected":false},"featured_media":5744,"template":"","meta":{"_acf_changed":false,"_exactmetrics_skip_tracking":false,"_exactmetrics_sitenote_active":false,"_exactmetrics_sitenote_note":"","_exactmetrics_sitenote_category":0},"product_brand":[],"product_cat":[355,359],"product_tag":[188,59,68,313,82,77,78,173,182,314,62,124,315,75],"class_list":{"0":"post-7374","1":"product","2":"type-product","3":"status-publish","4":"has-post-thumbnail","6":"product_cat-entrenamiento-de-bienestar","7":"product_cat-formations-metiers-bien-etre-es","8":"product_tag-auto-guerison","9":"product_tag-bienetre","10":"product_tag-bienveillance","11":"product_tag-devenir-masso-relaxologue","12":"product_tag-ecole-formation-massage","13":"product_tag-ecole-sophrologie","14":"product_tag-ecole-sophrologie-distance","15":"product_tag-guerison","16":"product_tag-massage-bien-etre","17":"product_tag-masso-relaxologue","18":"product_tag-meditation","19":"product_tag-relaxologue","20":"product_tag-relaxologue-corporel","21":"product_tag-tele-sophrologie","23":"first","24":"instock","25":"sold-individually","26":"taxable","27":"shipping-taxable","28":"purchasable","29":"product-type-variable"},"acf":[],"yoast_head":"<!-- This site is optimized with the Yoast SEO plugin v27.4 - https:\/\/yoast.com\/product\/yoast-seo-wordpress\/ -->\n<title>Convertirse en masajista - Relajante corporal - Formation Sophrologie Massage \u00e0 distance<\/title>\n<meta name=\"description\" content=\"Devenir Masso-Relaxologue-Relaxologue Corporel. Mettre \u00e0 profit les techniques de relaxation et de soin au naturel pour offrir profond bien-\u00eatre global.\" \/>\n<meta name=\"robots\" content=\"index, follow, max-snippet:-1, max-image-preview:large, max-video-preview:-1\" \/>\n<link rel=\"canonical\" href=\"https:\/\/www.formations-bien-etre.com\/es\/produit\/devenir-masso-relaxologue-relaxologue-corporel\/\" \/>\n<meta property=\"og:locale\" content=\"es_ES\" \/>\n<meta property=\"og:type\" content=\"article\" \/>\n<meta property=\"og:title\" content=\"Devenir Masso-Relaxologue - Relaxologue Corporel\" \/>\n<meta property=\"og:description\" content=\"Mettre \u00e0 profit les techniques de relaxation et de soin au naturel pour offrir profond bien-\u00eatre global.\" \/>\n<meta property=\"og:url\" content=\"https:\/\/www.formations-bien-etre.com\/es\/produit\/devenir-masso-relaxologue-relaxologue-corporel\/\" \/>\n<meta property=\"og:site_name\" content=\"Formation Sophrologie Massage \u00e0 distance\" \/>\n<meta property=\"article:modified_time\" content=\"2023-08-09T16:43:14+00:00\" \/>\n<meta property=\"og:image\" content=\"https:\/\/www.formations-bien-etre.com\/wp-content\/uploads\/2020\/05\/Sommeil-massages-relaxants-pour-dormir-comme-un-bebe.jpg\" \/>\n\t<meta property=\"og:image:width\" content=\"800\" \/>\n\t<meta property=\"og:image:height\" content=\"600\" \/>\n\t<meta property=\"og:image:type\" content=\"image\/jpeg\" \/>\n<meta name=\"twitter:card\" content=\"summary_large_image\" \/>\n<meta name=\"twitter:title\" content=\"Devenir Masso-Relaxologue - Relaxologue Corporel\" \/>\n<meta name=\"twitter:description\" content=\"Mettre \u00e0 profit les techniques de relaxation et de soin au naturel pour offrir profond bien-\u00eatre global.\" \/>\n<meta name=\"twitter:label1\" content=\"Tiempo de lectura\" \/>\n\t<meta name=\"twitter:data1\" content=\"1 minuto\" \/>\n<script type=\"application\/ld+json\" class=\"yoast-schema-graph\">{\"@context\":\"https:\\\/\\\/schema.org\",\"@graph\":[{\"@type\":\"WebPage\",\"@id\":\"https:\\\/\\\/www.formations-bien-etre.com\\\/es\\\/produit\\\/devenir-masso-relaxologue-relaxologue-corporel\\\/\",\"url\":\"https:\\\/\\\/www.formations-bien-etre.com\\\/es\\\/produit\\\/devenir-masso-relaxologue-relaxologue-corporel\\\/\",\"name\":\"Convertirse en masajista - Relajante corporal - Formation Sophrologie Massage \u00e0 distance\",\"isPartOf\":{\"@id\":\"https:\\\/\\\/www.formations-bien-etre.com\\\/#website\"},\"primaryImageOfPage\":{\"@id\":\"https:\\\/\\\/www.formations-bien-etre.com\\\/es\\\/produit\\\/devenir-masso-relaxologue-relaxologue-corporel\\\/#primaryimage\"},\"image\":{\"@id\":\"https:\\\/\\\/www.formations-bien-etre.com\\\/es\\\/produit\\\/devenir-masso-relaxologue-relaxologue-corporel\\\/#primaryimage\"},\"thumbnailUrl\":\"https:\\\/\\\/www.formations-bien-etre.com\\\/wp-content\\\/uploads\\\/2020\\\/05\\\/Sommeil-massages-relaxants-pour-dormir-comme-un-bebe.jpg\",\"datePublished\":\"2020-05-18T17:24:49+00:00\",\"dateModified\":\"2023-08-09T16:43:14+00:00\",\"description\":\"Devenir Masso-Relaxologue-Relaxologue Corporel. Mettre \u00e0 profit les techniques de relaxation et de soin au naturel pour offrir profond bien-\u00eatre global.\",\"breadcrumb\":{\"@id\":\"https:\\\/\\\/www.formations-bien-etre.com\\\/es\\\/produit\\\/devenir-masso-relaxologue-relaxologue-corporel\\\/#breadcrumb\"},\"inLanguage\":\"es\",\"potentialAction\":[{\"@type\":\"ReadAction\",\"target\":[\"https:\\\/\\\/www.formations-bien-etre.com\\\/es\\\/produit\\\/devenir-masso-relaxologue-relaxologue-corporel\\\/\"]}]},{\"@type\":\"ImageObject\",\"inLanguage\":\"es\",\"@id\":\"https:\\\/\\\/www.formations-bien-etre.com\\\/es\\\/produit\\\/devenir-masso-relaxologue-relaxologue-corporel\\\/#primaryimage\",\"url\":\"https:\\\/\\\/www.formations-bien-etre.com\\\/wp-content\\\/uploads\\\/2020\\\/05\\\/Sommeil-massages-relaxants-pour-dormir-comme-un-bebe.jpg\",\"contentUrl\":\"https:\\\/\\\/www.formations-bien-etre.com\\\/wp-content\\\/uploads\\\/2020\\\/05\\\/Sommeil-massages-relaxants-pour-dormir-comme-un-bebe.jpg\",\"width\":800,\"height\":600,\"caption\":\"Devenir Masso-Relaxologue-Relaxologue Corporel. Mettre \u00e0 profit les techniques de relaxation et de soin au naturel pour offrir profond bien-\u00eatre global.\"},{\"@type\":\"BreadcrumbList\",\"@id\":\"https:\\\/\\\/www.formations-bien-etre.com\\\/es\\\/produit\\\/devenir-masso-relaxologue-relaxologue-corporel\\\/#breadcrumb\",\"itemListElement\":[{\"@type\":\"ListItem\",\"position\":1,\"name\":\"Home\",\"item\":\"https:\\\/\\\/www.formations-bien-etre.com\\\/es\\\/\"},{\"@type\":\"ListItem\",\"position\":2,\"name\":\"Boutique bien-\u00eatre\",\"item\":\"https:\\\/\\\/www.formations-bien-etre.com\\\/?page_id=566\"},{\"@type\":\"ListItem\",\"position\":3,\"name\":\"Convertirse en masajista &#8211; Relajante corporal\"}]},{\"@type\":\"WebSite\",\"@id\":\"https:\\\/\\\/www.formations-bien-etre.com\\\/#website\",\"url\":\"https:\\\/\\\/www.formations-bien-etre.com\\\/\",\"name\":\"Formation Sophrologie Massage \u00e0 Distance\",\"description\":\"Institut de formation en sophrologie et en bien-\u00eatre\",\"potentialAction\":[{\"@type\":\"SearchAction\",\"target\":{\"@type\":\"EntryPoint\",\"urlTemplate\":\"https:\\\/\\\/www.formations-bien-etre.com\\\/?s={search_term_string}\"},\"query-input\":{\"@type\":\"PropertyValueSpecification\",\"valueRequired\":true,\"valueName\":\"search_term_string\"}}],\"inLanguage\":\"es\"}]}<\/script>\n<!-- \/ Yoast SEO plugin. -->","yoast_head_json":{"title":"Convertirse en masajista - Relajante corporal - Formation Sophrologie Massage \u00e0 distance","description":"Devenir Masso-Relaxologue-Relaxologue Corporel. Mettre \u00e0 profit les techniques de relaxation et de soin au naturel pour offrir profond bien-\u00eatre global.","robots":{"index":"index","follow":"follow","max-snippet":"max-snippet:-1","max-image-preview":"max-image-preview:large","max-video-preview":"max-video-preview:-1"},"canonical":"https:\/\/www.formations-bien-etre.com\/es\/produit\/devenir-masso-relaxologue-relaxologue-corporel\/","og_locale":"es_ES","og_type":"article","og_title":"Devenir Masso-Relaxologue - Relaxologue Corporel","og_description":"Mettre \u00e0 profit les techniques de relaxation et de soin au naturel pour offrir profond bien-\u00eatre global.","og_url":"https:\/\/www.formations-bien-etre.com\/es\/produit\/devenir-masso-relaxologue-relaxologue-corporel\/","og_site_name":"Formation Sophrologie Massage \u00e0 distance","article_modified_time":"2023-08-09T16:43:14+00:00","og_image":[{"width":800,"height":600,"url":"https:\/\/www.formations-bien-etre.com\/wp-content\/uploads\/2020\/05\/Sommeil-massages-relaxants-pour-dormir-comme-un-bebe.jpg","type":"image\/jpeg"}],"twitter_card":"summary_large_image","twitter_title":"Devenir Masso-Relaxologue - Relaxologue Corporel","twitter_description":"Mettre \u00e0 profit les techniques de relaxation et de soin au naturel pour offrir profond bien-\u00eatre global.","twitter_misc":{"Tiempo de lectura":"1 minuto"},"schema":{"@context":"https:\/\/schema.org","@graph":[{"@type":"WebPage","@id":"https:\/\/www.formations-bien-etre.com\/es\/produit\/devenir-masso-relaxologue-relaxologue-corporel\/","url":"https:\/\/www.formations-bien-etre.com\/es\/produit\/devenir-masso-relaxologue-relaxologue-corporel\/","name":"Convertirse en masajista - Relajante corporal - Formation Sophrologie Massage \u00e0 distance","isPartOf":{"@id":"https:\/\/www.formations-bien-etre.com\/#website"},"primaryImageOfPage":{"@id":"https:\/\/www.formations-bien-etre.com\/es\/produit\/devenir-masso-relaxologue-relaxologue-corporel\/#primaryimage"},"image":{"@id":"https:\/\/www.formations-bien-etre.com\/es\/produit\/devenir-masso-relaxologue-relaxologue-corporel\/#primaryimage"},"thumbnailUrl":"https:\/\/www.formations-bien-etre.com\/wp-content\/uploads\/2020\/05\/Sommeil-massages-relaxants-pour-dormir-comme-un-bebe.jpg","datePublished":"2020-05-18T17:24:49+00:00","dateModified":"2023-08-09T16:43:14+00:00","description":"Devenir Masso-Relaxologue-Relaxologue Corporel. Mettre \u00e0 profit les techniques de relaxation et de soin au naturel pour offrir profond bien-\u00eatre global.","breadcrumb":{"@id":"https:\/\/www.formations-bien-etre.com\/es\/produit\/devenir-masso-relaxologue-relaxologue-corporel\/#breadcrumb"},"inLanguage":"es","potentialAction":[{"@type":"ReadAction","target":["https:\/\/www.formations-bien-etre.com\/es\/produit\/devenir-masso-relaxologue-relaxologue-corporel\/"]}]},{"@type":"ImageObject","inLanguage":"es","@id":"https:\/\/www.formations-bien-etre.com\/es\/produit\/devenir-masso-relaxologue-relaxologue-corporel\/#primaryimage","url":"https:\/\/www.formations-bien-etre.com\/wp-content\/uploads\/2020\/05\/Sommeil-massages-relaxants-pour-dormir-comme-un-bebe.jpg","contentUrl":"https:\/\/www.formations-bien-etre.com\/wp-content\/uploads\/2020\/05\/Sommeil-massages-relaxants-pour-dormir-comme-un-bebe.jpg","width":800,"height":600,"caption":"Devenir Masso-Relaxologue-Relaxologue Corporel. Mettre \u00e0 profit les techniques de relaxation et de soin au naturel pour offrir profond bien-\u00eatre global."},{"@type":"BreadcrumbList","@id":"https:\/\/www.formations-bien-etre.com\/es\/produit\/devenir-masso-relaxologue-relaxologue-corporel\/#breadcrumb","itemListElement":[{"@type":"ListItem","position":1,"name":"Home","item":"https:\/\/www.formations-bien-etre.com\/es\/"},{"@type":"ListItem","position":2,"name":"Boutique bien-\u00eatre","item":"https:\/\/www.formations-bien-etre.com\/?page_id=566"},{"@type":"ListItem","position":3,"name":"Convertirse en masajista &#8211; Relajante corporal"}]},{"@type":"WebSite","@id":"https:\/\/www.formations-bien-etre.com\/#website","url":"https:\/\/www.formations-bien-etre.com\/","name":"Formation Sophrologie Massage \u00e0 Distance","description":"Institut de formation en sophrologie et en bien-\u00eatre","potentialAction":[{"@type":"SearchAction","target":{"@type":"EntryPoint","urlTemplate":"https:\/\/www.formations-bien-etre.com\/?s={search_term_string}"},"query-input":{"@type":"PropertyValueSpecification","valueRequired":true,"valueName":"search_term_string"}}],"inLanguage":"es"}]}},"_links":{"self":[{"href":"https:\/\/www.formations-bien-etre.com\/es\/wp-json\/wp\/v2\/product\/7374","targetHints":{"allow":["GET"]}}],"collection":[{"href":"https:\/\/www.formations-bien-etre.com\/es\/wp-json\/wp\/v2\/product"}],"about":[{"href":"https:\/\/www.formations-bien-etre.com\/es\/wp-json\/wp\/v2\/types\/product"}],"wp:featuredmedia":[{"embeddable":true,"href":"https:\/\/www.formations-bien-etre.com\/es\/wp-json\/wp\/v2\/media\/5744"}],"wp:attachment":[{"href":"https:\/\/www.formations-bien-etre.com\/es\/wp-json\/wp\/v2\/media?parent=7374"}],"wp:term":[{"taxonomy":"product_brand","embeddable":true,"href":"https:\/\/www.formations-bien-etre.com\/es\/wp-json\/wp\/v2\/product_brand?post=7374"},{"taxonomy":"product_cat","embeddable":true,"href":"https:\/\/www.formations-bien-etre.com\/es\/wp-json\/wp\/v2\/product_cat?post=7374"},{"taxonomy":"product_tag","embeddable":true,"href":"https:\/\/www.formations-bien-etre.com\/es\/wp-json\/wp\/v2\/product_tag?post=7374"}],"curies":[{"name":"wp","href":"https:\/\/api.w.org\/{rel}","templated":true}]}}