{"id":7375,"date":"2020-05-18T19:24:49","date_gmt":"2020-05-18T17:24:49","guid":{"rendered":"https:\/\/www.formations-bien-etre.com\/produit\/devenir-reflexologue-faciale-dien-chan\/"},"modified":"2023-08-14T00:34:38","modified_gmt":"2023-08-13T22:34:38","slug":"devenir-reflexologue-faciale-dien-chan","status":"publish","type":"product","link":"https:\/\/www.formations-bien-etre.com\/es\/produit\/devenir-reflexologue-faciale-dien-chan\/","title":{"rendered":"Convertirse en reflex\u00f3logo facial &#8211; DIEN CHAN"},"content":{"rendered":"<p>La multirreflexolog\u00eda DIEN CHAN, especializada en litoterapia, se potencia con el uso de cristales. Aportan su propio poder curativo. Su objetivo es movilizar el proceso de autocuraci\u00f3n.<br \/>\nEs un tratamiento sobrio, f\u00e1cil y r\u00e1pido que a menudo aporta un alivio inmediato en caso de crisis.<br \/>\nDien Chan con litoterapia no requiere ning\u00fan conocimiento particular de la medicina occidental ni de la medicina tradicional china.<\/p>\n","protected":false},"excerpt":{"rendered":"<p>Este curso est\u00e1 dirigido a profesionales y particulares. Cualquier persona con ganas de aprender, de compartir, de volver a conectar con valores profundamente arraigados, de aportar bienestar real unido a un apoyo humano real.<\/p>\n","protected":false},"featured_media":5640,"template":"","meta":{"_acf_changed":false,"_exactmetrics_skip_tracking":false,"_exactmetrics_sitenote_active":false,"_exactmetrics_sitenote_note":"","_exactmetrics_sitenote_category":0},"product_brand":[],"product_cat":[355,359],"product_tag":[59,68,221,218,82,78,182,219,205,61,86],"class_list":{"0":"post-7375","1":"product","2":"type-product","3":"status-publish","4":"has-post-thumbnail","6":"product_cat-entrenamiento-de-bienestar","7":"product_cat-formations-metiers-bien-etre-es","8":"product_tag-bienetre","9":"product_tag-bienveillance","10":"product_tag-dien-cham","11":"product_tag-dien-chan","12":"product_tag-ecole-formation-massage","13":"product_tag-ecole-sophrologie-distance","14":"product_tag-massage-bien-etre","15":"product_tag-reflexologie-faciale","16":"product_tag-reiki","17":"product_tag-relaxation","18":"product_tag-yoga","20":"first","21":"instock","22":"featured","23":"sold-individually","24":"taxable","25":"shipping-taxable","26":"purchasable","27":"product-type-variable"},"acf":[],"yoast_head":"<!-- This site is optimized with the Yoast SEO plugin v27.4 - https:\/\/yoast.com\/product\/yoast-seo-wordpress\/ -->\n<title>Convertirse en reflex\u00f3logo facial - DIEN CHAN - Formation Sophrologie Massage \u00e0 distance<\/title>\n<meta name=\"description\" content=\"La multi-r\u00e9flexologie DIEN CHAN sp\u00e9cialis\u00e9e en lithoth\u00e9rapie est renforc\u00e9e par l&#039;utilisation des cristaux. Ils apportent leur propre pouvoir de soins.\" \/>\n<meta name=\"robots\" content=\"index, follow, max-snippet:-1, max-image-preview:large, max-video-preview:-1\" \/>\n<link rel=\"canonical\" href=\"https:\/\/www.formations-bien-etre.com\/es\/produit\/devenir-reflexologue-faciale-dien-chan\/\" \/>\n<meta property=\"og:locale\" content=\"es_ES\" \/>\n<meta property=\"og:type\" content=\"article\" \/>\n<meta property=\"og:title\" content=\"Le DIEN CHAN sp\u00e9cialis\u00e9 en lithoth\u00e9rapie est renforc\u00e9e par l&#039;utilisation des cristaux\" \/>\n<meta property=\"og:description\" content=\"Ils apportent leur propre pouvoir de soins. Ils visent \u00e0 mobiliser le processus d\u2019auto-gu\u00e9rison. C\u2019est un traitement sobre et rapide, un soulagement souvent imm\u00e9diat en cas de crise. Le Dien Chan avec la lithoth\u00e9rapie ne demande pas de connaissance particuli\u00e8re en m\u00e9decine occidentale ou traditionnelle Chinoise.\" \/>\n<meta property=\"og:url\" content=\"https:\/\/www.formations-bien-etre.com\/es\/produit\/devenir-reflexologue-faciale-dien-chan\/\" \/>\n<meta property=\"og:site_name\" content=\"Formation Sophrologie Massage \u00e0 distance\" \/>\n<meta property=\"article:modified_time\" content=\"2023-08-13T22:34:38+00:00\" \/>\n<meta property=\"og:image\" content=\"https:\/\/www.formations-bien-etre.com\/wp-content\/uploads\/2020\/03\/Dien-Chan-et-lithoth\u00e9rapie-baton-1-e1585125495615.jpg\" \/>\n\t<meta property=\"og:image:width\" content=\"1140\" \/>\n\t<meta property=\"og:image:height\" content=\"1002\" \/>\n\t<meta property=\"og:image:type\" content=\"image\/jpeg\" \/>\n<meta name=\"twitter:card\" content=\"summary_large_image\" \/>\n<meta name=\"twitter:title\" content=\"Le DIEN CHAN sp\u00e9cialis\u00e9 en lithoth\u00e9rapie est renforc\u00e9e par l&#039;utilisation des cristaux\" \/>\n<meta name=\"twitter:description\" content=\"Ils apportent leur propre pouvoir de soins. Ils visent \u00e0 mobiliser le processus d\u2019auto-gu\u00e9rison. C\u2019est un traitement sobre et rapide, un soulagement souvent imm\u00e9diat en cas de crise. Le Dien Chan avec la lithoth\u00e9rapie ne demande pas de connaissance particuli\u00e8re en m\u00e9decine occidentale ou traditionnelle Chinoise.\" \/>\n<meta name=\"twitter:label1\" content=\"Tiempo de lectura\" \/>\n\t<meta name=\"twitter:data1\" content=\"1 minuto\" \/>\n<script type=\"application\/ld+json\" class=\"yoast-schema-graph\">{\"@context\":\"https:\\\/\\\/schema.org\",\"@graph\":[{\"@type\":\"WebPage\",\"@id\":\"https:\\\/\\\/www.formations-bien-etre.com\\\/es\\\/produit\\\/devenir-reflexologue-faciale-dien-chan\\\/\",\"url\":\"https:\\\/\\\/www.formations-bien-etre.com\\\/es\\\/produit\\\/devenir-reflexologue-faciale-dien-chan\\\/\",\"name\":\"Convertirse en reflex\u00f3logo facial - DIEN CHAN - Formation Sophrologie Massage \u00e0 distance\",\"isPartOf\":{\"@id\":\"https:\\\/\\\/www.formations-bien-etre.com\\\/#website\"},\"primaryImageOfPage\":{\"@id\":\"https:\\\/\\\/www.formations-bien-etre.com\\\/es\\\/produit\\\/devenir-reflexologue-faciale-dien-chan\\\/#primaryimage\"},\"image\":{\"@id\":\"https:\\\/\\\/www.formations-bien-etre.com\\\/es\\\/produit\\\/devenir-reflexologue-faciale-dien-chan\\\/#primaryimage\"},\"thumbnailUrl\":\"https:\\\/\\\/www.formations-bien-etre.com\\\/wp-content\\\/uploads\\\/2020\\\/03\\\/Dien-Chan-et-lithoth\u00e9rapie-baton-1-e1585125495615.jpg\",\"datePublished\":\"2020-05-18T17:24:49+00:00\",\"dateModified\":\"2023-08-13T22:34:38+00:00\",\"description\":\"La multi-r\u00e9flexologie DIEN CHAN sp\u00e9cialis\u00e9e en lithoth\u00e9rapie est renforc\u00e9e par l'utilisation des cristaux. Ils apportent leur propre pouvoir de soins.\",\"breadcrumb\":{\"@id\":\"https:\\\/\\\/www.formations-bien-etre.com\\\/es\\\/produit\\\/devenir-reflexologue-faciale-dien-chan\\\/#breadcrumb\"},\"inLanguage\":\"es\",\"potentialAction\":[{\"@type\":\"ReadAction\",\"target\":[\"https:\\\/\\\/www.formations-bien-etre.com\\\/es\\\/produit\\\/devenir-reflexologue-faciale-dien-chan\\\/\"]}]},{\"@type\":\"ImageObject\",\"inLanguage\":\"es\",\"@id\":\"https:\\\/\\\/www.formations-bien-etre.com\\\/es\\\/produit\\\/devenir-reflexologue-faciale-dien-chan\\\/#primaryimage\",\"url\":\"https:\\\/\\\/www.formations-bien-etre.com\\\/wp-content\\\/uploads\\\/2020\\\/03\\\/Dien-Chan-et-lithoth\u00e9rapie-baton-1-e1585125495615.jpg\",\"contentUrl\":\"https:\\\/\\\/www.formations-bien-etre.com\\\/wp-content\\\/uploads\\\/2020\\\/03\\\/Dien-Chan-et-lithoth\u00e9rapie-baton-1-e1585125495615.jpg\",\"width\":1140,\"height\":1002,\"caption\":\"Devenir R\u00e9flexologue Dien Chan lithoth\u00e9rapie \u00e0 distance Vend\u00e9e Ain r\u00e9gion Rh\u00f4ne Alpes r\u00e9gion Parisienne\"},{\"@type\":\"BreadcrumbList\",\"@id\":\"https:\\\/\\\/www.formations-bien-etre.com\\\/es\\\/produit\\\/devenir-reflexologue-faciale-dien-chan\\\/#breadcrumb\",\"itemListElement\":[{\"@type\":\"ListItem\",\"position\":1,\"name\":\"Home\",\"item\":\"https:\\\/\\\/www.formations-bien-etre.com\\\/es\\\/\"},{\"@type\":\"ListItem\",\"position\":2,\"name\":\"Boutique bien-\u00eatre\",\"item\":\"https:\\\/\\\/www.formations-bien-etre.com\\\/?page_id=566\"},{\"@type\":\"ListItem\",\"position\":3,\"name\":\"Convertirse en reflex\u00f3logo facial &#8211; DIEN CHAN\"}]},{\"@type\":\"WebSite\",\"@id\":\"https:\\\/\\\/www.formations-bien-etre.com\\\/#website\",\"url\":\"https:\\\/\\\/www.formations-bien-etre.com\\\/\",\"name\":\"Formation Sophrologie Massage \u00e0 Distance\",\"description\":\"Institut de formation en sophrologie et en bien-\u00eatre\",\"potentialAction\":[{\"@type\":\"SearchAction\",\"target\":{\"@type\":\"EntryPoint\",\"urlTemplate\":\"https:\\\/\\\/www.formations-bien-etre.com\\\/?s={search_term_string}\"},\"query-input\":{\"@type\":\"PropertyValueSpecification\",\"valueRequired\":true,\"valueName\":\"search_term_string\"}}],\"inLanguage\":\"es\"}]}<\/script>\n<!-- \/ Yoast SEO plugin. -->","yoast_head_json":{"title":"Convertirse en reflex\u00f3logo facial - DIEN CHAN - Formation Sophrologie Massage \u00e0 distance","description":"La multi-r\u00e9flexologie DIEN CHAN sp\u00e9cialis\u00e9e en lithoth\u00e9rapie est renforc\u00e9e par l'utilisation des cristaux. Ils apportent leur propre pouvoir de soins.","robots":{"index":"index","follow":"follow","max-snippet":"max-snippet:-1","max-image-preview":"max-image-preview:large","max-video-preview":"max-video-preview:-1"},"canonical":"https:\/\/www.formations-bien-etre.com\/es\/produit\/devenir-reflexologue-faciale-dien-chan\/","og_locale":"es_ES","og_type":"article","og_title":"Le DIEN CHAN sp\u00e9cialis\u00e9 en lithoth\u00e9rapie est renforc\u00e9e par l'utilisation des cristaux","og_description":"Ils apportent leur propre pouvoir de soins. Ils visent \u00e0 mobiliser le processus d\u2019auto-gu\u00e9rison. C\u2019est un traitement sobre et rapide, un soulagement souvent imm\u00e9diat en cas de crise. Le Dien Chan avec la lithoth\u00e9rapie ne demande pas de connaissance particuli\u00e8re en m\u00e9decine occidentale ou traditionnelle Chinoise.","og_url":"https:\/\/www.formations-bien-etre.com\/es\/produit\/devenir-reflexologue-faciale-dien-chan\/","og_site_name":"Formation Sophrologie Massage \u00e0 distance","article_modified_time":"2023-08-13T22:34:38+00:00","og_image":[{"width":1140,"height":1002,"url":"https:\/\/www.formations-bien-etre.com\/wp-content\/uploads\/2020\/03\/Dien-Chan-et-lithoth\u00e9rapie-baton-1-e1585125495615.jpg","type":"image\/jpeg"}],"twitter_card":"summary_large_image","twitter_title":"Le DIEN CHAN sp\u00e9cialis\u00e9 en lithoth\u00e9rapie est renforc\u00e9e par l'utilisation des cristaux","twitter_description":"Ils apportent leur propre pouvoir de soins. Ils visent \u00e0 mobiliser le processus d\u2019auto-gu\u00e9rison. C\u2019est un traitement sobre et rapide, un soulagement souvent imm\u00e9diat en cas de crise. Le Dien Chan avec la lithoth\u00e9rapie ne demande pas de connaissance particuli\u00e8re en m\u00e9decine occidentale ou traditionnelle Chinoise.","twitter_misc":{"Tiempo de lectura":"1 minuto"},"schema":{"@context":"https:\/\/schema.org","@graph":[{"@type":"WebPage","@id":"https:\/\/www.formations-bien-etre.com\/es\/produit\/devenir-reflexologue-faciale-dien-chan\/","url":"https:\/\/www.formations-bien-etre.com\/es\/produit\/devenir-reflexologue-faciale-dien-chan\/","name":"Convertirse en reflex\u00f3logo facial - DIEN CHAN - Formation Sophrologie Massage \u00e0 distance","isPartOf":{"@id":"https:\/\/www.formations-bien-etre.com\/#website"},"primaryImageOfPage":{"@id":"https:\/\/www.formations-bien-etre.com\/es\/produit\/devenir-reflexologue-faciale-dien-chan\/#primaryimage"},"image":{"@id":"https:\/\/www.formations-bien-etre.com\/es\/produit\/devenir-reflexologue-faciale-dien-chan\/#primaryimage"},"thumbnailUrl":"https:\/\/www.formations-bien-etre.com\/wp-content\/uploads\/2020\/03\/Dien-Chan-et-lithoth\u00e9rapie-baton-1-e1585125495615.jpg","datePublished":"2020-05-18T17:24:49+00:00","dateModified":"2023-08-13T22:34:38+00:00","description":"La multi-r\u00e9flexologie DIEN CHAN sp\u00e9cialis\u00e9e en lithoth\u00e9rapie est renforc\u00e9e par l'utilisation des cristaux. Ils apportent leur propre pouvoir de soins.","breadcrumb":{"@id":"https:\/\/www.formations-bien-etre.com\/es\/produit\/devenir-reflexologue-faciale-dien-chan\/#breadcrumb"},"inLanguage":"es","potentialAction":[{"@type":"ReadAction","target":["https:\/\/www.formations-bien-etre.com\/es\/produit\/devenir-reflexologue-faciale-dien-chan\/"]}]},{"@type":"ImageObject","inLanguage":"es","@id":"https:\/\/www.formations-bien-etre.com\/es\/produit\/devenir-reflexologue-faciale-dien-chan\/#primaryimage","url":"https:\/\/www.formations-bien-etre.com\/wp-content\/uploads\/2020\/03\/Dien-Chan-et-lithoth\u00e9rapie-baton-1-e1585125495615.jpg","contentUrl":"https:\/\/www.formations-bien-etre.com\/wp-content\/uploads\/2020\/03\/Dien-Chan-et-lithoth\u00e9rapie-baton-1-e1585125495615.jpg","width":1140,"height":1002,"caption":"Devenir R\u00e9flexologue Dien Chan lithoth\u00e9rapie \u00e0 distance Vend\u00e9e Ain r\u00e9gion Rh\u00f4ne Alpes r\u00e9gion Parisienne"},{"@type":"BreadcrumbList","@id":"https:\/\/www.formations-bien-etre.com\/es\/produit\/devenir-reflexologue-faciale-dien-chan\/#breadcrumb","itemListElement":[{"@type":"ListItem","position":1,"name":"Home","item":"https:\/\/www.formations-bien-etre.com\/es\/"},{"@type":"ListItem","position":2,"name":"Boutique bien-\u00eatre","item":"https:\/\/www.formations-bien-etre.com\/?page_id=566"},{"@type":"ListItem","position":3,"name":"Convertirse en reflex\u00f3logo facial &#8211; DIEN CHAN"}]},{"@type":"WebSite","@id":"https:\/\/www.formations-bien-etre.com\/#website","url":"https:\/\/www.formations-bien-etre.com\/","name":"Formation Sophrologie Massage \u00e0 Distance","description":"Institut de formation en sophrologie et en bien-\u00eatre","potentialAction":[{"@type":"SearchAction","target":{"@type":"EntryPoint","urlTemplate":"https:\/\/www.formations-bien-etre.com\/?s={search_term_string}"},"query-input":{"@type":"PropertyValueSpecification","valueRequired":true,"valueName":"search_term_string"}}],"inLanguage":"es"}]}},"_links":{"self":[{"href":"https:\/\/www.formations-bien-etre.com\/es\/wp-json\/wp\/v2\/product\/7375","targetHints":{"allow":["GET"]}}],"collection":[{"href":"https:\/\/www.formations-bien-etre.com\/es\/wp-json\/wp\/v2\/product"}],"about":[{"href":"https:\/\/www.formations-bien-etre.com\/es\/wp-json\/wp\/v2\/types\/product"}],"wp:featuredmedia":[{"embeddable":true,"href":"https:\/\/www.formations-bien-etre.com\/es\/wp-json\/wp\/v2\/media\/5640"}],"wp:attachment":[{"href":"https:\/\/www.formations-bien-etre.com\/es\/wp-json\/wp\/v2\/media?parent=7375"}],"wp:term":[{"taxonomy":"product_brand","embeddable":true,"href":"https:\/\/www.formations-bien-etre.com\/es\/wp-json\/wp\/v2\/product_brand?post=7375"},{"taxonomy":"product_cat","embeddable":true,"href":"https:\/\/www.formations-bien-etre.com\/es\/wp-json\/wp\/v2\/product_cat?post=7375"},{"taxonomy":"product_tag","embeddable":true,"href":"https:\/\/www.formations-bien-etre.com\/es\/wp-json\/wp\/v2\/product_tag?post=7375"}],"curies":[{"name":"wp","href":"https:\/\/api.w.org\/{rel}","templated":true}]}}