{"id":7821,"date":"2023-08-11T22:08:33","date_gmt":"2023-08-11T20:08:33","guid":{"rendered":"https:\/\/www.formations-bien-etre.com\/?post_type=product&#038;p=7821"},"modified":"2025-02-04T20:35:02","modified_gmt":"2025-02-04T19:35:02","slug":"sophrologie-et-coherence-cardiaque","status":"publish","type":"product","link":"https:\/\/www.formations-bien-etre.com\/es\/produit\/sophrologie-et-coherence-cardiaque\/","title":{"rendered":"Formation Sophrologie et coh\u00e9rence cardiaque \u00e0 distance"},"content":{"rendered":"<blockquote>\n<p style=\"text-align: left\">Le concept de <strong>coh\u00e9rence cardiaque<\/strong> est issu des recherches m\u00e9dicales dans les neurosciences et la neuro-cardiologie. Il est apparu aux \u00c9tats-Unis. Cette m\u00e9thode a de <strong>nombreux b\u00e9n\u00e9fices sur la sant\u00e9<\/strong>, un r\u00f4le important dans la pr\u00e9vention des maladies cardio-vasculaires et permet par une pratique r\u00e9guli\u00e8re de s\u2019affranchir des anxiolytiques ou antid\u00e9presseurs.<\/p>\n<\/blockquote>\n<div class=\"badge-base LI-profile-badge\" data-locale=\"fr_FR\" data-size=\"medium\" data-theme=\"light\" data-type=\"HORIZONTAL\" data-vanity=\"isabelle-m\u00e9tais-la-sophrologie-du-coeur-b8429417b\" data-version=\"v1\"><a class=\"badge-base__link LI-simple-link\" href=\"https:\/\/fr.linkedin.com\/in\/isabelle-m%C3%A9tais-la-sophrologie-du-coeur-b8429417b?trk=profile-badge\">Isabelle-M\u00e9tais La Sophrologie du coeur<\/a><\/div>\n","protected":false},"excerpt":{"rendered":"<p>La m\u00e9thode pour retrouver sa coh\u00e9rence cardiaque est \u00e0 la fois simple et rapide.<br \/>\nCette technique simple donne d\u2019excellents r\u00e9sultats et n\u00e9cessite un <strong>entra\u00eenement<\/strong> r\u00e9gulier afin d\u2019en tirer un maximum de b\u00e9n\u00e9fices et d\u2019y recourir de mani\u00e8re spontan\u00e9e<\/p>\n","protected":false},"featured_media":7822,"template":"","meta":{"_acf_changed":false,"_exactmetrics_skip_tracking":false,"_exactmetrics_sitenote_active":false,"_exactmetrics_sitenote_note":"","_exactmetrics_sitenote_category":0},"product_brand":[],"product_cat":[56],"product_tag":[400],"class_list":{"0":"post-7821","1":"product","2":"type-product","3":"status-publish","4":"has-post-thumbnail","6":"product_cat-modules-particuliers-complmentaires-sophrologie","7":"product_tag-coherence-cardiaque","9":"first","10":"instock","11":"sold-individually","12":"taxable","13":"shipping-taxable","14":"purchasable","15":"product-type-variable"},"acf":[],"yoast_head":"<!-- This site is optimized with the Yoast SEO plugin v27.4 - https:\/\/yoast.com\/product\/yoast-seo-wordpress\/ -->\n<title>Formation Sophrologie et coh\u00e9rence cardiaque \u00e0 distance - Formation Sophrologie Massage \u00e0 distance<\/title>\n<meta name=\"description\" content=\"Cette m\u00e9thode pour retrouver sa coh\u00e9rence cardiaque est \u00e0 la fois simple et rapide. Lancez-vous afin de retrouver le bonheur, la joie de vivre.\" \/>\n<meta name=\"robots\" content=\"index, follow, max-snippet:-1, max-image-preview:large, max-video-preview:-1\" \/>\n<link rel=\"canonical\" href=\"https:\/\/www.formations-bien-etre.com\/produit\/sophrologie-et-coherence-cardiaque\/\" \/>\n<meta property=\"og:locale\" content=\"es_ES\" \/>\n<meta property=\"og:type\" content=\"article\" \/>\n<meta property=\"og:title\" content=\"Formation Sophrologie et coh\u00e9rence cardiaque \u00e0 distance - Formation Sophrologie Massage \u00e0 distance\" \/>\n<meta property=\"og:description\" content=\"Cette m\u00e9thode pour retrouver sa coh\u00e9rence cardiaque est \u00e0 la fois simple et rapide. Lancez-vous afin de retrouver le bonheur, la joie de vivre.\" \/>\n<meta property=\"og:url\" content=\"https:\/\/www.formations-bien-etre.com\/produit\/sophrologie-et-coherence-cardiaque\/\" \/>\n<meta property=\"og:site_name\" content=\"Formation Sophrologie Massage \u00e0 distance\" \/>\n<meta property=\"article:modified_time\" content=\"2025-02-04T19:35:02+00:00\" \/>\n<meta property=\"og:image\" content=\"https:\/\/www.formations-bien-etre.com\/wp-content\/uploads\/2023\/08\/Coherence-Cardiaque-et-sophrologie-scaled.jpg\" \/>\n\t<meta property=\"og:image:width\" content=\"2560\" \/>\n\t<meta property=\"og:image:height\" content=\"1938\" \/>\n\t<meta property=\"og:image:type\" content=\"image\/jpeg\" \/>\n<meta name=\"twitter:card\" content=\"summary_large_image\" \/>\n<meta name=\"twitter:label1\" content=\"Tiempo de lectura\" \/>\n\t<meta name=\"twitter:data1\" content=\"1 minuto\" \/>\n<script type=\"application\/ld+json\" class=\"yoast-schema-graph\">{\"@context\":\"https:\\\/\\\/schema.org\",\"@graph\":[{\"@type\":\"WebPage\",\"@id\":\"https:\\\/\\\/www.formations-bien-etre.com\\\/produit\\\/sophrologie-et-coherence-cardiaque\\\/\",\"url\":\"https:\\\/\\\/www.formations-bien-etre.com\\\/produit\\\/sophrologie-et-coherence-cardiaque\\\/\",\"name\":\"Formation Sophrologie et coh\u00e9rence cardiaque \u00e0 distance - Formation Sophrologie Massage \u00e0 distance\",\"isPartOf\":{\"@id\":\"https:\\\/\\\/www.formations-bien-etre.com\\\/#website\"},\"primaryImageOfPage\":{\"@id\":\"https:\\\/\\\/www.formations-bien-etre.com\\\/produit\\\/sophrologie-et-coherence-cardiaque\\\/#primaryimage\"},\"image\":{\"@id\":\"https:\\\/\\\/www.formations-bien-etre.com\\\/produit\\\/sophrologie-et-coherence-cardiaque\\\/#primaryimage\"},\"thumbnailUrl\":\"https:\\\/\\\/www.formations-bien-etre.com\\\/wp-content\\\/uploads\\\/2023\\\/08\\\/Coherence-Cardiaque-et-sophrologie-scaled.jpg\",\"datePublished\":\"2023-08-11T20:08:33+00:00\",\"dateModified\":\"2025-02-04T19:35:02+00:00\",\"description\":\"Cette m\u00e9thode pour retrouver sa coh\u00e9rence cardiaque est \u00e0 la fois simple et rapide. Lancez-vous afin de retrouver le bonheur, la joie de vivre.\",\"breadcrumb\":{\"@id\":\"https:\\\/\\\/www.formations-bien-etre.com\\\/produit\\\/sophrologie-et-coherence-cardiaque\\\/#breadcrumb\"},\"inLanguage\":\"es\",\"potentialAction\":[{\"@type\":\"ReadAction\",\"target\":[\"https:\\\/\\\/www.formations-bien-etre.com\\\/produit\\\/sophrologie-et-coherence-cardiaque\\\/\"]}]},{\"@type\":\"ImageObject\",\"inLanguage\":\"es\",\"@id\":\"https:\\\/\\\/www.formations-bien-etre.com\\\/produit\\\/sophrologie-et-coherence-cardiaque\\\/#primaryimage\",\"url\":\"https:\\\/\\\/www.formations-bien-etre.com\\\/wp-content\\\/uploads\\\/2023\\\/08\\\/Coherence-Cardiaque-et-sophrologie-scaled.jpg\",\"contentUrl\":\"https:\\\/\\\/www.formations-bien-etre.com\\\/wp-content\\\/uploads\\\/2023\\\/08\\\/Coherence-Cardiaque-et-sophrologie-scaled.jpg\",\"width\":2560,\"height\":1938},{\"@type\":\"BreadcrumbList\",\"@id\":\"https:\\\/\\\/www.formations-bien-etre.com\\\/produit\\\/sophrologie-et-coherence-cardiaque\\\/#breadcrumb\",\"itemListElement\":[{\"@type\":\"ListItem\",\"position\":1,\"name\":\"Home\",\"item\":\"https:\\\/\\\/www.formations-bien-etre.com\\\/es\\\/\"},{\"@type\":\"ListItem\",\"position\":2,\"name\":\"Boutique bien-\u00eatre\",\"item\":\"https:\\\/\\\/www.formations-bien-etre.com\\\/?page_id=566\"},{\"@type\":\"ListItem\",\"position\":3,\"name\":\"Formation Sophrologie et coh\u00e9rence cardiaque \u00e0 distance\"}]},{\"@type\":\"WebSite\",\"@id\":\"https:\\\/\\\/www.formations-bien-etre.com\\\/#website\",\"url\":\"https:\\\/\\\/www.formations-bien-etre.com\\\/\",\"name\":\"Formation Sophrologie Massage \u00e0 Distance\",\"description\":\"Institut de formation en sophrologie et en bien-\u00eatre\",\"potentialAction\":[{\"@type\":\"SearchAction\",\"target\":{\"@type\":\"EntryPoint\",\"urlTemplate\":\"https:\\\/\\\/www.formations-bien-etre.com\\\/?s={search_term_string}\"},\"query-input\":{\"@type\":\"PropertyValueSpecification\",\"valueRequired\":true,\"valueName\":\"search_term_string\"}}],\"inLanguage\":\"es\"}]}<\/script>\n<!-- \/ Yoast SEO plugin. -->","yoast_head_json":{"title":"Formation Sophrologie et coh\u00e9rence cardiaque \u00e0 distance - Formation Sophrologie Massage \u00e0 distance","description":"Cette m\u00e9thode pour retrouver sa coh\u00e9rence cardiaque est \u00e0 la fois simple et rapide. Lancez-vous afin de retrouver le bonheur, la joie de vivre.","robots":{"index":"index","follow":"follow","max-snippet":"max-snippet:-1","max-image-preview":"max-image-preview:large","max-video-preview":"max-video-preview:-1"},"canonical":"https:\/\/www.formations-bien-etre.com\/produit\/sophrologie-et-coherence-cardiaque\/","og_locale":"es_ES","og_type":"article","og_title":"Formation Sophrologie et coh\u00e9rence cardiaque \u00e0 distance - Formation Sophrologie Massage \u00e0 distance","og_description":"Cette m\u00e9thode pour retrouver sa coh\u00e9rence cardiaque est \u00e0 la fois simple et rapide. Lancez-vous afin de retrouver le bonheur, la joie de vivre.","og_url":"https:\/\/www.formations-bien-etre.com\/produit\/sophrologie-et-coherence-cardiaque\/","og_site_name":"Formation Sophrologie Massage \u00e0 distance","article_modified_time":"2025-02-04T19:35:02+00:00","og_image":[{"width":2560,"height":1938,"url":"https:\/\/www.formations-bien-etre.com\/wp-content\/uploads\/2023\/08\/Coherence-Cardiaque-et-sophrologie-scaled.jpg","type":"image\/jpeg"}],"twitter_card":"summary_large_image","twitter_misc":{"Tiempo de lectura":"1 minuto"},"schema":{"@context":"https:\/\/schema.org","@graph":[{"@type":"WebPage","@id":"https:\/\/www.formations-bien-etre.com\/produit\/sophrologie-et-coherence-cardiaque\/","url":"https:\/\/www.formations-bien-etre.com\/produit\/sophrologie-et-coherence-cardiaque\/","name":"Formation Sophrologie et coh\u00e9rence cardiaque \u00e0 distance - Formation Sophrologie Massage \u00e0 distance","isPartOf":{"@id":"https:\/\/www.formations-bien-etre.com\/#website"},"primaryImageOfPage":{"@id":"https:\/\/www.formations-bien-etre.com\/produit\/sophrologie-et-coherence-cardiaque\/#primaryimage"},"image":{"@id":"https:\/\/www.formations-bien-etre.com\/produit\/sophrologie-et-coherence-cardiaque\/#primaryimage"},"thumbnailUrl":"https:\/\/www.formations-bien-etre.com\/wp-content\/uploads\/2023\/08\/Coherence-Cardiaque-et-sophrologie-scaled.jpg","datePublished":"2023-08-11T20:08:33+00:00","dateModified":"2025-02-04T19:35:02+00:00","description":"Cette m\u00e9thode pour retrouver sa coh\u00e9rence cardiaque est \u00e0 la fois simple et rapide. Lancez-vous afin de retrouver le bonheur, la joie de vivre.","breadcrumb":{"@id":"https:\/\/www.formations-bien-etre.com\/produit\/sophrologie-et-coherence-cardiaque\/#breadcrumb"},"inLanguage":"es","potentialAction":[{"@type":"ReadAction","target":["https:\/\/www.formations-bien-etre.com\/produit\/sophrologie-et-coherence-cardiaque\/"]}]},{"@type":"ImageObject","inLanguage":"es","@id":"https:\/\/www.formations-bien-etre.com\/produit\/sophrologie-et-coherence-cardiaque\/#primaryimage","url":"https:\/\/www.formations-bien-etre.com\/wp-content\/uploads\/2023\/08\/Coherence-Cardiaque-et-sophrologie-scaled.jpg","contentUrl":"https:\/\/www.formations-bien-etre.com\/wp-content\/uploads\/2023\/08\/Coherence-Cardiaque-et-sophrologie-scaled.jpg","width":2560,"height":1938},{"@type":"BreadcrumbList","@id":"https:\/\/www.formations-bien-etre.com\/produit\/sophrologie-et-coherence-cardiaque\/#breadcrumb","itemListElement":[{"@type":"ListItem","position":1,"name":"Home","item":"https:\/\/www.formations-bien-etre.com\/es\/"},{"@type":"ListItem","position":2,"name":"Boutique bien-\u00eatre","item":"https:\/\/www.formations-bien-etre.com\/?page_id=566"},{"@type":"ListItem","position":3,"name":"Formation Sophrologie et coh\u00e9rence cardiaque \u00e0 distance"}]},{"@type":"WebSite","@id":"https:\/\/www.formations-bien-etre.com\/#website","url":"https:\/\/www.formations-bien-etre.com\/","name":"Formation Sophrologie Massage \u00e0 Distance","description":"Institut de formation en sophrologie et en bien-\u00eatre","potentialAction":[{"@type":"SearchAction","target":{"@type":"EntryPoint","urlTemplate":"https:\/\/www.formations-bien-etre.com\/?s={search_term_string}"},"query-input":{"@type":"PropertyValueSpecification","valueRequired":true,"valueName":"search_term_string"}}],"inLanguage":"es"}]}},"_links":{"self":[{"href":"https:\/\/www.formations-bien-etre.com\/es\/wp-json\/wp\/v2\/product\/7821","targetHints":{"allow":["GET"]}}],"collection":[{"href":"https:\/\/www.formations-bien-etre.com\/es\/wp-json\/wp\/v2\/product"}],"about":[{"href":"https:\/\/www.formations-bien-etre.com\/es\/wp-json\/wp\/v2\/types\/product"}],"wp:featuredmedia":[{"embeddable":true,"href":"https:\/\/www.formations-bien-etre.com\/es\/wp-json\/wp\/v2\/media\/7822"}],"wp:attachment":[{"href":"https:\/\/www.formations-bien-etre.com\/es\/wp-json\/wp\/v2\/media?parent=7821"}],"wp:term":[{"taxonomy":"product_brand","embeddable":true,"href":"https:\/\/www.formations-bien-etre.com\/es\/wp-json\/wp\/v2\/product_brand?post=7821"},{"taxonomy":"product_cat","embeddable":true,"href":"https:\/\/www.formations-bien-etre.com\/es\/wp-json\/wp\/v2\/product_cat?post=7821"},{"taxonomy":"product_tag","embeddable":true,"href":"https:\/\/www.formations-bien-etre.com\/es\/wp-json\/wp\/v2\/product_tag?post=7821"}],"curies":[{"name":"wp","href":"https:\/\/api.w.org\/{rel}","templated":true}]}}