{"id":9725,"date":"2025-04-20T23:02:00","date_gmt":"2025-04-20T21:02:00","guid":{"rendered":"https:\/\/www.formations-bien-etre.com\/?post_type=product&#038;p=9725"},"modified":"2025-04-20T23:10:43","modified_gmt":"2025-04-20T21:10:43","slug":"formations-massotherapie-pour-le-canada-et-le-quebec","status":"publish","type":"product","link":"https:\/\/www.formations-bien-etre.com\/es\/produit\/formations-massotherapie-pour-le-canada-et-le-quebec\/","title":{"rendered":"Formation Massoth\u00e9rapie Canada &amp; Qu\u00e9bec"},"content":{"rendered":"<p>Etudiez la MASSOTH\u00c9RAPIE, des formations en massages et soins \u00e9nerg\u00e9tiques <a href=\"https:\/\/www.formations-bien-etre.com\/formations-bien-etre-a-distance\/\">GR\u00c2CE \u00c0 NOS COURS EN LIGNE.<\/a><\/p>\n","protected":false},"excerpt":{"rendered":"<p><a href=\"https:\/\/www.formations-bien-etre.com\/formations-bien-etre-a-distance\/\">Visitez le site et les nombreuses possibilit\u00e9s de formation.<\/a><\/p>\n<p>Acc\u00e9dez aux informations de l&#8217;\u00e9cole pour conna\u00eetre<br \/>\n&#8211; les programmes<br \/>\n&#8211; les modalit\u00e9s de paiement<br \/>\n&#8211; les options de financement<\/p>\n<p>D\u00e9butez les cours quand vous le d\u00e9sirez.<\/p>\n","protected":false},"featured_media":2937,"template":"","meta":{"_acf_changed":false,"_exactmetrics_skip_tracking":false,"_exactmetrics_sitenote_active":false,"_exactmetrics_sitenote_note":"","_exactmetrics_sitenote_category":0},"product_brand":[],"product_cat":[21,19],"product_tag":[434],"class_list":{"0":"post-9725","1":"product","2":"type-product","3":"status-publish","4":"has-post-thumbnail","6":"product_cat-formations-bien-etre-im","7":"product_cat-formations-de-sophrologie","8":"product_tag-formation-massotherapie-canada-quebec","10":"first","11":"instock","12":"sold-individually","13":"taxable","14":"shipping-taxable","15":"product-type-simple"},"acf":[],"yoast_head":"<!-- This site is optimized with the Yoast SEO plugin v27.4 - https:\/\/yoast.com\/product\/yoast-seo-wordpress\/ -->\n<title>Formation Massoth\u00e9rapie Canada &amp; Qu\u00e9bec - Formation Sophrologie Massage \u00e0 distance<\/title>\n<meta name=\"description\" content=\"Etudiez la MASSOTH\u00c9RAPIE, des formations en massages et soins \u00e9nerg\u00e9tiques GR\u00c2CE \u00c0 NOS COURS EN LIGNE pour le Canada et le Qu\u00e9bec\" \/>\n<meta name=\"robots\" content=\"index, follow, max-snippet:-1, max-image-preview:large, max-video-preview:-1\" \/>\n<link rel=\"canonical\" href=\"https:\/\/www.formations-bien-etre.com\/produit\/formations-massotherapie-pour-le-canada-et-le-quebec\/\" \/>\n<meta property=\"og:locale\" content=\"es_ES\" \/>\n<meta property=\"og:type\" content=\"article\" \/>\n<meta property=\"og:title\" content=\"Formation Massoth\u00e9rapie Canada &amp; Qu\u00e9bec - Formation Sophrologie Massage \u00e0 distance\" \/>\n<meta property=\"og:description\" content=\"Etudiez la MASSOTH\u00c9RAPIE, des formations en massages et soins \u00e9nerg\u00e9tiques GR\u00c2CE \u00c0 NOS COURS EN LIGNE pour le Canada et le Qu\u00e9bec\" \/>\n<meta property=\"og:url\" content=\"https:\/\/www.formations-bien-etre.com\/produit\/formations-massotherapie-pour-le-canada-et-le-quebec\/\" \/>\n<meta property=\"og:site_name\" content=\"Formation Sophrologie Massage \u00e0 distance\" \/>\n<meta property=\"article:modified_time\" content=\"2025-04-20T21:10:43+00:00\" \/>\n<meta property=\"og:image\" content=\"https:\/\/www.formations-bien-etre.com\/wp-content\/uploads\/2020\/05\/Sommeil-massages-relaxants-pour-dormir-comme-un-bebe.jpg\" \/>\n\t<meta property=\"og:image:width\" content=\"800\" \/>\n\t<meta property=\"og:image:height\" content=\"600\" \/>\n\t<meta property=\"og:image:type\" content=\"image\/jpeg\" \/>\n<meta name=\"twitter:card\" content=\"summary_large_image\" \/>\n<meta name=\"twitter:label1\" content=\"Tiempo de lectura\" \/>\n\t<meta name=\"twitter:data1\" content=\"1 minuto\" \/>\n<script type=\"application\/ld+json\" class=\"yoast-schema-graph\">{\"@context\":\"https:\\\/\\\/schema.org\",\"@graph\":[{\"@type\":\"WebPage\",\"@id\":\"https:\\\/\\\/www.formations-bien-etre.com\\\/produit\\\/formations-massotherapie-pour-le-canada-et-le-quebec\\\/\",\"url\":\"https:\\\/\\\/www.formations-bien-etre.com\\\/produit\\\/formations-massotherapie-pour-le-canada-et-le-quebec\\\/\",\"name\":\"Formation Massoth\u00e9rapie Canada &amp; Qu\u00e9bec - Formation Sophrologie Massage \u00e0 distance\",\"isPartOf\":{\"@id\":\"https:\\\/\\\/www.formations-bien-etre.com\\\/#website\"},\"primaryImageOfPage\":{\"@id\":\"https:\\\/\\\/www.formations-bien-etre.com\\\/produit\\\/formations-massotherapie-pour-le-canada-et-le-quebec\\\/#primaryimage\"},\"image\":{\"@id\":\"https:\\\/\\\/www.formations-bien-etre.com\\\/produit\\\/formations-massotherapie-pour-le-canada-et-le-quebec\\\/#primaryimage\"},\"thumbnailUrl\":\"https:\\\/\\\/www.formations-bien-etre.com\\\/wp-content\\\/uploads\\\/2020\\\/05\\\/Sommeil-massages-relaxants-pour-dormir-comme-un-bebe.jpg\",\"datePublished\":\"2025-04-20T21:02:00+00:00\",\"dateModified\":\"2025-04-20T21:10:43+00:00\",\"description\":\"Etudiez la MASSOTH\u00c9RAPIE, des formations en massages et soins \u00e9nerg\u00e9tiques GR\u00c2CE \u00c0 NOS COURS EN LIGNE pour le Canada et le Qu\u00e9bec\",\"breadcrumb\":{\"@id\":\"https:\\\/\\\/www.formations-bien-etre.com\\\/produit\\\/formations-massotherapie-pour-le-canada-et-le-quebec\\\/#breadcrumb\"},\"inLanguage\":\"es\",\"potentialAction\":[{\"@type\":\"ReadAction\",\"target\":[\"https:\\\/\\\/www.formations-bien-etre.com\\\/produit\\\/formations-massotherapie-pour-le-canada-et-le-quebec\\\/\"]}]},{\"@type\":\"ImageObject\",\"inLanguage\":\"es\",\"@id\":\"https:\\\/\\\/www.formations-bien-etre.com\\\/produit\\\/formations-massotherapie-pour-le-canada-et-le-quebec\\\/#primaryimage\",\"url\":\"https:\\\/\\\/www.formations-bien-etre.com\\\/wp-content\\\/uploads\\\/2020\\\/05\\\/Sommeil-massages-relaxants-pour-dormir-comme-un-bebe.jpg\",\"contentUrl\":\"https:\\\/\\\/www.formations-bien-etre.com\\\/wp-content\\\/uploads\\\/2020\\\/05\\\/Sommeil-massages-relaxants-pour-dormir-comme-un-bebe.jpg\",\"width\":800,\"height\":600,\"caption\":\"Devenir Masso-Relaxologue-Relaxologue Corporel. Mettre \u00e0 profit les techniques de relaxation et de soin au naturel pour offrir profond bien-\u00eatre global.\"},{\"@type\":\"BreadcrumbList\",\"@id\":\"https:\\\/\\\/www.formations-bien-etre.com\\\/produit\\\/formations-massotherapie-pour-le-canada-et-le-quebec\\\/#breadcrumb\",\"itemListElement\":[{\"@type\":\"ListItem\",\"position\":1,\"name\":\"Home\",\"item\":\"https:\\\/\\\/www.formations-bien-etre.com\\\/es\\\/\"},{\"@type\":\"ListItem\",\"position\":2,\"name\":\"Boutique bien-\u00eatre\",\"item\":\"https:\\\/\\\/www.formations-bien-etre.com\\\/?page_id=566\"},{\"@type\":\"ListItem\",\"position\":3,\"name\":\"Formation Massoth\u00e9rapie Canada &amp; Qu\u00e9bec\"}]},{\"@type\":\"WebSite\",\"@id\":\"https:\\\/\\\/www.formations-bien-etre.com\\\/#website\",\"url\":\"https:\\\/\\\/www.formations-bien-etre.com\\\/\",\"name\":\"Formation Sophrologie Massage \u00e0 Distance\",\"description\":\"Institut de formation en sophrologie et en bien-\u00eatre\",\"potentialAction\":[{\"@type\":\"SearchAction\",\"target\":{\"@type\":\"EntryPoint\",\"urlTemplate\":\"https:\\\/\\\/www.formations-bien-etre.com\\\/?s={search_term_string}\"},\"query-input\":{\"@type\":\"PropertyValueSpecification\",\"valueRequired\":true,\"valueName\":\"search_term_string\"}}],\"inLanguage\":\"es\"}]}<\/script>\n<!-- \/ Yoast SEO plugin. -->","yoast_head_json":{"title":"Formation Massoth\u00e9rapie Canada &amp; Qu\u00e9bec - Formation Sophrologie Massage \u00e0 distance","description":"Etudiez la MASSOTH\u00c9RAPIE, des formations en massages et soins \u00e9nerg\u00e9tiques GR\u00c2CE \u00c0 NOS COURS EN LIGNE pour le Canada et le Qu\u00e9bec","robots":{"index":"index","follow":"follow","max-snippet":"max-snippet:-1","max-image-preview":"max-image-preview:large","max-video-preview":"max-video-preview:-1"},"canonical":"https:\/\/www.formations-bien-etre.com\/produit\/formations-massotherapie-pour-le-canada-et-le-quebec\/","og_locale":"es_ES","og_type":"article","og_title":"Formation Massoth\u00e9rapie Canada &amp; Qu\u00e9bec - Formation Sophrologie Massage \u00e0 distance","og_description":"Etudiez la MASSOTH\u00c9RAPIE, des formations en massages et soins \u00e9nerg\u00e9tiques GR\u00c2CE \u00c0 NOS COURS EN LIGNE pour le Canada et le Qu\u00e9bec","og_url":"https:\/\/www.formations-bien-etre.com\/produit\/formations-massotherapie-pour-le-canada-et-le-quebec\/","og_site_name":"Formation Sophrologie Massage \u00e0 distance","article_modified_time":"2025-04-20T21:10:43+00:00","og_image":[{"width":800,"height":600,"url":"https:\/\/www.formations-bien-etre.com\/wp-content\/uploads\/2020\/05\/Sommeil-massages-relaxants-pour-dormir-comme-un-bebe.jpg","type":"image\/jpeg"}],"twitter_card":"summary_large_image","twitter_misc":{"Tiempo de lectura":"1 minuto"},"schema":{"@context":"https:\/\/schema.org","@graph":[{"@type":"WebPage","@id":"https:\/\/www.formations-bien-etre.com\/produit\/formations-massotherapie-pour-le-canada-et-le-quebec\/","url":"https:\/\/www.formations-bien-etre.com\/produit\/formations-massotherapie-pour-le-canada-et-le-quebec\/","name":"Formation Massoth\u00e9rapie Canada &amp; Qu\u00e9bec - Formation Sophrologie Massage \u00e0 distance","isPartOf":{"@id":"https:\/\/www.formations-bien-etre.com\/#website"},"primaryImageOfPage":{"@id":"https:\/\/www.formations-bien-etre.com\/produit\/formations-massotherapie-pour-le-canada-et-le-quebec\/#primaryimage"},"image":{"@id":"https:\/\/www.formations-bien-etre.com\/produit\/formations-massotherapie-pour-le-canada-et-le-quebec\/#primaryimage"},"thumbnailUrl":"https:\/\/www.formations-bien-etre.com\/wp-content\/uploads\/2020\/05\/Sommeil-massages-relaxants-pour-dormir-comme-un-bebe.jpg","datePublished":"2025-04-20T21:02:00+00:00","dateModified":"2025-04-20T21:10:43+00:00","description":"Etudiez la MASSOTH\u00c9RAPIE, des formations en massages et soins \u00e9nerg\u00e9tiques GR\u00c2CE \u00c0 NOS COURS EN LIGNE pour le Canada et le Qu\u00e9bec","breadcrumb":{"@id":"https:\/\/www.formations-bien-etre.com\/produit\/formations-massotherapie-pour-le-canada-et-le-quebec\/#breadcrumb"},"inLanguage":"es","potentialAction":[{"@type":"ReadAction","target":["https:\/\/www.formations-bien-etre.com\/produit\/formations-massotherapie-pour-le-canada-et-le-quebec\/"]}]},{"@type":"ImageObject","inLanguage":"es","@id":"https:\/\/www.formations-bien-etre.com\/produit\/formations-massotherapie-pour-le-canada-et-le-quebec\/#primaryimage","url":"https:\/\/www.formations-bien-etre.com\/wp-content\/uploads\/2020\/05\/Sommeil-massages-relaxants-pour-dormir-comme-un-bebe.jpg","contentUrl":"https:\/\/www.formations-bien-etre.com\/wp-content\/uploads\/2020\/05\/Sommeil-massages-relaxants-pour-dormir-comme-un-bebe.jpg","width":800,"height":600,"caption":"Devenir Masso-Relaxologue-Relaxologue Corporel. Mettre \u00e0 profit les techniques de relaxation et de soin au naturel pour offrir profond bien-\u00eatre global."},{"@type":"BreadcrumbList","@id":"https:\/\/www.formations-bien-etre.com\/produit\/formations-massotherapie-pour-le-canada-et-le-quebec\/#breadcrumb","itemListElement":[{"@type":"ListItem","position":1,"name":"Home","item":"https:\/\/www.formations-bien-etre.com\/es\/"},{"@type":"ListItem","position":2,"name":"Boutique bien-\u00eatre","item":"https:\/\/www.formations-bien-etre.com\/?page_id=566"},{"@type":"ListItem","position":3,"name":"Formation Massoth\u00e9rapie Canada &amp; Qu\u00e9bec"}]},{"@type":"WebSite","@id":"https:\/\/www.formations-bien-etre.com\/#website","url":"https:\/\/www.formations-bien-etre.com\/","name":"Formation Sophrologie Massage \u00e0 Distance","description":"Institut de formation en sophrologie et en bien-\u00eatre","potentialAction":[{"@type":"SearchAction","target":{"@type":"EntryPoint","urlTemplate":"https:\/\/www.formations-bien-etre.com\/?s={search_term_string}"},"query-input":{"@type":"PropertyValueSpecification","valueRequired":true,"valueName":"search_term_string"}}],"inLanguage":"es"}]}},"_links":{"self":[{"href":"https:\/\/www.formations-bien-etre.com\/es\/wp-json\/wp\/v2\/product\/9725","targetHints":{"allow":["GET"]}}],"collection":[{"href":"https:\/\/www.formations-bien-etre.com\/es\/wp-json\/wp\/v2\/product"}],"about":[{"href":"https:\/\/www.formations-bien-etre.com\/es\/wp-json\/wp\/v2\/types\/product"}],"wp:featuredmedia":[{"embeddable":true,"href":"https:\/\/www.formations-bien-etre.com\/es\/wp-json\/wp\/v2\/media\/2937"}],"wp:attachment":[{"href":"https:\/\/www.formations-bien-etre.com\/es\/wp-json\/wp\/v2\/media?parent=9725"}],"wp:term":[{"taxonomy":"product_brand","embeddable":true,"href":"https:\/\/www.formations-bien-etre.com\/es\/wp-json\/wp\/v2\/product_brand?post=9725"},{"taxonomy":"product_cat","embeddable":true,"href":"https:\/\/www.formations-bien-etre.com\/es\/wp-json\/wp\/v2\/product_cat?post=9725"},{"taxonomy":"product_tag","embeddable":true,"href":"https:\/\/www.formations-bien-etre.com\/es\/wp-json\/wp\/v2\/product_tag?post=9725"}],"curies":[{"name":"wp","href":"https:\/\/api.w.org\/{rel}","templated":true}]}}